{"id":104,"date":"2020-09-24T17:47:06","date_gmt":"2020-09-24T17:47:06","guid":{"rendered":"http:\/\/localhost\/?page_id=104"},"modified":"2025-10-10T10:07:25","modified_gmt":"2025-10-10T07:07:25","slug":"senat","status":"publish","type":"page","link":"https:\/\/www.academy.police.md\/gb\/senat","title":{"rendered":"Senat"},"content":{"rendered":"\n<div class=\"wp-block-columns\">\n<div class=\"wp-block-column\" style=\"flex-basis:100%\">\n<div class=\"wp-block-group\"><div class=\"wp-block-group__inner-container\">\n<div class=\"wp-block-columns\">\n<div class=\"wp-block-column\" style=\"flex-basis:100%\">\n<p><strong>       Senatul<\/strong> reprezint\u0103 comunitatea universitar\u0103 \u015fi este organul suprem de conducere, deliberare, decizie \u015fi control al Academiei \u201e\u0218tefan cel Mare\u201d a Ministerului Afacerilor Interne. &nbsp; <\/p>\n\n\n\n<p>       <strong>Atribu\u0163iile Senatului<\/strong> universitar sunt precizate \u00een \u201eRegulamentul de organizare si functionare a Senatului Academiei \u201e\u0218tefan cel Mare\u201d a Ministerului Afacerilor Interne\u201d. &nbsp; <\/p>\n\n\n\n<p>       <strong>Structura de organizare a senatului<\/strong> &nbsp; <\/p>\n\n\n\n<p>       Biroul senatului <br>       Comisiile permanente ale senatului: <br>\u2013 Comisia privind activitatea metodico-didactic\u0103;<br>\u2013 Comisia privind activitatea de cercetare \u0219tiin\u021bific\u0103; <br>\u2013 Comisia juridic\u0103; <br>\u2013 Comisia social\u0103; <br>\u2013 Comisia pentru evaluare \u0219i managementul calit\u0103\u021bii <br>\u2013 Comisiile speciale ale senatului \u00a0 <br><strong>Pre\u015fedinte al Senatului<\/strong> este rectorul Academiei, comisar \u0219ef, prof. univ., dr. Dinu Ostavciuc <br><strong>Secretar \u0219tiin\u021bific al Senatului<\/strong> este conf. univ., dr. Boris Glavan<\/p>\n\n\n\n<p><a href=\"\/wp-content\/uploads\/2024\/12\/Calendarul_alegerilor_in_Senat-2.pdf\">Calendarul alegerilor membrilor senatului<\/a><\/p>\n<\/div>\n<\/div>\n<\/div><\/div>\n<\/div>\n<\/div>\n\n\n\n<p><\/p>\n","protected":false},"excerpt":{"rendered":"","protected":false},"author":8,"featured_media":0,"parent":0,"menu_order":0,"comment_status":"closed","ping_status":"closed","template":"","meta":[],"translation":{"provider":"WPGlobus","version":"2.12.2","language":"gb","enabled_languages":["ro","gb"],"languages":{"ro":{"title":true,"content":true,"excerpt":false},"gb":{"title":false,"content":false,"excerpt":false}}},"acf":[],"_links":{"self":[{"href":"https:\/\/www.academy.police.md\/gb\/wp-json\/wp\/v2\/pages\/104"}],"collection":[{"href":"https:\/\/www.academy.police.md\/gb\/wp-json\/wp\/v2\/pages"}],"about":[{"href":"https:\/\/www.academy.police.md\/gb\/wp-json\/wp\/v2\/types\/page"}],"author":[{"embeddable":true,"href":"https:\/\/www.academy.police.md\/gb\/wp-json\/wp\/v2\/users\/8"}],"replies":[{"embeddable":true,"href":"https:\/\/www.academy.police.md\/gb\/wp-json\/wp\/v2\/comments?post=104"}],"version-history":[{"count":9,"href":"https:\/\/www.academy.police.md\/gb\/wp-json\/wp\/v2\/pages\/104\/revisions"}],"predecessor-version":[{"id":27764,"href":"https:\/\/www.academy.police.md\/gb\/wp-json\/wp\/v2\/pages\/104\/revisions\/27764"}],"wp:attachment":[{"href":"https:\/\/www.academy.police.md\/gb\/wp-json\/wp\/v2\/media?parent=104"}],"curies":[{"name":"wp","href":"https:\/\/api.w.org\/{rel}","templated":true}]}}