{"id":119,"date":"2020-09-24T17:51:57","date_gmt":"2020-09-24T17:51:57","guid":{"rendered":"http:\/\/localhost\/?page_id=119"},"modified":"2026-02-11T16:57:23","modified_gmt":"2026-02-11T14:57:23","slug":"scoala-doctorala","status":"publish","type":"page","link":"https:\/\/www.academy.police.md\/gb\/scoala-doctorala","title":{"rendered":"\u015ecoala doctoral\u0103"},"content":{"rendered":"\n<p>\u015ecoala doctoral\u0103 \u201e\u015etiin\u0163e penale \u015fi drept public\u201d<\/p>\n\n\n\n<p><strong>CONDUCEREA:<\/strong><br>Director \u015ecoala doctoral\u0103: Cojocaru Radion, dr., prof. univ.<br><a href=\"\/wp-content\/uploads\/2025\/12\/Lista-membrilor-CSD-2025.pdf\" data-type=\"URL\" data-id=\"\/wp-content\/uploads\/2025\/12\/Lista-membrilor-CSD-2025.pdf\" target=\"_blank\" rel=\"noreferrer noopener\">Lista membrilor Consiliului \u015ecolii doctorale \u201e\u015etiinte penale \u015fi drept public\u201d.<\/a><\/p>\n\n\n\n<p><strong>DATE DE CONTACT:<\/strong><br>Mun. Chi\u015fin\u0103u,Str. Gh. Asachi, 21<br>scoala.doctorala.st.penale@gmail.com<br>Panu\u015f Carolina \u2013 079603815<br>Mo\u0163pan Victor \u2013 068375775<br>Condrat Natalia \u2013 079603453<\/p>\n\n\n\n<p><strong>PREZENTARE<\/strong><br>Programele de studii doctorale sunt dezvoltate ca parte component\u0103 a \u00eenv\u0103\u0163\u0103m\u00e2ntului superior \u00een continuarea ciclului II al studiilor superioare. <\/p>\n\n\n\n<p>Studiile de doctorat reprezint\u0103 prima etap\u0103 a carierei \u015ftiin\u0163ifice.Studiile superioare de doctorat, ciclul III, se organizeaz\u0103 \u00een cadrul \u015ecolii doctorale \u201e\u015etiin\u0163e penale \u015fi drept public\u201d ce activeaz\u0103 \u00een baza acord\u0103rii autoriza\u0163iei de func\u0163ionare provizorie a Consiliului de conducere al ANACEC din data de 12.10.2016, pentru urm\u0103toarele specialit\u0103\u0163i:<br><strong>552 \u2013 Drept public:<\/strong><br>\u2013 specialitatea 552.02, Drept administrativ;<br>\u2013 specialitatea 552.04, Drept funciar \u015fi al mediului;<br>\u2013 specialitatea 552.07, Drept contraven\u0163ional.<\/p>\n\n\n\n<p><strong>554 \u2013 Drept penal:<\/strong><br>\u2013 specialitatea 554.01, Drept penal \u015fi execu\u0163ional penal;<br>\u2013 specialitatea 554.02, Criminologie;<br>\u2013 specialitatea 554.03, Drept procesual penal;<br>\u2013 specialitatea 554.04, Criminalistic\u0103, expertiz\u0103 judiciar\u0103 \u015fi investiga\u0163ii operative.<\/p>\n\n\n\n<p>\u015ecoala doctoral\u0103 are drept scop asigurarea calit\u0103\u0163ii \u015fi eficacit\u0103\u0163ii procesului de cercetare \u015ftiin\u0163ific\u0103 \u015fi inovare, spre dezvoltarea resurselor umane prin \u015fi pentru activitatea de cercetare, racordarea cercet\u0103rii la sistemul european de valori \u015fi recunoa\u015fterea performan\u0163elor \u00een cercetare prin organizarea desf\u0103\u015fur\u0103rii studiilor de doctorat.<\/p>\n\n\n\n<p><strong>Informa\u0163ii-evenimente:<\/strong><\/p>\n\n\n\n<p><a href=\"https:\/\/academy.police.md\/scoala-doctorala\/aviz-privind-organizarea-conferintei-stiintifice-internationale\" data-type=\"URL\" data-id=\"https:\/\/academy.police.md\/scoala-doctorala\/aviz-privind-organizarea-conferintei-stiintifice-internationale\" target=\"_blank\" rel=\"noreferrer noopener\">AVIZ privind organizarea Conferin\u0163ei \u015ftiin\u0163ifice interna\u0163ionale \u201ePrevenirea \u015fi combaterea criminalit\u0103\u0163ii: probleme, solu\u0163ii \u015fi perspective\u201d, edi\u0163ia a VIII-a, din 30 aprilie 2026<\/a><\/p>\n\n\n\n<p><a rel=\"noreferrer noopener\" href=\"https:\/\/academy.police.md\/wp-content\/uploads\/2025\/11\/AVIZ-alegerea-membrilor-CSD-19.11.2025.pdf\" target=\"_blank\">AVIZ cu privire la desf\u0103\u015furarea concursului pentru alegerea membrilor Consiliului \u015ecolii Doctorale<\/a><\/p>\n\n\n\n<p><a href=\"https:\/\/academy.police.md\/scoala-doctorala\/conferinta-stiintifica-internationala-prevenirea-si-combaterea-criminalitatii-probleme-solutii-si-perspective-editia-a-vii-a-din-10-aprilie-2025\" data-type=\"URL\" data-id=\"https:\/\/academy.police.md\/scoala-doctorala\/conferinta-stiintifica-internationala-prevenirea-si-combaterea-criminalitatii-probleme-solutii-si-perspective-editia-a-vii-a-din-10-aprilie-2025\" target=\"_blank\" rel=\"noreferrer noopener\">Conferin\u0163a \u015ftiin\u0163ific\u0103 interna\u0163ional\u0103 \u201ePrevenirea \u015fi combaterea criminalit\u0103\u0163ii: probleme, solu\u0163ii \u015fi perspective\u201d, edi\u0163ia a VII-a, din 10 aprilie 2025<\/a><\/p>\n\n\n\n<p><a href=\"https:\/\/academy.police.md\/scoala-doctorala\/conferinta-stiintifica-internationala-prevenirea-si-combaterea-criminalitatii-probleme-solutii-si-perspective-editia-a-vi-a-din-25-aprilie-2024\" data-type=\"URL\" data-id=\"https:\/\/academy.police.md\/scoala-doctorala\/conferinta-stiintifica-internationala-prevenirea-si-combaterea-criminalitatii-probleme-solutii-si-perspective-editia-a-vi-a-din-25-aprilie-2024\" target=\"_blank\" rel=\"noreferrer noopener\">Conferin\u0163a \u015ftiin\u0163ific\u0103 interna\u0163ional\u0103 \u201ePrevenirea \u015fi combaterea criminalit\u0103\u0163ii: probleme, solu\u0163ii \u015fi perspective\u201d, edi\u0163ia a VI-a, din 25 aprilie 2024<\/a><\/p>\n\n\n\n<p><a href=\"https:\/\/academy.police.md\/scoala-doctorala\/conferinta-stiintifica-cu-participare-internationala-prevenirea-si-combaterea-criminalitatii-probleme-solutii-si-perspective-editia-a-v-a-din-18-mai-2023\" data-type=\"URL\" data-id=\"https:\/\/academy.police.md\/scoala-doctorala\/conferinta-stiintifica-cu-participare-internationala-prevenirea-si-combaterea-criminalitatii-probleme-solutii-si-perspective-editia-a-v-a-din-18-mai-2023\" target=\"_blank\" rel=\"noreferrer noopener\">Conferin\u0163a \u015ftiin\u0163ific\u0103 cu participare interna\u0163ional\u0103 \u201ePrevenirea \u015fi combaterea criminalit\u0103\u0163ii: probleme, solu\u0163ii \u015fi perspective\u201d, edi\u0163ia a V-a, din 18 mai 2023<\/a><\/p>\n\n\n\n<p><strong>Admitere studii superioare doctorat, ciclul III<\/strong><\/p>\n\n\n\n<p><a href=\"\/wp-content\/uploads\/2025\/10\/Subiecte-Drept-public-.pdf\">Subiecte pentru examenele de admitere la Doctorat (Drept administrativ, Drept funciar \u0219i al mediului, Drept contraven\u021bional)<\/a><br><a href=\"\/wp-content\/uploads\/2025\/10\/Subiecte-DPP-Criminalistica-EJIO.pdf\">Subiecte pentru examenele de admitere la Doctorat (Drept procesual penal, Criminalistic\u0103, expertiz\u0103 judiciar\u0103 \u0219i investiga\u021bii operative)<\/a><br><a href=\"\/wp-content\/uploads\/2025\/10\/Subiecte-Drept-penal.pdf\">Subiecte pentru examenele de admitere la Doctorat (Drept penal si execu\u021bional-penal, Criminologie)<\/a><\/p>\n\n\n\n<p><a href=\"\/wp-content\/uploads\/2025\/10\/aviz-privind-organizarea-concursului-proiectelor-cu-finantare-de-la-bugetul-de-stat_1.pdf\">AVIZ privind organizarea concursului intern al proiectelor de cercetaresusceptibile de finan\u0163are bugetar\u0103<br><\/a><a href=\"\/wp-content\/uploads\/2025\/07\/Aviz-privind-organizarea-concursului-de-admitere-la-studiile-superioare-de-doctorat-ciclul-III-2024-2025.pdf\">AVIZ privind organizarea concursului de admitere la studiile superioare de doctorat (ciclul III) \u00een cadrul \u015ecolii doctorale \u201e\u015etiin\u0163e penale \u015fi drept public\u201d a Academiei \u201e\u015etefan cel Mare\u201d a MAI pentru anul de studii 2025-2026<\/a><br><a rel=\"noreferrer noopener\" href=\"\/wp-content\/uploads\/2025\/06\/Oferta-Scolii-doctorale_2025-2029.pdf\" data-type=\"URL\" data-id=\"\/wp-content\/uploads\/2025\/06\/Oferta-Scolii-doctorale_2025-2029.pdf\" target=\"_blank\">Lista proiectelor recomandate susceptibile de a participa la concursul de admitere la studii superioare de doctorat promotia 2025 \u2013 2029 (studii ciclul III)<\/a><br><a href=\"\/wp-content\/uploads\/2025\/07\/5.-Metodologia-privind-desfasurarea-si-organizarea-procedurii-de-admitere-la-studii-superioare-de-doctorat_anul-universitar-2025-2026.pdf\">Metodologia de admitere la \u015ecoala Doctoral\u0103 pentru anul de studii 2025-2026<\/a><br><a href=\"\/wp-content\/uploads\/2025\/07\/4.-Metodologia-privind-desfasurarea-competitiei-proiectelor-stiintifice_anul-universitar-2025-2026.pdf\">Metodologia privind d\u0435sf\u0103\u0219ur\u0430r\u0435\u0430 competi\u021biei proiectelor \u0219tiin\u021bifice \u00een cadrul \u0219colii Doctoral\u0435 \u0219tiin\u021b\u0435 \u0440\u0435\u0430l\u0435 si drept public \u0430 Academiei \u201e\u0218tefan cel \u041c\u0430r\u0435\u201d \u0430 MAI al Republicii Moldova<\/a><br><a href=\"http:\/\/academy.police.md\/assets\/files\/pdf\/model-de-proiect-de.pdf\">Model de proiect de cercetare \u015ftiin\u0163ific\u0103 pentru admitere la studii de doctorat<\/a><br><a rel=\"noreferrer noopener\" href=\"\/wp-content\/uploads\/2025\/11\/Model-Proiect-dezvoltat-de-cerectare-stiintifca-anul-I-de-studii.pdf\" data-type=\"URL\" data-id=\"\/wp-content\/uploads\/2025\/11\/Model-Proiect-dezvoltat-de-cerectare-stiintifca-anul-I-de-studii.pdf\" target=\"_blank\">Model-Proiect dezvoltat de cerectare \u015ftiin\u0163ifc\u0103 (anul I de studii)<\/a><br><\/p>\n","protected":false},"excerpt":{"rendered":"<p>\u015ecoala doctoral\u0103 \u201e\u015etiin\u0163e penale \u015fi drept public\u201d CONDUCEREA:Director \u015ecoala doctoral\u0103: Cojocaru Radion, dr., prof. univ.Lista membrilor Consiliului \u015ecolii doctorale \u201e\u015etiinte penale \u015fi drept public\u201d. DATE DE CONTACT:Mun. Chi\u015fin\u0103u,Str. Gh. Asachi, [&hellip;]<\/p>\n","protected":false},"author":8,"featured_media":0,"parent":0,"menu_order":0,"comment_status":"closed","ping_status":"closed","template":"","meta":[],"translation":{"provider":"WPGlobus","version":"2.12.2","language":"gb","enabled_languages":["ro","gb"],"languages":{"ro":{"title":true,"content":true,"excerpt":false},"gb":{"title":false,"content":false,"excerpt":false}}},"acf":[],"_links":{"self":[{"href":"https:\/\/www.academy.police.md\/gb\/wp-json\/wp\/v2\/pages\/119"}],"collection":[{"href":"https:\/\/www.academy.police.md\/gb\/wp-json\/wp\/v2\/pages"}],"about":[{"href":"https:\/\/www.academy.police.md\/gb\/wp-json\/wp\/v2\/types\/page"}],"author":[{"embeddable":true,"href":"https:\/\/www.academy.police.md\/gb\/wp-json\/wp\/v2\/users\/8"}],"replies":[{"embeddable":true,"href":"https:\/\/www.academy.police.md\/gb\/wp-json\/wp\/v2\/comments?post=119"}],"version-history":[{"count":135,"href":"https:\/\/www.academy.police.md\/gb\/wp-json\/wp\/v2\/pages\/119\/revisions"}],"predecessor-version":[{"id":30474,"href":"https:\/\/www.academy.police.md\/gb\/wp-json\/wp\/v2\/pages\/119\/revisions\/30474"}],"wp:attachment":[{"href":"https:\/\/www.academy.police.md\/gb\/wp-json\/wp\/v2\/media?parent=119"}],"curies":[{"name":"wp","href":"https:\/\/api.w.org\/{rel}","templated":true}]}}