{"id":1304,"date":"2020-12-17T18:49:33","date_gmt":"2020-12-17T18:49:33","guid":{"rendered":"http:\/\/wp-academie.azurewebsites.net\/?page_id=1304"},"modified":"2022-08-05T10:24:05","modified_gmt":"2022-08-05T07:24:05","slug":"serviciul-informare-si-relatii-publice","status":"publish","type":"page","link":"https:\/\/www.academy.police.md\/gb\/subdivizuni\/serviciul-informare-si-relatii-publice","title":{"rendered":"Serviciul rela\u0163ii publice \u0219i protocol"},"content":{"rendered":"\n<p><strong>Aliona GUMENCO \u2013 <\/strong>\u015fef al serviciului, comisar.<\/p>\n\n\n\n<p><strong>Informa\u0163ii generale:<\/strong><\/p>\n\n\n\n<p>&nbsp;&nbsp;&nbsp;&nbsp;&nbsp;&nbsp;&nbsp;&nbsp; Serviciul rela\u0163ii publice \u015fi protocol este o subdiviziune func\u0163ional\u0103 a Academiei \u201e\u015etefan cel Mare\u201d a MAI al RM, instituit prin Ordinul MAI nr. 121 din 30 martie 2022 cu privire la modificarea Ordinului MAI nr. 651 din 11 octombrie 2019 cu privire la aprobarea structurii statutului de organizare \u015fi organigramei Academiei \u201e\u015etefan cel Mare\u201d a MAI al RM.<\/p>\n\n\n\n<p>&nbsp;&nbsp;&nbsp;&nbsp;&nbsp;&nbsp;&nbsp;&nbsp; Serviciul se afl\u0103 \u00een subordinea prorectorului pentru formare \u015fi personal a Academiei.<\/p>\n\n\n\n<p><strong>Misiunea&nbsp;<\/strong>Serviciului este de a men\u0163ine, consolida \u015fi valorifica imaginea &nbsp;pozitiv\u0103 a institu\u0163iei, precum \u0219i de a asigura informarea societ\u0103\u021bii despre activit\u0103\u021bile institu\u021biei, programele \u0219i evenimentele educa\u021bionale, \u0219tiin\u021bifice \u0219i de cercetare, precum \u015fi realizarea activit\u0103\u021bilor de protocol din cadrul institu\u021biei.<\/p>\n\n\n\n<p>\u00cen vederea realiz\u0103rii misiunii sale, Serviciul exercit\u0103 urm\u0103toarele&nbsp;<strong>func\u021bii<\/strong>&nbsp;de baz\u0103:<\/p>\n\n\n\n<ol type=\"1\"><li>promovarea unei imagini pozitive \u015fi credibile a institu\u0163iei;<\/li><li>asigurarea transparen\u0163ei institu\u0163ionale;<\/li><li>informarea activ\u0103, veridic\u0103 \u015fi operativ\u0103 a societ\u0103\u0163ii despre evenimentele desf\u0103\u015furate \u00een cadrul institu\u0163iei;<\/li><li>stabilirea \u015fi coordonarea unei colabor\u0103ri eficiente dintre reprezentan\u0163ii mijloacelor de informare \u00een mas\u0103 \u0219i colaboratorii institu\u021biei;<\/li><li>facilitarea accesului la informa\u021bia public\u0103 din cadrul institu\u021biei;<\/li><li>supravegherea respect\u0103rii normelor specifice de protocol cu prilejul ac\u021biunilor organizate de institu\u021bie.<\/li><\/ol>\n\n\n\n<p><strong>Contacte:<\/strong><\/p>\n\n\n\n<p>mob. 069569775<\/p>\n\n\n\n<p>e-mail: aliona.gumenco@mai.gov.md<\/p>\n","protected":false},"excerpt":{"rendered":"<p>Aliona GUMENCO \u2013 \u015fef al serviciului, comisar. Informa\u0163ii generale: &nbsp;&nbsp;&nbsp;&nbsp;&nbsp;&nbsp;&nbsp;&nbsp; Serviciul rela\u0163ii publice \u015fi protocol este o subdiviziune func\u0163ional\u0103 a Academiei \u201e\u015etefan cel Mare\u201d a MAI al RM, instituit prin [&hellip;]<\/p>\n","protected":false},"author":8,"featured_media":0,"parent":57,"menu_order":0,"comment_status":"closed","ping_status":"closed","template":"","meta":[],"translation":{"provider":"WPGlobus","version":"2.12.2","language":"gb","enabled_languages":["ro","gb"],"languages":{"ro":{"title":true,"content":true,"excerpt":false},"gb":{"title":false,"content":false,"excerpt":false}}},"acf":[],"_links":{"self":[{"href":"https:\/\/www.academy.police.md\/gb\/wp-json\/wp\/v2\/pages\/1304"}],"collection":[{"href":"https:\/\/www.academy.police.md\/gb\/wp-json\/wp\/v2\/pages"}],"about":[{"href":"https:\/\/www.academy.police.md\/gb\/wp-json\/wp\/v2\/types\/page"}],"author":[{"embeddable":true,"href":"https:\/\/www.academy.police.md\/gb\/wp-json\/wp\/v2\/users\/8"}],"replies":[{"embeddable":true,"href":"https:\/\/www.academy.police.md\/gb\/wp-json\/wp\/v2\/comments?post=1304"}],"version-history":[{"count":5,"href":"https:\/\/www.academy.police.md\/gb\/wp-json\/wp\/v2\/pages\/1304\/revisions"}],"predecessor-version":[{"id":7481,"href":"https:\/\/www.academy.police.md\/gb\/wp-json\/wp\/v2\/pages\/1304\/revisions\/7481"}],"up":[{"embeddable":true,"href":"https:\/\/www.academy.police.md\/gb\/wp-json\/wp\/v2\/pages\/57"}],"wp:attachment":[{"href":"https:\/\/www.academy.police.md\/gb\/wp-json\/wp\/v2\/media?parent=1304"}],"curies":[{"name":"wp","href":"https:\/\/api.w.org\/{rel}","templated":true}]}}