{"id":1306,"date":"2020-12-17T18:50:12","date_gmt":"2020-12-17T18:50:12","guid":{"rendered":"http:\/\/wp-academie.azurewebsites.net\/?page_id=1306"},"modified":"2022-01-19T16:20:30","modified_gmt":"2022-01-19T13:20:30","slug":"directia-economie-si-finante","status":"publish","type":"page","link":"https:\/\/www.academy.police.md\/gb\/subdivizuni\/directia-economie-si-finante","title":{"rendered":"Direc\u0163ia economie \u015fi finan\u0163e"},"content":{"rendered":"\n<p><strong>Conducerea:<\/strong><\/p>\n\n\n\n<figure class=\"wp-block-image size-large\"><img src=\"https:\/\/academy.police.md\/assets\/images\/administratia\/mirza.jpg\" alt=\"\"\/><\/figure>\n\n\n\n<p><strong>Margareta M\u00ceRZA \u2013 \u0219ef direc\u021bie<\/strong><\/p>\n\n\n\n<p><strong>Doini\u021ba BI\u021aA \u2013 ofi\u0163er principal<\/strong><\/p>\n\n\n\n<p><strong>Informa\u021bii generale:<\/strong><\/p>\n\n\n\n<p>Direc\u021bia economie \u0219i finan\u021be este o subdiviziune structural\u0103 a Academiei \u201e\u015etefan cel Mare\u201d a Ministerului Afacerilor Interne. Subdiviziunea are drept scop men\u0163inerea principiilor metodologice unice ale eviden\u0163ei contabile \u015fi rapoartelor financiare, a modului de organizare \u015fi \u0163inere a contabilit\u0103\u0163ii, de \u00eentocmire \u015fi prezentare a d\u0103rilor de seam\u0103 \u015fi rapoartelor financiare. De asemenea, efectueaz\u0103 calculele de mijloace bugetare pentru \u00eentre\u0163inerea Academiei, planific\u0103 eficient cheltuielile publice conform prevederilor legisla\u0163iei \u00een vigoare \u015fi standardelor aprobate. Utilizeaz\u0103 corect \u015fi cu economie mijloacele financiare conform devizelor de cheltuieli aprobate, precum \u015fi efectueaz\u0103 controlul asupra integrit\u0103\u0163ii resurselor b\u0103ne\u015fti \u015fi valorilor materiale.<\/p>\n\n\n\n<div class=\"wp-block-group\"><div class=\"wp-block-group__inner-container\">\n<p><b>\u00cen cadrul Direc\u021biei activeaz\u0103:<\/b>\n<br>Svetlana JOSAN,\n<br>Lilia BACIU,\n<br>Olga PETRACHE,\n<br>Valentina COLESNICENCO<\/p>\n<\/div><\/div>\n\n\n\n<p><strong>Misiunea:<\/strong><\/p>\n\n\n\n<p>Direc\u021bia economie \u0219i finan\u021be se ghideaz\u0103 \u00een activitatea sa de urm\u0103toarele principii:<\/p>\n\n\n\n<ul><li>conformitate, legalitate, transparen\u0163\u0103 \u015fi r\u0103spundere;<\/li><li>economie, eficien\u0163\u0103 \u015fi eficacitate;<\/li><li>impar\u0163ialitate, obiectivitate, profesionalism;<\/li><li>subordonare \u015fi raportare direct\u0103 rectorului;<\/li><li>divizare \u015fi delegare adecvat\u0103 a atribu\u0163iilor \u015fi sarcinilor interne;<\/li><li>informare \u015fi comunicare eficient\u0103 cu celelalte subdiviziuni structurale;<\/li><li>confiden\u0163ialitate \u015fi securitate a prelucr\u0103rii datelor cu caracter personal;<\/li><li>independen\u0163\u0103 func\u0163ional\u0103 de celelalte subdiviziuni structurale.<\/li><\/ul>\n\n\n\n<p>\u00cen procesul de elaborare a bugetului Academiei, Direc\u021bia economie \u0219i finan\u021be analizeaz\u0103, evalueaz\u0103, coordoneaz\u0103 \u015fi fundamenteaz\u0103 propunerile de buget, \u00een comun cu subdiviziunile structurale ale Academiei; acord\u0103 asisten\u0163\u0103 metodologic\u0103 aferent\u0103 procesului bugetar subdiviziunilor structurale din cadrul \u015fi\/sau subordinea entit\u0103\u0163ii publice; asist\u0103, dup\u0103 caz, conducerea entit\u0103\u0163ii publice \u00een cadrul consult\u0103rilor bugetare organizate de Ministerul Finan\u0163elor, precum \u015fi la prezentarea c\u0103tre Ministerul Finan\u0163elor sau entitatea public\u0103 ierarhic superioar\u0103 a proiectului bugetului entit\u0103\u0163ii publice; organizeaz\u0103 \u015fi execut\u0103 eficient tranzac\u0163iile financiare, precum \u015fi asigur\u0103 corectitudinea \u015fi regularitatea proces\u0103rii \u015fi \u00eenregistr\u0103rii acestora, inclusiv prin control financiar periodic; analizeaz\u0103 executarea bugetului; particip\u0103, \u00een comun cu subdiviziunile structurale ale entit\u0103\u0163ii publice, la \u00eentocmirea Raportului de implementare a strategiilor sectoriale de cheltuieli etc.<\/p>\n\n\n\n<p>Totodat\u0103, Direc\u021bia economie \u0219i finan\u021be asigur\u0103 primirea, eviden\u0163a \u015fi controlul eficient \u015fi legal al activelor \u015fi serviciilor; asigur\u0103 eviden\u0163a cheltuielilor de personal; asigur\u0103 achitarea bunurilor \u015fi a serviciilor; organizeaz\u0103 eficient \u015fi supravegheaz\u0103 func\u0163ia intern\u0103 de casierie; asigur\u0103 siguran\u0163a \u015fi securitatea opera\u0163iunilor de cas\u0103 \u015fi a p\u0103str\u0103rii numerarului, precum \u015fi asigur\u0103 identificarea \u015fi controlul eficace al riscurilor de delapidare, fraud\u0103 sau corup\u0163ie; particip\u0103 la procesul de achizi\u0163ii publice de bunuri \u015fi servicii, \u00een conformitate cu func\u0163iile \u015fi sarcinile atribuite \u00een cadrul grupului de lucru pentru achizi\u0163ii; asigur\u0103 \u00eenregistrarea contractelor de achizi\u0163ii publice la trezoreria teritorial\u0103 a Ministerului Finan\u0163elor, precum \u015fi eviden\u0163a \u015fi monitorizarea execut\u0103rii contractelor de achizi\u0163ii publice; \u0163ine eviden\u0163a patrimoniului de stat din ramur\u0103, administreaz\u0103 terenurile proprietate public\u0103 a statului aferente bunurilor imobile proprietate de stat din gestiune \u015fi prezint\u0103 d\u0103ri de seam\u0103 privind patrimoniul public organului abilitat.<\/p>\n\n\n\n<p>De asemenea, Direc\u021bia finan\u021be \u00een activitatea sa identific\u0103 \u015fi evalueaz\u0103 riscurile asociate obiectivelor \u015fi atribu\u0163iilor sale de baz\u0103. Pentru a controla riscurile, subdiviziunea implementeaz\u0103 \u015fi realizeaz\u0103 eficient \u015fi eficace \u00een toate func\u0163iile\/ procesele sale de baz\u0103 activit\u0103\u0163i de control, care pot fi preventive (ex-ante), curente sau de detectare (ex-post).<\/p>\n\n\n\n<p><strong>D<\/strong><strong>ate de contact<\/strong>:<\/p>\n\n\n\n<p>MD 2009, mun. Chi\u015fin\u0103u, str. Gh. Asachi nr. 21<\/p>\n\n\n\n<p>tel. (022) 72 98 50<\/p>\n\n\n\n<p>E-mail: margareta.mirza@mai.gov.md<\/p>\n","protected":false},"excerpt":{"rendered":"<p>Conducerea: Margareta M\u00ceRZA \u2013 \u0219ef direc\u021bie Doini\u021ba BI\u021aA \u2013 ofi\u0163er principal Informa\u021bii generale: Direc\u021bia economie \u0219i finan\u021be este o subdiviziune structural\u0103 a Academiei \u201e\u015etefan cel Mare\u201d a Ministerului Afacerilor Interne. [&hellip;]<\/p>\n","protected":false},"author":8,"featured_media":0,"parent":57,"menu_order":0,"comment_status":"closed","ping_status":"closed","template":"","meta":[],"translation":{"provider":"WPGlobus","version":"2.12.2","language":"gb","enabled_languages":["ro","gb"],"languages":{"ro":{"title":true,"content":true,"excerpt":false},"gb":{"title":false,"content":false,"excerpt":false}}},"acf":[],"_links":{"self":[{"href":"https:\/\/www.academy.police.md\/gb\/wp-json\/wp\/v2\/pages\/1306"}],"collection":[{"href":"https:\/\/www.academy.police.md\/gb\/wp-json\/wp\/v2\/pages"}],"about":[{"href":"https:\/\/www.academy.police.md\/gb\/wp-json\/wp\/v2\/types\/page"}],"author":[{"embeddable":true,"href":"https:\/\/www.academy.police.md\/gb\/wp-json\/wp\/v2\/users\/8"}],"replies":[{"embeddable":true,"href":"https:\/\/www.academy.police.md\/gb\/wp-json\/wp\/v2\/comments?post=1306"}],"version-history":[{"count":14,"href":"https:\/\/www.academy.police.md\/gb\/wp-json\/wp\/v2\/pages\/1306\/revisions"}],"predecessor-version":[{"id":5527,"href":"https:\/\/www.academy.police.md\/gb\/wp-json\/wp\/v2\/pages\/1306\/revisions\/5527"}],"up":[{"embeddable":true,"href":"https:\/\/www.academy.police.md\/gb\/wp-json\/wp\/v2\/pages\/57"}],"wp:attachment":[{"href":"https:\/\/www.academy.police.md\/gb\/wp-json\/wp\/v2\/media?parent=1306"}],"curies":[{"name":"wp","href":"https:\/\/api.w.org\/{rel}","templated":true}]}}