{"id":1336,"date":"2020-12-17T19:03:52","date_gmt":"2020-12-17T19:03:52","guid":{"rendered":"http:\/\/wp-academie.azurewebsites.net\/?page_id=1336"},"modified":"2025-06-12T15:04:01","modified_gmt":"2025-06-12T12:04:01","slug":"directia-administrare-patrimoniu","status":"publish","type":"page","link":"https:\/\/www.academy.police.md\/gb\/subdivizuni\/directia-administrare-patrimoniu","title":{"rendered":"Direc\u0163ia administrare patrimoniu"},"content":{"rendered":"\n<p><strong>Conducerea:<\/strong><\/p>\n\n\n\n<p><strong>Ivan BRAILEANU \u2013 \u0219ef interimar direc\u021bie, comisar principal<\/strong>.<\/p>\n\n\n\n<p><strong>Valeriu LUNGU \u2013 \u0219ef adjunct direc\u021bie, \u0219ef al Sec\u021biei dot\u0103ri \u0219i intenden\u021b\u0103, comisar-\u015fef.<\/strong><\/p>\n\n\n\n<p><strong>Structura organizatoric\u0103 a Direc\u021biei:<\/strong><\/p>\n\n\n\n<ul><li>Sec\u0163ia dot\u0103ri \u015fi intenden\u0163\u0103;<\/li><li>Sec\u0163ia asigurare logistic\u0103;<\/li><li>Sec\u0163ia transport auto;<\/li><li>Sec\u0163ia alimentar\u0103.<br><em>Cantina 1<\/em><br><em>Cantina&nbsp;<\/em>2<\/li><li>Sec\u021bia administrare Ungheni<br><em>Cantina<\/em><\/li><\/ul>\n\n\n\n<p><strong>Informa\u021bii generale:<\/strong><\/p>\n\n\n\n<p><strong>&nbsp;&nbsp;&nbsp;&nbsp;&nbsp;&nbsp;&nbsp;&nbsp; Direc\u021bia administrare patrimoniu<\/strong>&nbsp;este o subdiviziune structural\u0103 a Academiei \u201e\u0218tefan cel Mare\u201d a MAI constituit\u0103 pentru gestionarea patrimoniului public din cadrul institu\u021biei.<\/p>\n\n\n\n<p>&nbsp;&nbsp;&nbsp;&nbsp;&nbsp;&nbsp;&nbsp;&nbsp;&nbsp;<strong>Direc\u021bia are urm\u0103toarele sarcinii de baz\u0103:<\/strong><\/p>\n\n\n\n<ul><li>planific\u0103 \u015fi gestioneaz\u0103 \u00eentregul patrimoniu Academiei \u00een conformitate cu legisla\u0163ia \u00een vigoare;<\/li><li>asigur\u0103 buna func\u021bionare a edificiilor;<\/li><li>particip\u0103 la adoptarea deciziilor privind procedurile de loca\u021biune, casarea, comercializare \u0219i ob\u021binerea autoriza\u021biilor necesare;<\/li><li>organizeaz\u0103 activitatea de exploatare \u015fi reparare a mijloacelor de transport \u015fi r\u0103spunde de buna organizare a parcului auto;<\/li><li>gestioneaz\u0103 \u015fi urm\u0103re\u015fte derularea contractelor de achizi\u0163ii publice;<\/li><li>organizeaz\u0103 \u015fi asigur\u0103 condi\u021biile de salubrizare;<\/li><li>particip\u0103 la estimarea necesit\u0103\u0163ilor de bunuri, lucr\u0103ri \u015fi servicii pentru asigurarea activit\u0103\u0163ii continue a institu\u0163iei;<\/li><li>elaboreaz\u0103 caietele de sarcini \u0219i propune grupului de lucru pentru achizi\u021bii necesarul de bunuri, lucr\u0103ri \u015fi servicii \u00een conformitate cu bugetul aprobat \u0219i necesit\u0103\u0163ile prioritare;<\/li><li>asigur\u0103 integritatea bunurilor institu\u021biei, organizeaz\u0103 \u015fi efectueaz\u0103 controale planificate \u015fi inopinate privind utilizarea bunurilor materiale aflate \u00een gestiunea Academiei;<\/li><li>asigur\u0103 studen\u021bii cu hran\u0103 conform actelor normative \u00een vigoare;<\/li><li>asigur\u0103 condi\u021biile de trai \u00een c\u0103minele gestionate de c\u0103tre institu\u0163ie;<\/li><li>asigur\u0103 crearea condi\u0163iilor adecvate pentru procesul de instruire.<\/li><\/ul>\n\n\n\n<p>&nbsp;&nbsp;&nbsp;&nbsp;&nbsp;&nbsp;&nbsp;&nbsp; \u00cen vederea exercit\u0103rii misiunii de instruire a speciali\u0219tilor de \u00eenalt\u0103 calificare prin formarea ini\u021bial\u0103 (studii superioare de licen\u021b\u0103, de master \u0219i de doctorat), formarea ini\u021bial\u0103 a func\u021bionarilor publici cu statut special angaja\u021bi din surs\u0103 extern\u0103, de dezvoltare (formare) profesional\u0103 continu\u0103 a personalului MAI \u0219i altor organe de aplicare a legii, Academia dispune de suficiente loca\u021bii \u0219i spa\u021bii specifice procesului de studii \u0219i anume:<\/p>\n\n\n\n<ul><li>Terenul amplasat \u00een mun. Chi\u0219in\u0103u, str. Gh. Asachi, 21 (suprafa\u021ba \u2013 1,9349 ha);<\/li><li>Terenul amplasat \u00een mun. Chi\u0219in\u0103u, str. Sf. Vineri, 7 (suprafa\u021ba \u2013 2,3452 ha);<\/li><li>Terenul amplasat \u00een mun. Chi\u0219in\u0103u, str-la Lermontov II-a, 12 (suprafa\u021ba \u2013 0,8243 ha).<\/li><li>Terenul amplasat \u00een mun. Ungheni, str. Suceava, 1 (suprafa\u021ba \u2013 3,634 ha);<\/li><\/ul>\n\n\n\n<p>\u2013 201 birouri;<\/p>\n\n\n\n<p>\u2013 20 s\u0103li de curs;<\/p>\n\n\n\n<p>\u2013 72 s\u0103li de seminare;<\/p>\n\n\n\n<p>\u2013 22 s\u0103li cu computere\/laborator;<\/p>\n\n\n\n<p>\u2013 5 s\u0103li festive\/conferin\u021be;<\/p>\n\n\n\n<p>\u2013 5 s\u0103li sportive;<\/p>\n\n\n\n<p>\u2013 3 terenuri sportive;<\/p>\n\n\n\n<p>\u2013 3 cantine;<\/p>\n\n\n\n<p>\u2013 1 poligon auto;<\/p>\n\n\n\n<p>\u2013 3 puncte medicale;<\/p>\n\n\n\n<p>\u2013 35 od\u0103i de tip cazarm\u0103;<\/p>\n\n\n\n<p>\u2013 91 od\u0103i de tip c\u0103min.<\/p>\n\n\n\n<p><strong>Contacte:<\/strong><\/p>\n\n\n\n<p>mun. Chi\u0219in\u0103u, str. Gheorghe Asachi, 21, tel. 0 (22) 735-895<\/p>\n\n\n\n<p>e-mail:&nbsp;<a href=\"mailto:ivan.braileanu@mai.gov.md\">ivan.braileanu@mai.gov.md<\/a><\/p>\n","protected":false},"excerpt":{"rendered":"<p>Conducerea: Ivan BRAILEANU \u2013 \u0219ef interimar direc\u021bie, comisar principal. Valeriu LUNGU \u2013 \u0219ef adjunct direc\u021bie, \u0219ef al Sec\u021biei dot\u0103ri \u0219i intenden\u021b\u0103, comisar-\u015fef. Structura organizatoric\u0103 a Direc\u021biei: Sec\u0163ia dot\u0103ri \u015fi intenden\u0163\u0103; [&hellip;]<\/p>\n","protected":false},"author":8,"featured_media":0,"parent":57,"menu_order":0,"comment_status":"closed","ping_status":"closed","template":"","meta":[],"translation":{"provider":"WPGlobus","version":"2.12.2","language":"gb","enabled_languages":["ro","gb"],"languages":{"ro":{"title":true,"content":true,"excerpt":false},"gb":{"title":false,"content":false,"excerpt":false}}},"acf":[],"_links":{"self":[{"href":"https:\/\/www.academy.police.md\/gb\/wp-json\/wp\/v2\/pages\/1336"}],"collection":[{"href":"https:\/\/www.academy.police.md\/gb\/wp-json\/wp\/v2\/pages"}],"about":[{"href":"https:\/\/www.academy.police.md\/gb\/wp-json\/wp\/v2\/types\/page"}],"author":[{"embeddable":true,"href":"https:\/\/www.academy.police.md\/gb\/wp-json\/wp\/v2\/users\/8"}],"replies":[{"embeddable":true,"href":"https:\/\/www.academy.police.md\/gb\/wp-json\/wp\/v2\/comments?post=1336"}],"version-history":[{"count":12,"href":"https:\/\/www.academy.police.md\/gb\/wp-json\/wp\/v2\/pages\/1336\/revisions"}],"predecessor-version":[{"id":25950,"href":"https:\/\/www.academy.police.md\/gb\/wp-json\/wp\/v2\/pages\/1336\/revisions\/25950"}],"up":[{"embeddable":true,"href":"https:\/\/www.academy.police.md\/gb\/wp-json\/wp\/v2\/pages\/57"}],"wp:attachment":[{"href":"https:\/\/www.academy.police.md\/gb\/wp-json\/wp\/v2\/media?parent=1336"}],"curies":[{"name":"wp","href":"https:\/\/api.w.org\/{rel}","templated":true}]}}