{"id":1342,"date":"2020-12-17T19:05:39","date_gmt":"2020-12-17T19:05:39","guid":{"rendered":"http:\/\/wp-academie.azurewebsites.net\/?page_id=1342"},"modified":"2026-04-29T15:37:07","modified_gmt":"2026-04-29T12:37:07","slug":"sectia-proiecte-si-dezvoltare-institutionala","status":"publish","type":"page","link":"https:\/\/www.academy.police.md\/gb\/subdivizuni\/sectia-proiecte-si-dezvoltare-institutionala","title":{"rendered":"Sec\u021bia management proiecte"},"content":{"rendered":"\n<p><strong>\u0218ef Sec\u021bie<\/strong> <\/p>\n\n\n\n<figure class=\"wp-block-image size-large is-resized\"><img loading=\"lazy\" src=\"\/wp-content\/uploads\/2024\/07\/IMG_3405-1024x683.jpg\" alt=\"\" class=\"wp-image-19840\" width=\"287\" height=\"191\" srcset=\"\/wp-content\/uploads\/2024\/07\/IMG_3405-1024x683.jpg 1024w, \/wp-content\/uploads\/2024\/07\/IMG_3405-300x200.jpg 300w, \/wp-content\/uploads\/2024\/07\/IMG_3405-768x512.jpg 768w, \/wp-content\/uploads\/2024\/07\/IMG_3405.jpg 1500w\" sizes=\"(max-width: 287px) 100vw, 287px\" \/><\/figure>\n\n\n\n<ul><li><strong>Numele, Prenumele:<\/strong>\u00a0Andrei LUNGU<\/li><li><strong>E-mail:\u00a0<\/strong> <a href=\"mailto:andrei.lungu@mai.gov.md\">andrei.lungu@mai.gov.md<\/a><\/li><\/ul>\n\n\n\n<p><strong>Ofi\u021ber superior<\/strong><\/p>\n\n\n\n<ul><li><strong>Numele, Prenumele:<\/strong>&nbsp;Sergiu LUPA\u0218CU<\/li><\/ul>\n\n\n\n<p><strong>Specialist principal <\/strong><\/p>\n\n\n\n<ul id=\"block-0de63aba-60b4-44aa-8147-da9bc44c614b\"><li><strong>Numele, Prenumele:<\/strong>&nbsp;Mihaela GRUMEZA<\/li><\/ul>\n\n\n\n<p><strong>Structura sec\u021biei:<\/strong><\/p>\n\n\n\n<p><\/p>\n\n\n\n<p>\u0218ef\n<br>Ofi\u021ber principal\n<br>Ofi\u021ber superior\n<br>Specialist principal\n<\/p>\n\n\n\n<p><\/p>\n\n\n\n<p><\/p>\n\n\n\n<p><strong>Sec\u021bia proiecte \u0219i dezvoltare institu\u021bional\u0103<\/strong><\/p>\n\n\n\n<p>Sec\u0163ia are misiunea de a asigura coordonarea unitar\u0103 a procesului de elaborare, atragere \u015fi implementare a proiectelor de asisten\u0163\u0103 extern\u0103 pentru dezvoltarea institu\u0163ional\u0103 a Academiei.<\/p>\n\n\n\n<p><strong>Sarcini \u015fi atribu\u0163ii:<\/strong><\/p>\n\n\n\n<ol type=\"1\"><li>de elaborare \u0219i coordonare pe parcursul \u00eentregului proces de accesare, promovare, implementare, monitorizare \u0219i raportare a proiectelor \u0219i programelor de asisten\u021b\u0103 extern\u0103 ale Academiei;<\/li><li>de asisten\u021b\u0103 a conducerii Academiei \u00een procesul de planificare, implementare, coordonare, raportare \u0219i evaluare a dezvolt\u0103rii institu\u021bionale a Academiei. <\/li><\/ol>\n\n\n<p>\u00cen vederea realiz\u0103rii func\u021biilor sale, Sec\u021bia are urm\u0103toarele atribu\u021bii:<\/p>\n<ol type=\"1\">\n<li>asigur\u0103 eviden\u021ba \u0219i actualizarea periodic\u0103 a listei nevoilor subdiviziunilor structurale ale Academiei care pot fi acoperite prin programe cu finan\u021bare extern\u0103;<\/li>\n<li>particip\u0103 la planificarea \u0219i stabilirea priorit\u0103\u021bilor de finan\u021bare ale Academiei prin proiecte finan\u021bate din fonduri externe;<\/li>\n<li>asigur\u0103 realizarea procesului de planificare strategic\u0103 \u0219i formulare a propunerilor de \u00eembun\u0103t\u0103\u021bire a procesului de luare a deciziilor \u00een cadrul Academiei;<\/li>\n<li>asigur\u0103&nbsp; procesul de elaborare a Viziunii privind dezvoltarea institu\u021bional\u0103 a Academiei, precum \u0219i a Planului de ac\u021biuni privind implementarea acestuia;<\/li>\n<li>identific\u0103 oportunit\u0103\u021bi de cooperare cu donatori pentru consolidarea capacit\u0103\u021bilor institu\u021bionale ale Academiei;<\/li>\n<li>asigur\u0103 eviden\u021ba angaja\u021bilor Academiei care au fost preg\u0103ti\u021bi pentru participare la programe \u0219i proiecte interna\u021bionale \u00een domeniul s\u0103u de competen\u021b\u0103;<\/li>\n<li>men\u021bine leg\u0103tura cu Direc\u021bia politici de dezvoltare institu\u021bional\u0103 a Ministerului Afacerilor Interne, cu organismele na\u021bionale \u0219i interna\u021bionale care finan\u021beaz\u0103 sau deruleaz\u0103 programe, al c\u0103ror beneficiar direct este Academia;<\/li>\n<li>particip\u0103 la elaborarea acordurilor de asisten\u021b\u0103 extern\u0103, memorandumurilor de \u00een\u021belegere \u0219i fi\u0219ei de descriere a programelor de asisten\u021b\u0103 extern\u0103, precum \u0219i, la negocierea acestora cu state, donatori \u0219i organiza\u021bii interna\u021bionale;<\/li>\n<li>asigur\u0103 preg\u0103tirea documenta\u021biei de baz\u0103 pentru implementarea proiectelor;<\/li>\n<li>coordoneaz\u0103 deplas\u0103rile \u00een str\u0103in\u0103tate ale personalului relevant pentru programele de asisten\u021b\u0103 extern\u0103;<\/li>\n<li>&nbsp;particip\u0103 la organizarea vizitelor exper\u021bilor str\u0103ini \u0219i\/sau a finan\u021batorilor \u00een cadrul Academiei, precum \u0219i asigur\u0103 preg\u0103tirea documenta\u021biei necesare particip\u0103rii conducerii Academiei \u00een cadrul reuniunilor;<\/li>\n<li>&nbsp;organizeaz\u0103 \u00eentrevederi, analizeaz\u0103 \u0219i programeaz\u0103 activit\u0103\u021bile propuse pentru agenda de lucru a conducerii Academiei \u00een vederea atragerii proiectelor de asisten\u021b\u0103 extern\u0103;<\/li>\n<li>&nbsp;asigur\u0103 monitorizarea \u0219i informarea conducerii Academiei cu privire la implementarea programelor de asisten\u021b\u0103 extern\u0103;<\/li>\n<li>&nbsp;monitorizeaz\u0103 \u00eendeplinirea obliga\u021biilor asumate de Academie \u00een contractele de finan\u021bare. Identific\u0103 eventuale riscuri de implementare a proiectelor.<\/li>\n<li>&nbsp;colaboreaz\u0103 cu structuri similare din institu\u021bii de \u00eenv\u0103\u021b\u0103m\u00e2nt\/formare , \u00een vederea ini\u021bierii de parteneriate pentru derularea de proiecte.<\/li>\n<li>&nbsp;exercit\u0103 alte atribu\u021bii \u015fi sarcini specifice Sec\u021biei, \u00een conformitate cu legisla\u021bia \u00een vigoare.<\/li>\n<\/ol>","protected":false},"excerpt":{"rendered":"<p>\u0218ef Sec\u021bie Numele, Prenumele:\u00a0Andrei LUNGU E-mail:\u00a0 andrei.lungu@mai.gov.md Ofi\u021ber superior Numele, Prenumele:&nbsp;Sergiu LUPA\u0218CU Specialist principal Numele, Prenumele:&nbsp;Mihaela GRUMEZA Structura sec\u021biei: \u0218ef Ofi\u021ber principal Ofi\u021ber superior Specialist principal Sec\u021bia proiecte \u0219i dezvoltare [&hellip;]<\/p>\n","protected":false},"author":8,"featured_media":0,"parent":57,"menu_order":0,"comment_status":"closed","ping_status":"closed","template":"","meta":[],"translation":{"provider":"WPGlobus","version":"2.12.2","language":"gb","enabled_languages":["ro","gb"],"languages":{"ro":{"title":true,"content":true,"excerpt":false},"gb":{"title":false,"content":false,"excerpt":false}}},"acf":[],"_links":{"self":[{"href":"https:\/\/www.academy.police.md\/gb\/wp-json\/wp\/v2\/pages\/1342"}],"collection":[{"href":"https:\/\/www.academy.police.md\/gb\/wp-json\/wp\/v2\/pages"}],"about":[{"href":"https:\/\/www.academy.police.md\/gb\/wp-json\/wp\/v2\/types\/page"}],"author":[{"embeddable":true,"href":"https:\/\/www.academy.police.md\/gb\/wp-json\/wp\/v2\/users\/8"}],"replies":[{"embeddable":true,"href":"https:\/\/www.academy.police.md\/gb\/wp-json\/wp\/v2\/comments?post=1342"}],"version-history":[{"count":15,"href":"https:\/\/www.academy.police.md\/gb\/wp-json\/wp\/v2\/pages\/1342\/revisions"}],"predecessor-version":[{"id":32478,"href":"https:\/\/www.academy.police.md\/gb\/wp-json\/wp\/v2\/pages\/1342\/revisions\/32478"}],"up":[{"embeddable":true,"href":"https:\/\/www.academy.police.md\/gb\/wp-json\/wp\/v2\/pages\/57"}],"wp:attachment":[{"href":"https:\/\/www.academy.police.md\/gb\/wp-json\/wp\/v2\/media?parent=1342"}],"curies":[{"name":"wp","href":"https:\/\/api.w.org\/{rel}","templated":true}]}}