{"id":1367,"date":"2020-12-17T19:40:31","date_gmt":"2020-12-17T19:40:31","guid":{"rendered":"http:\/\/wp-academie.azurewebsites.net\/?page_id=1367"},"modified":"2023-12-01T14:59:09","modified_gmt":"2023-12-01T12:59:09","slug":"catedra-drept-penal-si-criminologie","status":"publish","type":"page","link":"https:\/\/www.academy.police.md\/gb\/catedre\/catedra-drept-penal-si-criminologie","title":{"rendered":"Catedra drept penal \u015fi criminologie"},"content":{"rendered":"\n<p><strong><a href=\"http:\/\/academy.police.md\/catedre\/catedra-drept-penal-si-criminologie\/scurt-istoric-al-catedrei-dpc\">Scurt istoric<\/a><\/strong><\/p>\n\n\n\n<p><strong><a href=\"http:\/\/academy.police.md\/catedre\/catedra-drept-penal-si-criminologie\/componenta-catedrei-dpc\">Componen\u0163a catedrei<\/a><\/strong><\/p>\n\n\n\n<p><strong><a href=\"http:\/\/academy.police.md\/catedre\/catedra-drept-penal-si-criminologie\/prezentare-generala-a-catedrei-dpc\">Prezentare general\u0103<\/a><\/strong><\/p>\n\n\n\n<p><strong><a href=\"http:\/\/academy.police.md\/catedre\/catedra-drept-penal-si-criminologie\/cercul-stiintific-gaudeamus\">Cercul \u015ftiin\u0163ific \u201cGaudeamus\u201d<\/a><\/strong><\/p>\n\n\n\n<p><\/p>\n\n\n\n<p><\/p>\n","protected":false},"excerpt":{"rendered":"<p>Scurt istoric Componen\u0163a catedrei Prezentare general\u0103 Cercul \u015ftiin\u0163ific \u201cGaudeamus\u201d<\/p>\n","protected":false},"author":8,"featured_media":0,"parent":117,"menu_order":0,"comment_status":"closed","ping_status":"closed","template":"","meta":[],"translation":{"provider":"WPGlobus","version":"2.12.2","language":"gb","enabled_languages":["ro","gb"],"languages":{"ro":{"title":true,"content":true,"excerpt":false},"gb":{"title":false,"content":false,"excerpt":false}}},"acf":[],"_links":{"self":[{"href":"https:\/\/www.academy.police.md\/gb\/wp-json\/wp\/v2\/pages\/1367"}],"collection":[{"href":"https:\/\/www.academy.police.md\/gb\/wp-json\/wp\/v2\/pages"}],"about":[{"href":"https:\/\/www.academy.police.md\/gb\/wp-json\/wp\/v2\/types\/page"}],"author":[{"embeddable":true,"href":"https:\/\/www.academy.police.md\/gb\/wp-json\/wp\/v2\/users\/8"}],"replies":[{"embeddable":true,"href":"https:\/\/www.academy.police.md\/gb\/wp-json\/wp\/v2\/comments?post=1367"}],"version-history":[{"count":3,"href":"https:\/\/www.academy.police.md\/gb\/wp-json\/wp\/v2\/pages\/1367\/revisions"}],"predecessor-version":[{"id":16434,"href":"https:\/\/www.academy.police.md\/gb\/wp-json\/wp\/v2\/pages\/1367\/revisions\/16434"}],"up":[{"embeddable":true,"href":"https:\/\/www.academy.police.md\/gb\/wp-json\/wp\/v2\/pages\/117"}],"wp:attachment":[{"href":"https:\/\/www.academy.police.md\/gb\/wp-json\/wp\/v2\/media?parent=1367"}],"curies":[{"name":"wp","href":"https:\/\/api.w.org\/{rel}","templated":true}]}}