{"id":1369,"date":"2020-12-17T19:41:21","date_gmt":"2020-12-17T19:41:21","guid":{"rendered":"http:\/\/wp-academie.azurewebsites.net\/?page_id=1369"},"modified":"2023-11-28T13:50:28","modified_gmt":"2023-11-28T11:50:28","slug":"catedra-procedura-penala-criminalistica-si-securitate-informationala","status":"publish","type":"page","link":"https:\/\/www.academy.police.md\/gb\/catedre\/catedra-procedura-penala-criminalistica-si-securitate-informationala","title":{"rendered":"Catedra procedur\u0103 penal\u0103, criminalistic\u0103 \u015fi securitate informa\u0163ional\u0103"},"content":{"rendered":"\n<figure class=\"wp-block-image size-large\"><img loading=\"lazy\" width=\"791\" height=\"288\" src=\"\/wp-content\/uploads\/2021\/07\/image-6.png\" alt=\"\" class=\"wp-image-4165\" srcset=\"\/wp-content\/uploads\/2021\/07\/image-6.png 791w, \/wp-content\/uploads\/2021\/07\/image-6-300x109.png 300w, \/wp-content\/uploads\/2021\/07\/image-6-768x280.png 768w\" sizes=\"(max-width: 791px) 100vw, 791px\" \/><\/figure>\n\n\n\n<p><a href=\"http:\/\/academy.police.md\/catedre\/catedra-procedura-penala-criminalistica-si-securitate-informationala\/scurt-istoric-al-catedrei-ppcsi\">Scurt istoric<\/a><\/p>\n\n\n\n<p><a href=\"http:\/\/academy.police.md\/componenta-catedrei-ppcsi\">Componen\u0163a catedrei<\/a><\/p>\n\n\n\n<p><a href=\"http:\/\/academy.police.md\/prezentare-generala-a-catedrei-ppcsi\">Prezentare general\u0103<\/a><\/p>\n\n\n\n<p><a href=\"http:\/\/academy.police.md\/cercul-stiintific-al-catedrei-ppcsi\">Cercul \u015ftiin\u0163ific<\/a> <\/p>\n\n\n\n<p><a href=\"http:\/\/academy.police.md\/poligon-criminalistic\">Poligonul criminalistic<\/a><\/p>\n\n\n\n<p><a href=\"https:\/\/academy.police.md\/avizele-catedrei\">Avizele catedrei<\/a><\/p>\n\n\n\n<p><\/p>\n\n\n\n<p><strong>CONTACTE:<\/strong> <\/p>\n\n\n\n<p>mun. Chi\u0219in\u0103u, str. Gh. Asachi nr. 21, etajul 3, &nbsp;MD2009 <\/p>\n\n\n\n<p>telefon de contact: &nbsp;(+373) 22 737518<\/p>\n\n\n","protected":false},"excerpt":{"rendered":"<p>Scurt istoric Componen\u0163a catedrei Prezentare general\u0103 Cercul \u015ftiin\u0163ific Poligonul criminalistic Avizele catedrei CONTACTE: mun. Chi\u0219in\u0103u, str. Gh. Asachi nr. 21, etajul 3, &nbsp;MD2009 telefon de contact: &nbsp;(+373) 22 737518<\/p>\n","protected":false},"author":8,"featured_media":0,"parent":117,"menu_order":0,"comment_status":"closed","ping_status":"closed","template":"","meta":[],"translation":{"provider":"WPGlobus","version":"2.12.2","language":"gb","enabled_languages":["ro","gb"],"languages":{"ro":{"title":true,"content":true,"excerpt":false},"gb":{"title":false,"content":false,"excerpt":false}}},"acf":[],"_links":{"self":[{"href":"https:\/\/www.academy.police.md\/gb\/wp-json\/wp\/v2\/pages\/1369"}],"collection":[{"href":"https:\/\/www.academy.police.md\/gb\/wp-json\/wp\/v2\/pages"}],"about":[{"href":"https:\/\/www.academy.police.md\/gb\/wp-json\/wp\/v2\/types\/page"}],"author":[{"embeddable":true,"href":"https:\/\/www.academy.police.md\/gb\/wp-json\/wp\/v2\/users\/8"}],"replies":[{"embeddable":true,"href":"https:\/\/www.academy.police.md\/gb\/wp-json\/wp\/v2\/comments?post=1369"}],"version-history":[{"count":14,"href":"https:\/\/www.academy.police.md\/gb\/wp-json\/wp\/v2\/pages\/1369\/revisions"}],"predecessor-version":[{"id":16285,"href":"https:\/\/www.academy.police.md\/gb\/wp-json\/wp\/v2\/pages\/1369\/revisions\/16285"}],"up":[{"embeddable":true,"href":"https:\/\/www.academy.police.md\/gb\/wp-json\/wp\/v2\/pages\/117"}],"wp:attachment":[{"href":"https:\/\/www.academy.police.md\/gb\/wp-json\/wp\/v2\/media?parent=1369"}],"curies":[{"name":"wp","href":"https:\/\/api.w.org\/{rel}","templated":true}]}}