{"id":1375,"date":"2020-12-17T19:43:27","date_gmt":"2020-12-17T19:43:27","guid":{"rendered":"http:\/\/wp-academie.azurewebsites.net\/?page_id=1375"},"modified":"2021-06-18T12:33:26","modified_gmt":"2021-06-18T12:33:26","slug":"catedra-instruire-militara-si-interventii-profesionale","status":"publish","type":"page","link":"https:\/\/www.academy.police.md\/gb\/catedre\/catedra-instruire-militara-si-interventii-profesionale","title":{"rendered":"Catedra instruire militar\u0103 \u015fi interven\u0163ii profesionale"},"content":{"rendered":"\n<p><strong><a href=\"http:\/\/academy.police.md\/scurt-istoric-al-catedrei-pmip\">Scurt istoric<\/a><\/strong><\/p>\n\n\n\n<p><a href=\"http:\/\/academy.police.md\/prezentarea-generala-a-catedrei-pmip\"><strong>Prezentarea general\u0103<\/strong><\/a><\/p>\n\n\n\n<p><a href=\"http:\/\/academy.police.md\/disciplinele-predate-la-catedra-pmip\"><strong>Disciplinele predate<\/strong><\/a><\/p>\n\n\n\n<p><a href=\"http:\/\/academy.police.md\/componenta-catedrei-pmip\"><strong>Componen\u0163a catedrei<\/strong><\/a><\/p>\n\n\n\n<p><a href=\"http:\/\/academy.police.md\/graficul-consultatiilor-al-catedrei-pmip\"><strong>Graficul consulta\u0163iilor<\/strong><\/a><\/p>\n\n\n\n<p><strong><a href=\"http:\/\/academy.police.md\/activitatea-de-cercetare-stiintifica-al-catedrei-pmip\">Activitatea de cercetare \u015ftiin\u0163ific\u0103<\/a><\/strong><\/p>\n\n\n\n<p><strong><a href=\"http:\/\/academy.police.md\/tirul-de-tragere\">Tirul de tragere<\/a><\/strong><\/p>\n","protected":false},"excerpt":{"rendered":"<p>Scurt istoric Prezentarea general\u0103 Disciplinele predate Componen\u0163a catedrei Graficul consulta\u0163iilor Activitatea de cercetare \u015ftiin\u0163ific\u0103 Tirul de tragere<\/p>\n","protected":false},"author":8,"featured_media":0,"parent":117,"menu_order":0,"comment_status":"closed","ping_status":"closed","template":"","meta":[],"translation":{"provider":"WPGlobus","version":"2.12.2","language":"gb","enabled_languages":["ro","gb"],"languages":{"ro":{"title":true,"content":true,"excerpt":false},"gb":{"title":false,"content":false,"excerpt":false}}},"acf":[],"_links":{"self":[{"href":"https:\/\/www.academy.police.md\/gb\/wp-json\/wp\/v2\/pages\/1375"}],"collection":[{"href":"https:\/\/www.academy.police.md\/gb\/wp-json\/wp\/v2\/pages"}],"about":[{"href":"https:\/\/www.academy.police.md\/gb\/wp-json\/wp\/v2\/types\/page"}],"author":[{"embeddable":true,"href":"https:\/\/www.academy.police.md\/gb\/wp-json\/wp\/v2\/users\/8"}],"replies":[{"embeddable":true,"href":"https:\/\/www.academy.police.md\/gb\/wp-json\/wp\/v2\/comments?post=1375"}],"version-history":[{"count":4,"href":"https:\/\/www.academy.police.md\/gb\/wp-json\/wp\/v2\/pages\/1375\/revisions"}],"predecessor-version":[{"id":3622,"href":"https:\/\/www.academy.police.md\/gb\/wp-json\/wp\/v2\/pages\/1375\/revisions\/3622"}],"up":[{"embeddable":true,"href":"https:\/\/www.academy.police.md\/gb\/wp-json\/wp\/v2\/pages\/117"}],"wp:attachment":[{"href":"https:\/\/www.academy.police.md\/gb\/wp-json\/wp\/v2\/media?parent=1375"}],"curies":[{"name":"wp","href":"https:\/\/api.w.org\/{rel}","templated":true}]}}