{"id":1379,"date":"2020-12-17T19:45:06","date_gmt":"2020-12-17T19:45:06","guid":{"rendered":"http:\/\/wp-academie.azurewebsites.net\/?page_id=1379"},"modified":"2022-07-22T09:55:13","modified_gmt":"2022-07-22T06:55:13","slug":"catedra-stiinte-manageriale-socio-umane-si-comunicare-profesionala","status":"publish","type":"page","link":"https:\/\/www.academy.police.md\/gb\/catedre\/catedra-stiinte-manageriale-socio-umane-si-comunicare-profesionala","title":{"rendered":"Catedra management \u015fi comunicare profesional\u0103"},"content":{"rendered":"\n<p><strong><a href=\"http:\/\/academy.police.md\/scurt-istoric-al-catedrei-sscp\">Scurt istoric<\/a><\/strong><\/p>\n\n\n\n<p><strong><a href=\"http:\/\/academy.police.md\/catedre\/catedra-stiinte-manageriale-socio-umane-si-comunicare-profesionala\/prezentare-generala-a-catedrei-sscp\">Prezentare general\u0103<\/a><\/strong><\/p>\n\n\n\n<p><strong><a href=\"http:\/\/academy.police.md\/catedre\/catedra-stiinte-manageriale-socio-umane-si-comunicare-profesionala\/membrii-catedrei-sscp\">Membrii catedrei<\/a><\/strong><\/p>\n\n\n\n<p><strong><a href=\"http:\/\/academy.police.md\/catedre\/catedra-stiinte-manageriale-socio-umane-si-comunicare-profesionala\/cercul-stiintific-studentesc-academos\">Cercul \u015ftiin\u0163ific studen\u0163esc \u201eAcademos\u201d<\/a><\/strong><\/p>\n","protected":false},"excerpt":{"rendered":"<p>Scurt istoric Prezentare general\u0103 Membrii catedrei Cercul \u015ftiin\u0163ific studen\u0163esc \u201eAcademos\u201d<\/p>\n","protected":false},"author":8,"featured_media":0,"parent":117,"menu_order":0,"comment_status":"closed","ping_status":"closed","template":"","meta":[],"translation":{"provider":"WPGlobus","version":"2.12.2","language":"gb","enabled_languages":["ro","gb"],"languages":{"ro":{"title":true,"content":true,"excerpt":false},"gb":{"title":false,"content":false,"excerpt":false}}},"acf":[],"_links":{"self":[{"href":"https:\/\/www.academy.police.md\/gb\/wp-json\/wp\/v2\/pages\/1379"}],"collection":[{"href":"https:\/\/www.academy.police.md\/gb\/wp-json\/wp\/v2\/pages"}],"about":[{"href":"https:\/\/www.academy.police.md\/gb\/wp-json\/wp\/v2\/types\/page"}],"author":[{"embeddable":true,"href":"https:\/\/www.academy.police.md\/gb\/wp-json\/wp\/v2\/users\/8"}],"replies":[{"embeddable":true,"href":"https:\/\/www.academy.police.md\/gb\/wp-json\/wp\/v2\/comments?post=1379"}],"version-history":[{"count":5,"href":"https:\/\/www.academy.police.md\/gb\/wp-json\/wp\/v2\/pages\/1379\/revisions"}],"predecessor-version":[{"id":7376,"href":"https:\/\/www.academy.police.md\/gb\/wp-json\/wp\/v2\/pages\/1379\/revisions\/7376"}],"up":[{"embeddable":true,"href":"https:\/\/www.academy.police.md\/gb\/wp-json\/wp\/v2\/pages\/117"}],"wp:attachment":[{"href":"https:\/\/www.academy.police.md\/gb\/wp-json\/wp\/v2\/media?parent=1379"}],"curies":[{"name":"wp","href":"https:\/\/api.w.org\/{rel}","templated":true}]}}