{"id":14477,"date":"2023-09-13T16:29:21","date_gmt":"2023-09-13T13:29:21","guid":{"rendered":"https:\/\/academy.police.md\/?page_id=14477"},"modified":"2023-09-28T10:24:06","modified_gmt":"2023-09-28T07:24:06","slug":"acte-normative","status":"publish","type":"page","link":"https:\/\/www.academy.police.md\/gb\/cadrul-juridic\/acte-normative","title":{"rendered":"Acte normative"},"content":{"rendered":"\n<ul><li>Constitu\u0163ia Republicii Moldova din 29.07.1994<br><a href=\"https:\/\/www.legis.md\/cautare\/getResults?doc_id=111918&amp;lang=ro\">https:\/\/www.legis.md\/cautare\/getResults?doc_id=111918&amp;lang=ro<\/a><\/li><\/ul>\n\n\n\n<ul><li>Codul educa\u0163iei al Republicii Moldova<br><a href=\"https:\/\/www.legis.md\/cautare\/getResults?doc_id=123537&amp;lang=ro\">https:\/\/www.legis.md\/cautare\/getResults?doc_id=123537&amp;lang=ro<\/a><\/li><\/ul>\n\n\n\n<ul><li>Codul cu privire la \u015ftiin\u0163\u0103 \u015fi inovare al Republicii Moldova<strong>*<\/strong><br><a href=\"https:\/\/www.legis.md\/cautare\/getResults?doc_id=110232&amp;lang=ro\">https:\/\/www.legis.md\/cautare\/getResults?doc_id=110232&amp;lang=ro<\/a><\/li><\/ul>\n\n\n\n<ul><li>Codul administrativ nr.116\/2018<br><a href=\"https:\/\/www.legis.md\/cautare\/getResults?doc_id=124406&amp;lang=ro\">https:\/\/www.legis.md\/cautare\/getResults?doc_id=124406&amp;lang=ro<\/a><\/li><\/ul>\n\n\n\n<ul><li>Codul muncii nr. 154-XV\/2003<br><a href=\"https:\/\/www.legis.md\/cautare\/getResults?doc_id=124959&amp;lang=ro\">https:\/\/www.legis.md\/cautare\/getResults?doc_id=124959&amp;lang=ro<\/a><\/li><\/ul>\n\n\n\n<ul><li>Codul civil nr. 1107-XV\/2002, republicat \u00een temeiul\u00a0Legii nr. 133\/2018 &#8211; Monitorul Oficial, 2018, nr. 467-479, art.784<br><a href=\"https:\/\/www.legis.md\/cautare\/getResults?doc_id=125043&amp;lang=ro\">https:\/\/www.legis.md\/cautare\/getResults?doc_id=125043&amp;lang=ro<\/a><\/li><\/ul>\n\n\n\n<ul><li>Codul de procedur\u0103 civil\u0103 nr. 225-XV\/2003, republicat \u00een temeiul art. VI alin.(4) al Legii nr. 17\/2018 &#8211; Monitorul Oficial, 2018, nr. 142-148, art.277<br><a href=\"https:\/\/www.legis.md\/cautare\/getResults?doc_id=122984&amp;lang=ro\">https:\/\/www.legis.md\/cautare\/getResults?doc_id=122984&amp;lang=ro<\/a><\/li><\/ul>\n\n\n\n<ul><li>Codul de executare nr.443\/2004<br><a href=\"https:\/\/www.legis.md\/cautare\/getResults?doc_id=122067&amp;lang=ro\">https:\/\/www.legis.md\/cautare\/getResults?doc_id=122067&amp;lang=ro<\/a><\/li><\/ul>\n\n\n\n<ul><li>Codul contraven\u0163ional nr. 218-XVI\/2008<br><a href=\"https:\/\/www.legis.md\/cautare\/getResults?doc_id=125094&amp;lang=ro\">https:\/\/www.legis.md\/cautare\/getResults?doc_id=125094&amp;lang=ro<\/a><\/li><\/ul>\n\n\n\n<ul><li>Codul penal nr. 985-XV\/2002<br><a href=\"https:\/\/www.legis.md\/cautare\/getResults?doc_id=125325&amp;lang=ro\">https:\/\/www.legis.md\/cautare\/getResults?doc_id=125325&amp;lang=ro<\/a><\/li><\/ul>\n\n\n\n<ul><li>Codul de procedur\u0103 penal\u0103 nr. 122-XV\/2003<br><a href=\"https:\/\/www.legis.md\/cautare\/getResults?doc_id=125111&amp;lang=ro\">https:\/\/www.legis.md\/cautare\/getResults?doc_id=125111&amp;lang=ro<\/a><\/li><\/ul>\n\n\n\n<ul><li>Legea nr.136\/2017 cu privire la Guvern<br><a href=\"https:\/\/www.legis.md\/cautare\/getResults?doc_id=115222&amp;lang=ro\">https:\/\/www.legis.md\/cautare\/getResults?doc_id=115222&amp;lang=ro<\/a><\/li><\/ul>\n\n\n\n<ul><li>Legea nr. 797\/1996 pentru adoptarea Regulamentului Parlamentului<br><a href=\"https:\/\/www.legis.md\/cautare\/getResults?doc_id=136244&amp;lang=ro#\">https:\/\/www.legis.md\/cautare\/getResults?doc_id=136244&amp;lang=ro#<\/a><\/li><\/ul>\n\n\n\n<ul><li>Legea nr.288\/2016 privind func\u0163ionarul public cu statut specialdin cadrul Ministerului Afacerilor Interne<br><a href=\"https:\/\/www.legis.md\/cautare\/getResults?doc_id=125233&amp;lang=ro\">https:\/\/www.legis.md\/cautare\/getResults?doc_id=125233&amp;lang=ro<\/a><\/li><\/ul>\n\n\n\n<ul><li>Legea nr. 158\/2008 cu privire la func\u0163ia public\u0103 \u015fi statutul func\u0163ionarului public<br><a href=\"https:\/\/www.legis.md\/cautare\/getResults?doc_id=120077&amp;lang=ro\">https:\/\/www.legis.md\/cautare\/getResults?doc_id=120077&amp;lang=ro<\/a><\/li><\/ul>\n\n\n\n<ul><li>Legea nr.98\/2012 privind administra\u0163ia public\u0103 central\u0103 de specialitate<br><a href=\"https:\/\/www.legis.md\/cautare\/getResults?doc_id=120685&amp;lang=ro\">https:\/\/www.legis.md\/cautare\/getResults?doc_id=120685&amp;lang=ro<\/a><\/li><\/ul>\n\n\n\n<ul><li>Legea nr.25\/2008 privind Codul de conduit\u0103 a func\u0163ionarului public<br><a href=\"https:\/\/www.legis.md\/cautare\/getResults?doc_id=107130&amp;lang=ro\">https:\/\/www.legis.md\/cautare\/getResults?doc_id=107130&amp;lang=ro<\/a><\/li><\/ul>\n\n\n\n<ul><li>Legea nr.982\/2000 privind accesul la informa\u0163ie<br><a href=\"https:\/\/www.legis.md\/cautare\/getResults?doc_id=108552&amp;lang=ro\">https:\/\/www.legis.md\/cautare\/getResults?doc_id=108552&amp;lang=ro<\/a><\/li><\/ul>\n\n\n\n<ul><li>Legea nr.1545\/1998privind modul de reparare a prejudiciului cauzat prin ac\u0163iunile ilicite ale organelor de urm\u0103rire penal\u0103, ale procuraturii \u015fi ale instan\u0163elor judec\u0103tore\u015fti<br><a href=\"https:\/\/www.legis.md\/cautare\/getResults?doc_id=108548&amp;lang=ro\">https:\/\/www.legis.md\/cautare\/getResults?doc_id=108548&amp;lang=ro<\/a><\/li><\/ul>\n\n\n\n<ul><li>Hot\u0103r\u00e2rea Guvernului nr.610\/2018 pentru aprobarea Regulamentului Guvernului<br><a href=\"https:\/\/www.legis.md\/cautare\/getResults?doc_id=108737&amp;lang=ro\">https:\/\/www.legis.md\/cautare\/getResults?doc_id=108737&amp;lang=ro<\/a><\/li><\/ul>\n\n\n\n<ul><li>Hot\u0103r\u00e2rea Guvernului nr. 201\/2009 privind punerea \u00een aplicare a prevederilor Legii nr. 158-XVI din 4 iulie 2008 cu privire la func\u021bia public\u0103 \u0219i statutul func\u021bionarului public<br><a href=\"https:\/\/www.legis.md\/cautare\/getResults?doc_id=115403&amp;lang=ro\">https:\/\/www.legis.md\/cautare\/getResults?doc_id=115403&amp;lang=ro<\/a><\/li><\/ul>\n\n\n\n<ul><li>Hot\u0103r\u00e2rea Guvernului nr. 460\/2017 pentru punerea \u00een aplicare a prevederilor Legii nr.288\/2016 privind func\u0163ionarul public cu statut special din cadrul Ministerului Afacerilor Interne<br><a href=\"https:\/\/www.legis.md\/cautare\/getResults?doc_id=110077&amp;lang=ro\">https:\/\/www.legis.md\/cautare\/getResults?doc_id=110077&amp;lang=ro<\/a><\/li><\/ul>\n\n\n\n<ul><li>Hot\u0103r\u00e2rea Guvernului nr. 629\/2017 pentru aprobarea Codului de etic\u0103 \u015fi deontologie al func\u0163ionarului public cu statut special din cadrul Ministerului Afacerilor Interne<\/li><\/ul>\n\n\n\n<ul><li>Hot\u0103r\u00e2rea Guvernului nr. 409\/2017 cu privire la aprobarea Statutului disciplinar al func\u0163ionarului public cu statut special din cadrul Ministerului Afacerilor Interne<br><a href=\"https:\/\/www.legis.md\/cautare\/getResults?doc_id=100644&amp;lang=ro\">https:\/\/www.legis.md\/cautare\/getResults?doc_id=100644&amp;lang=ro<\/a><\/li><\/ul>\n\n\n\n<ul><li>Hot\u0103r\u00e2rea Guvernului Republicii Moldova nr.429\/2020 cu privire la organizarea \u0219i func\u021bionarea unor institu\u021bii publice de \u00eenv\u0103\u021b\u0103m\u00e2nt din subordinea Ministerului Afacerilor Interne<br><a href=\"https:\/\/www.legis.md\/cautare\/getResults?doc_id=122114&amp;lang=ro\">https:\/\/www.legis.md\/cautare\/getResults?doc_id=122114&amp;lang=ro<\/a><\/li><\/ul>\n\n\n\n<p><strong>Not\u0103:<\/strong>Fiecare unitate structural\u0103 a Academiei \u201e\u015etefan cel Mare\u201d a Ministerului Afacerilor Interne, plaseaz\u0103 toate actele normative conform domeniului de competen\u0163\u0103 \u015fi activitate, respect\u00e2nd ierarhia, corespunz\u0103tor.<\/p>\n","protected":false},"excerpt":{"rendered":"<p>Constitu\u0163ia Republicii Moldova din 29.07.1994https:\/\/www.legis.md\/cautare\/getResults?doc_id=111918&amp;lang=ro Codul educa\u0163iei al Republicii Moldovahttps:\/\/www.legis.md\/cautare\/getResults?doc_id=123537&amp;lang=ro Codul cu privire la \u015ftiin\u0163\u0103 \u015fi inovare al Republicii Moldova*https:\/\/www.legis.md\/cautare\/getResults?doc_id=110232&amp;lang=ro Codul administrativ nr.116\/2018https:\/\/www.legis.md\/cautare\/getResults?doc_id=124406&amp;lang=ro Codul muncii nr. 154-XV\/2003https:\/\/www.legis.md\/cautare\/getResults?doc_id=124959&amp;lang=ro Codul civil nr. [&hellip;]<\/p>\n","protected":false},"author":8,"featured_media":0,"parent":1444,"menu_order":0,"comment_status":"closed","ping_status":"closed","template":"","meta":[],"translation":{"provider":"WPGlobus","version":"2.12.2","language":"gb","enabled_languages":["ro","gb"],"languages":{"ro":{"title":true,"content":true,"excerpt":false},"gb":{"title":false,"content":false,"excerpt":false}}},"acf":[],"_links":{"self":[{"href":"https:\/\/www.academy.police.md\/gb\/wp-json\/wp\/v2\/pages\/14477"}],"collection":[{"href":"https:\/\/www.academy.police.md\/gb\/wp-json\/wp\/v2\/pages"}],"about":[{"href":"https:\/\/www.academy.police.md\/gb\/wp-json\/wp\/v2\/types\/page"}],"author":[{"embeddable":true,"href":"https:\/\/www.academy.police.md\/gb\/wp-json\/wp\/v2\/users\/8"}],"replies":[{"embeddable":true,"href":"https:\/\/www.academy.police.md\/gb\/wp-json\/wp\/v2\/comments?post=14477"}],"version-history":[{"count":3,"href":"https:\/\/www.academy.police.md\/gb\/wp-json\/wp\/v2\/pages\/14477\/revisions"}],"predecessor-version":[{"id":14713,"href":"https:\/\/www.academy.police.md\/gb\/wp-json\/wp\/v2\/pages\/14477\/revisions\/14713"}],"up":[{"embeddable":true,"href":"https:\/\/www.academy.police.md\/gb\/wp-json\/wp\/v2\/pages\/1444"}],"wp:attachment":[{"href":"https:\/\/www.academy.police.md\/gb\/wp-json\/wp\/v2\/media?parent=14477"}],"curies":[{"name":"wp","href":"https:\/\/api.w.org\/{rel}","templated":true}]}}