{"id":1468,"date":"2021-03-17T11:25:50","date_gmt":"2021-03-17T11:25:50","guid":{"rendered":"http:\/\/wp-academie.azurewebsites.net\/?page_id=1468"},"modified":"2026-02-10T16:26:25","modified_gmt":"2026-02-10T14:26:25","slug":"conferinte","status":"publish","type":"page","link":"https:\/\/www.academy.police.md\/gb\/conferinte","title":{"rendered":"Conferin\u0163e"},"content":{"rendered":"\n<p><a rel=\"noreferrer noopener\" href=\"\/wp-content\/uploads\/2026\/02\/Invitatie-Conferinta.pdf\" data-type=\"URL\" data-id=\"\/wp-content\/uploads\/2026\/02\/Invitatie-Conferinta.pdf\" target=\"_blank\">Invita\u021bie la Conferin\u021ba \u0219tiin\u021bific\u0103 cu participare interna\u021bional\u0103 \u201eReconfigurarea protec\u021biei consumatorilor \u00een era digital\u0103: provoc\u0103ri teoretice \u0219i practice\u201d, edi\u021bia a 2-a, 12 \u2013 13 martie 2026<\/a><\/p>\n\n\n\n<p><a href=\"\/wp-content\/uploads\/2026\/02\/Materialele_conf_inter_Protect_dr_lib_om_in_proces_asig_ordin_publice_10.12.2025.pdf\" data-type=\"URL\" data-id=\"\/wp-content\/uploads\/2026\/02\/Materialele_conf_inter_Protect_dr_lib_om_in_proces_asig_ordin_publice_10.12.2025.pdf\" target=\"_blank\" rel=\"noreferrer noopener\">Protec\u0163ia drepturilor \u015fi libert\u0103\u0163ilor fundamentale ale omului \u00een procesul asigur\u0103rii ordinii \u015fi securit\u0103\u0163ii publice, edi\u0163ia a V-a. (Materialele Conferin\u0163ei \u015ftiin\u0163ifice na\u0163ionale cu participare interna\u0163ional\u0103 din 10 decembrie 2025)<\/a><\/p>\n\n\n\n<p><a href=\"https:\/\/academy.police.md\/anunt-conferinta-stiintifica-internationala-provocari-si-strategii-in-ordinea-si-siguranta-publica-editia-a-xi-a\" data-type=\"URL\" data-id=\"https:\/\/academy.police.md\/anunt-conferinta-stiintifica-internationala-provocari-si-strategii-in-ordinea-si-siguranta-publica-editia-a-xi-a\" target=\"_blank\" rel=\"noreferrer noopener\">Conferin\u021b\u0103 \u0219tiin\u021bific\u0103 interna\u021bional\u0103 \u201eProvoc\u0103ri \u0219i strategii \u00een ordinea \u0219i siguran\u021ba public\u0103\u201d \u2013 edi\u021bia a XI-a<\/a><\/p>\n\n\n\n<p><a href=\"\/wp-content\/uploads\/2025\/06\/Materialele-Conferintei_stiintifice_internationale_10_04_2025.pdf\" data-type=\"URL\" data-id=\"\/wp-content\/uploads\/2025\/06\/Materialele-Conferintei_stiintifice_internationale_10_04_2025.pdf\">Conferin\u0163a \u015ftiin\u0163ific\u0103 interna\u0163ional\u0103 \u201ePrevenirea \u015fi combaterea criminalit\u0103\u0163ii: probleme, solu\u0163ii \u015fi perspective\u201d, edi\u0163ia a VII-a. (Materialele Conferin\u0163ei \u015ftiin\u0163ifice interna\u0163ionale din 10.04.2025)<\/a><\/p>\n\n\n\n<p><a href=\"\/wp-content\/uploads\/2025\/06\/Anale_stiintifice_nr_ed_speciala_2025_SITE.pdf\">Protec\u021bia consumatorului: abord\u0103ri integrate \u00een sistemul juridic, edi\u021bia I. (Materialele Conferin\u0163ei \u0219tiin\u021bifice na\u021bionale cu participare interna\u0163ional\u0103, 13-14 martie 2025)<\/a><\/p>\n\n\n\n<p><a href=\"\/wp-content\/uploads\/2025\/02\/Mater_conf_Protect_dr_si_liber_omului_ed_4_03_02_2025.pdf\">Protec\u0163ia drepturilor \u015fi libert\u0103\u0163ilor fundamentale ale omului \u00een procesul asigur\u0103rii ordinii \u015fi securit\u0103\u0163ii publice, edi\u0163ia a IV-a. (Materialele Conferin\u0163ei \u015ftiin\u0163ifice na\u0163ionale cu participare interna\u0163ional\u0103 din 05 decembrie 2024)<\/a><\/p>\n\n\n\n<p><a rel=\"noreferrer noopener\" href=\"\/wp-content\/uploads\/2025\/01\/Conferinta_internationala_LV_editie_speciala_24_06_2024.pdf\" data-type=\"URL\" target=\"_blank\">Conferin\u0163a \u015ftiin\u0163ific\u0103 interna\u0163ional\u0103 \u201ePrevenirea \u015fi combaterea criminalit\u0103\u0163ii \u2013 probleme, solu\u0163ii \u015fi perspective\u201d, Ed. a VI-a. 25.04,2024 (Edi\u0163ia special\u0103 &#8220;Legea \u015fi Via\u0163a&#8221;<\/a><\/p>\n\n\n\n<p><a href=\"\/wp-content\/uploads\/2024\/01\/Mater_conf_Protect_dr_si_liber_omului_ed.-3_07_12_2023.pdf\" data-type=\"URL\" data-id=\"\/wp-content\/uploads\/2024\/01\/Mater_conf_Protect_dr_si_liber_omului_ed.-3_07_12_2023.pdf\" target=\"_blank\" rel=\"noreferrer noopener\">Protec\u0163ia drepturilor \u015fi libert\u0103\u0163ilor fundamentale ale omului \u00een procesul asigur\u0103rii ordinii \u015fi securit\u0103\u0163ii publice (Edi\u0163ia a III-a). (Materialele Conferin\u0163ei \u015ftiin\u0163ifice cu participare interna\u0163ional\u0103 din 07 decembrie 2023)<\/a><\/p>\n\n\n\n<p><a href=\"\/wp-content\/uploads\/2024\/01\/Materialele_conferintei_Codul_procedura_penala_RM-20_ani.pdf\" data-type=\"URL\" data-id=\"\/wp-content\/uploads\/2024\/01\/Materialele_conferintei_Codul_procedura_penala_RM-20_ani.pdf\" target=\"_blank\" rel=\"noreferrer noopener\">Codul de procedur\u0103 penal\u0103 al Republicii Moldova \u2013 20 de ani de la intrarea \u00een vigoare (Materialele Conferin\u0163ei \u015ftiin\u0163ifice na\u0163ionale din 09 noiembrie 2023)<\/a><\/p>\n\n\n\n<p><a rel=\"noreferrer noopener\" href=\"https:\/\/academy.police.md\/wp-content\/uploads\/2023\/07\/Legea_si_viata_editie_speciala_conf_18_05_2023.pdf\" target=\"_blank\">Conferin\u0163a \u015ftiin\u0163ific\u0103 interuniversitar\u0103 cu participare interna\u0163ional\u0103 cu genericul \u201ePrevenirea \u015fi combaterea criminalit\u0103\u0163ii \u2013 probleme, solu\u0163ii \u015fi perspective\u201d, edi\u0163ia a V-a. 18 mai 2023<\/a><\/p>\n\n\n\n<p><a rel=\"noreferrer noopener\" href=\"https:\/\/academy.police.md\/wp-content\/uploads\/2023\/07\/Materialele_conferintei_Alba-Iulia_2023.pdf\" target=\"_blank\">CONVERGEN\u021aE \u00ceN DREPTUL PUBLIC INTERNA\u021aIONAL PRIVIND ACTIVIT\u0102\u021aILE SPECIFICE DIN SECTOARELE: AP\u0102RARE, AFACERI INTERNE, AFACERI EXTERNE \u0218I STRUCTURI DE INTELIGEN\u021a\u0102 \u00ceN STRATEGIILE VIITORULUI)<\/a><\/p>\n\n\n\n<p><a rel=\"noreferrer noopener\" href=\"https:\/\/academy.police.md\/wp-content\/uploads\/2023\/02\/Prot_dr_libert_fundam_om_proces_asig_ord_secur_publ_bloc-2.pdf\" target=\"_blank\">Protec\u0163ia drepturilor \u015fi libert\u0103\u0163ilor fundamentale ale omului \u00een procesul asigur\u0103rii ordinii \u015fi securit\u0103\u0163ii publice (Materialele Conferin\u0163ei \u015ftiin\u0163ifice cu participare interna\u0163ional\u0103 din 08 decembrie 2022)<\/a><\/p>\n\n\n\n<p><a rel=\"noreferrer noopener\" href=\"https:\/\/academy.police.md\/wp-content\/uploads\/2023\/01\/Materialele_conferintei_Respect_dr_omului_in_PP_si_ASI_10_11_2022-1.pdf\" target=\"_blank\">Probleme actuale privind respectarea drepturilor omului \u00een procesul penal \u015fi activitatea special\u0103 de investiga\u0163ii (Materialele Conferin\u0163ei \u015ftiin\u0163ifice na\u0163ionale din 10 noiembrie 2022)<\/a><\/p>\n\n\n\n<p><a rel=\"noreferrer noopener\" href=\"https:\/\/academy.police.md\/wp-content\/uploads\/2022\/04\/Protectia_drept_si_liber_omului_in_proces_asig_ordin_si_securit_publice.pdf\" target=\"_blank\">Protec\u0163ia drepturilor \u015fi libert\u0103\u0163ilor fundamentale ale omului \u00een procesul asigur\u0103rii ordinii \u015fi securit\u0103\u0163ii publice (Conferin\u0163a \u015ftiin\u0163ific\u0103 cu participare interna\u0163ional\u0103 din 09 decembrie 2021)<\/a><\/p>\n\n\n\n<p><a rel=\"noreferrer noopener\" href=\"https:\/\/academy.police.md\/assets\/files\/pdf\/mconf-190321.pdf\" target=\"_blank\">Reglement\u0103ri na\u021bionale \u0219i standarde juridice interna\u021bionale \u00een domeniul protec\u021biei drepturilor consumatorului (Materialele conferin\u021bei stiintifico-practice internationale din 19 martie 2021)<\/a><\/p>\n\n\n\n<p><a rel=\"noreferrer noopener\" href=\"https:\/\/academy.police.md\/assets\/files\/pdf\/conf-041220.pdf\" target=\"_blank\">Preg\u0103tirea profesional\u0103 a cadrelor pentru subdiviziunile Ministerului Afacerilor Interne \u015fi alte organe de drept (Materialele conferin\u021bei stiintifico-practice internationale din 4 decembrie 2020)<\/a><\/p>\n\n\n\n<p><a rel=\"noreferrer noopener\" href=\"https:\/\/academy.police.md\/assets\/files\/pdf\/conferintu.pdf\" target=\"_blank\">Criminalitatea transfrontalier\u0103 \u015fi transna\u0163ionala: Tendin\u0163e \u015fi forme actuale de manifestare,probleme de prevenire \u015fi combatere.(Materialele conferin\u021bei \u0219tiin\u021bifico-practice interna\u021bionale 26 iunie 2018)<\/a><\/p>\n\n\n\n<p><a rel=\"noreferrer noopener\" href=\"https:\/\/academy.police.md\/assets\/files\/pdf\/terorism.pdf\" target=\"_blank\">Focarele separatiste \u015fi impactul lor asupra terorismului contemporan (Materialele conferin\u021bei \u0219tiin\u021bifico-practice interna\u021bionale 16 martie 2017)<\/a><\/p>\n\n\n\n<p><a rel=\"noreferrer noopener\" href=\"https:\/\/academy.police.md\/assets\/files\/pdf\/2013_21-martie_protectia_martorilor.pdf\" target=\"_blank\">Probleme actuale privind protec\u0163ia \u015fi securitatea persoanelor implicate \u00een procesul penal (Materialele conferin\u0163ei \u015ftiin\u0163ifico-practice interna\u0163ionale, 21 martie 2013)<\/a><\/p>\n\n\n\n<p><a rel=\"noreferrer noopener\" href=\"https:\/\/academy.police.md\/assets\/files\/pdf\/2012_12-13%20iunie_criminal_spatiu_EU_si_CSI.pdf\" target=\"_blank\">Criminalitatea \u00een spa\u0163iul Uniunii Europene \u015fi al Comunit\u0103\u0163ii Statelor Independente: Evolu\u0163ie, tendin\u0163e, probleme de prevenire \u015fi combatere (Materialele conferin\u0163ei \u015ftiin\u0163ifico-practice interna\u0163ionale, 12-13 iunie 2012)<\/a><\/p>\n\n\n\n<p><a rel=\"noreferrer noopener\" href=\"https:\/\/academy.police.md\/assets\/files\/pdf\/2011_2-3%20iunie_combaterea_traficului_femei.pdf\" target=\"_blank\">Probleme actuale privind combaterea traficului de femei (Materialele conferin\u0163ei \u015ftiin\u0163ifico-practice interna\u0163ionale, 2-3 iunie 2011)<\/a><\/p>\n\n\n\n<p><a rel=\"noreferrer noopener\" href=\"https:\/\/academy.police.md\/assets\/files\/pdf\/2010_28-29%20ianuarie_Asigurarea_drepturilor.pdf\" target=\"_blank\">Asigurarea drepturilor \u015fi libert\u0103\u0163ilor fundamentale ale omului \u00een timpul manifest\u0103rilor cu caracter de mas\u0103 (Materialele conferin\u0163ei \u015ftiin\u0163ifico-practice interna\u0163ionale, 28-29 ianuarie 2010)<\/a><\/p>\n\n\n\n<p><a rel=\"noreferrer noopener\" href=\"https:\/\/academy.police.md\/assets\/files\/pdf\/2010_26-27%20octombrie_evaluarea_preven_riscurilor.pdf\" target=\"_blank\">Evaluarea \u015fi prevenirea riscurilor la care sunt expu\u015fi colaboratorii organelor afacerilor interne \u015fi ai altor organe de drept (Materialele conferin\u0163ei \u015ftiin\u0163ifico-practice interna\u0163ionale, 26-27 octombrie 2010)<\/a><\/p>\n\n\n\n<p><a rel=\"noreferrer noopener\" href=\"https:\/\/academy.police.md\/assets\/files\/pdf\/2009_15_octombrie_Recesiunea_economica.pdf\" target=\"_blank\">Probleme de prevenire \u015fi combatere a criminalit\u0103\u0163ii de c\u0103tre organele afacerilor interne \u00een perioada recesiunii economice (Materialele conferin\u0163ei \u015ftiin\u0163ifico-practice interna\u0163ionale, 15 octombrie 2009)<\/a><\/p>\n\n\n\n<p><a href=\"https:\/\/academy.police.md\/assets\/files\/pdf\/2009_5-6%20noiembrie_Cooper_inter.pdf\">Cooperarea interna\u0163ional\u0103 a organelor de drept \u00een prevenirea \u015fi combaterea criminalit\u0103\u0163ii transna\u0163ionale (Materialele conferin\u0163ei \u015ftiin\u0163ifico-practice interna\u0163ionale, 5-6 noiembrie 2009)<\/a><\/p>\n\n\n\n<p><a rel=\"noreferrer noopener\" href=\"https:\/\/academy.police.md\/assets\/files\/pdf\/2008_9%20octombrie_Rolul_societatii.pdf\" target=\"_blank\">Rolul societ\u0103\u0163ii \u015fi al organelor de drept \u00een contracararea narcomaniei. Materialele Conferin\u0163ei \u015ftiin\u0163ifico-practice interna\u0163ionale, 9 octombrie 2008<\/a><\/p>\n\n\n\n<p><a href=\"https:\/\/academy.police.md\/assets\/files\/pdf\/2007_21-22%20septembrie_protectia_bunurilor.pdf\">Protec\u0163ia juridic\u0103 a valorilor culturale \u00een Republica Moldova. Materialele Conferin\u0163ei \u015ftiin\u0163ifico-practice interna\u0163ionale, 21-22 septembrie 2007<\/a><\/p>\n\n\n\n<p><a rel=\"noreferrer noopener\" href=\"https:\/\/academy.police.md\/assets\/files\/pdf\/2007_05%20octombrie_Probleme_intedisciplinare.pdf\" target=\"_blank\">Probleme interdisciplinare \u00een materia prevenirii \u015fi combaterii criminalitatii juvenile la etapa contemporana (Materiale ale Conferin\u0163ei \u015ftiin\u0163ifico-practice interna\u0163ionale, 05 octombrie 2007)<\/a><\/p>\n","protected":false},"excerpt":{"rendered":"<p>Invita\u021bie la Conferin\u021ba \u0219tiin\u021bific\u0103 cu participare interna\u021bional\u0103 \u201eReconfigurarea protec\u021biei consumatorilor \u00een era digital\u0103: provoc\u0103ri teoretice \u0219i practice\u201d, edi\u021bia a 2-a, 12 \u2013 13 martie 2026 Protec\u0163ia drepturilor \u015fi libert\u0103\u0163ilor fundamentale [&hellip;]<\/p>\n","protected":false},"author":8,"featured_media":0,"parent":0,"menu_order":0,"comment_status":"closed","ping_status":"closed","template":"","meta":[],"translation":{"provider":"WPGlobus","version":"2.12.2","language":"gb","enabled_languages":["ro","gb"],"languages":{"ro":{"title":true,"content":true,"excerpt":false},"gb":{"title":false,"content":false,"excerpt":false}}},"acf":[],"_links":{"self":[{"href":"https:\/\/www.academy.police.md\/gb\/wp-json\/wp\/v2\/pages\/1468"}],"collection":[{"href":"https:\/\/www.academy.police.md\/gb\/wp-json\/wp\/v2\/pages"}],"about":[{"href":"https:\/\/www.academy.police.md\/gb\/wp-json\/wp\/v2\/types\/page"}],"author":[{"embeddable":true,"href":"https:\/\/www.academy.police.md\/gb\/wp-json\/wp\/v2\/users\/8"}],"replies":[{"embeddable":true,"href":"https:\/\/www.academy.police.md\/gb\/wp-json\/wp\/v2\/comments?post=1468"}],"version-history":[{"count":41,"href":"https:\/\/www.academy.police.md\/gb\/wp-json\/wp\/v2\/pages\/1468\/revisions"}],"predecessor-version":[{"id":30435,"href":"https:\/\/www.academy.police.md\/gb\/wp-json\/wp\/v2\/pages\/1468\/revisions\/30435"}],"wp:attachment":[{"href":"https:\/\/www.academy.police.md\/gb\/wp-json\/wp\/v2\/media?parent=1468"}],"curies":[{"name":"wp","href":"https:\/\/api.w.org\/{rel}","templated":true}]}}