{"id":1471,"date":"2021-03-17T11:26:30","date_gmt":"2021-03-17T11:26:30","guid":{"rendered":"http:\/\/wp-academie.azurewebsites.net\/?page_id=1471"},"modified":"2021-06-30T14:01:26","modified_gmt":"2021-06-30T11:01:26","slug":"reviste","status":"publish","type":"page","link":"https:\/\/www.academy.police.md\/gb\/reviste","title":{"rendered":"Reviste"},"content":{"rendered":"\n<div style=\"text-indent: 26pt; text-align: justify;\">Revista Anale \u015ftiin\u0163ifice ale Academiei \u201e\u015etefan cel Mare\u201d a MAI este destinat\u0103 public\u0103rii celor mai valoroase cercet\u0103ri \u015fi studii \u015ftiin\u0163ifice (sub form\u0103 de articole) elaborate de c\u0103tre cercet\u0103torii \u015ftiin\u0163ifici ai institu\u0163iei, inclusiv personal didactic, doctoranzi, teoreticieni \u015fi practicieni. Principale obiective pe care se urm\u0103resc prin dezvoltarea Revistei \u015ftiin\u0163ifice sunt: realizarea direc\u0163iilor de cercetare \u015ftiin\u0163ific\u0103; ridicarea calit\u0103\u0163ii cercet\u0103rilor \u015ftiin\u0163ifice; dezvoltarea aptitudinilor \u015fi promovarea cuno\u015ftin\u0163elor profesionale a angaja\u0163ilor MAI al R. Moldova; democratizarea accesului la cercet\u0103rile \u015ftiin\u0163ifice publicate; asigurarea unei dezvolt\u0103ri perpetue a cuno\u015ftin\u0163elor din domeniul dreptului, inclusiv \u00een direc\u0163ia prevenirii \u015fi combaterii criminalit\u0103\u0163ii etc. <\/div>\n<div style=\"text-indent: 26pt; text-align: justify;\">Dreptul de autor asupra publica\u0163iei \u00eel are Academia \u201e\u015etefan cel Mare\u201d. Pentru fiecare articol \u00een parte dreptul de autor \u00eel de\u0163ine autorul. Responsabilitatea pentru con\u0163inutul \u015ftiin\u0163ific al articolului revine autorului, care poart\u0103 r\u0103spundere pentru plagiat. Acest lucru este specificat chiar pe versoul  foii de titlu al revistei. <\/div>\n<div style=\"text-indent: 26pt; text-align: justify;\">Articolele prezentate f\u0103r\u0103 respectarea normelor de con\u0163inut \u015fi de redactare vor fi respinse de c\u0103tre Colegiul de redac\u0163ie. <\/div>\n\n","protected":false},"excerpt":{"rendered":"<p>Revista Anale \u015ftiin\u0163ifice ale Academiei \u201e\u015etefan cel Mare\u201d a MAI este destinat\u0103 public\u0103rii celor mai valoroase cercet\u0103ri \u015fi studii \u015ftiin\u0163ifice (sub form\u0103 de articole) elaborate de c\u0103tre cercet\u0103torii \u015ftiin\u0163ifici ai [&hellip;]<\/p>\n","protected":false},"author":8,"featured_media":0,"parent":0,"menu_order":0,"comment_status":"closed","ping_status":"closed","template":"","meta":[],"translation":{"provider":"WPGlobus","version":"2.12.2","language":"gb","enabled_languages":["ro","gb"],"languages":{"ro":{"title":true,"content":true,"excerpt":false},"gb":{"title":false,"content":false,"excerpt":false}}},"acf":[],"_links":{"self":[{"href":"https:\/\/www.academy.police.md\/gb\/wp-json\/wp\/v2\/pages\/1471"}],"collection":[{"href":"https:\/\/www.academy.police.md\/gb\/wp-json\/wp\/v2\/pages"}],"about":[{"href":"https:\/\/www.academy.police.md\/gb\/wp-json\/wp\/v2\/types\/page"}],"author":[{"embeddable":true,"href":"https:\/\/www.academy.police.md\/gb\/wp-json\/wp\/v2\/users\/8"}],"replies":[{"embeddable":true,"href":"https:\/\/www.academy.police.md\/gb\/wp-json\/wp\/v2\/comments?post=1471"}],"version-history":[{"count":4,"href":"https:\/\/www.academy.police.md\/gb\/wp-json\/wp\/v2\/pages\/1471\/revisions"}],"predecessor-version":[{"id":3988,"href":"https:\/\/www.academy.police.md\/gb\/wp-json\/wp\/v2\/pages\/1471\/revisions\/3988"}],"wp:attachment":[{"href":"https:\/\/www.academy.police.md\/gb\/wp-json\/wp\/v2\/media?parent=1471"}],"curies":[{"name":"wp","href":"https:\/\/api.w.org\/{rel}","templated":true}]}}