{"id":15886,"date":"2023-11-16T10:16:46","date_gmt":"2023-11-16T08:16:46","guid":{"rendered":"https:\/\/academy.police.md\/?page_id=15886"},"modified":"2023-11-16T10:16:47","modified_gmt":"2023-11-16T08:16:47","slug":"atributiile-directia-management-operational","status":"publish","type":"page","link":"https:\/\/www.academy.police.md\/gb\/subdivizuni\/directia-management-operational\/atributiile-directia-management-operational","title":{"rendered":"Atribu\u021biile Direc\u0163ia management opera\u0163ional"},"content":{"rendered":"\n<p>Direc\u0163ia management opera\u0163ional exercit\u0103 urm\u0103toarele atribu\u0163ii de baz\u0103:<\/p>\n\n\n\n<ol><li>analiza complex\u0103 a situa\u0163iei de serviciu \u015fi operative \u00een institu\u0163ie;<\/li><li>planificarea activit\u0103\u0163ii de serviciu \u015fi operative a Academiei \u201e\u015etefan cel Mare\u201d a MAI;<\/li><li>supravegherea asupra execut\u0103rii prevederilor actelor normative \u00een vigoare, programelor de stat, ordinelor cu caracter complex, programelor \u015fi planurilor de activitate ale MAI \u015fi ale Academiei \u201e\u015etefan cel Mare\u201d a MAI de c\u0103tre toate subdiviziunile structurale ale institu\u0163iei (respectarea disciplinei de serviciu);<\/li><li>dirijarea general\u0103 a activit\u0103\u0163ii de serviciu a subdiviziunilor structurale ale Academiei \u201e\u015etefan cel Mare\u201d a MAI;<\/li><li>organizarea \u015fi dirijarea activit\u0103\u0163ii Unit\u0103\u0163ilor de gard\u0103 ale Academiei \u201e\u015etefan cel Mare\u201d a MAI \u015fi subdiviziunilor din subordine;<\/li><li>asigurarea organizatoric\u0103 \u015fi metodic\u0103 a activit\u0103\u0163ii sec\u0163iilor personal variabil ale Academiei \u201e\u015etefan cel Mare\u201d a MAI;<\/li><li>prezentarea propunerilor conducerii Academiei \u201e\u015etefan cel Mare\u201d a MAI, \u00een cazul declan\u0219\u0103rii situa\u021biilor de criz\u0103 \u00een domeniul ordinii publice, pentru punerea \u00een aplicare a planurilor situa\u021bionale \u0219i a celor de cooperare interinstitu\u021bional\u0103 pe segmentul gestion\u0103rii situa\u021biilor de criz\u0103 \u00een domeniul ordinii publice \u0219i ac\u021biunilor de ordine public\u0103;<\/li><li>prezentarea propunerilor conducerii Academiei \u201e\u015etefan cel Mare\u201d a MAI, \u00een cazul declan\u0219\u0103rii situa\u021biilor de criz\u0103 \u00een domeniul calamit\u0103\u0163ilor naturale, pentru punerea \u00een aplicare a planurilor situa\u021bionale \u0219i a celor de cooperare interinstitu\u021bional\u0103 pe segmentul gestion\u0103rii situa\u021biilor de criz\u0103 \u00een domeniul vizat;<\/li><li>coordonarea proiect\u0103rii opera\u021bionale la nivel tactic \u0219i evaluarea activit\u0103\u021bilor de proiectare opera\u021bional\u0103 \u00een cadrul subdiviziunilor structurale ale Academiei \u201e\u015etefan cel Mare\u201d a MAI;<\/li><li>implementarea bunelor practici interna\u021bionale cu inciden\u021b\u0103 asupra domeniului de activitate;<\/li><li>asigurarea particip\u0103rii G\u0103rzii de onoare a MAI la ceremoniile protocolare organizate sub egida MAI (comemorarea poli\u0163i\u015ftilor c\u0103zu\u0163i pe c\u00e2mpul de lupt\u0103 \u00een R\u0103zboiul din 1992 \u015fi la datorie, \u00eent\u00e2lnirea delega\u0163iilor \u0163\u0103rilor str\u0103ine, marcarea zilele de s\u0103rb\u0103toare na\u0163ional\u0103, zilele de s\u0103rb\u0103toare profesional\u0103, zilele comemorative \u015f.a.) precum \u015fi la alte activit\u0103\u0163i (depunerea jur\u0103m\u00e2ntului, desf\u0103\u015furarea promo\u0163iei, Ziua Academiei \u201e\u015etefan cel Mare\u201d a MAI, funeralii \u015f.a.);<\/li><li>asigurarea procesului de instruire cu armament, muni\u0163ii \u015fi mijloace speciale;<\/li><li>dezvoltarea controlului intern managerial \u00een cadrul Academiei \u201e\u015etefan cel Mare\u201d a MAI, etc.<\/li><\/ol>\n","protected":false},"excerpt":{"rendered":"<p>Direc\u0163ia management opera\u0163ional exercit\u0103 urm\u0103toarele atribu\u0163ii de baz\u0103: analiza complex\u0103 a situa\u0163iei de serviciu \u015fi operative \u00een institu\u0163ie; planificarea activit\u0103\u0163ii de serviciu \u015fi operative a Academiei \u201e\u015etefan cel Mare\u201d a [&hellip;]<\/p>\n","protected":false},"author":8,"featured_media":0,"parent":1313,"menu_order":0,"comment_status":"closed","ping_status":"closed","template":"","meta":[],"translation":{"provider":"WPGlobus","version":"2.12.2","language":"gb","enabled_languages":["ro","gb"],"languages":{"ro":{"title":true,"content":true,"excerpt":false},"gb":{"title":false,"content":false,"excerpt":false}}},"acf":[],"_links":{"self":[{"href":"https:\/\/www.academy.police.md\/gb\/wp-json\/wp\/v2\/pages\/15886"}],"collection":[{"href":"https:\/\/www.academy.police.md\/gb\/wp-json\/wp\/v2\/pages"}],"about":[{"href":"https:\/\/www.academy.police.md\/gb\/wp-json\/wp\/v2\/types\/page"}],"author":[{"embeddable":true,"href":"https:\/\/www.academy.police.md\/gb\/wp-json\/wp\/v2\/users\/8"}],"replies":[{"embeddable":true,"href":"https:\/\/www.academy.police.md\/gb\/wp-json\/wp\/v2\/comments?post=15886"}],"version-history":[{"count":1,"href":"https:\/\/www.academy.police.md\/gb\/wp-json\/wp\/v2\/pages\/15886\/revisions"}],"predecessor-version":[{"id":15887,"href":"https:\/\/www.academy.police.md\/gb\/wp-json\/wp\/v2\/pages\/15886\/revisions\/15887"}],"up":[{"embeddable":true,"href":"https:\/\/www.academy.police.md\/gb\/wp-json\/wp\/v2\/pages\/1313"}],"wp:attachment":[{"href":"https:\/\/www.academy.police.md\/gb\/wp-json\/wp\/v2\/media?parent=15886"}],"curies":[{"name":"wp","href":"https:\/\/api.w.org\/{rel}","templated":true}]}}