{"id":17024,"date":"2023-12-29T10:22:49","date_gmt":"2023-12-29T08:22:49","guid":{"rendered":"https:\/\/academy.police.md\/?page_id=17024"},"modified":"2023-12-29T10:42:21","modified_gmt":"2023-12-29T08:42:21","slug":"psihopedagogie-parte-componenta-a-formarii-profesionale-ale-angajatilor-mai","status":"publish","type":"page","link":"https:\/\/www.academy.police.md\/gb\/catedre\/catedra-stiinte-manageriale-socio-umane-si-comunicare-profesionala\/psihopedagogie-parte-componenta-a-formarii-profesionale-ale-angajatilor-mai","title":{"rendered":"Psihopedagogie \u2013 parte component\u0103 a form\u0103rii profesionale ale angaja\u0163ilor MAI"},"content":{"rendered":"\n<p>La data de 03 octombrie 2023, \u00een cadrul Academiei \u201e\u015etefan cel Mare\u201d a demarat cursul de recalificare profesional\u0103 \u201ePsihopedagogie\u201d. Cursul este organizat de c\u0103tre Catedra management \u015fi comunicare profesional\u0103 \u00een colaborare cu Direc\u0163ia Dezvoltare profesional\u0103. Beneficiari ai cursului sunt angaja\u0163ii MAI \u015fi ai Academiei \u201e\u0218tefan cel Mare\u201d, cu func\u021bii care necesit\u0103 studii psihopedagogice.<\/p>\n\n\n\n<p>Scopul cursului constituie fundamentarea \u015fi crearea condi\u0163iilor optime pentru dezvoltarea personalit\u0103\u0163ii, asigurarea calit\u0103\u0163ii procesului educa\u0163ional, precum \u015fi aplicarea practicilor moderne de educa\u0163ie \u00een conformitate cu documentele de politic\u0103 educa\u0163ional\u0103.<\/p>\n\n\n\n<p>Importan\u021ba programului rezid\u0103 din promovarea competen\u0163elor psihopedagogice ale angaja\u0163ilor MAI \u015fi Academiei \u201e\u0218tefan cel Mare\u201d, pentru favorizarea transmiterii profesioniste a prevederilor legale, crearea unui climat de ordine, nondiscriminare, toleran\u021b\u0103, disciplin\u0103rii nonviolente, prevenirii criminalit\u0103\u021bii printre cet\u0103\u021beni.<\/p>\n\n\n\n<p><a rel=\"noreferrer noopener\" href=\"\/wp-content\/uploads\/2023\/12\/Certificat.pdf\" data-type=\"URL\" data-id=\"\/wp-content\/uploads\/2023\/12\/Certificat.pdf\" target=\"_blank\">Certificat de evaluare extern\u0103 a calit\u0103\u021bii<\/a><\/p>\n\n\n\n<p><a href=\"\/wp-content\/uploads\/2023\/12\/Ordinul-Ministrului.pdf\">Ordinul Ministrului nr.1179 din 19.09.2023<\/a><\/p>\n","protected":false},"excerpt":{"rendered":"<p>La data de 03 octombrie 2023, \u00een cadrul Academiei \u201e\u015etefan cel Mare\u201d a demarat cursul de recalificare profesional\u0103 \u201ePsihopedagogie\u201d. Cursul este organizat de c\u0103tre Catedra management \u015fi comunicare profesional\u0103 \u00een [&hellip;]<\/p>\n","protected":false},"author":8,"featured_media":0,"parent":1379,"menu_order":0,"comment_status":"closed","ping_status":"closed","template":"","meta":[],"translation":{"provider":"WPGlobus","version":"2.12.2","language":"gb","enabled_languages":["ro","gb"],"languages":{"ro":{"title":true,"content":true,"excerpt":false},"gb":{"title":false,"content":false,"excerpt":false}}},"acf":[],"_links":{"self":[{"href":"https:\/\/www.academy.police.md\/gb\/wp-json\/wp\/v2\/pages\/17024"}],"collection":[{"href":"https:\/\/www.academy.police.md\/gb\/wp-json\/wp\/v2\/pages"}],"about":[{"href":"https:\/\/www.academy.police.md\/gb\/wp-json\/wp\/v2\/types\/page"}],"author":[{"embeddable":true,"href":"https:\/\/www.academy.police.md\/gb\/wp-json\/wp\/v2\/users\/8"}],"replies":[{"embeddable":true,"href":"https:\/\/www.academy.police.md\/gb\/wp-json\/wp\/v2\/comments?post=17024"}],"version-history":[{"count":3,"href":"https:\/\/www.academy.police.md\/gb\/wp-json\/wp\/v2\/pages\/17024\/revisions"}],"predecessor-version":[{"id":17032,"href":"https:\/\/www.academy.police.md\/gb\/wp-json\/wp\/v2\/pages\/17024\/revisions\/17032"}],"up":[{"embeddable":true,"href":"https:\/\/www.academy.police.md\/gb\/wp-json\/wp\/v2\/pages\/1379"}],"wp:attachment":[{"href":"https:\/\/www.academy.police.md\/gb\/wp-json\/wp\/v2\/media?parent=17024"}],"curies":[{"name":"wp","href":"https:\/\/api.w.org\/{rel}","templated":true}]}}