{"id":17551,"date":"2024-02-16T15:34:35","date_gmt":"2024-02-16T13:34:35","guid":{"rendered":"https:\/\/academy.police.md\/?page_id=17551"},"modified":"2024-02-16T16:22:36","modified_gmt":"2024-02-16T14:22:36","slug":"activitati-organizatorice","status":"publish","type":"page","link":"https:\/\/www.academy.police.md\/gb\/studenti\/activitati-organizatorice","title":{"rendered":"Activit\u0103\u021bi organizatorice"},"content":{"rendered":"\n<p><strong>Activit\u0103\u021bi organizatorice extracurriculare<\/strong><\/p>\n\n\n\n<p><strong><em>Spartachiada la volei<\/em><\/strong><\/p>\n\n\n\n<p>\u00cen perioada 12-16 septembrie 2022, echipa de studen\u0163i \u015fi angaja\u0163i ai Academiei \u201e\u015etefan cel Mare\u201d a participat la Spartachiada de volei organizat\u0103 de Clubul sportiv central \u201eDinamo\u201d, edi\u0163ia 2022. Competi\u0163ia s-a desf\u0103\u015furat \u00eentre autorit\u0103\u0163ile administrative \u015fi institu\u0163iile din subordinea MAI.<\/p>\n\n\n\n<p>Echipa Academiei a dat dovad\u0103 de caracter \u015fi m\u0103iestrie, clas\u00e2ndu-se pe locul 3&nbsp; din 6 echipe participante.<\/p>\n\n\n\n<p>Colectivul Senatului Studen\u021besc aduce sincerele felicit\u0103ri participan\u0163ilor cu ocazia rezultatului ob\u0163inut.<\/p>\n\n\n\n<p><strong><em>Ziua Interna\u0163ional\u0103 a P\u0103cii<\/em><\/strong><\/p>\n\n\n\n<p>La data de 21 septembrie 2022 \u00een \u00eentreaga lume este marcat\u0103 Ziua Interna\u0163ional\u0103 a P\u0103cii.<\/p>\n\n\n\n<p>Cu acest prilej, copiii angaja\u0163ilor \u015fi studen\u0163ii institu\u0163iei au fost implica\u021bi \u00een elaborarea desenelor tematice pentru expozi\u021bia cu genericul \u201ePromovarea P\u0103cii prin educa\u021bie\u201d.<\/p>\n\n\n\n<p>Ulterior, micu\u021bii \u00eempreun\u0103 cu studen\u021bii Academiei au realizat pe asfaltul platoului institu\u021biei un desen de propor\u021bii \u2013 simbolul zilei interna\u021bionale \u201ePorumbelul P\u0103cii\u201d.<\/p>\n\n\n\n<p><strong><em>Doneaz\u0103 s\u00e2nge, sus\u021bine ritmul vie\u021bii pe p\u0103m\u00e2nt\u201d<\/em><\/strong><\/p>\n\n\n\n<p>La 26 octombrie 2022, Academia \u201e\u015etefan cel Mare\u201d s-a al\u0103turat Campaniei de donare voluntar\u0103 a s\u00e2ngelui \u0219i a componentelor sanguine cu genericul \u201eDoneaz\u0103 s\u00e2nge, sus\u021bine ritmul vie\u021bii pe p\u0103m\u00e2nt\u201d \u2013 Campanie lansat\u0103 de Inspectoratul General al Poli\u021biei \u0219i Centrul Na\u021bional de Transfuzie a S\u00e2ngelui.<\/p>\n\n\n\n<p>Studen\u0163ii voluntari au fost informa\u0163i \u015fi ghida\u0163i de c\u0103tre echipa Sec\u0163iei medicale a institu\u0163iei.<\/p>\n\n\n\n<p>Este plauzibil faptul c\u0103 studen\u0163ii Academiei, de fiecare data, cu deschidere \u015fi generozitate se mobilizeaz\u0103 la diferite ac\u0163iuni cu caracter umanitar \u015fi social.<\/p>\n\n\n\n<p>Pe aceast\u0103 cale conducerea institu\u0163iei aduce recuno\u015ftin\u0163\u0103 tuturor donatorilor de s\u00e2nge, pentru nobilul s\u0103u gest, atitudine \u015fi grij\u0103 manifestat\u0103 fa\u0163\u0103 de cona\u0163ionalii afla\u0163i \u00een dificultate.<\/p>\n\n\n\n<p><strong><em>Sesiunea de instruire desf\u0103\u015furat\u0103 \u00een cadrul programului de mobilitate KA1 Erasmus+<\/em><\/strong><\/p>\n\n\n\n<p>\u00cen perioada 28.10.2022 \u2013 06.11.2022, un grup de studen\u0163i ai Academiei \u201e\u015etefan cel Mare\u201d, au participat la sesiunea de instruire \u201eReady, Steady, Go: My Healthy Lifestyle\u201d, desf\u0103\u015furat\u0103 \u00een cadrul programului de mobilitate KA1 Erasmus+, \u00een c. Rovinaglia, Italia.<\/p>\n\n\n\n<p>Sesiunea prenotat\u0103 a reunit tineri din diferite \u0163\u0103ri ale Europei: Italia, Croa\u0163ia, Georgia, Rom\u00e2nia, Spania \u015fi Republica Moldova \u2013 state cu un mediu cultural \u015fi social diferit, dar, \u00een acela\u015fi timp, cu o viziune \u015fi o \u00een\u0163elegere similar\u0103 a conceptului \u201estil s\u0103n\u0103tos de via\u0163\u0103\u201d.<\/p>\n\n\n\n<p>Totodat\u0103, fiecare grup de participan\u0163i au organizat propria sear\u0103 cultural\u0103, prezent\u00e2nd c\u00e2teva elemente de cultur\u0103 \u015fi tradi\u0163ii na\u0163ionale. Astfel, grupul delegat a interpretat o melodie popular\u0103, a prezentat un dans tradi\u0163ional \u015fi a preg\u0103tit bucate tradi\u0163ionale.<\/p>\n\n\n\n<p>Programul de mobilitate desf\u0103\u015furat a servit drept o experien\u0163\u0103 inedit\u0103 pentru dezvoltarea personal\u0103 \u015fi profesional\u0103, care va \u00eembun\u0103t\u0103\u0163i con\u015ftientizarea \u015fi va spori extinderea abilit\u0103\u0163ilor pe domeniile sus-men\u0163ionate.<\/p>\n\n\n\n<p><strong><em>Conferin\u0163a \u015ftiin\u0163ifico-practic\u0103 studen\u0163easc\u0103<\/em><\/strong><\/p>\n\n\n\n<p>La data de 23.11.2022, \u00een cadrul Academiei \u201e\u0218tefan cel Mare\u201d a MAI al RM s-a desf\u0103\u0219urat Conferin\u0163a \u015ftiin\u0163ifico-practic\u0103 studen\u0163easc\u0103 cu genericul: \u201eProbleme actuale ale dreptului procesual penal \u015fi criminalistice \u00een vederea respect\u0103rii dreptului la ap\u0103rare\u201d.<\/p>\n\n\n\n<p>Evenimentul a fost organizat de c\u0103tre membrii catedrei \u201eProcedur\u0103 penal\u0103, Criminalistic\u0103 \u015fi Securitate informa\u0163ional\u0103\u201d.<\/p>\n\n\n\n<p>La Conferin\u0163a \u015ftiin\u0163ifico-practic\u0103 studen\u0163easc\u0103 au participat cadrele profesoral-didactice \u0219i studen\u021bii Academiei \u201e\u015etefan cel Mare\u201d, Facultatea drept, administra\u0163ie, ordine \u015fi securitate public\u0103, Domeniu de formare: Drept (buget\/taxa), anul de studii III-IV.<\/p>\n\n\n\n<p>Unul dintre obiectivele acestei sesiuni \u0219tiin\u021bifice a fost identificarea lacunelor de ordin legislativ care afecteaz\u0103 drepturile \u015fi libert\u0103\u0163ile fundamentale ale p\u0103r\u0163ilor \u00een cadrul procesului penal.<\/p>\n\n\n\n<p><strong><em>Studen\u0163ii Academiei beneficiari ai burselor de merit<\/em><\/strong><\/p>\n\n\n\n<p>Cei mai buni studen\u0163i ai Academiei \u201e\u015etefan cel Mare\u201d a MAI vor primi burse de merit din partea statului \u00een anul de studii 2022-2023.<\/p>\n\n\n\n<p>Pentru bursele de merit au candidat studen\u0163ii din \u00eentreaga \u021bar\u0103, care au ob\u0163inut la sesiunea de var\u0103, \u00een anul universitar precedent, media notelor acumulate, mai \u00eenalt\u0103 de 9,0.<\/p>\n\n\n\n<p>Astfel, studen\u021bii Academiei: Ana-Maria Revencu a ob\u0163inut bursa Pre\u015fedintelui Republicii Moldova, iar Vadim Pareniuc \u2013 bursa Guvernului.<\/p>\n\n\n\n<p>Eminen\u021bii se vor bucura de ajutor financiar din partea statului pentru performan\u0163ele academice deosebite \u015fi particip\u0103rile la activit\u0103\u0163ile de cercetare \u015ftiin\u0163ific\u0103 \u015fi voluntariat.<\/p>\n\n\n\n<p>Senatul Studen\u021besc adreseaz\u0103 sincerele felicit\u0103ri c\u00e2\u015ftig\u0103torilor de burse \u015fi le ureaz\u0103 noi realiz\u0103ri \u0219i performan\u021be apreciabile \u00een continuare!<\/p>\n\n\n\n<p><strong><em>Campania de promovare a Zilei Interna\u021bionale Anticorup\u021bie \u00een plin\u0103 desf\u0103\u0219urare<\/em><\/strong><\/p>\n\n\n\n<p>La 7 decembrie 2022, studen\u021bii Academiei, voluntari ai proiectelor sociale lansate de Serviciul Protec\u021bie Intern\u0103 \u0219i Anticorup\u021bie al MAI au fost antrena\u021bi \u00een desf\u0103\u0219urarea Concursului \u201eOra de integritate\u201d \u2013 parte integrant\u0103 a Planului m\u0103surilor organizatorice derivate din Campania de promovare a Zilei Interna\u021bionale Anticorup\u021bie.<\/p>\n\n\n\n<p>Concursul a inclus 4 probe: \u201eSalutul\u201d, \u201eVictorina \u201eO or\u0103 de integritate\u201d\u201d, \u201eTema pentru acas\u0103\u201d, \u201eImprovizare\u201d, reunind \u00een scen\u0103 3 echipe de studen\u021bi cu urm\u0103toarele denumiri: \u201eAcademia MAI\u201d, \u201eGenera\u021bia SPIA\u201d \u0219i \u201eCivili\u0219tii\u201d.<\/p>\n\n\n\n<p>M\u0103iestria concuren\u021bilor a fost apreciat\u0103 de juriu constituit din reprezentan\u021bii organizatorilor \u2013 Academia \u201e\u0218tefan cel Mare\u201d, SPIA al MAI, precum \u0219i ai partenerilor de proiect \u2013 Asocia\u021bia Ob\u0219teasc\u0103 \u201eUniunea Conduc\u0103torilor Auto\u201d \u0219i Automobil Club Moldova.<\/p>\n\n\n\n<p>Campania de promovare a Zilei Interna\u021bionale Anticorup\u021bie este \u00een curs de desf\u0103\u0219urare (5-9 decembrie 2022) \u0219i include un \u0219ir de activit\u0103\u021bi de informare \u0219i sensibilizare preconizate \u00een diferite localit\u0103\u021bi ale Republicii Moldova.<\/p>\n\n\n\n<p><strong><em>Instruire \u00een domeniul prevenirii \u015fi inform\u0103rii privind fenomenul corup\u0163iei<\/em><\/strong><\/p>\n\n\n\n<p>La data de 17 mai 2023, \u00een cadrul Academiei \u201e\u015etefan cel Mare\u201d au fost desf\u0103\u015furate activit\u0103\u0163i de instruire \u00een domeniul de prevenire \u015fi informare privind fenomenul corup\u0163iei cu studen\u0163ii Facult\u0103\u0163ii drept, administra\u0163ie, ordine \u015fi securitate public\u0103.<\/p>\n\n\n\n<p>Activitatea a fost organizat\u0103 de Serviciul protec\u021bie intern\u0103 \u0219i anticorup\u021bie al Ministerului Afacerilor Interne al Republicii Moldova, de comun cu Direc\u021bia General\u0103 Anticorup\u021bie a Ministerului Afacerilor Interne al Rom\u00e2niei.<\/p>\n","protected":false},"excerpt":{"rendered":"<p>Activit\u0103\u021bi organizatorice extracurriculare Spartachiada la volei \u00cen perioada 12-16 septembrie 2022, echipa de studen\u0163i \u015fi angaja\u0163i ai Academiei \u201e\u015etefan cel Mare\u201d a participat la Spartachiada de volei organizat\u0103 de Clubul [&hellip;]<\/p>\n","protected":false},"author":8,"featured_media":0,"parent":5689,"menu_order":0,"comment_status":"closed","ping_status":"closed","template":"","meta":[],"translation":{"provider":"WPGlobus","version":"2.12.2","language":"gb","enabled_languages":["ro","gb"],"languages":{"ro":{"title":true,"content":true,"excerpt":false},"gb":{"title":false,"content":false,"excerpt":false}}},"acf":[],"_links":{"self":[{"href":"https:\/\/www.academy.police.md\/gb\/wp-json\/wp\/v2\/pages\/17551"}],"collection":[{"href":"https:\/\/www.academy.police.md\/gb\/wp-json\/wp\/v2\/pages"}],"about":[{"href":"https:\/\/www.academy.police.md\/gb\/wp-json\/wp\/v2\/types\/page"}],"author":[{"embeddable":true,"href":"https:\/\/www.academy.police.md\/gb\/wp-json\/wp\/v2\/users\/8"}],"replies":[{"embeddable":true,"href":"https:\/\/www.academy.police.md\/gb\/wp-json\/wp\/v2\/comments?post=17551"}],"version-history":[{"count":2,"href":"https:\/\/www.academy.police.md\/gb\/wp-json\/wp\/v2\/pages\/17551\/revisions"}],"predecessor-version":[{"id":17574,"href":"https:\/\/www.academy.police.md\/gb\/wp-json\/wp\/v2\/pages\/17551\/revisions\/17574"}],"up":[{"embeddable":true,"href":"https:\/\/www.academy.police.md\/gb\/wp-json\/wp\/v2\/pages\/5689"}],"wp:attachment":[{"href":"https:\/\/www.academy.police.md\/gb\/wp-json\/wp\/v2\/media?parent=17551"}],"curies":[{"name":"wp","href":"https:\/\/api.w.org\/{rel}","templated":true}]}}