{"id":18223,"date":"2024-04-08T22:47:46","date_gmt":"2024-04-08T19:47:46","guid":{"rendered":"https:\/\/academy.police.md\/?page_id=18223"},"modified":"2026-03-12T13:46:31","modified_gmt":"2026-03-12T11:46:31","slug":"admiterea","status":"publish","type":"page","link":"https:\/\/www.academy.police.md\/gb\/admiterea","title":{"rendered":"Admitere"},"content":{"rendered":"\n<div style=\"height:100px\" aria-hidden=\"true\" class=\"wp-block-spacer\"><\/div>\n\n\n\n<p class=\"has-text-align-center\" style=\"font-size:28px\">Procesul de admitere la toate formele de \u00eenv\u0103\u0163\u0103m\u00e2nt  se realizeaz\u0103<\/p>\n\n\n\n<div style=\"height:50px\" aria-hidden=\"true\" class=\"wp-block-spacer\"><\/div>\n\n\n\n<div class=\"wp-block-buttons is-content-justification-center is-vertical flex-btns\">\n<div class=\"wp-block-button has-custom-width wp-block-button__width-100 is-style-outline\"><a class=\"wp-block-button__link has-white-color has-text-color has-background\" href=\"https:\/\/eadmitere.gov.md\/\" style=\"border-radius:6px;background-color:#f22202\" target=\"_blank\" rel=\"noreferrer noopener\">Aplic\u0103 on-line<\/a><\/div>\n\n\n\n<div class=\"wp-block-button has-custom-width wp-block-button__width-100 is-style-outline\"><a class=\"wp-block-button__link has-white-color has-text-color has-background\" href=\"\/wp-content\/uploads\/2026\/03\/d3d54ccd-577c-41e1-aa95-d84f4af5c638.jpg\" style=\"border-radius:6px;background-color:#091734\">Graficul desf\u0103\u0219ur\u0103rii admiterii 2026<\/a><\/div>\n\n\n\n<div class=\"wp-block-button has-custom-width wp-block-button__width-100 is-style-outline\"><a class=\"wp-block-button__link has-white-color has-text-color has-background\" href=\"https:\/\/academy.police.md\/rezultate-admitere-2024\" style=\"border-radius:6px;background-color:#091734\">Rezultate admitere<\/a><\/div>\n\n\n\n<div class=\"wp-block-button has-custom-width wp-block-button__width-100 is-style-outline\"><a class=\"wp-block-button__link has-white-color has-text-color has-background\" href=\"https:\/\/academy.police.md\/admiterea\/formele-de-invatamant\" style=\"border-radius:6px;background-color:#091734\" target=\"_blank\" rel=\"noreferrer noopener\">Formele de \u00eenv\u0103\u0163\u0103m\u00e2nt<\/a><\/div>\n\n\n\n<div class=\"wp-block-button has-custom-width wp-block-button__width-100 is-style-outline\"><a class=\"wp-block-button__link has-white-color has-text-color has-background\" href=\"https:\/\/academy.police.md\/admiterea\/conditii-de-admitere\" style=\"border-radius:6px;background-color:#091734\" target=\"_blank\" rel=\"noreferrer noopener\">Condi\u0163iile de admitere<\/a><\/div>\n\n\n\n<div class=\"wp-block-button has-custom-width wp-block-button__width-100 is-style-outline\"><a class=\"wp-block-button__link has-white-color has-text-color has-background\" href=\"https:\/\/academy.police.md\/admiterea\/oferta-educationala\" style=\"border-radius:6px;background-color:#091734\" target=\"_blank\" rel=\"noreferrer noopener\">Oferta educa\u0163ional\u0103<\/a><\/div>\n\n\n\n<div class=\"wp-block-button has-custom-width wp-block-button__width-100 is-style-outline\"><a class=\"wp-block-button__link has-white-color has-text-color has-background\" href=\"https:\/\/academy.police.md\/admiterea\/beneficiile\" style=\"border-radius:6px;background-color:#091734\" target=\"_blank\" rel=\"noreferrer noopener\">Beneficiile<\/a><\/div>\n\n\n\n<div class=\"wp-block-button has-custom-width wp-block-button__width-100 is-style-outline\"><a class=\"wp-block-button__link has-white-color has-text-color has-background\" href=\"https:\/\/academy.police.md\/admitere\/materiale-promotionale\" style=\"border-radius:6px;background-color:#091734\">Materiale promo\u0163ionale<\/a><\/div>\n\n\n\n<div class=\"wp-block-button has-custom-width wp-block-button__width-100 is-style-outline\"><a class=\"wp-block-button__link has-white-color has-text-color has-background\" href=\"https:\/\/academy.police.md\/admiterea\/securitatea-frontierei\" style=\"border-radius:6px;background-color:#091734\" target=\"_blank\" rel=\"noreferrer noopener\">\u00cenv\u0103\u021b\u0103m\u00e2nt profesional tehnic    <\/a><\/div>\n\n\n\n<div class=\"wp-block-button has-custom-width wp-block-button__width-100 is-style-outline\"><a class=\"wp-block-button__link has-white-color has-text-color has-background\" href=\"\/wp-content\/uploads\/2025\/07\/Taxe-de-studii-2025.pdf\" style=\"border-radius:6px;background-color:#091734\" target=\"_blank\" rel=\"noreferrer noopener\">Taxe de studii <\/a><\/div>\n<\/div>\n\n\n\n<p class=\"has-text-align-center has-medium-font-size\">Pentru ajutor, consulta\u0163ii \u015fi detalii ne g\u0103si\u0163i la numerele de telefon:<\/p>\n\n\n\n<a href=\"tel:+37378404400\">\n  <div style=\"border: 1px solid #091734; padding: 10px 15px; border-radius: 8px; max-width: 340px; background: #fff; text-align: center; margin: 20px auto;\">\n    <span style=\"font-size:18px;color: #091734;\">\ud83d\udcde Asistentul nostru AI 24\/24<\/span>\n    <p style=\"margin:0; color: #091734; font-weight:bold;\">+373 78 40 44 00<\/p>\n  <\/div>\n<\/a>\n\n\n\n<p class=\"has-text-align-center has-medium-font-size\">        Ciclul I, buget : <a href=\"tel:+37367431943\">+373 67 431 943<\/a><br>                                       <a href=\"tel:022736737\">(022) 736 737<\/a><br>         Ciclul I, tax\u0103 zi : <a href=\"tel:+37367458026\">+373<\/a><a href=\"tel:+37367408165\" data-type=\"tel\"> 67 408 165<\/a><\/p>\n\n\n\n<p class=\"has-text-align-center has-medium-font-size\">                               Ciclul I, tax\u0103 Frecven\u021b\u0103 redus\u0103:<a href=\"tel:+37367458026\">+373<\/a><a href=\"tel:+37367408165\"> 67 431937<\/a><\/p>\n\n\n\n<p class=\"has-text-align-center has-medium-font-size\"><br>           Ciclul II, master: <a href=\"tel:+37367458026\">+373<\/a><a href=\"tel:+37367408490\">67 408 490<\/a><\/p>\n\n\n\n<p class=\"has-text-align-center has-medium-font-size\"><br>     Tel: <a href=\"tel:+37367458026\">+373 67 458 026<\/a><br>Tel: <a href=\"tel:022725233\" data-type=\"tel\" data-id=\"tel:022725233\">(022) 725 233<\/a><\/p>\n\n\n\n<p><\/p>\n\n\n\n<p class=\"has-text-align-center has-medium-font-size\">Sau scrie\u0163i-ne un mesaj aici<\/p>\n\n\n\n<div style=\"height:100px\" aria-hidden=\"true\" class=\"wp-block-spacer\"><\/div>\n\n\n\n<div style=\"height:100px\" aria-hidden=\"true\" class=\"wp-block-spacer\"><\/div>\n\n\n\n<div class=\"wp-block-columns\">\n<div class=\"wp-block-column\">\n<p class=\"has-text-align-center has-large-font-size\"><\/p>\n\n\n\n<p class=\"has-text-align-center has-large-font-size\"><\/p>\n\n\n\n<p class=\"has-text-align-center has-large-font-size\"><\/p>\n<\/div>\n<\/div>\n","protected":false},"excerpt":{"rendered":"<p>Procesul de admitere la toate formele de \u00eenv\u0103\u0163\u0103m\u00e2nt se realizeaz\u0103 Pentru ajutor, consulta\u0163ii \u015fi detalii ne g\u0103si\u0163i la numerele de telefon: \ud83d\udcde Asistentul nostru AI 24\/24 +373 78 40 44 [&hellip;]<\/p>\n","protected":false},"author":8,"featured_media":0,"parent":0,"menu_order":0,"comment_status":"closed","ping_status":"closed","template":"fullwidth.php","meta":[],"translation":{"provider":"WPGlobus","version":"2.12.2","language":"gb","enabled_languages":["ro","gb"],"languages":{"ro":{"title":true,"content":true,"excerpt":false},"gb":{"title":false,"content":false,"excerpt":false}}},"acf":[],"_links":{"self":[{"href":"https:\/\/www.academy.police.md\/gb\/wp-json\/wp\/v2\/pages\/18223"}],"collection":[{"href":"https:\/\/www.academy.police.md\/gb\/wp-json\/wp\/v2\/pages"}],"about":[{"href":"https:\/\/www.academy.police.md\/gb\/wp-json\/wp\/v2\/types\/page"}],"author":[{"embeddable":true,"href":"https:\/\/www.academy.police.md\/gb\/wp-json\/wp\/v2\/users\/8"}],"replies":[{"embeddable":true,"href":"https:\/\/www.academy.police.md\/gb\/wp-json\/wp\/v2\/comments?post=18223"}],"version-history":[{"count":87,"href":"https:\/\/www.academy.police.md\/gb\/wp-json\/wp\/v2\/pages\/18223\/revisions"}],"predecessor-version":[{"id":31189,"href":"https:\/\/www.academy.police.md\/gb\/wp-json\/wp\/v2\/pages\/18223\/revisions\/31189"}],"wp:attachment":[{"href":"https:\/\/www.academy.police.md\/gb\/wp-json\/wp\/v2\/media?parent=18223"}],"curies":[{"name":"wp","href":"https:\/\/api.w.org\/{rel}","templated":true}]}}