{"id":189,"date":"2020-09-26T21:23:08","date_gmt":"2020-09-26T21:23:08","guid":{"rendered":"http:\/\/localhost\/?page_id=189"},"modified":"2026-02-09T12:50:20","modified_gmt":"2026-02-09T10:50:20","slug":"autorizatii","status":"publish","type":"page","link":"https:\/\/www.academy.police.md\/gb\/autorizatii","title":{"rendered":"Autoriza\u0163ii"},"content":{"rendered":"\n<p><a href=\"\/wp-content\/uploads\/2026\/02\/338-04.02.2026.pdf\">EXTRAS din Registrul de stat al unit\u0103\u021bilor de drept<\/a><\/p>\n\n\n\n<p><a rel=\"noreferrer noopener\" href=\"http:\/\/academy.police.md\/assets\/files\/pdf\/autoriz-san.pdf\" target=\"_blank\">Autoriza\u0163ie sanitar\u0103 de func\u0163ionare<\/a><\/p>\n\n\n\n<p><a rel=\"noreferrer noopener\" href=\"http:\/\/academy.police.md\/assets\/files\/pdf\/autoriz-aliment.pdf\" target=\"_blank\">Certificat de \u00eenregistrare oficial\u0103 pentru siguran\u0163a alimentelor<\/a><\/p>\n\n\n\n<p><a rel=\"noreferrer noopener\" href=\"http:\/\/academy.police.md\/assets\/files\/pdf\/autoriz-vet.pdf\" target=\"_blank\">Autoriza\u0163ie sanitar-veterinar\u0103 de func\u0163ionare<\/a><\/p>\n\n\n\n<p><a href=\"\/wp-content\/uploads\/2025\/11\/Autorizatie-CSP-ANSP.pdf\">Autorizarera sanitar\u0103 pentru fun\u0163ionare Nr. 025170\/2025<\/a><\/p>\n\n\n\n<p><a href=\"\/wp-content\/uploads\/2025\/11\/Autorizare-ANSP.pdf\">Certificat de \u00eenregistrare \u00een domeniul siguran\u0163ei alimentelor <\/a><\/p>\n\n\n\n<p><a href=\"\/wp-content\/uploads\/2025\/10\/Act-de-Inspectare.semnat.signed.semnat.pdf\">Act de inspectare nr. 10\/141 din 17.07.2025, <a href=\"https:\/\/academy.police.md\/wp-content\/uploads\/2025\/10\/Act-de-Inspectare.semnat.signed.semnat.pdf\">privind evaluarea riscului de incendiu<\/a><\/a>,<a href=\"\/wp-content\/uploads\/2025\/10\/Act-de-Inspectare.semnat.signed.semnat.pdf\"> conform cererii nr. 7866\/25 din 17.06.2025, <\/a><\/p>\n","protected":false},"excerpt":{"rendered":"<p>EXTRAS din Registrul de stat al unit\u0103\u021bilor de drept Autoriza\u0163ie sanitar\u0103 de func\u0163ionare Certificat de \u00eenregistrare oficial\u0103 pentru siguran\u0163a alimentelor Autoriza\u0163ie sanitar-veterinar\u0103 de func\u0163ionare Autorizarera sanitar\u0103 pentru fun\u0163ionare Nr. 025170\/2025 [&hellip;]<\/p>\n","protected":false},"author":8,"featured_media":0,"parent":0,"menu_order":0,"comment_status":"closed","ping_status":"closed","template":"","meta":[],"translation":{"provider":"WPGlobus","version":"2.12.2","language":"gb","enabled_languages":["ro","gb"],"languages":{"ro":{"title":true,"content":true,"excerpt":false},"gb":{"title":false,"content":false,"excerpt":false}}},"acf":[],"_links":{"self":[{"href":"https:\/\/www.academy.police.md\/gb\/wp-json\/wp\/v2\/pages\/189"}],"collection":[{"href":"https:\/\/www.academy.police.md\/gb\/wp-json\/wp\/v2\/pages"}],"about":[{"href":"https:\/\/www.academy.police.md\/gb\/wp-json\/wp\/v2\/types\/page"}],"author":[{"embeddable":true,"href":"https:\/\/www.academy.police.md\/gb\/wp-json\/wp\/v2\/users\/8"}],"replies":[{"embeddable":true,"href":"https:\/\/www.academy.police.md\/gb\/wp-json\/wp\/v2\/comments?post=189"}],"version-history":[{"count":9,"href":"https:\/\/www.academy.police.md\/gb\/wp-json\/wp\/v2\/pages\/189\/revisions"}],"predecessor-version":[{"id":30391,"href":"https:\/\/www.academy.police.md\/gb\/wp-json\/wp\/v2\/pages\/189\/revisions\/30391"}],"wp:attachment":[{"href":"https:\/\/www.academy.police.md\/gb\/wp-json\/wp\/v2\/media?parent=189"}],"curies":[{"name":"wp","href":"https:\/\/api.w.org\/{rel}","templated":true}]}}