{"id":20441,"date":"2024-08-22T15:41:55","date_gmt":"2024-08-22T12:41:55","guid":{"rendered":"https:\/\/academy.police.md\/?page_id=20441"},"modified":"2024-12-05T11:07:55","modified_gmt":"2024-12-05T09:07:55","slug":"oferte-mobilitati-academice","status":"publish","type":"page","link":"https:\/\/www.academy.police.md\/gb\/oferte-mobilitati-academice","title":{"rendered":"Oferte mobilit\u0103\u021bi academice"},"content":{"rendered":"\n<p>Serviciul mobilitate academic\u0103 al Direc\u021biei cooperare interna\u021bional\u0103 v\u0103 aduce la cuno\u0219tin\u021b\u0103 despre <strong>evenimentul online<\/strong> adresat cadrelor didactice implicate \u00een procesul de predare a disciplinelor de drept, organizat de Consiliul European HELP (Human Rights Education for Legal Professionals) Programul HELP \u00een \u00eenv\u0103\u021b\u0103m\u00e2ntul universitar, care <strong>se va desf\u0103\u0219ura \u00een limba englez\u0103<\/strong> \u0219i va avea loc la data de <strong>11 decembrie 2024, <\/strong>\u00een intervalul <strong>orelor 15:00-18:00.<\/strong><\/p>\n\n\n\n<p>Acest eveniment are ca scop suportul universit\u0103\u021bilor \u0219i profesorilor \u00een integrarea educa\u021biei drepturilor omului \u00een curricula institu\u021bional\u0103. Organizatorii \u00ee\u0219i propun s\u0103 \u00eemp\u0103rt\u0103\u0219easc\u0103 \u0219i s\u0103 fac\u0103 schimb de opinii practice, evolu\u021bii HELP \u0219i experien\u021b\u0103 \u00eemp\u0103rt\u0103\u0219it\u0103 de profesorii care au implementat cu succes aceste instrumente \u00een predarea lor.<\/p>\n\n\n\n<p>Pentru mai multe detalii sunte\u021bi invita\u021bi s\u0103 face\u021bi cuno\u0219tin\u021b\u0103 cu nota de concept \u0219i agenda evenimentului acces\u00e2nd <strong><a href=\"\/wp-content\/uploads\/2024\/12\/2412-HELP-in-Unis_public-agenda-11-Dec-2024.pdf\">aici<\/a><\/strong>  .<\/p>\n\n\n\n<p>Doritorii de a participa la eveniment se pot \u00eenregistra acces\u00e2nd <strong><a href=\"https:\/\/forms.office.com\/pages\/responsepage.aspx?id=grBJPtViSUilsIbtUZKH0mAWnJhdR7RPkOr2BfIfZdRUOEwwRUVQVzk5NUExRDUyWlE5MUFWSEZVTi4u&amp;route=shorturl\">aici<\/a><\/strong> p\u00e2n\u0103 la data de <strong>09 decembrie 2024<\/strong>.<\/p>\n\n\n\n<figure class=\"wp-block-image size-large\"><img loading=\"lazy\" width=\"621\" height=\"248\" src=\"\/wp-content\/uploads\/2024\/12\/\u0420\u0438\u0441\u0443\u043d\u043e\u043a1.png\" alt=\"\" class=\"wp-image-22241\" srcset=\"\/wp-content\/uploads\/2024\/12\/\u0420\u0438\u0441\u0443\u043d\u043e\u043a1.png 621w, \/wp-content\/uploads\/2024\/12\/\u0420\u0438\u0441\u0443\u043d\u043e\u043a1-300x120.png 300w\" sizes=\"(max-width: 621px) 100vw, 621px\" \/><\/figure>\n\n\n\n<p><\/p>\n","protected":false},"excerpt":{"rendered":"<p>Serviciul mobilitate academic\u0103 al Direc\u021biei cooperare interna\u021bional\u0103 v\u0103 aduce la cuno\u0219tin\u021b\u0103 despre evenimentul online adresat cadrelor didactice implicate \u00een procesul de predare a disciplinelor de drept, organizat de Consiliul European [&hellip;]<\/p>\n","protected":false},"author":14,"featured_media":0,"parent":0,"menu_order":0,"comment_status":"closed","ping_status":"closed","template":"","meta":[],"translation":{"provider":"WPGlobus","version":"2.12.2","language":"gb","enabled_languages":["ro","gb"],"languages":{"ro":{"title":true,"content":true,"excerpt":false},"gb":{"title":false,"content":false,"excerpt":false}}},"acf":[],"_links":{"self":[{"href":"https:\/\/www.academy.police.md\/gb\/wp-json\/wp\/v2\/pages\/20441"}],"collection":[{"href":"https:\/\/www.academy.police.md\/gb\/wp-json\/wp\/v2\/pages"}],"about":[{"href":"https:\/\/www.academy.police.md\/gb\/wp-json\/wp\/v2\/types\/page"}],"author":[{"embeddable":true,"href":"https:\/\/www.academy.police.md\/gb\/wp-json\/wp\/v2\/users\/14"}],"replies":[{"embeddable":true,"href":"https:\/\/www.academy.police.md\/gb\/wp-json\/wp\/v2\/comments?post=20441"}],"version-history":[{"count":3,"href":"https:\/\/www.academy.police.md\/gb\/wp-json\/wp\/v2\/pages\/20441\/revisions"}],"predecessor-version":[{"id":22245,"href":"https:\/\/www.academy.police.md\/gb\/wp-json\/wp\/v2\/pages\/20441\/revisions\/22245"}],"wp:attachment":[{"href":"https:\/\/www.academy.police.md\/gb\/wp-json\/wp\/v2\/media?parent=20441"}],"curies":[{"name":"wp","href":"https:\/\/api.w.org\/{rel}","templated":true}]}}