{"id":213,"date":"2020-09-26T22:05:27","date_gmt":"2020-09-26T22:05:27","guid":{"rendered":"http:\/\/localhost\/?page_id=213"},"modified":"2026-02-16T15:12:59","modified_gmt":"2026-02-16T13:12:59","slug":"orarele-activitatilor-didactice","status":"publish","type":"page","link":"https:\/\/www.academy.police.md\/gb\/directia-studii-si-management-al-calitatii\/orarele-activitatilor-didactice","title":{"rendered":"Orarele activit\u0103\u0163ilor didactice"},"content":{"rendered":"\n<p> <a rel=\"noreferrer noopener\" href=\"\/wp-content\/uploads\/2025\/09\/Calendar-univer-2025-2026_rotated.pdf\" data-type=\"URL\" data-id=\"\/wp-content\/uploads\/2025\/09\/Calendar-univer-2025-2026_rotated.pdf\" target=\"_blank\">Calendarul universitar pentru anul de \u00eenv\u0103\u0163\u0103m\u00e2nt 2025-2026<\/a> <br> <a rel=\"noreferrer noopener\" href=\"\/wp-content\/uploads\/2025\/09\/Saptamini-pare-impare-sem-I_rotated.pdf\" data-type=\"URL\" data-id=\"\/wp-content\/uploads\/2025\/09\/Saptamini-pare-impare-sem-I_rotated.pdf\" target=\"_blank\">Graficul s\u0103pt\u0103m\u00e2nilor pare \u015fi impare semestrul I, anul universitar 2025-2026<\/a> <br><a href=\"\/wp-content\/uploads\/2026\/02\/sem-II-gr-sapt-pare-impare.pdf\" data-type=\"URL\" data-id=\"\/wp-content\/uploads\/2026\/02\/sem-II-gr-sapt-pare-impare.pdf\" target=\"_blank\" rel=\"noreferrer noopener\">Graficul s\u0103pt\u0103m\u00e2nilor pare \u015fi impare semestrul II, anul universitar 2025-2026<\/a><\/p>\n\n\n\n<p><strong>Ciclul I licen\u0163\u0103<\/strong><br><strong>Programul de studii 0421.1 Drept<\/strong><\/p>\n\n\n\n<p>       Semestrul I<\/p>\n\n\n\n<ul><li><a href=\"https:\/\/academy.police.md\/directia-studii-si-management-al-calitatii\/orarele-activitatilor-didactice\/orar-drept-1-zi\">forma de \u00eenv\u0103\u0163\u0103m\u00e2nt cu frecven\u0163\u0103<\/a><\/li><li><a href=\"https:\/\/academy.police.md\/directia-studii-si-management-al-calitatii\/orarele-activitatilor-didactice\/orar-drept-1-zi\">f<\/a><a href=\"https:\/\/academy.police.md\/directia-studii-si-management-al-calitatii\/orarele-activitatilor-didactice\/orar-drept-1-ff\">orma de \u00eenv\u0103\u0163\u0103m\u00e2nt cu frecven\u0163\u0103 redus\u0103<\/a><\/li><\/ul>\n\n\n\n<p>       Semestrul II<\/p>\n\n\n\n<ul><li><a href=\"https:\/\/academy.police.md\/directia-studii-si-management-al-calitatii\/orarele-activitatilor-didactice\/orar-drept-zi-semestrul2\" data-type=\"URL\" data-id=\"https:\/\/academy.police.md\/directia-studii-si-management-al-calitatii\/orarele-activitatilor-didactice\/orar-drept-zi-semestrul2\">forma de \u00eenv\u0103\u0163\u0103m\u00e2nt cu frecven\u0163\u0103<\/a><\/li><li><a href=\"https:\/\/academy.police.md\/directia-studii-si-management-al-calitatii\/orarele-activitatilor-didactice\/orar-drept-1-ff-semestrul2\" data-type=\"URL\" data-id=\"https:\/\/academy.police.md\/directia-studii-si-management-al-calitatii\/orarele-activitatilor-didactice\/orar-drept-1-ff-semestrul2\">forma de \u00eenv\u0103\u0163\u0103m\u00e2nt cu frecven\u0163\u0103 redus\u0103<\/a><\/li><\/ul>\n\n\n\n<p><strong>Programul de studii 0400.1 Administra\u0163ia public\u0103<\/strong><\/p>\n\n\n\n<p>Semestrul I<\/p>\n\n\n\n<ul><li><a href=\"https:\/\/academy.police.md\/directia-studii-si-management-al-calitatii\/orarele-activitatilor-didactice\/orar-ap-1-zi\">forma de \u00eenv\u0103\u0163\u0103m\u00e2nt cu frecven\u0163\u0103<\/a><\/li><\/ul>\n\n\n\n<p>Semestrul II<\/p>\n\n\n\n<ul><li><a href=\"https:\/\/academy.police.md\/directia-studii-si-management-al-calitatii\/orarele-activitatilor-didactice\/orar-ap-1-zi-semestrul2\" data-type=\"URL\" data-id=\"https:\/\/academy.police.md\/directia-studii-si-management-al-calitatii\/orarele-activitatilor-didactice\/orar-ap-1-zi-semestrul2\">forma de \u00eenv\u0103\u0163\u0103m\u00e2nt cu frecven\u0163\u0103<\/a><\/li><\/ul>\n\n\n\n<p><strong>Programul de studii 1039.1 Securitate civil<strong>\u0103<\/strong> \u015fi public\u0103<\/strong><\/p>\n\n\n\n<p>Semestrul I<\/p>\n\n\n\n<ul><li><a href=\"https:\/\/academy.police.md\/directia-studii-si-management-al-calitatii\/orarele-activitatilor-didactice\/orarele-activitatilor-didactice-programul-de-studii-1032-1-securitate-civila-si-publica-ciclul-i-licenta-forma-de-invatamant-cu-frecventa\" data-type=\"URL\" data-id=\"https:\/\/academy.police.md\/directia-studii-si-management-al-calitatii\/orarele-activitatilor-didactice\/orarele-activitatilor-didactice-programul-de-studii-1032-1-securitate-civila-si-publica-ciclul-i-licenta-forma-de-invatamant-cu-frecventa\">forma de \u00eenv\u0103\u0163\u0103m\u00e2nt cu frecven\u0163\u0103<\/a><\/li><\/ul>\n\n\n\n<p>Semestrul II<\/p>\n\n\n\n<ul><li><a href=\"https:\/\/academy.police.md\/directia-studii-si-management-al-calitatii\/orarele-activitatilor-didactice\/orar-sp-1-zi-semestrul2\" data-type=\"URL\" data-id=\"https:\/\/academy.police.md\/directia-studii-si-management-al-calitatii\/orarele-activitatilor-didactice\/orar-sp-1-zi-semestrul2\">forma de \u00eenv\u0103\u0163\u0103m\u00e2nt cu frecven\u0163\u0103<\/a><\/li><\/ul>\n\n\n\n<p><strong>Programul de studii 1039.4 Securitatea frontierei, migra\u021bie \u0219i azil<\/strong><\/p>\n\n\n\n<p>Semestrul I<\/p>\n\n\n\n<ul><li><a href=\"https:\/\/academy.police.md\/directia-studii-si-management-al-calitatii\/orarele-activitatilor-didactice\/orarele-activitatilor-didactice-programul-de-studii-1032-4-securitatea-frontierei-ciclul-i-licenta-forma-de-invatamant-cu-frecventa\" data-type=\"URL\" data-id=\"https:\/\/academy.police.md\/directia-studii-si-management-al-calitatii\/orarele-activitatilor-didactice\/orarele-activitatilor-didactice-programul-de-studii-1032-4-securitatea-frontierei-ciclul-i-licenta-forma-de-invatamant-cu-frecventa\">forma de \u00eenv\u0103\u0163\u0103m\u00e2nt cu frecven\u0163\u0103<\/a><\/li><\/ul>\n\n\n\n<p>Semestrul II<\/p>\n\n\n\n<ul><li><a href=\"https:\/\/academy.police.md\/directia-studii-si-management-al-calitatii\/orarele-activitatilor-didactice\/orar-sp-1-zi-semestrul2\/orar-sf-1-zi-semestrul2\" data-type=\"URL\" data-id=\"https:\/\/academy.police.md\/directia-studii-si-management-al-calitatii\/orarele-activitatilor-didactice\/orar-sp-1-zi-semestrul2\/orar-sf-1-zi-semestrul2\">forma de \u00eenv\u0103\u0163\u0103m\u00e2nt cu frecven\u0163\u0103<\/a><\/li><\/ul>\n\n\n\n<hr class=\"wp-block-separator\"\/>\n\n\n\n<p><strong>Ciclul II master<\/strong><\/p>\n\n\n\n<p><strong>Programul de studii Activitatea de urm\u0103rire penal\u0103 90 ECTS<\/strong><\/p>\n\n\n\n<p><a rel=\"noreferrer noopener\" href=\"https:\/\/academy.police.md\/directia-studii-si-management-al-calitatii\/programul-de-studii-activitatea-de-urmarire-penala-90-ects\" data-type=\"URL\" data-id=\"https:\/\/academy.police.md\/directia-studii-si-management-al-calitatii\/programul-de-studii-activitatea-de-urmarire-penala-90-ects\" target=\"_blank\">master profesional, forma de \u00eenv\u0103\u021b\u0103m\u00e2nt cu frecven\u021b\u0103<\/a><\/p>\n\n\n\n<p><strong>Programul de studii Drept penal 90 ECTS<\/strong><\/p>\n\n\n\n<p><a rel=\"noreferrer noopener\" href=\"https:\/\/academy.police.md\/directia-studii-si-management-al-calitatii\/programul-de-studii-drept-penal-90-ects\" data-type=\"URL\" data-id=\"https:\/\/academy.police.md\/directia-studii-si-management-al-calitatii\/programul-de-studii-drept-penal-90-ects\" target=\"_blank\">master profesional, forma de \u00eenv\u0103\u021b\u0103m\u00e2nt cu frecven\u021b\u0103<\/a><\/p>\n\n\n\n<p><strong>Programul de studii Drept penal 120 ECTS<\/strong><\/p>\n\n\n\n<p><a rel=\"noreferrer noopener\" href=\"https:\/\/academy.police.md\/directia-studii-si-management-al-calitatii\/programul-de-studii-drept-penal-120-ects\" data-type=\"URL\" data-id=\"https:\/\/academy.police.md\/directia-studii-si-management-al-calitatii\/programul-de-studii-drept-penal-120-ects\" target=\"_blank\">master profesional, forma de \u00eenv\u0103\u021b\u0103m\u00e2nt cu frecven\u021b\u0103<\/a><\/p>\n\n\n\n<p><strong>Programul de studii Drept economic 90 ECTS<\/strong><\/p>\n\n\n\n<p><a rel=\"noreferrer noopener\" href=\"https:\/\/academy.police.md\/directia-studii-si-management-al-calitatii\/programul-de-studii-drept-economic-90-ects\" data-type=\"URL\" data-id=\"https:\/\/academy.police.md\/directia-studii-si-management-al-calitatii\/programul-de-studii-drept-economic-90-ects\" target=\"_blank\">master profesional, forma de \u00eenv\u0103\u021b\u0103m\u00e2nt cu frecven\u021b\u0103<\/a><\/p>\n\n\n\n<p><strong>Programul de studii Drept economic 120 ECTS<\/strong><\/p>\n\n\n\n<p><a rel=\"noreferrer noopener\" href=\"https:\/\/academy.police.md\/directia-studii-si-management-al-calitatii\/programul-de-studii-drept-economic-120-ects\" data-type=\"URL\" data-id=\"https:\/\/academy.police.md\/directia-studii-si-management-al-calitatii\/programul-de-studii-drept-economic-120-ects\" target=\"_blank\">master profesional, forma de \u00eenv\u0103\u021b\u0103m\u00e2nt cu frecven\u021b\u0103<\/a><\/p>\n\n\n\n<p><strong>Programul de studii Activitatea special\u0103 de investiga\u021bii 90 ECTS<\/strong><\/p>\n\n\n\n<p><a rel=\"noreferrer noopener\" href=\"https:\/\/academy.police.md\/directia-studii-si-management-al-calitatii\/programul-de-studii-activitatea-speciala-de-investigatii-90-ects\" data-type=\"URL\" data-id=\"https:\/\/academy.police.md\/directia-studii-si-management-al-calitatii\/programul-de-studii-activitatea-speciala-de-investigatii-90-ects\" target=\"_blank\">master profesional, forma de \u00eenv\u0103\u021b\u0103m\u00e2nt cu frecven\u021b\u0103<\/a><\/p>\n\n\n\n<p><strong>Programul de studii Activitatea special\u0103 de investiga\u021bii 120 ECTS<\/strong><\/p>\n\n\n\n<p><a rel=\"noreferrer noopener\" href=\"https:\/\/academy.police.md\/directia-studii-si-management-al-calitatii\/programul-de-studii-activitatea-speciala-de-investigatii-120-ects\" data-type=\"URL\" data-id=\"https:\/\/academy.police.md\/directia-studii-si-management-al-calitatii\/programul-de-studii-activitatea-speciala-de-investigatii-120-ects\" target=\"_blank\">master profesional, forma de \u00eenv\u0103\u021b\u0103m\u00e2nt cu frecven\u021b\u0103<\/a><\/p>\n\n\n\n<p><strong>Programul de studii Drept contraven\u021bional 120 ECTS<\/strong><\/p>\n\n\n\n<p><a rel=\"noreferrer noopener\" href=\"https:\/\/academy.police.md\/directia-studii-si-management-al-calitatii\/programul-de-studii-drept-contraventional-120-ects\" data-type=\"URL\" data-id=\"https:\/\/academy.police.md\/directia-studii-si-management-al-calitatii\/programul-de-studii-drept-contraventional-120-ects\" target=\"_blank\">master profesional, forma de \u00eenv\u0103\u021b\u0103m\u00e2nt cu frecven\u021b\u0103<\/a><\/p>\n\n\n\n<p><strong>Programul de studii Drept migra\u0163ional \u015fi protec\u0163ia refugia\u0163ilor 120 ECTS<\/strong><\/p>\n\n\n\n<p><a rel=\"noreferrer noopener\" href=\"https:\/\/academy.police.md\/directia-studii-si-management-al-calitatii\/programul-de-studii-drept-migrational-si-protectia-refugiatilor-120-ects\" data-type=\"URL\" data-id=\"https:\/\/academy.police.md\/directia-studii-si-management-al-calitatii\/programul-de-studii-drept-migrational-si-protectia-refugiatilor-120-ects\" target=\"_blank\">master profesional, forma de \u00eenv\u0103\u021b\u0103m\u00e2nt cu frecven\u021b\u0103<\/a><\/p>\n\n\n\n<hr class=\"wp-block-separator\"\/>\n","protected":false},"excerpt":{"rendered":"<p>Calendarul universitar pentru anul de \u00eenv\u0103\u0163\u0103m\u00e2nt 2025-2026 Graficul s\u0103pt\u0103m\u00e2nilor pare \u015fi impare semestrul I, anul universitar 2025-2026 Graficul s\u0103pt\u0103m\u00e2nilor pare \u015fi impare semestrul II, anul universitar 2025-2026 Ciclul I licen\u0163\u0103Programul [&hellip;]<\/p>\n","protected":false},"author":8,"featured_media":0,"parent":113,"menu_order":0,"comment_status":"closed","ping_status":"closed","template":"","meta":[],"translation":{"provider":"WPGlobus","version":"2.12.2","language":"gb","enabled_languages":["ro","gb"],"languages":{"ro":{"title":true,"content":true,"excerpt":false},"gb":{"title":false,"content":false,"excerpt":false}}},"acf":[],"_links":{"self":[{"href":"https:\/\/www.academy.police.md\/gb\/wp-json\/wp\/v2\/pages\/213"}],"collection":[{"href":"https:\/\/www.academy.police.md\/gb\/wp-json\/wp\/v2\/pages"}],"about":[{"href":"https:\/\/www.academy.police.md\/gb\/wp-json\/wp\/v2\/types\/page"}],"author":[{"embeddable":true,"href":"https:\/\/www.academy.police.md\/gb\/wp-json\/wp\/v2\/users\/8"}],"replies":[{"embeddable":true,"href":"https:\/\/www.academy.police.md\/gb\/wp-json\/wp\/v2\/comments?post=213"}],"version-history":[{"count":163,"href":"https:\/\/www.academy.police.md\/gb\/wp-json\/wp\/v2\/pages\/213\/revisions"}],"predecessor-version":[{"id":30599,"href":"https:\/\/www.academy.police.md\/gb\/wp-json\/wp\/v2\/pages\/213\/revisions\/30599"}],"up":[{"embeddable":true,"href":"https:\/\/www.academy.police.md\/gb\/wp-json\/wp\/v2\/pages\/113"}],"wp:attachment":[{"href":"https:\/\/www.academy.police.md\/gb\/wp-json\/wp\/v2\/media?parent=213"}],"curies":[{"name":"wp","href":"https:\/\/api.w.org\/{rel}","templated":true}]}}