{"id":21412,"date":"2024-10-24T13:51:18","date_gmt":"2024-10-24T10:51:18","guid":{"rendered":"https:\/\/academy.police.md\/?page_id=21412"},"modified":"2025-03-06T12:45:32","modified_gmt":"2025-03-06T10:45:32","slug":"consiliul-facultatii","status":"publish","type":"page","link":"https:\/\/www.academy.police.md\/gb\/decanatul-facultatii-drept-ordine-publica-si-securitate-civila\/consiliul-facultatii","title":{"rendered":"Consiliul Facult\u0103\u0163ii"},"content":{"rendered":"\n<p>Facultatea este condus\u0103 de <strong>Consiliul facult\u0103\u021bii<\/strong>, al c\u0103rui pre\u0219edinte este decanul facult\u0103\u021bii, iar vicepre\u0219edinte \u2013 prodecanul facult\u0103\u021bii.<\/p>\n\n\n\n<p>Mandatul Consiliului facult\u0103\u021bii este de 5 ani.<\/p>\n\n\n\n<p>Consiliul facult\u0103\u021bii este constituit din reprezentan\u021bi ale\u0219i din cadrul corpului didactic titular, ai studen\u021bilor, masteranzilor, doctoranzilor. \u0218efii de catedre fac parte de drept din consiliu. Studen\u021bii reprezint\u0103 15% din num\u0103rul total al membrilor consiliului.<\/p>\n\n\n\n<p>Consiliul Facult\u0103\u0163ii reprezint\u0103 organismul decizional \u015fi deliberativ al Facult\u0103\u0163ii.<\/p>\n\n\n\n<p>Consiliul are urm\u0103toarele atribu\u0163ii:&nbsp;<\/p>\n\n\n\n<ol type=\"1\"><li>Aprob\u0103 organizarea intern\u0103 a facult\u0103\u0163ii \u015fi regulile de func\u0163ionare a facult\u0103\u0163ii;&nbsp;<\/li><li>Elaboreaz\u0103 \u015fi adopt\u0103 Regulamentul de organizare \u015fi func\u0163ionarea a Consiliului \u015fi \u00eel propune Senatului pentru aprobare;<\/li><li>Stabile\u015fte misiunea \u015fi obiectivele facult\u0103\u0163ii;<\/li><li>Aprob\u0103 proiectele strategice \u015fi planurile opera\u0163ionale de dezvoltare a facult\u0103\u0163ii;<\/li><li>Elaboreaz\u0103&nbsp; propuneri de \u00eenfiin\u0163are a noi programe de studii de licen\u0163\u0103 \u015fi master;<\/li><li>Controleaz\u0103 activitatea decanului \u015fi aprob\u0103 rapoartele anuale ale acestuia privind starea general\u0103 a facult\u0103\u0163ii, asigurarea calit\u0103\u0163ii, respectarea eticii universitare la nivelul facult\u0103\u0163ii;<\/li><li>Examineaz\u0103 \u015fi aprob\u0103 curriculele catedrelor \u015fi orarul activit\u0103\u0163ilor didactice prev\u0103zute \u00een planul de studii;<\/li><li>Analizeaz\u0103 \u015fi solu\u0163ioneaz\u0103 problemele de fond ale procesului de \u00eenv\u0103\u0163\u0103m\u00e2nt din facultate;<\/li><li>Decide modul de efectuare a evalu\u0103rilor prev\u0103zute \u00een Planul de studii, prin intermediul tehnologiilor informa\u0163ionale (a programelor asistate pe calculator), \u00een form\u0103 de teste, etc.;<\/li><li>Aprob\u0103 subiectele pentru probele examenului de licen\u0163\u0103 \u015fi tematica proiectelor\/tezelor de licen\u0163\u0103 \u015fi de master, elaborate la catedrele de specialitate;<\/li><li>Propune Rectorului spre aprobare prin ordin lista nominal\u0103 a membri lor Comisiei de Licen\u0163\u0103;&nbsp;<\/li><li>Ia act de raportul Pre\u015fedin\u0163ilor Comisiilor de Licen\u0163\u0103 privind rezultatele organiz\u0103rii \u015fi desf\u0103\u015fur\u0103rii examenului de licen\u0163\u0103 \u015fi \u00eel propune Senatului pentru aprobare;<\/li><li>Coordoneaz\u0103 planurile de studii pentru ciclurile I (studii superioare de licen\u0163\u0103) \u015fi II (studii superioare de master);<\/li><li>Aprob\u0103 metodologia de acumulare a minimului curricular ini\u0163ial necesar pentru continuarea studiilor superioare \u00een ciclul II la alt domeniu de formare profesional\u0103, elaborat\u0103 de c\u0103tre catedra de profil coordonatoare a programului respectiv de master;<\/li><li>Aprob\u0103 metodologia evalu\u0103rii competen\u0163elor, recunoa\u015fterii experien\u0163ei practice \u015fi atribuirii num\u0103rului stabilit de credite, elaborate de c\u0103tre catedra de profil coordonatoare a programului respectiv de master;<\/li><li>Adopt\u0103 hot\u0103r\u00e2ri \u00een orice alte probleme date prin Cart\u0103 sau lege, de competen\u0163a sa;<\/li><li>Avizeaz\u0103 hot\u0103r\u00e2rile Biroului Consiliului Facult\u0103\u0163ii;<\/li><li>Aprob\u0103 rapoartele de autoevaluare \u00een vederea evalu\u0103rii academice \u015fi acredit\u0103rii Facult\u0103\u0163ii \u015fi specializ\u0103rilor.<\/li><\/ol>\n\n\n\n<p>Hot\u0103r\u00e2rile Consiliului facult\u0103\u021bii se iau cu majoritatea simpl\u0103 a membrilor prezen\u021bi, cu condi\u021bia ca num\u0103rul acestora s\u0103 reprezinte cel pu\u021bin 2\/3 din totalul membrilor.<br><a href=\"\/wp-content\/uploads\/2024\/10\/Plan-de-activitate-al-Consiliului-Facultatii-a.u.-2023-2024.pdf\">Plan de activitate al Consiliului Facult\u0103\u021bii a.u. 2023-2024<br><\/a><a href=\"\/wp-content\/uploads\/2024\/10\/Plan-de-activitate-Consiliul-Facultatii-a.u.2024-2025.pdf\">Plan de activitate Consiliul Facult\u0103\u021bii a.u. 2024-2025<\/a><br><a href=\"\/wp-content\/uploads\/2025\/03\/Raport-de-activitate-al-Consiliului-Facutatii-DAOSP-a.u.-2023-2024.pdf\">Raport de activitate al Consiliului Facut\u0103\u021bii DAOSP, a.u. 2023-2024<\/a><\/p>\n","protected":false},"excerpt":{"rendered":"<p>Facultatea este condus\u0103 de Consiliul facult\u0103\u021bii, al c\u0103rui pre\u0219edinte este decanul facult\u0103\u021bii, iar vicepre\u0219edinte \u2013 prodecanul facult\u0103\u021bii. Mandatul Consiliului facult\u0103\u021bii este de 5 ani. Consiliul facult\u0103\u021bii este constituit din reprezentan\u021bi [&hellip;]<\/p>\n","protected":false},"author":8,"featured_media":0,"parent":1364,"menu_order":0,"comment_status":"closed","ping_status":"closed","template":"","meta":[],"translation":{"provider":"WPGlobus","version":"2.12.2","language":"gb","enabled_languages":["ro","gb"],"languages":{"ro":{"title":true,"content":true,"excerpt":false},"gb":{"title":false,"content":false,"excerpt":false}}},"acf":[],"_links":{"self":[{"href":"https:\/\/www.academy.police.md\/gb\/wp-json\/wp\/v2\/pages\/21412"}],"collection":[{"href":"https:\/\/www.academy.police.md\/gb\/wp-json\/wp\/v2\/pages"}],"about":[{"href":"https:\/\/www.academy.police.md\/gb\/wp-json\/wp\/v2\/types\/page"}],"author":[{"embeddable":true,"href":"https:\/\/www.academy.police.md\/gb\/wp-json\/wp\/v2\/users\/8"}],"replies":[{"embeddable":true,"href":"https:\/\/www.academy.police.md\/gb\/wp-json\/wp\/v2\/comments?post=21412"}],"version-history":[{"count":4,"href":"https:\/\/www.academy.police.md\/gb\/wp-json\/wp\/v2\/pages\/21412\/revisions"}],"predecessor-version":[{"id":23534,"href":"https:\/\/www.academy.police.md\/gb\/wp-json\/wp\/v2\/pages\/21412\/revisions\/23534"}],"up":[{"embeddable":true,"href":"https:\/\/www.academy.police.md\/gb\/wp-json\/wp\/v2\/pages\/1364"}],"wp:attachment":[{"href":"https:\/\/www.academy.police.md\/gb\/wp-json\/wp\/v2\/media?parent=21412"}],"curies":[{"name":"wp","href":"https:\/\/api.w.org\/{rel}","templated":true}]}}