{"id":23108,"date":"2025-02-17T15:51:57","date_gmt":"2025-02-17T13:51:57","guid":{"rendered":"https:\/\/www.academy.police.md\/?page_id=23108"},"modified":"2025-05-06T10:35:10","modified_gmt":"2025-05-06T07:35:10","slug":"sectia-studii","status":"publish","type":"page","link":"https:\/\/www.academy.police.md\/gb\/sectia-studii","title":{"rendered":"Sec\u021bia studii"},"content":{"rendered":"\n<p>Anatolie CANAN\u0102U \u2013 \u015fef adjunct direc\u0163ie, \u0219ef al sec\u021biei studii, comisar-\u015fef, conf.univ., dr.\u00een drept.<\/p>\n\n\n\n<p><strong>Date de contact:<\/strong><br>mun.Chi\u015fin\u0103u, str. Gh. Asachi 21,tel. 022723448<br>anatolie.cananau@mai.gov.md<\/p>\n\n\n\n<p><a href=\"https:\/\/academy.police.md\/directia-studii-si-management-al-calitatii\/serviciul-proiectare-didactica-activitatea-metodica\">Serviciul proiectare didactic\u0103 \u0219i activitatea metodic\u0103<\/a><\/p>\n\n\n\n<p><a href=\"https:\/\/academy.police.md\/directia-studii-si-management-al-calitatii\/serviciul-evidenta-si-acte-de-studii\">Serviciul eviden\u0163\u0103 \u015fi acte de studii<\/a><\/p>\n","protected":false},"excerpt":{"rendered":"<p>Anatolie CANAN\u0102U \u2013 \u015fef adjunct direc\u0163ie, \u0219ef al sec\u021biei studii, comisar-\u015fef, conf.univ., dr.\u00een drept. Date de contact:mun.Chi\u015fin\u0103u, str. Gh. Asachi 21,tel. 022723448anatolie.cananau@mai.gov.md Serviciul proiectare didactic\u0103 \u0219i activitatea metodic\u0103 Serviciul eviden\u0163\u0103 [&hellip;]<\/p>\n","protected":false},"author":14,"featured_media":0,"parent":0,"menu_order":0,"comment_status":"closed","ping_status":"closed","template":"","meta":[],"translation":{"provider":"WPGlobus","version":"2.12.2","language":"gb","enabled_languages":["ro","gb"],"languages":{"ro":{"title":true,"content":true,"excerpt":false},"gb":{"title":false,"content":false,"excerpt":false}}},"acf":[],"_links":{"self":[{"href":"https:\/\/www.academy.police.md\/gb\/wp-json\/wp\/v2\/pages\/23108"}],"collection":[{"href":"https:\/\/www.academy.police.md\/gb\/wp-json\/wp\/v2\/pages"}],"about":[{"href":"https:\/\/www.academy.police.md\/gb\/wp-json\/wp\/v2\/types\/page"}],"author":[{"embeddable":true,"href":"https:\/\/www.academy.police.md\/gb\/wp-json\/wp\/v2\/users\/14"}],"replies":[{"embeddable":true,"href":"https:\/\/www.academy.police.md\/gb\/wp-json\/wp\/v2\/comments?post=23108"}],"version-history":[{"count":5,"href":"https:\/\/www.academy.police.md\/gb\/wp-json\/wp\/v2\/pages\/23108\/revisions"}],"predecessor-version":[{"id":24767,"href":"https:\/\/www.academy.police.md\/gb\/wp-json\/wp\/v2\/pages\/23108\/revisions\/24767"}],"wp:attachment":[{"href":"https:\/\/www.academy.police.md\/gb\/wp-json\/wp\/v2\/media?parent=23108"}],"curies":[{"name":"wp","href":"https:\/\/api.w.org\/{rel}","templated":true}]}}