{"id":25395,"date":"2025-05-22T16:05:57","date_gmt":"2025-05-22T13:05:57","guid":{"rendered":"https:\/\/academy.police.md\/?page_id=25395"},"modified":"2026-02-25T10:08:53","modified_gmt":"2026-02-25T08:08:53","slug":"curs-de-initiere-si-perfectionare-a-limbii-engleze","status":"publish","type":"page","link":"https:\/\/www.academy.police.md\/gb\/departamentul-limbi-moderne\/curs-de-initiere-si-perfectionare-a-limbii-engleze","title":{"rendered":"Curs de ini\u021biere \u0219i perfec\u021bionare a limbii engleze English as Foreign Language (EFL)"},"content":{"rendered":"\n<p>Cunoa\u0219terea unei limbi str\u0103ine reprezint\u0103 cheia de acces la volumul imens de informa\u021bie existent la ora actual\u0103. <strong>Departamentul limbi str\u0103ine<\/strong> desf\u0103\u0219oar\u0103 cursuri de ini\u021biere \u0219i perfec\u021bionare a limbii engleze destinat angaja\u021bilor din cadrul autorit\u0103\u021bilor administrative \u0219i institu\u021biilor subordonate Ministerului Afacerilor Interne.<\/p>\n\n\n\n<p>Scopul cursului EFL este ob\u021binerea \u0219i dezvoltarea competen\u021belor lingvistice prin activit\u0103\u021bi interactive, pragmatice ale lexicului \u015fi normelor corecte de exprimare scris\u0103 \u015fi oral\u0103. Fiecare nivel A1 (\u00eencep\u0103tor), A2 (elementar), A2+ (pre-intermediar), B1 (intermediar), B1+ (intermediar plus), B2 (intermediar superior) sumeaz\u0103 120 ore academice.<\/p>\n\n\n\n<p><a href=\"\/wp-content\/uploads\/2025\/11\/ordin-MAI-curs-L.E.-06.02.2025.pdf\">Cursul de ini\u021biere \u0219i perfec\u021bionare a limbii engleze pentru angaja\u021bii MAI, perioada&nbsp;10.02.-15.07.2025<\/a><br><a href=\"\/wp-content\/uploads\/2025\/11\/ilovepdf_merged.pdf\">Cursul de ini\u0163iere \u015fi perfec\u0163ionare a limbii engeleze pentru angaja\u0163ii MAI, perioada&nbsp;02.09.2024-04.02.2025<\/a><\/p>\n\n\n\n<p><a href=\"\/wp-content\/uploads\/2025\/11\/1.-Ord.-MAI-15-din-15.01.2021.pdf\">1. Ord. MAI 15 din 15.01.2021<\/a><br><a href=\"\/wp-content\/uploads\/2025\/11\/2.-Ord.-MAI-200-din-17.05.2021.pdf\">2. Ord. MAI 200 din 17.05.2021<br><\/a><a href=\"\/wp-content\/uploads\/2025\/11\/3.-Ord.-MAI-367-din-10.09.2021.pdf\">3. Ord. MAI 367 din 10.09.2021<br><\/a><a href=\"\/wp-content\/uploads\/2025\/11\/4.-Ord.-MAI-3-din-04.01.2022.pdf\">4. Ord. MAI 3 din 04.01.2022<br><\/a>5. Ord. MAI 403 din 26.08.2022<br>6. Ord. MAI 581 din 28.11.2022<br><a href=\"\/wp-content\/uploads\/2025\/11\/7.-Ord.-MAI-112-din-28.02.2023.pdf\">7. Ord. MAI 112 din 28.02.2023<br><\/a><a href=\"\/wp-content\/uploads\/2025\/11\/8.-Ord.-412-din-07.09.2023.pdf\">8. Ord. 412 din 07.09.2023<br><\/a><a href=\"\/wp-content\/uploads\/2025\/11\/9.-Ord.-MAI-67-02.02.2024.pdf\">9. Ord. MAI 67 02.02.2024<br><\/a><a href=\"\/wp-content\/uploads\/2025\/11\/10.-Ord.-MAI-471-din-30.08.24.pdf\">10. Ord. MAI 471 din 30.08.24<br><\/a><a href=\"\/wp-content\/uploads\/2025\/11\/11.-Ord.-MAI-64-din-06.02.2025.pdf\">11. Ord. MAI 64 din 06.02.2025<br><\/a><a href=\"\/wp-content\/uploads\/2025\/11\/Ord.MAI-462-din-26.08.2025.pdf\">12. Ord.MAI 462 din 26.08.2025<\/a><br><a href=\"\/wp-content\/uploads\/2025\/11\/Ordin-Academiei-nr.223-22.09.2025.pdf\">13. Ord.MAI 223 din 22.09.2025<\/a><\/p>\n","protected":false},"excerpt":{"rendered":"<p>Cunoa\u0219terea unei limbi str\u0103ine reprezint\u0103 cheia de acces la volumul imens de informa\u021bie existent la ora actual\u0103. Departamentul limbi str\u0103ine desf\u0103\u0219oar\u0103 cursuri de ini\u021biere \u0219i perfec\u021bionare a limbii engleze destinat [&hellip;]<\/p>\n","protected":false},"author":8,"featured_media":0,"parent":13377,"menu_order":0,"comment_status":"closed","ping_status":"closed","template":"","meta":[],"translation":{"provider":"WPGlobus","version":"2.12.2","language":"gb","enabled_languages":["ro","gb"],"languages":{"ro":{"title":true,"content":true,"excerpt":false},"gb":{"title":false,"content":false,"excerpt":false}}},"acf":[],"_links":{"self":[{"href":"https:\/\/www.academy.police.md\/gb\/wp-json\/wp\/v2\/pages\/25395"}],"collection":[{"href":"https:\/\/www.academy.police.md\/gb\/wp-json\/wp\/v2\/pages"}],"about":[{"href":"https:\/\/www.academy.police.md\/gb\/wp-json\/wp\/v2\/types\/page"}],"author":[{"embeddable":true,"href":"https:\/\/www.academy.police.md\/gb\/wp-json\/wp\/v2\/users\/8"}],"replies":[{"embeddable":true,"href":"https:\/\/www.academy.police.md\/gb\/wp-json\/wp\/v2\/comments?post=25395"}],"version-history":[{"count":12,"href":"https:\/\/www.academy.police.md\/gb\/wp-json\/wp\/v2\/pages\/25395\/revisions"}],"predecessor-version":[{"id":30838,"href":"https:\/\/www.academy.police.md\/gb\/wp-json\/wp\/v2\/pages\/25395\/revisions\/30838"}],"up":[{"embeddable":true,"href":"https:\/\/www.academy.police.md\/gb\/wp-json\/wp\/v2\/pages\/13377"}],"wp:attachment":[{"href":"https:\/\/www.academy.police.md\/gb\/wp-json\/wp\/v2\/media?parent=25395"}],"curies":[{"name":"wp","href":"https:\/\/api.w.org\/{rel}","templated":true}]}}