{"id":27160,"date":"2025-09-05T13:33:04","date_gmt":"2025-09-05T10:33:04","guid":{"rendered":"https:\/\/academy.police.md\/?page_id=27160"},"modified":"2025-09-05T13:33:05","modified_gmt":"2025-09-05T10:33:05","slug":"prezentarea-generala-a-catedrei-securitate-a-frontierei-migratie-si-azil","status":"publish","type":"page","link":"https:\/\/www.academy.police.md\/gb\/catedre\/catedra-securitate-a-frontierei-migratie-si-azil\/prezentarea-generala-a-catedrei-securitate-a-frontierei-migratie-si-azil","title":{"rendered":"Prezentarea general\u0103 a Catedrei \u201eSecuritate a frontierei, migra\u021bie \u0219i azil\u201d"},"content":{"rendered":"\n<p>Catedra Securitate a frontierei, migra\u021bie \u0219i azil (\u00een continuare Catedra) este o subdiviziune structural\u0103 fundamental\u0103 a Facult\u0103\u0163ii Drept, administra\u0163ie, ordine \u015fi securitate public\u0103 a Academiei \u201e\u015etefan cel Mare\u201d a MAI al Republicii Moldova (\u00een continuare Academie), care func\u0163ioneaz\u0103 \u00een baza prevederilor legisla\u0163iei \u00een vigoare, Cartei universitare, regulamentelor \u015fi instruc\u0163iunilor institu\u0163iei de \u00eenv\u0103\u0163\u0103m\u00e2nt superior.<\/p>\n\n\n\n<p>Scopul urm\u0103rit de <em>Catedra Securitate a frontierei, migra\u021bie \u0219i azil<\/em> const\u0103 \u00een asigurarea unui proces educa\u021bional de \u00eenalt\u0103 calitate, orientat spre formarea profesional\u0103 a viitorilor speciali\u0219ti \u00een domeniul securit\u0103\u021bii frontierei de stat, gestion\u0103rii fenomenului migra\u021biei, prevenirii \u0219i combaterii criminalit\u0103\u021bii transfrontaliere, prin dezvoltarea competen\u021belor teoretice, practice \u0219i a valorilor necesare exercit\u0103rii atribu\u021biilor specifice. Totodat\u0103, catedra urm\u0103re\u0219te formarea \u0219i perfec\u021bionarea continu\u0103 a corpului didactic, precum \u0219i elaborarea materialelor educa\u021bionale de specialitate.<\/p>\n\n\n\n<p>\u00cen plan didactic, Catedra este o unitate structural\u0103 complex\u0103, care asigur\u0103 totalitatea activit\u0103\u0163ilor didactice (prelegeri, seminare, consulta\u0163ii, stagii de practic\u0103, \u00eendrumarea individual\u0103 a studen\u0163ilor etc.) \u00een cadrul Facult\u0103\u0163ii Drept, adminiastra\u0163ie, ordine \u015fi securitate public\u0103.<\/p>\n\n\n\n<p>Nomenclatorul unit\u0103\u0163ilor de curs include:<\/p>\n\n\n\n<p><strong>Ciclul I \u2013 studii superioare de licen\u0163\u0103:<\/strong><\/p>\n\n\n\n<ul><li>Controlul frontierei de stat (patrula poli\u021biei de frontier\u0103);<\/li><li>Managementul securit\u0103\u021bii frontierei (sectorul poli\u021biei de frontier\u0103);<\/li><li>Managementul migra\u021biei;<\/li><li>Studii \u00een domeniul aplic\u0103rii legii pentru standardele poli\u021biei de frontier\u0103 \u0219i \u00een domeniul migra\u021biei;<\/li><li>Tehnici moderne de prevenire \u0219i descoperire a infrac\u021biunilor transfrontaliere;<\/li><li>Managementul situa\u021biilor de criz\u0103 la frontiera de stat;<\/li><li>Mijloace tehnice speciale de control al frontierei;<\/li><li>Analiza riscurilor la frontier\u0103;<\/li><li>Disciplina de orientare spre specializare: Securitatea frontierei (terestre, fluviale, aeriene) Migra\u021bie \u0219i azil.<\/li><\/ul>\n\n\n\n<p><strong>Ciclul II \u2013 studii superioare de master:<\/strong><\/p>\n\n\n\n<ul><li>Integrarea politicilor de gender \u00een practica interna\u021bional\u0103;<\/li><li>Controlul judec\u0103toresc al legalit\u0103\u021bii actelor administrative;<\/li><li>Managementul frontierelor \u0219i securit\u0103\u021bii migra\u021biei;<\/li><li>Admisia \u0219i reglementarea \u0219ederii;<\/li><li>Sistemul de azil \u0219i apatridie;<\/li><li>Regimul juridic al str\u0103inilor, apatrizilor \u0219i beneficiarilor de protec\u021bie interna\u021bional\u0103;<\/li><li>Drept parlamentar;<\/li><li>Controlul constitu\u021bionalit\u0103\u021bii legilor;<\/li><li>Aspecte teoretico-practice privind fluxurile migra\u021bionale;<\/li><li>Practica contraven\u021bional\u0103 \u00een domeniul migra\u021biei;<\/li><li>Prevenirea \u0219i combaterea migra\u021biei iregulare.<\/li><\/ul>\n\n\n\n<p><strong>Activitatea metodic\u0103, activitatea de cercetare \u015ftiin\u0163ific\u0103<\/strong><\/p>\n\n\n\n<p><strong>activitatea metodic\u0103,<\/strong> realizat\u0103 prin:<\/p>\n\n\n\n<ul><li>preg\u0103tirea pentru predarea cursului ;<\/li><li>elaborarea suporturilor de curs ;<\/li><li>proiectarea didactic\u0103 a activit\u0103\u0163ilor, inclusiv a celor individuale ;<\/li><li>elaborarea de curricula (\u00een cazul efectu\u0103rii unor modific\u0103ri) ;<\/li><li>elaborarea recomand\u0103rilor metodice pentru studen\u0163i ;<\/li><li>elaborarea metodologiilor \u015fi a testelor de evaluare a rezultatelor academice ;<\/li><li>conducerea seminarelor metodologice.<\/li><\/ul>\n\n\n\n<p><strong>activitatea de cercetare,<\/strong> este realizat\u0103 prin:<\/p>\n\n\n\n<ul><li>elaborarea de curricula (\u00een cazul elabor\u0103rii unei noi curricula) ;<\/li><li>elaborarea produselor de program ;<\/li><li>publicarea articolelor \u015ftiin\u0163ifice ;<\/li><li>brevetarea rezultatelor cercet\u0103rii ;<\/li><li>elaborarea \u015fi editarea monografiilor, culegerilor \u015ftiin\u0163ifice ;<\/li><li>participarea la proiecte \u015ftiin\u0163ifice \u015fi coordonarea de proiecte \u015ftiin\u0163ifice ;<\/li><li>participarea la conferin\u0163e \u015ftiin\u0163ifice ;<\/li><\/ul>\n","protected":false},"excerpt":{"rendered":"<p>Catedra Securitate a frontierei, migra\u021bie \u0219i azil (\u00een continuare Catedra) este o subdiviziune structural\u0103 fundamental\u0103 a Facult\u0103\u0163ii Drept, administra\u0163ie, ordine \u015fi securitate public\u0103 a Academiei \u201e\u015etefan cel Mare\u201d a MAI [&hellip;]<\/p>\n","protected":false},"author":8,"featured_media":0,"parent":27155,"menu_order":0,"comment_status":"closed","ping_status":"closed","template":"","meta":[],"translation":{"provider":"WPGlobus","version":"2.12.2","language":"gb","enabled_languages":["ro","gb"],"languages":{"ro":{"title":true,"content":true,"excerpt":false},"gb":{"title":false,"content":false,"excerpt":false}}},"acf":[],"_links":{"self":[{"href":"https:\/\/www.academy.police.md\/gb\/wp-json\/wp\/v2\/pages\/27160"}],"collection":[{"href":"https:\/\/www.academy.police.md\/gb\/wp-json\/wp\/v2\/pages"}],"about":[{"href":"https:\/\/www.academy.police.md\/gb\/wp-json\/wp\/v2\/types\/page"}],"author":[{"embeddable":true,"href":"https:\/\/www.academy.police.md\/gb\/wp-json\/wp\/v2\/users\/8"}],"replies":[{"embeddable":true,"href":"https:\/\/www.academy.police.md\/gb\/wp-json\/wp\/v2\/comments?post=27160"}],"version-history":[{"count":1,"href":"https:\/\/www.academy.police.md\/gb\/wp-json\/wp\/v2\/pages\/27160\/revisions"}],"predecessor-version":[{"id":27161,"href":"https:\/\/www.academy.police.md\/gb\/wp-json\/wp\/v2\/pages\/27160\/revisions\/27161"}],"up":[{"embeddable":true,"href":"https:\/\/www.academy.police.md\/gb\/wp-json\/wp\/v2\/pages\/27155"}],"wp:attachment":[{"href":"https:\/\/www.academy.police.md\/gb\/wp-json\/wp\/v2\/media?parent=27160"}],"curies":[{"name":"wp","href":"https:\/\/api.w.org\/{rel}","templated":true}]}}