{"id":27244,"date":"2025-09-10T12:58:18","date_gmt":"2025-09-10T09:58:18","guid":{"rendered":"https:\/\/academy.police.md\/?page_id=27244"},"modified":"2025-09-10T13:02:48","modified_gmt":"2025-09-10T10:02:48","slug":"elevi","status":"publish","type":"page","link":"https:\/\/www.academy.police.md\/gb\/beneficiarii-programelor\/elevi","title":{"rendered":"Elevi"},"content":{"rendered":"\n<p><a href=\"\/wp-content\/uploads\/2025\/09\/Calendarul-universitar-al-procesului-de-studii-pentru-anul-de-invatamant-2025-2026_rotated-1.pdf\" data-type=\"URL\" data-id=\"\/wp-content\/uploads\/2025\/09\/Calendarul-universitar-al-procesului-de-studii-pentru-anul-de-invatamant-2025-2026_rotated-1.pdf\" target=\"_blank\" rel=\"noreferrer noopener\">Calendarul universitar al procesului de studii pentru anul de \u00eenv\u0103\u0163\u0103m\u00e2nt 2025-2026<\/a><\/p>\n\n\n\n<p><a href=\"\/wp-content\/uploads\/2025\/09\/Graficul-procesului-de-studii-10312-Securitatea-frontierei_rotated.pdf\" data-type=\"URL\" data-id=\"\/wp-content\/uploads\/2025\/09\/Graficul-procesului-de-studii-10312-Securitatea-frontierei_rotated.pdf\" target=\"_blank\" rel=\"noreferrer noopener\">Graficul procesului de studii 10312 &#8211; Securitatea frontierei<\/a><\/p>\n\n\n\n<p><a href=\"\/wp-content\/uploads\/2025\/09\/2.1-anexa-Plan-de-invaiamant.pdf\" data-type=\"URL\" data-id=\"\/wp-content\/uploads\/2025\/09\/2.1-anexa-Plan-de-invaiamant.pdf\" target=\"_blank\" rel=\"noreferrer noopener\">Plan de \u00eenv\u0103\u0163\u0103m\u00e2nt<\/a><\/p>\n","protected":false},"excerpt":{"rendered":"<p>Calendarul universitar al procesului de studii pentru anul de \u00eenv\u0103\u0163\u0103m\u00e2nt 2025-2026 Graficul procesului de studii 10312 &#8211; Securitatea frontierei Plan de \u00eenv\u0103\u0163\u0103m\u00e2nt<\/p>\n","protected":false},"author":8,"featured_media":0,"parent":7279,"menu_order":0,"comment_status":"closed","ping_status":"closed","template":"","meta":[],"translation":{"provider":"WPGlobus","version":"2.12.2","language":"gb","enabled_languages":["ro","gb"],"languages":{"ro":{"title":true,"content":true,"excerpt":false},"gb":{"title":false,"content":false,"excerpt":false}}},"acf":[],"_links":{"self":[{"href":"https:\/\/www.academy.police.md\/gb\/wp-json\/wp\/v2\/pages\/27244"}],"collection":[{"href":"https:\/\/www.academy.police.md\/gb\/wp-json\/wp\/v2\/pages"}],"about":[{"href":"https:\/\/www.academy.police.md\/gb\/wp-json\/wp\/v2\/types\/page"}],"author":[{"embeddable":true,"href":"https:\/\/www.academy.police.md\/gb\/wp-json\/wp\/v2\/users\/8"}],"replies":[{"embeddable":true,"href":"https:\/\/www.academy.police.md\/gb\/wp-json\/wp\/v2\/comments?post=27244"}],"version-history":[{"count":2,"href":"https:\/\/www.academy.police.md\/gb\/wp-json\/wp\/v2\/pages\/27244\/revisions"}],"predecessor-version":[{"id":27254,"href":"https:\/\/www.academy.police.md\/gb\/wp-json\/wp\/v2\/pages\/27244\/revisions\/27254"}],"up":[{"embeddable":true,"href":"https:\/\/www.academy.police.md\/gb\/wp-json\/wp\/v2\/pages\/7279"}],"wp:attachment":[{"href":"https:\/\/www.academy.police.md\/gb\/wp-json\/wp\/v2\/media?parent=27244"}],"curies":[{"name":"wp","href":"https:\/\/api.w.org\/{rel}","templated":true}]}}