{"id":28491,"date":"2025-11-13T11:08:10","date_gmt":"2025-11-13T09:08:10","guid":{"rendered":"https:\/\/academy.police.md\/?page_id=28491"},"modified":"2025-12-09T16:00:03","modified_gmt":"2025-12-09T14:00:03","slug":"planurile-de-masuri-corective","status":"publish","type":"page","link":"https:\/\/www.academy.police.md\/gb\/directia-studii-si-management-al-calitatii\/planurile-de-masuri-corective","title":{"rendered":"Planurile de m\u0103suri corective"},"content":{"rendered":"\n<p><a href=\"\/wp-content\/uploads\/2025\/11\/Masuri-corective-ADMINISTRATIE-PUBLICA.pdf\" data-type=\"URL\" data-id=\"\/wp-content\/uploads\/2025\/11\/Masuri-corective-ADMINISTRATIE-PUBLICA.pdf\" target=\"_blank\" rel=\"noreferrer noopener\">Planul de m\u0103suri corective la programul de studii licen\u021b\u0103 0400.1 Administra\u021bie public\u0103<\/a><\/p>\n\n\n\n<p><a href=\"\/wp-content\/uploads\/2025\/11\/Masuri-corective-DREPT-frecventa-redusa.pdf\" data-type=\"URL\" data-id=\"\/wp-content\/uploads\/2025\/11\/Masuri-corective-DREPT-frecventa-redusa.pdf\" target=\"_blank\" rel=\"noreferrer noopener\">Planul de m\u0103suri corective la programul de studii licen\u021b\u0103 0421.1 Drept, frecv. redus\u0103<\/a><\/p>\n\n\n\n<p><a href=\"\/wp-content\/uploads\/2025\/12\/Plan-masuri-corective-ASI-90-ECTS.pdf\" data-type=\"URL\" data-id=\"\/wp-content\/uploads\/2025\/12\/Plan-masuri-corective-ASI-90-ECTS.pdf\" target=\"_blank\" rel=\"noreferrer noopener\">Planul de m\u0103suri corective la programul de studii master ASI 90 ECTS<\/a><\/p>\n\n\n\n<p><a href=\"\/wp-content\/uploads\/2025\/12\/Plan-masuri-corective-ASI-120-ECTS.pdf\" data-type=\"URL\" data-id=\"\/wp-content\/uploads\/2025\/12\/Plan-masuri-corective-ASI-120-ECTS.pdf\" target=\"_blank\" rel=\"noreferrer noopener\">Planul de m\u0103suri corective la programul de studii master ASI 120 ECTS<\/a><\/p>\n\n\n\n<p><a href=\"\/wp-content\/uploads\/2025\/12\/Plan-masuri-corective-Dr-economic-120-ECTS.pdf\" data-type=\"URL\" data-id=\"\/wp-content\/uploads\/2025\/12\/Plan-masuri-corective-Dr-economic-120-ECTS.pdf\" target=\"_blank\" rel=\"noreferrer noopener\">Planul de m\u0103suri corective la programul de studii master Drept economic 120 ECTS<\/a><\/p>\n","protected":false},"excerpt":{"rendered":"<p>Planul de m\u0103suri corective la programul de studii licen\u021b\u0103 0400.1 Administra\u021bie public\u0103 Planul de m\u0103suri corective la programul de studii licen\u021b\u0103 0421.1 Drept, frecv. redus\u0103 Planul de m\u0103suri corective la [&hellip;]<\/p>\n","protected":false},"author":8,"featured_media":0,"parent":113,"menu_order":0,"comment_status":"closed","ping_status":"closed","template":"","meta":[],"translation":{"provider":"WPGlobus","version":"2.12.2","language":"gb","enabled_languages":["ro","gb"],"languages":{"ro":{"title":true,"content":true,"excerpt":false},"gb":{"title":false,"content":false,"excerpt":false}}},"acf":[],"_links":{"self":[{"href":"https:\/\/www.academy.police.md\/gb\/wp-json\/wp\/v2\/pages\/28491"}],"collection":[{"href":"https:\/\/www.academy.police.md\/gb\/wp-json\/wp\/v2\/pages"}],"about":[{"href":"https:\/\/www.academy.police.md\/gb\/wp-json\/wp\/v2\/types\/page"}],"author":[{"embeddable":true,"href":"https:\/\/www.academy.police.md\/gb\/wp-json\/wp\/v2\/users\/8"}],"replies":[{"embeddable":true,"href":"https:\/\/www.academy.police.md\/gb\/wp-json\/wp\/v2\/comments?post=28491"}],"version-history":[{"count":4,"href":"https:\/\/www.academy.police.md\/gb\/wp-json\/wp\/v2\/pages\/28491\/revisions"}],"predecessor-version":[{"id":29467,"href":"https:\/\/www.academy.police.md\/gb\/wp-json\/wp\/v2\/pages\/28491\/revisions\/29467"}],"up":[{"embeddable":true,"href":"https:\/\/www.academy.police.md\/gb\/wp-json\/wp\/v2\/pages\/113"}],"wp:attachment":[{"href":"https:\/\/www.academy.police.md\/gb\/wp-json\/wp\/v2\/media?parent=28491"}],"curies":[{"name":"wp","href":"https:\/\/api.w.org\/{rel}","templated":true}]}}