{"id":30281,"date":"2026-02-04T09:39:19","date_gmt":"2026-02-04T07:39:19","guid":{"rendered":"https:\/\/academy.police.md\/?page_id=30281"},"modified":"2026-02-20T14:14:20","modified_gmt":"2026-02-20T12:14:20","slug":"etica-si-integritatea-academica-in-cercetare","status":"publish","type":"page","link":"https:\/\/www.academy.police.md\/gb\/etica-si-integritatea-academica-in-cercetare","title":{"rendered":"Etica \u0219i integritatea academic\u0103 \u00een cercetare"},"content":{"rendered":"\n<p>1.&nbsp;<a href=\"https:\/\/academy.police.md\/wp-content\/uploads\/2023\/03\/1.-Codul-cu-privire-la-stiinta-si-inovare.pdf\">Codul cu privire la \u015ftiin\u0163\u0103 \u015fi inovare al Republicii Moldova<\/a>;<\/p>\n\n\n\n<p>2.&nbsp;<a href=\"https:\/\/academy.police.md\/wp-content\/uploads\/2024\/07\/142657.pdf\">LEGE Nr. 82 din 25-05-2017 integrit\u0103\u0163ii;<\/a><\/p>\n\n\n\n<p>3.&nbsp;<a href=\"https:\/\/academy.police.md\/wp-content\/uploads\/2023\/03\/2.-cod-etica.pdf\">Codul de etic\u0103 \u015fi deontologie profesional\u0103 a personalului \u015ftiin\u0163ific \u015fi \u015ftiin\u0163ifico-didactic<\/a>;<\/p>\n\n\n\n<p>4.\u00a0<a href=\"https:\/\/academy.police.md\/wp-content\/uploads\/2023\/03\/4.-Regulament-publicatii_01.03.2022.pdf\">Regulamentul privind publica\u0163iile \u015ftiin\u0163ifice, \u015ftiin\u0163ifico-metodice, didactice \u015fi alte lucr\u0103ri acceptate \u00een procesul de evaluare a cercet\u0103rii \u015fi inov\u0103rii<\/a>;<\/p>\n\n\n\n<p>5. <a href=\"https:\/\/anacec.md\/files\/2025_DECI\/Ghid-Raport_similitudini-plagiat-2025.pdf\" data-type=\"URL\" data-id=\"https:\/\/anacec.md\/files\/2025_DECI\/Ghid-Raport_similitudini-plagiat-2025.pdf\" target=\"_blank\" rel=\"noreferrer noopener\">Ghid pentru analiza \u0219i interpretarea Raportului de similitudini \u0219i a plagiatului identificat \u00een lucr\u0103rile prezentate la ANACEC<\/a><\/p>\n\n\n\n<p>6. <a href=\"https:\/\/idsi.md\/files\/file\/GHID-Identificare_practici_pradatoare_DOI-ISBN_compressed.pdf\" data-type=\"URL\" data-id=\"https:\/\/idsi.md\/files\/file\/GHID-Identificare_practici_pradatoare_DOI-ISBN_compressed.pdf\" target=\"_blank\" rel=\"noreferrer noopener\">Ghid pentru identificarea \u0219i prevenirea practicilor pr\u0103d\u0103toare \u00een comunicarea \u0219tiin\u021bific\u0103<\/a><\/p>\n","protected":false},"excerpt":{"rendered":"<p>1.&nbsp;Codul cu privire la \u015ftiin\u0163\u0103 \u015fi inovare al Republicii Moldova; 2.&nbsp;LEGE Nr. 82 din 25-05-2017 integrit\u0103\u0163ii; 3.&nbsp;Codul de etic\u0103 \u015fi deontologie profesional\u0103 a personalului \u015ftiin\u0163ific \u015fi \u015ftiin\u0163ifico-didactic; 4.\u00a0Regulamentul privind publica\u0163iile [&hellip;]<\/p>\n","protected":false},"author":8,"featured_media":0,"parent":0,"menu_order":0,"comment_status":"closed","ping_status":"closed","template":"","meta":[],"translation":{"provider":"WPGlobus","version":"2.12.2","language":"gb","enabled_languages":["ro","gb"],"languages":{"ro":{"title":true,"content":true,"excerpt":false},"gb":{"title":false,"content":false,"excerpt":false}}},"acf":[],"_links":{"self":[{"href":"https:\/\/www.academy.police.md\/gb\/wp-json\/wp\/v2\/pages\/30281"}],"collection":[{"href":"https:\/\/www.academy.police.md\/gb\/wp-json\/wp\/v2\/pages"}],"about":[{"href":"https:\/\/www.academy.police.md\/gb\/wp-json\/wp\/v2\/types\/page"}],"author":[{"embeddable":true,"href":"https:\/\/www.academy.police.md\/gb\/wp-json\/wp\/v2\/users\/8"}],"replies":[{"embeddable":true,"href":"https:\/\/www.academy.police.md\/gb\/wp-json\/wp\/v2\/comments?post=30281"}],"version-history":[{"count":3,"href":"https:\/\/www.academy.police.md\/gb\/wp-json\/wp\/v2\/pages\/30281\/revisions"}],"predecessor-version":[{"id":30662,"href":"https:\/\/www.academy.police.md\/gb\/wp-json\/wp\/v2\/pages\/30281\/revisions\/30662"}],"wp:attachment":[{"href":"https:\/\/www.academy.police.md\/gb\/wp-json\/wp\/v2\/media?parent=30281"}],"curies":[{"name":"wp","href":"https:\/\/api.w.org\/{rel}","templated":true}]}}