{"id":32323,"date":"2026-04-27T12:09:48","date_gmt":"2026-04-27T09:09:48","guid":{"rendered":"https:\/\/academy.police.md\/?page_id=32323"},"modified":"2026-04-27T12:09:48","modified_gmt":"2026-04-27T09:09:48","slug":"prezentare-generala","status":"publish","type":"page","link":"https:\/\/www.academy.police.md\/gb\/institutul-de-cercetari-stiintifice-si-drept-comparat\/prezentare-generala","title":{"rendered":"Prezentare general\u0103"},"content":{"rendered":"\n<p>Institutul de cercet\u0103ri \u0219tiin\u021bifice \u0219i drept comparat din cadrul Academiei \u201e\u0218tefan cel Mare\u201d a Ministerului Afacerilor Interne al Republicii Moldova reprezint\u0103 o structur\u0103 academic\u0103 specializat\u0103, dedicat\u0103 dezvolt\u0103rii cercet\u0103rii \u0219tiin\u021bifice \u00een domeniul dreptului, criminalisticii \u0219i al securit\u0103\u021bii publice.<\/p>\n\n\n\n<p>Institutul are misiunea de a genera \u0219i valorifica cunoa\u0219terea \u0219tiin\u021bific\u0103 prin realizarea de cercet\u0103ri fundamentale \u0219i aplicative, orientate spre solu\u021bionarea problemelor actuale ale sistemului de ordine public\u0103 \u0219i adaptarea acestuia la standardele europene. Activitatea sa contribuie at\u00e2t la dezvoltarea doctrinei juridice, c\u00e2t \u0219i la perfec\u021bionarea cadrului normativ \u0219i a practicilor institu\u021bionale din domeniul aplic\u0103rii legii.<\/p>\n\n\n\n<p>\u00cen cadrul Institutului sunt promovate:<\/p>\n\n\n\n<ul><li>cercetarea interdisciplinar\u0103 \u00een domeniile dreptului penal, procesual penal, criminalisticii, ordinii \u0219i securit\u0103\u021bii publice, securit\u0103\u021bii informa\u021bionale etc.,<\/li><li>studiile de drept comparat, menite s\u0103 sprijine armonizarea legisla\u021biei na\u021bionale cu acquis-ul Uniunii Europene;<\/li><li>proiectele de cercetare cu impact aplicativ, relevante pentru activitatea organelor de drept;<\/li><li>colaborarea \u0219tiin\u021bific\u0103 na\u021bional\u0103 \u0219i interna\u021bional\u0103 cu institu\u021bii academice \u0219i centre de cercetare.<\/li><\/ul>\n\n\n\n<p>Institutul asigur\u0103, totodat\u0103, organizarea manifest\u0103rilor \u0219tiin\u021bifice (conferin\u021be, simpozioane, mese rotunde), editarea \u0219i diseminarea rezultatelor cercet\u0103rii, precum \u0219i integrarea acestora \u00een procesul educa\u021bional \u0219i \u00een activitatea practic\u0103 a subdiviziunilor Ministerului Afacerilor Interne.<\/p>\n\n\n\n<p>Prin activitatea sa, Institutul contribuie la formarea unei comunit\u0103\u021bi academice performante, la dezvoltarea cercet\u0103rii de excelen\u021b\u0103 \u0219i la consolidarea rolului Academiei \u201e\u0218tefan cel Mare\u201d ca pol de referin\u021b\u0103 \u00een domeniul cercet\u0103rii juridice \u0219i criminalistice.<\/p>\n","protected":false},"excerpt":{"rendered":"<p>Institutul de cercet\u0103ri \u0219tiin\u021bifice \u0219i drept comparat din cadrul Academiei \u201e\u0218tefan cel Mare\u201d a Ministerului Afacerilor Interne al Republicii Moldova reprezint\u0103 o structur\u0103 academic\u0103 specializat\u0103, dedicat\u0103 dezvolt\u0103rii cercet\u0103rii \u0219tiin\u021bifice \u00een [&hellip;]<\/p>\n","protected":false},"author":8,"featured_media":0,"parent":30275,"menu_order":0,"comment_status":"closed","ping_status":"closed","template":"","meta":[],"translation":{"provider":"WPGlobus","version":"2.12.2","language":"gb","enabled_languages":["ro","gb"],"languages":{"ro":{"title":true,"content":true,"excerpt":false},"gb":{"title":false,"content":false,"excerpt":false}}},"acf":[],"_links":{"self":[{"href":"https:\/\/www.academy.police.md\/gb\/wp-json\/wp\/v2\/pages\/32323"}],"collection":[{"href":"https:\/\/www.academy.police.md\/gb\/wp-json\/wp\/v2\/pages"}],"about":[{"href":"https:\/\/www.academy.police.md\/gb\/wp-json\/wp\/v2\/types\/page"}],"author":[{"embeddable":true,"href":"https:\/\/www.academy.police.md\/gb\/wp-json\/wp\/v2\/users\/8"}],"replies":[{"embeddable":true,"href":"https:\/\/www.academy.police.md\/gb\/wp-json\/wp\/v2\/comments?post=32323"}],"version-history":[{"count":1,"href":"https:\/\/www.academy.police.md\/gb\/wp-json\/wp\/v2\/pages\/32323\/revisions"}],"predecessor-version":[{"id":32324,"href":"https:\/\/www.academy.police.md\/gb\/wp-json\/wp\/v2\/pages\/32323\/revisions\/32324"}],"up":[{"embeddable":true,"href":"https:\/\/www.academy.police.md\/gb\/wp-json\/wp\/v2\/pages\/30275"}],"wp:attachment":[{"href":"https:\/\/www.academy.police.md\/gb\/wp-json\/wp\/v2\/media?parent=32323"}],"curies":[{"name":"wp","href":"https:\/\/api.w.org\/{rel}","templated":true}]}}