{"id":32459,"date":"2026-04-29T00:07:42","date_gmt":"2026-04-28T21:07:42","guid":{"rendered":"https:\/\/academy.police.md\/?page_id=32459"},"modified":"2026-04-29T00:07:42","modified_gmt":"2026-04-28T21:07:42","slug":"planurile-de-masuri-corective","status":"publish","type":"page","link":"https:\/\/www.academy.police.md\/gb\/directia-centrul-integrat-de-pregatire-pentru-aplicarea-legii\/structura-directiei-cipal\/planurile-de-masuri-corective","title":{"rendered":"Planurile de m\u0103suri corective"},"content":{"rendered":"\n<p><a href=\"\/wp-content\/uploads\/2026\/04\/Programul-de-formare-profesionala-10312-Securitatea-frontierei.pdf\" data-type=\"URL\" data-id=\"\/wp-content\/uploads\/2026\/04\/Programul-de-formare-profesionala-10312-Securitatea-frontierei.pdf\" target=\"_blank\" rel=\"noreferrer noopener\">Programul de formare profesional\u0103 10312 Securitatea frontierei<\/a><\/p>\n\n\n\n<p><a href=\"\/wp-content\/uploads\/2026\/04\/Programul-de-formare-profesionala-10311-Securitatea-Civila.pdf\" data-type=\"URL\" data-id=\"\/wp-content\/uploads\/2026\/04\/Programul-de-formare-profesionala-10311-Securitatea-Civila.pdf\" target=\"_blank\" rel=\"noreferrer noopener\">Programul de formare profesional\u0103 10311 Securitatea Civil\u0103<\/a><\/p>\n","protected":false},"excerpt":{"rendered":"<p>Programul de formare profesional\u0103 10312 Securitatea frontierei Programul de formare profesional\u0103 10311 Securitatea Civil\u0103<\/p>\n","protected":false},"author":8,"featured_media":0,"parent":3632,"menu_order":0,"comment_status":"closed","ping_status":"closed","template":"","meta":[],"translation":{"provider":"WPGlobus","version":"2.12.2","language":"gb","enabled_languages":["ro","gb"],"languages":{"ro":{"title":true,"content":true,"excerpt":false},"gb":{"title":false,"content":false,"excerpt":false}}},"acf":[],"_links":{"self":[{"href":"https:\/\/www.academy.police.md\/gb\/wp-json\/wp\/v2\/pages\/32459"}],"collection":[{"href":"https:\/\/www.academy.police.md\/gb\/wp-json\/wp\/v2\/pages"}],"about":[{"href":"https:\/\/www.academy.police.md\/gb\/wp-json\/wp\/v2\/types\/page"}],"author":[{"embeddable":true,"href":"https:\/\/www.academy.police.md\/gb\/wp-json\/wp\/v2\/users\/8"}],"replies":[{"embeddable":true,"href":"https:\/\/www.academy.police.md\/gb\/wp-json\/wp\/v2\/comments?post=32459"}],"version-history":[{"count":1,"href":"https:\/\/www.academy.police.md\/gb\/wp-json\/wp\/v2\/pages\/32459\/revisions"}],"predecessor-version":[{"id":32462,"href":"https:\/\/www.academy.police.md\/gb\/wp-json\/wp\/v2\/pages\/32459\/revisions\/32462"}],"up":[{"embeddable":true,"href":"https:\/\/www.academy.police.md\/gb\/wp-json\/wp\/v2\/pages\/3632"}],"wp:attachment":[{"href":"https:\/\/www.academy.police.md\/gb\/wp-json\/wp\/v2\/media?parent=32459"}],"curies":[{"name":"wp","href":"https:\/\/api.w.org\/{rel}","templated":true}]}}