{"id":3342,"date":"2021-06-16T08:07:18","date_gmt":"2021-06-16T08:07:18","guid":{"rendered":"http:\/\/academy.police.md\/?page_id=3342"},"modified":"2022-10-24T11:59:41","modified_gmt":"2022-10-24T08:59:41","slug":"biroul-senatului","status":"publish","type":"page","link":"https:\/\/www.academy.police.md\/gb\/senat\/biroul-senatului","title":{"rendered":"Biroul Senatului"},"content":{"rendered":"\n<div style=\"text-indent: 36pt; text-align: justify;\"><b>Func\u0163iile Biroului Senatului:<\/b><\/div>\n<div>&nbsp; <\/div>\n<div style=\"text-indent: 36pt; text-align: justify;\">&#8211; preg\u0103te\u0219te, convoac\u0103 \u0219i asigur\u0103 desf\u0103\u0219urarea \u00een bune condi\u021bii a \u0219edin\u021belor ordinare \u0219i extraordinare ale Senatului;<\/div>\n<div style=\"text-indent: 36pt; text-align: justify;\">&#8211; asigur\u0103 \u00eendeplinirea hot\u0103r\u00e2rilor senatului \u0219i rezolv\u0103 problemele curente ale institu\u021biei \u00een perioada dintre \u0219edin\u021bele Senatului;<\/div>\n<div style=\"text-indent: 36pt; text-align: justify;\">&#8211; prezint\u0103 raportul trimestrial despre \u00eendeplinirea hot\u0103r\u00e2rilor Senatului;<\/div>\n<div style=\"text-indent: 36pt; text-align: justify;\">&#8211; asigur\u0103 leg\u0103tura dintre institu\u021bie \u0219i Ministerul Afacerilor Interne, Ministerul Educa\u021biei, Culturii \u0219i Cercet\u0103rii, administra\u021bia public\u0103 central\u0103 \u0219i local\u0103, institu\u021biile publice \u0219i private;<\/div>\n<div style=\"text-indent: 36pt; text-align: justify;\">&#8211; coopereaz\u0103 cu subdiviziunile institu\u021biei pentru realizarea atribu\u021biilor acestora, asigur\u00e2nd conducerea \u0219i coordonarea activit\u0103\u021bii lor;<\/div>\n<div style=\"text-indent: 36pt; text-align: justify;\">&#8211; informeaz\u0103 \u00eentreaga comunitate academic\u0103 a institu\u021biei asupra actelor decizionale ale senatului \u0219i a celor proprii;<\/div>\n<div style=\"text-indent: 36pt; text-align: justify;\">&#8211; aprob\u0103 delegarea personalului didactico-\u0219tiin\u021bific la activit\u0103\u021bi de perfec\u021bionare \u0219i la manifest\u0103ri \u0219tiin\u021bifice organizate \u00een \u021bar\u0103 \u0219i str\u0103in\u0103tate;<\/div>\n<div style=\"text-indent: 36pt; text-align: justify;\">&#8211; decide asupra utiliz\u0103rii \u00eensemnelor \u0219i simbolurilor institu\u021biei \u00een conformitate cu reglement\u0103rile legale;<\/div>\n<div style=\"text-indent: 36pt; text-align: justify;\">&#8211; \u00eenainteaz\u0103 propuneri senatului privitoare la constituirea comisiilor permanente \u0219i speciale ale senatului \u0219i la componen\u021ba nominal\u0103 a acestora, aprob\u0103 regulamentele de func\u021bionare a comisiilor \u00een cauz\u0103;<\/div>\n<div style=\"text-indent: 36pt; text-align: justify;\">&#8211; examineaz\u0103 propunerile \u00eenaintate de unit\u0103\u021bile structurale ale institu\u021biei, delibereaz\u0103 asupra acestora \u0219i \u00eenainteaz\u0103 cazurile majore spre analiz\u0103 \u0219i decizie \u00een senat. Se consider\u0103 a fi caz major cel care prive\u0219te sanc\u021bionarea grav\u0103 a unui cadru didactic, cercet\u0103tor, func\u021bionar, student, masterand sau doctorand care \u00eencalc\u0103 prevederile Cartei universitare a institu\u021biei \u0219i ale regulamentelor institu\u021bionale, normele actelor departamentale ale Ministerului Afacerilor Interne \u0219i ale Ministerului Educa\u021biei, Culturii \u0219i Cercet\u0103rii;<\/div>\n<div style=\"text-indent: 36pt; text-align: justify;\">&#8211; r\u0103spunde \u00een scris sau verbal, prin intermediul secretarului \u0219tiin\u021bific al senatului, la \u00eentreb\u0103rile (interpel\u0103rile) prezentate \u00een \u0219edin\u021be de membrii senatului;<\/div>\n<div style=\"text-indent: 36pt; text-align: justify;\">&#8211; \u00eendepline\u0219te orice alte atribu\u021bii ce deriv\u0103 din prezentul Regulament sau \u00eens\u0103rcin\u0103ri primite din partea senatului.<\/div>\n<div>&nbsp; <\/div>\n<div style=\"text-indent: 36pt; text-align: justify;\"><b>Membrii Biroului Senatului<\/b><\/div>\n<div style=\"text-indent: 36pt; text-align: justify;\">Dinu Ostavciuc, Rector, doctor \u00een drept, conf. univ., comisar-\u015fef<\/div>\n<div style=\"text-indent: 36pt; text-align: justify;\">Iurie Odagiu, Prorector pentru studii \u015fi management al calit\u0103\u0163ii, doctor \u00een drept, conf. univ., comisar-\u015fef<\/div>\n<div style=\"text-indent: 36pt; text-align: justify;\">Iulian Ca\u0163, Prorector pentru personal \u015fi educa\u0163ie, comisar-\u015fef<\/div>\n<div style=\"text-indent: 36pt; text-align: justify;\">Ranga Nicolai Piotr, Prorector pentru administrare \u0219i gestionare proiecte<\/div>\n<div style=\"text-indent: 36pt; text-align: justify;\">Veaceslav Ursu, Decan al Facult\u0103\u0163ii drept, ordine public\u0103 \u0219i securitate civil\u0103, doctor \u00een drept, conf. univ., comisar-\u015fef<\/div>\n<div style=\"text-indent: 36pt; text-align: justify;\">Boris Glavan, Secretar \u015ftiin\u0163ific al Senatului, doctor \u00een drept, conf. univ.<\/div>\n","protected":false},"excerpt":{"rendered":"<p>Func\u0163iile Biroului Senatului: &nbsp; &#8211; preg\u0103te\u0219te, convoac\u0103 \u0219i asigur\u0103 desf\u0103\u0219urarea \u00een bune condi\u021bii a \u0219edin\u021belor ordinare \u0219i extraordinare ale Senatului; &#8211; asigur\u0103 \u00eendeplinirea hot\u0103r\u00e2rilor senatului \u0219i rezolv\u0103 problemele curente ale [&hellip;]<\/p>\n","protected":false},"author":10,"featured_media":0,"parent":104,"menu_order":0,"comment_status":"closed","ping_status":"closed","template":"","meta":[],"translation":{"provider":"WPGlobus","version":"2.12.2","language":"gb","enabled_languages":["ro","gb"],"languages":{"ro":{"title":true,"content":true,"excerpt":false},"gb":{"title":false,"content":false,"excerpt":false}}},"acf":[],"_links":{"self":[{"href":"https:\/\/www.academy.police.md\/gb\/wp-json\/wp\/v2\/pages\/3342"}],"collection":[{"href":"https:\/\/www.academy.police.md\/gb\/wp-json\/wp\/v2\/pages"}],"about":[{"href":"https:\/\/www.academy.police.md\/gb\/wp-json\/wp\/v2\/types\/page"}],"author":[{"embeddable":true,"href":"https:\/\/www.academy.police.md\/gb\/wp-json\/wp\/v2\/users\/10"}],"replies":[{"embeddable":true,"href":"https:\/\/www.academy.police.md\/gb\/wp-json\/wp\/v2\/comments?post=3342"}],"version-history":[{"count":6,"href":"https:\/\/www.academy.police.md\/gb\/wp-json\/wp\/v2\/pages\/3342\/revisions"}],"predecessor-version":[{"id":8663,"href":"https:\/\/www.academy.police.md\/gb\/wp-json\/wp\/v2\/pages\/3342\/revisions\/8663"}],"up":[{"embeddable":true,"href":"https:\/\/www.academy.police.md\/gb\/wp-json\/wp\/v2\/pages\/104"}],"wp:attachment":[{"href":"https:\/\/www.academy.police.md\/gb\/wp-json\/wp\/v2\/media?parent=3342"}],"curies":[{"name":"wp","href":"https:\/\/api.w.org\/{rel}","templated":true}]}}