{"id":3345,"date":"2021-06-16T08:07:44","date_gmt":"2021-06-16T08:07:44","guid":{"rendered":"http:\/\/academy.police.md\/?page_id=3345"},"modified":"2024-02-01T14:37:45","modified_gmt":"2024-02-01T12:37:45","slug":"membrii-senatului","status":"publish","type":"page","link":"https:\/\/www.academy.police.md\/gb\/senat\/membrii-senatului","title":{"rendered":"Membrii Senatului"},"content":{"rendered":"\n<div style=\"text-indent: 36pt; text-align: justify;\">Membrii Senatului sunt ale\u015fi prin vot direct \u015fi secret din personalul didactic, \u015ftiin\u0163ifico-didactic \u015fi auxiliar. Studen\u021bii sunt reprezenta\u0163i \u00een senat \u00een propor\u0163ie de 25%. S\u00e2nt din oficiu membri ai senatului rectorul, prorectorii, decanii, personalul ce ocup\u0103 func\u021bii echivalate ca nivel ierarhic decanului. <\/div>\n<div style=\"text-indent: 36pt; text-align: justify;\">Durata mandatului senatului este de 5 ani, sincronizat\u0103 cu durata mandatului rectorului. Durata mandatului membrilor senatului din r\u00e2ndul studen\u0163ilor este de un an, cu posibilitatea re\u00eennoirii mandatului.<\/div>\n<div style=\"text-indent: 36pt; text-align: justify;\">Componen\u0163a Senatului pentru legislatura 2019-2024 a fost aleas\u0103 \u00een conformitate cu Regulamentul-cadru privind organizarea \u015fi func\u0163ionarea organelor de conducere ale institu\u0163iilor de \u00eenv\u0103\u0163\u0103m\u00e2nt superior din Republica Moldova, pus \u00een aplicare prin Ordinul Ministerului Educa\u0163iei nr. 10 din 14.01.2015.<\/div>\n<div><a href=\" \">Componen\u021ba senatului universitar<\/a><\/div>\n","protected":false},"excerpt":{"rendered":"<p>Membrii Senatului sunt ale\u015fi prin vot direct \u015fi secret din personalul didactic, \u015ftiin\u0163ifico-didactic \u015fi auxiliar. Studen\u021bii sunt reprezenta\u0163i \u00een senat \u00een propor\u0163ie de 25%. S\u00e2nt din oficiu membri ai senatului [&hellip;]<\/p>\n","protected":false},"author":10,"featured_media":0,"parent":104,"menu_order":0,"comment_status":"closed","ping_status":"closed","template":"","meta":[],"translation":{"provider":"WPGlobus","version":"2.12.2","language":"gb","enabled_languages":["ro","gb"],"languages":{"ro":{"title":true,"content":true,"excerpt":false},"gb":{"title":false,"content":false,"excerpt":false}}},"acf":[],"_links":{"self":[{"href":"https:\/\/www.academy.police.md\/gb\/wp-json\/wp\/v2\/pages\/3345"}],"collection":[{"href":"https:\/\/www.academy.police.md\/gb\/wp-json\/wp\/v2\/pages"}],"about":[{"href":"https:\/\/www.academy.police.md\/gb\/wp-json\/wp\/v2\/types\/page"}],"author":[{"embeddable":true,"href":"https:\/\/www.academy.police.md\/gb\/wp-json\/wp\/v2\/users\/10"}],"replies":[{"embeddable":true,"href":"https:\/\/www.academy.police.md\/gb\/wp-json\/wp\/v2\/comments?post=3345"}],"version-history":[{"count":8,"href":"https:\/\/www.academy.police.md\/gb\/wp-json\/wp\/v2\/pages\/3345\/revisions"}],"predecessor-version":[{"id":17389,"href":"https:\/\/www.academy.police.md\/gb\/wp-json\/wp\/v2\/pages\/3345\/revisions\/17389"}],"up":[{"embeddable":true,"href":"https:\/\/www.academy.police.md\/gb\/wp-json\/wp\/v2\/pages\/104"}],"wp:attachment":[{"href":"https:\/\/www.academy.police.md\/gb\/wp-json\/wp\/v2\/media?parent=3345"}],"curies":[{"name":"wp","href":"https:\/\/api.w.org\/{rel}","templated":true}]}}