{"id":3421,"date":"2021-06-16T13:22:45","date_gmt":"2021-06-16T13:22:45","guid":{"rendered":"http:\/\/academy.police.md\/?page_id=3421"},"modified":"2025-05-21T11:09:17","modified_gmt":"2025-05-21T08:09:17","slug":"poligon-criminalistic","status":"publish","type":"page","link":"https:\/\/www.academy.police.md\/gb\/poligon-criminalistic","title":{"rendered":"Poligon criminalistic"},"content":{"rendered":"\n<p><strong>Dispozi\u0163ii generale:<\/strong><\/p>\n\n\n\n<p>Poligonul \u2013 \u00eenc\u0103pere specializat\u0103 dotat\u0103 pentru desf\u0103\u0219urarea orelor practice la criminalistic\u0103, drept procesual penal, module de specializare \u201eActivitate de urm\u0103rire penal\u0103\u201d \u015fi \u201eCriminalistic\u0103 \u0219i expertize judiciare\u201d \u0219i alte discipline, al c\u0103ror con\u021binut prevede desf\u0103\u0219urarea aplica\u0163iilor criminalistice care contribuie la formarea \u00een r\u00e2ndul studen\u021bilor, doctoranzilor \u015fi audien\u0163ilor a competen\u021belor profesionale. Gestionarea poligonului criminalistic se efectueaz\u0103 \u00een baza prevederilor Codului educa\u021biei al Republicii Moldova, Carta Universitar\u0103 a Academiei \u201e\u015etefan cel Mare\u201d a MAI, regulamentul catedrei \u0219i alte acte institu\u021bionale interne.<\/p>\n\n\n\n<p><strong><em>Scopul principal al poligonului<\/em><\/strong><strong> <\/strong>este asigurarea activit\u0103\u0163ii organizatorico-metodologic\u0103 a lec\u021biilor practice cu aplicarea metodelor progresive de instruire, precum \u0219i crearea condi\u021biilor favorabile pentru desf\u0103\u0219urarea instruirii la disciplinele de specializare.<\/p>\n\n\n\n<p><strong><em>Sarcinile poligonului<\/em><\/strong><em>:<\/em><em><\/em><\/p>\n\n\n\n<ul><li>asigurarea lec\u021biilor practice cu suport metodologic \u0219i informa\u021bional-tehnologic;<\/li><li>asigurarea suportului organizatoric-metodologic a procesului instructiv-didactic;<\/li><li>formarea deprinderilor practice \u0219i abilit\u0103\u021bilor, \u00een domeniile:<\/li><\/ul>\n\n\n\n<p>\u2013 realizarea fotografiei judiciare a video-filmului judiciar;<\/p>\n\n\n\n<p>\u2013 investigarea criminalistic\u0103 a urmelor: form\u0103, materie, obiect (dactiloscopia judiciar\u0103, traseologia judiciar\u0103);<\/p>\n\n\n\n<p>\u2013 examinarea criminalistic\u0103 a armelor de foc descoperite la locul faptei;<\/p>\n\n\n\n<p>\u2013 investigarea criminalistic\u0103 a aspectului exterior al persoanei;<\/p>\n\n\n\n<p>\u2013 examinarea criminalistic\u0103 a documentelor \u0219i a textelor scrise de m\u00e2n\u0103 descoperite la locul faptei;<\/p>\n\n\n\n<p>\u2013 tactica efectu\u0103rii ac\u021biunilor de urm\u0103rire penal\u0103;<\/p>\n\n\n\n<p>\u2013 cercetarea criminalistic\u0103 a anumitor genuri de infrac\u021biuni etc.<strong><\/strong><\/p>\n\n\n\n<p><strong><em>Structura poligonului include: <\/em><\/strong><strong><em><\/em><\/strong><\/p>\n\n\n\n<p>1. s\u0103li pentru activit\u0103\u0163i teoretice<\/p>\n\n\n\n<p>2. s\u0103li pentru lec\u0163ii practice.<\/p>\n\n\n\n<figure class=\"wp-block-gallery columns-3 is-cropped\"><ul class=\"blocks-gallery-grid\"><li class=\"blocks-gallery-item\"><figure><img loading=\"lazy\" width=\"1024\" height=\"683\" src=\"\/wp-content\/uploads\/2025\/05\/undp-74_54442990045_o-1024x683-2.jpg\" alt=\"\" data-id=\"25282\" data-full-url=\"\/wp-content\/uploads\/2025\/05\/undp-74_54442990045_o-1024x683-2.jpg\" data-link=\"https:\/\/academy.police.md\/poligon-criminalistic\/undp-74_54442990045_o-1024x683-2\" class=\"wp-image-25282\" srcset=\"\/wp-content\/uploads\/2025\/05\/undp-74_54442990045_o-1024x683-2.jpg 1024w, \/wp-content\/uploads\/2025\/05\/undp-74_54442990045_o-1024x683-2-300x200.jpg 300w, \/wp-content\/uploads\/2025\/05\/undp-74_54442990045_o-1024x683-2-768x512.jpg 768w\" sizes=\"(max-width: 1024px) 100vw, 1024px\" \/><\/figure><\/li><li class=\"blocks-gallery-item\"><figure><img loading=\"lazy\" width=\"1024\" height=\"683\" src=\"\/wp-content\/uploads\/2025\/05\/undp-43_54442865518_o-1024x683.jpg\" alt=\"\" data-id=\"25260\" data-full-url=\"\/wp-content\/uploads\/2025\/05\/undp-43_54442865518_o.jpg\" data-link=\"https:\/\/academy.police.md\/undp-43_54442865518_o\" class=\"wp-image-25260\" srcset=\"\/wp-content\/uploads\/2025\/05\/undp-43_54442865518_o-1024x683.jpg 1024w, \/wp-content\/uploads\/2025\/05\/undp-43_54442865518_o-300x200.jpg 300w, \/wp-content\/uploads\/2025\/05\/undp-43_54442865518_o-768x512.jpg 768w, \/wp-content\/uploads\/2025\/05\/undp-43_54442865518_o-1536x1024.jpg 1536w, \/wp-content\/uploads\/2025\/05\/undp-43_54442865518_o-2048x1366.jpg 2048w\" sizes=\"(max-width: 1024px) 100vw, 1024px\" \/><\/figure><\/li><li class=\"blocks-gallery-item\"><figure><img loading=\"lazy\" width=\"1024\" height=\"683\" src=\"\/wp-content\/uploads\/2025\/05\/undp-45_54442619336_o-1024x683.jpg\" alt=\"\" data-id=\"25284\" data-full-url=\"\/wp-content\/uploads\/2025\/05\/undp-45_54442619336_o.jpg\" data-link=\"https:\/\/academy.police.md\/undp-45_54442619336_o\" class=\"wp-image-25284\" srcset=\"\/wp-content\/uploads\/2025\/05\/undp-45_54442619336_o-1024x683.jpg 1024w, \/wp-content\/uploads\/2025\/05\/undp-45_54442619336_o-300x200.jpg 300w, \/wp-content\/uploads\/2025\/05\/undp-45_54442619336_o-768x512.jpg 768w, \/wp-content\/uploads\/2025\/05\/undp-45_54442619336_o-1536x1024.jpg 1536w, \/wp-content\/uploads\/2025\/05\/undp-45_54442619336_o-2048x1366.jpg 2048w\" sizes=\"(max-width: 1024px) 100vw, 1024px\" \/><\/figure><\/li><li class=\"blocks-gallery-item\"><figure><img loading=\"lazy\" width=\"1024\" height=\"683\" src=\"\/wp-content\/uploads\/2025\/05\/undp-124_54442619391_o-1024x683.jpg\" alt=\"\" data-id=\"25280\" data-full-url=\"\/wp-content\/uploads\/2025\/05\/undp-124_54442619391_o.jpg\" data-link=\"https:\/\/academy.police.md\/undp-124_54442619391_o\" class=\"wp-image-25280\" srcset=\"\/wp-content\/uploads\/2025\/05\/undp-124_54442619391_o-1024x683.jpg 1024w, \/wp-content\/uploads\/2025\/05\/undp-124_54442619391_o-300x200.jpg 300w, \/wp-content\/uploads\/2025\/05\/undp-124_54442619391_o-768x512.jpg 768w, \/wp-content\/uploads\/2025\/05\/undp-124_54442619391_o-1536x1024.jpg 1536w, \/wp-content\/uploads\/2025\/05\/undp-124_54442619391_o-2048x1366.jpg 2048w\" sizes=\"(max-width: 1024px) 100vw, 1024px\" \/><\/figure><\/li><li class=\"blocks-gallery-item\"><figure><img loading=\"lazy\" width=\"683\" height=\"1024\" src=\"\/wp-content\/uploads\/2025\/05\/undp-118_54442865368_o-683x1024.jpg\" alt=\"\" data-id=\"25278\" data-full-url=\"\/wp-content\/uploads\/2025\/05\/undp-118_54442865368_o.jpg\" data-link=\"https:\/\/academy.police.md\/undp-118_54442865368_o\" class=\"wp-image-25278\" srcset=\"\/wp-content\/uploads\/2025\/05\/undp-118_54442865368_o-683x1024.jpg 683w, \/wp-content\/uploads\/2025\/05\/undp-118_54442865368_o-200x300.jpg 200w, \/wp-content\/uploads\/2025\/05\/undp-118_54442865368_o-768x1152.jpg 768w, \/wp-content\/uploads\/2025\/05\/undp-118_54442865368_o-1024x1536.jpg 1024w, \/wp-content\/uploads\/2025\/05\/undp-118_54442865368_o-1366x2048.jpg 1366w, \/wp-content\/uploads\/2025\/05\/undp-118_54442865368_o.jpg 1667w\" sizes=\"(max-width: 683px) 100vw, 683px\" \/><\/figure><\/li><li class=\"blocks-gallery-item\"><figure><img loading=\"lazy\" width=\"1024\" height=\"683\" src=\"\/wp-content\/uploads\/2025\/05\/undp-116_54441762172_o-1024x683.jpg\" alt=\"\" data-id=\"25277\" data-full-url=\"\/wp-content\/uploads\/2025\/05\/undp-116_54441762172_o.jpg\" data-link=\"https:\/\/academy.police.md\/undp-116_54441762172_o\" class=\"wp-image-25277\" srcset=\"\/wp-content\/uploads\/2025\/05\/undp-116_54441762172_o-1024x683.jpg 1024w, \/wp-content\/uploads\/2025\/05\/undp-116_54441762172_o-300x200.jpg 300w, \/wp-content\/uploads\/2025\/05\/undp-116_54441762172_o-768x512.jpg 768w, \/wp-content\/uploads\/2025\/05\/undp-116_54441762172_o-1536x1024.jpg 1536w, \/wp-content\/uploads\/2025\/05\/undp-116_54441762172_o-2048x1366.jpg 2048w\" sizes=\"(max-width: 1024px) 100vw, 1024px\" \/><\/figure><\/li><li class=\"blocks-gallery-item\"><figure><img loading=\"lazy\" width=\"1024\" height=\"683\" src=\"\/wp-content\/uploads\/2025\/05\/undp-115_54442806764_o-1024x683.jpg\" alt=\"\" data-id=\"25276\" data-full-url=\"\/wp-content\/uploads\/2025\/05\/undp-115_54442806764_o.jpg\" data-link=\"https:\/\/academy.police.md\/undp-115_54442806764_o\" class=\"wp-image-25276\" srcset=\"\/wp-content\/uploads\/2025\/05\/undp-115_54442806764_o-1024x683.jpg 1024w, \/wp-content\/uploads\/2025\/05\/undp-115_54442806764_o-300x200.jpg 300w, \/wp-content\/uploads\/2025\/05\/undp-115_54442806764_o-768x512.jpg 768w, \/wp-content\/uploads\/2025\/05\/undp-115_54442806764_o-1536x1024.jpg 1536w, \/wp-content\/uploads\/2025\/05\/undp-115_54442806764_o-2048x1366.jpg 2048w\" sizes=\"(max-width: 1024px) 100vw, 1024px\" \/><\/figure><\/li><li class=\"blocks-gallery-item\"><figure><img loading=\"lazy\" width=\"1024\" height=\"683\" src=\"\/wp-content\/uploads\/2025\/05\/undp-83_54441762417_o-1024x683.jpg\" alt=\"\" data-id=\"25286\" data-full-url=\"\/wp-content\/uploads\/2025\/05\/undp-83_54441762417_o.jpg\" data-link=\"https:\/\/academy.police.md\/undp-83_54441762417_o\" class=\"wp-image-25286\" srcset=\"\/wp-content\/uploads\/2025\/05\/undp-83_54441762417_o-1024x683.jpg 1024w, \/wp-content\/uploads\/2025\/05\/undp-83_54441762417_o-300x200.jpg 300w, \/wp-content\/uploads\/2025\/05\/undp-83_54441762417_o-768x512.jpg 768w, \/wp-content\/uploads\/2025\/05\/undp-83_54441762417_o-1536x1024.jpg 1536w, \/wp-content\/uploads\/2025\/05\/undp-83_54441762417_o-2048x1366.jpg 2048w\" sizes=\"(max-width: 1024px) 100vw, 1024px\" \/><\/figure><\/li><li class=\"blocks-gallery-item\"><figure><img loading=\"lazy\" width=\"1024\" height=\"683\" src=\"\/wp-content\/uploads\/2025\/05\/undp-106_54441762377_o-1024x683.jpg\" alt=\"\" data-id=\"25275\" data-full-url=\"\/wp-content\/uploads\/2025\/05\/undp-106_54441762377_o.jpg\" data-link=\"https:\/\/academy.police.md\/undp-106_54441762377_o\" class=\"wp-image-25275\" srcset=\"\/wp-content\/uploads\/2025\/05\/undp-106_54441762377_o-1024x683.jpg 1024w, \/wp-content\/uploads\/2025\/05\/undp-106_54441762377_o-300x200.jpg 300w, \/wp-content\/uploads\/2025\/05\/undp-106_54441762377_o-768x512.jpg 768w, \/wp-content\/uploads\/2025\/05\/undp-106_54441762377_o-1536x1024.jpg 1536w, \/wp-content\/uploads\/2025\/05\/undp-106_54441762377_o-2048x1366.jpg 2048w\" sizes=\"(max-width: 1024px) 100vw, 1024px\" \/><\/figure><\/li><li class=\"blocks-gallery-item\"><figure><img loading=\"lazy\" width=\"683\" height=\"1024\" src=\"\/wp-content\/uploads\/2025\/05\/undp-103_54442989985_o-683x1024.jpg\" alt=\"\" data-id=\"25273\" data-full-url=\"\/wp-content\/uploads\/2025\/05\/undp-103_54442989985_o.jpg\" data-link=\"https:\/\/academy.police.md\/undp-103_54442989985_o\" class=\"wp-image-25273\" srcset=\"\/wp-content\/uploads\/2025\/05\/undp-103_54442989985_o-683x1024.jpg 683w, \/wp-content\/uploads\/2025\/05\/undp-103_54442989985_o-200x300.jpg 200w, \/wp-content\/uploads\/2025\/05\/undp-103_54442989985_o-768x1151.jpg 768w, \/wp-content\/uploads\/2025\/05\/undp-103_54442989985_o-1025x1536.jpg 1025w, \/wp-content\/uploads\/2025\/05\/undp-103_54442989985_o-1366x2048.jpg 1366w, \/wp-content\/uploads\/2025\/05\/undp-103_54442989985_o.jpg 1668w\" sizes=\"(max-width: 683px) 100vw, 683px\" \/><\/figure><\/li><li class=\"blocks-gallery-item\"><figure><img loading=\"lazy\" width=\"1024\" height=\"683\" src=\"\/wp-content\/uploads\/2025\/05\/undp-102_54442619281_o-1024x683.jpg\" alt=\"\" data-id=\"25272\" data-full-url=\"\/wp-content\/uploads\/2025\/05\/undp-102_54442619281_o.jpg\" data-link=\"https:\/\/academy.police.md\/undp-102_54442619281_o\" class=\"wp-image-25272\" srcset=\"\/wp-content\/uploads\/2025\/05\/undp-102_54442619281_o-1024x683.jpg 1024w, \/wp-content\/uploads\/2025\/05\/undp-102_54442619281_o-300x200.jpg 300w, \/wp-content\/uploads\/2025\/05\/undp-102_54442619281_o-768x512.jpg 768w, \/wp-content\/uploads\/2025\/05\/undp-102_54442619281_o-1536x1024.jpg 1536w, \/wp-content\/uploads\/2025\/05\/undp-102_54442619281_o-2048x1366.jpg 2048w\" sizes=\"(max-width: 1024px) 100vw, 1024px\" \/><\/figure><\/li><li class=\"blocks-gallery-item\"><figure><img loading=\"lazy\" width=\"1024\" height=\"683\" src=\"\/wp-content\/uploads\/2025\/05\/undp-67_54442806984_o-1024x683.jpg\" alt=\"\" data-id=\"25263\" data-full-url=\"\/wp-content\/uploads\/2025\/05\/undp-67_54442806984_o.jpg\" data-link=\"https:\/\/academy.police.md\/undp-67_54442806984_o\" class=\"wp-image-25263\" srcset=\"\/wp-content\/uploads\/2025\/05\/undp-67_54442806984_o-1024x683.jpg 1024w, \/wp-content\/uploads\/2025\/05\/undp-67_54442806984_o-300x200.jpg 300w, \/wp-content\/uploads\/2025\/05\/undp-67_54442806984_o-768x512.jpg 768w, \/wp-content\/uploads\/2025\/05\/undp-67_54442806984_o-1536x1024.jpg 1536w, \/wp-content\/uploads\/2025\/05\/undp-67_54442806984_o-2048x1366.jpg 2048w\" sizes=\"(max-width: 1024px) 100vw, 1024px\" \/><\/figure><\/li><li class=\"blocks-gallery-item\"><figure><img loading=\"lazy\" width=\"1024\" height=\"683\" src=\"\/wp-content\/uploads\/2025\/05\/undp-70_54442865473_o-1024x683.jpg\" alt=\"\" data-id=\"25264\" data-full-url=\"\/wp-content\/uploads\/2025\/05\/undp-70_54442865473_o.jpg\" data-link=\"https:\/\/academy.police.md\/undp-70_54442865473_o\" class=\"wp-image-25264\" srcset=\"\/wp-content\/uploads\/2025\/05\/undp-70_54442865473_o-1024x683.jpg 1024w, \/wp-content\/uploads\/2025\/05\/undp-70_54442865473_o-300x200.jpg 300w, \/wp-content\/uploads\/2025\/05\/undp-70_54442865473_o-768x512.jpg 768w, \/wp-content\/uploads\/2025\/05\/undp-70_54442865473_o-1536x1024.jpg 1536w, \/wp-content\/uploads\/2025\/05\/undp-70_54442865473_o-2048x1366.jpg 2048w\" sizes=\"(max-width: 1024px) 100vw, 1024px\" \/><\/figure><\/li><li class=\"blocks-gallery-item\"><figure><img loading=\"lazy\" width=\"1024\" height=\"683\" src=\"\/wp-content\/uploads\/2025\/05\/undp-71_54442619511_o-1024x683.jpg\" alt=\"\" data-id=\"25265\" data-full-url=\"\/wp-content\/uploads\/2025\/05\/undp-71_54442619511_o.jpg\" data-link=\"https:\/\/academy.police.md\/undp-71_54442619511_o\" class=\"wp-image-25265\" srcset=\"\/wp-content\/uploads\/2025\/05\/undp-71_54442619511_o-1024x683.jpg 1024w, \/wp-content\/uploads\/2025\/05\/undp-71_54442619511_o-300x200.jpg 300w, \/wp-content\/uploads\/2025\/05\/undp-71_54442619511_o-768x512.jpg 768w, \/wp-content\/uploads\/2025\/05\/undp-71_54442619511_o-1536x1024.jpg 1536w, \/wp-content\/uploads\/2025\/05\/undp-71_54442619511_o-2048x1366.jpg 2048w\" sizes=\"(max-width: 1024px) 100vw, 1024px\" \/><\/figure><\/li><li class=\"blocks-gallery-item\"><figure><img loading=\"lazy\" width=\"1024\" height=\"683\" src=\"\/wp-content\/uploads\/2025\/05\/undp-73_54442990040_o-1024x683.jpg\" alt=\"\" data-id=\"25266\" data-full-url=\"\/wp-content\/uploads\/2025\/05\/undp-73_54442990040_o.jpg\" data-link=\"https:\/\/academy.police.md\/undp-73_54442990040_o\" class=\"wp-image-25266\" srcset=\"\/wp-content\/uploads\/2025\/05\/undp-73_54442990040_o-1024x683.jpg 1024w, \/wp-content\/uploads\/2025\/05\/undp-73_54442990040_o-300x200.jpg 300w, \/wp-content\/uploads\/2025\/05\/undp-73_54442990040_o-768x512.jpg 768w, \/wp-content\/uploads\/2025\/05\/undp-73_54442990040_o-1536x1024.jpg 1536w, \/wp-content\/uploads\/2025\/05\/undp-73_54442990040_o-2048x1366.jpg 2048w\" sizes=\"(max-width: 1024px) 100vw, 1024px\" \/><\/figure><\/li><li class=\"blocks-gallery-item\"><figure><img loading=\"lazy\" width=\"1024\" height=\"683\" src=\"\/wp-content\/uploads\/2025\/05\/undp-81_54441762482_o-1024x683.jpg\" alt=\"\" data-id=\"25268\" data-full-url=\"\/wp-content\/uploads\/2025\/05\/undp-81_54441762482_o.jpg\" data-link=\"https:\/\/academy.police.md\/undp-81_54441762482_o\" class=\"wp-image-25268\" srcset=\"\/wp-content\/uploads\/2025\/05\/undp-81_54441762482_o-1024x683.jpg 1024w, \/wp-content\/uploads\/2025\/05\/undp-81_54441762482_o-300x200.jpg 300w, \/wp-content\/uploads\/2025\/05\/undp-81_54441762482_o-768x512.jpg 768w, \/wp-content\/uploads\/2025\/05\/undp-81_54441762482_o-1536x1024.jpg 1536w, \/wp-content\/uploads\/2025\/05\/undp-81_54441762482_o-2048x1366.jpg 2048w\" sizes=\"(max-width: 1024px) 100vw, 1024px\" \/><\/figure><\/li><li class=\"blocks-gallery-item\"><figure><img loading=\"lazy\" width=\"1024\" height=\"683\" src=\"\/wp-content\/uploads\/2025\/05\/undp-92_54442865448_o-1024x683.jpg\" alt=\"\" data-id=\"25269\" data-full-url=\"\/wp-content\/uploads\/2025\/05\/undp-92_54442865448_o.jpg\" data-link=\"https:\/\/academy.police.md\/undp-92_54442865448_o\" class=\"wp-image-25269\" srcset=\"\/wp-content\/uploads\/2025\/05\/undp-92_54442865448_o-1024x683.jpg 1024w, \/wp-content\/uploads\/2025\/05\/undp-92_54442865448_o-300x200.jpg 300w, \/wp-content\/uploads\/2025\/05\/undp-92_54442865448_o-768x512.jpg 768w, \/wp-content\/uploads\/2025\/05\/undp-92_54442865448_o-1536x1024.jpg 1536w, \/wp-content\/uploads\/2025\/05\/undp-92_54442865448_o-2048x1366.jpg 2048w\" sizes=\"(max-width: 1024px) 100vw, 1024px\" \/><\/figure><\/li><li class=\"blocks-gallery-item\"><figure><img loading=\"lazy\" width=\"1024\" height=\"683\" src=\"\/wp-content\/uploads\/2025\/05\/undp-99_54442990005_o-1024x683.jpg\" alt=\"\" data-id=\"25270\" data-full-url=\"\/wp-content\/uploads\/2025\/05\/undp-99_54442990005_o.jpg\" data-link=\"https:\/\/academy.police.md\/undp-99_54442990005_o\" class=\"wp-image-25270\" srcset=\"\/wp-content\/uploads\/2025\/05\/undp-99_54442990005_o-1024x683.jpg 1024w, \/wp-content\/uploads\/2025\/05\/undp-99_54442990005_o-300x200.jpg 300w, \/wp-content\/uploads\/2025\/05\/undp-99_54442990005_o-768x512.jpg 768w, \/wp-content\/uploads\/2025\/05\/undp-99_54442990005_o-1536x1024.jpg 1536w, \/wp-content\/uploads\/2025\/05\/undp-99_54442990005_o-2048x1366.jpg 2048w\" sizes=\"(max-width: 1024px) 100vw, 1024px\" \/><\/figure><\/li><li class=\"blocks-gallery-item\"><figure><img loading=\"lazy\" width=\"1024\" height=\"683\" src=\"\/wp-content\/uploads\/2025\/05\/undp-101_54442989970_o-1024x683.jpg\" alt=\"\" data-id=\"25271\" data-full-url=\"\/wp-content\/uploads\/2025\/05\/undp-101_54442989970_o.jpg\" data-link=\"https:\/\/academy.police.md\/undp-101_54442989970_o\" class=\"wp-image-25271\" srcset=\"\/wp-content\/uploads\/2025\/05\/undp-101_54442989970_o-1024x683.jpg 1024w, \/wp-content\/uploads\/2025\/05\/undp-101_54442989970_o-300x200.jpg 300w, \/wp-content\/uploads\/2025\/05\/undp-101_54442989970_o-768x512.jpg 768w, \/wp-content\/uploads\/2025\/05\/undp-101_54442989970_o-1536x1024.jpg 1536w, \/wp-content\/uploads\/2025\/05\/undp-101_54442989970_o-2048x1366.jpg 2048w\" sizes=\"(max-width: 1024px) 100vw, 1024px\" \/><\/figure><\/li><li class=\"blocks-gallery-item\"><figure><img loading=\"lazy\" width=\"683\" height=\"1024\" src=\"\/wp-content\/uploads\/2025\/05\/undp-64_54442989860_o-683x1024.jpg\" alt=\"\" data-id=\"25262\" data-full-url=\"\/wp-content\/uploads\/2025\/05\/undp-64_54442989860_o.jpg\" data-link=\"https:\/\/academy.police.md\/undp-64_54442989860_o\" class=\"wp-image-25262\" srcset=\"\/wp-content\/uploads\/2025\/05\/undp-64_54442989860_o-683x1024.jpg 683w, \/wp-content\/uploads\/2025\/05\/undp-64_54442989860_o-200x300.jpg 200w, \/wp-content\/uploads\/2025\/05\/undp-64_54442989860_o-768x1152.jpg 768w, \/wp-content\/uploads\/2025\/05\/undp-64_54442989860_o-1024x1536.jpg 1024w, \/wp-content\/uploads\/2025\/05\/undp-64_54442989860_o-1366x2048.jpg 1366w, \/wp-content\/uploads\/2025\/05\/undp-64_54442989860_o.jpg 1667w\" sizes=\"(max-width: 683px) 100vw, 683px\" \/><\/figure><\/li><li class=\"blocks-gallery-item\"><figure><img loading=\"lazy\" width=\"1024\" height=\"683\" src=\"\/wp-content\/uploads\/2025\/05\/undp-56_54442619541_o-1024x683.jpg\" alt=\"\" data-id=\"25261\" data-full-url=\"\/wp-content\/uploads\/2025\/05\/undp-56_54442619541_o.jpg\" data-link=\"https:\/\/academy.police.md\/undp-56_54442619541_o\" class=\"wp-image-25261\" srcset=\"\/wp-content\/uploads\/2025\/05\/undp-56_54442619541_o-1024x683.jpg 1024w, \/wp-content\/uploads\/2025\/05\/undp-56_54442619541_o-300x200.jpg 300w, \/wp-content\/uploads\/2025\/05\/undp-56_54442619541_o-768x512.jpg 768w, \/wp-content\/uploads\/2025\/05\/undp-56_54442619541_o-1536x1024.jpg 1536w, \/wp-content\/uploads\/2025\/05\/undp-56_54442619541_o-2048x1366.jpg 2048w\" sizes=\"(max-width: 1024px) 100vw, 1024px\" \/><\/figure><\/li><li class=\"blocks-gallery-item\"><figure><img loading=\"lazy\" width=\"1024\" height=\"683\" src=\"\/wp-content\/uploads\/2025\/05\/undp-61_54442990075_o-1024x683.jpg\" alt=\"\" data-id=\"25285\" data-full-url=\"\/wp-content\/uploads\/2025\/05\/undp-61_54442990075_o.jpg\" data-link=\"https:\/\/academy.police.md\/undp-61_54442990075_o\" class=\"wp-image-25285\" srcset=\"\/wp-content\/uploads\/2025\/05\/undp-61_54442990075_o-1024x683.jpg 1024w, \/wp-content\/uploads\/2025\/05\/undp-61_54442990075_o-300x200.jpg 300w, \/wp-content\/uploads\/2025\/05\/undp-61_54442990075_o-768x512.jpg 768w, \/wp-content\/uploads\/2025\/05\/undp-61_54442990075_o-1536x1024.jpg 1536w, \/wp-content\/uploads\/2025\/05\/undp-61_54442990075_o-2048x1366.jpg 2048w\" sizes=\"(max-width: 1024px) 100vw, 1024px\" \/><\/figure><\/li><li class=\"blocks-gallery-item\"><figure><img loading=\"lazy\" width=\"1024\" height=\"683\" src=\"\/wp-content\/uploads\/2025\/05\/undp-35_54442990135_o-1024x683.jpg\" alt=\"\" data-id=\"25259\" data-full-url=\"\/wp-content\/uploads\/2025\/05\/undp-35_54442990135_o.jpg\" data-link=\"https:\/\/academy.police.md\/undp-35_54442990135_o\" class=\"wp-image-25259\" srcset=\"\/wp-content\/uploads\/2025\/05\/undp-35_54442990135_o-1024x683.jpg 1024w, \/wp-content\/uploads\/2025\/05\/undp-35_54442990135_o-300x200.jpg 300w, \/wp-content\/uploads\/2025\/05\/undp-35_54442990135_o-768x512.jpg 768w, \/wp-content\/uploads\/2025\/05\/undp-35_54442990135_o-1536x1024.jpg 1536w, \/wp-content\/uploads\/2025\/05\/undp-35_54442990135_o-2048x1366.jpg 2048w\" sizes=\"(max-width: 1024px) 100vw, 1024px\" \/><\/figure><\/li><li class=\"blocks-gallery-item\"><figure><img loading=\"lazy\" width=\"1024\" height=\"683\" src=\"\/wp-content\/uploads\/2025\/05\/undp-22_54442619636_o-1024x683.jpg\" alt=\"\" data-id=\"25258\" data-full-url=\"\/wp-content\/uploads\/2025\/05\/undp-22_54442619636_o.jpg\" data-link=\"https:\/\/academy.police.md\/undp-22_54442619636_o\" class=\"wp-image-25258\" srcset=\"\/wp-content\/uploads\/2025\/05\/undp-22_54442619636_o-1024x683.jpg 1024w, \/wp-content\/uploads\/2025\/05\/undp-22_54442619636_o-300x200.jpg 300w, \/wp-content\/uploads\/2025\/05\/undp-22_54442619636_o-768x512.jpg 768w, \/wp-content\/uploads\/2025\/05\/undp-22_54442619636_o-1536x1024.jpg 1536w, \/wp-content\/uploads\/2025\/05\/undp-22_54442619636_o-2048x1366.jpg 2048w\" sizes=\"(max-width: 1024px) 100vw, 1024px\" \/><\/figure><\/li><li class=\"blocks-gallery-item\"><figure><img loading=\"lazy\" width=\"1024\" height=\"683\" src=\"\/wp-content\/uploads\/2025\/05\/undp-74_54442990045_o-1024x683.jpg\" alt=\"\" data-id=\"25267\" data-full-url=\"\/wp-content\/uploads\/2025\/05\/undp-74_54442990045_o.jpg\" data-link=\"https:\/\/academy.police.md\/undp-74_54442990045_o\" class=\"wp-image-25267\" srcset=\"\/wp-content\/uploads\/2025\/05\/undp-74_54442990045_o-1024x683.jpg 1024w, \/wp-content\/uploads\/2025\/05\/undp-74_54442990045_o-300x200.jpg 300w, \/wp-content\/uploads\/2025\/05\/undp-74_54442990045_o-768x512.jpg 768w, \/wp-content\/uploads\/2025\/05\/undp-74_54442990045_o-1536x1024.jpg 1536w, \/wp-content\/uploads\/2025\/05\/undp-74_54442990045_o-2048x1366.jpg 2048w\" sizes=\"(max-width: 1024px) 100vw, 1024px\" \/><\/figure><\/li><\/ul><\/figure>\n","protected":false},"excerpt":{"rendered":"<p>Dispozi\u0163ii generale: Poligonul \u2013 \u00eenc\u0103pere specializat\u0103 dotat\u0103 pentru desf\u0103\u0219urarea orelor practice la criminalistic\u0103, drept procesual penal, module de specializare \u201eActivitate de urm\u0103rire penal\u0103\u201d \u015fi \u201eCriminalistic\u0103 \u0219i expertize judiciare\u201d \u0219i alte [&hellip;]<\/p>\n","protected":false},"author":10,"featured_media":0,"parent":0,"menu_order":0,"comment_status":"closed","ping_status":"closed","template":"","meta":[],"translation":{"provider":"WPGlobus","version":"2.12.2","language":"gb","enabled_languages":["ro","gb"],"languages":{"ro":{"title":true,"content":true,"excerpt":false},"gb":{"title":false,"content":false,"excerpt":false}}},"acf":[],"_links":{"self":[{"href":"https:\/\/www.academy.police.md\/gb\/wp-json\/wp\/v2\/pages\/3421"}],"collection":[{"href":"https:\/\/www.academy.police.md\/gb\/wp-json\/wp\/v2\/pages"}],"about":[{"href":"https:\/\/www.academy.police.md\/gb\/wp-json\/wp\/v2\/types\/page"}],"author":[{"embeddable":true,"href":"https:\/\/www.academy.police.md\/gb\/wp-json\/wp\/v2\/users\/10"}],"replies":[{"embeddable":true,"href":"https:\/\/www.academy.police.md\/gb\/wp-json\/wp\/v2\/comments?post=3421"}],"version-history":[{"count":4,"href":"https:\/\/www.academy.police.md\/gb\/wp-json\/wp\/v2\/pages\/3421\/revisions"}],"predecessor-version":[{"id":25288,"href":"https:\/\/www.academy.police.md\/gb\/wp-json\/wp\/v2\/pages\/3421\/revisions\/25288"}],"wp:attachment":[{"href":"https:\/\/www.academy.police.md\/gb\/wp-json\/wp\/v2\/media?parent=3421"}],"curies":[{"name":"wp","href":"https:\/\/api.w.org\/{rel}","templated":true}]}}