{"id":3458,"date":"2021-06-17T09:38:52","date_gmt":"2021-06-17T09:38:52","guid":{"rendered":"http:\/\/academy.police.md\/?page_id=3458"},"modified":"2026-03-19T08:21:51","modified_gmt":"2026-03-19T06:21:51","slug":"cadru-juridic-al-ddp","status":"publish","type":"page","link":"https:\/\/www.academy.police.md\/gb\/directia-dezvoltare-profesionala\/cadru-juridic-al-ddp","title":{"rendered":"Cadru juridic al DDP"},"content":{"rendered":"\n<p><strong>Activitatea Direc\u021biei este fundamentat\u0103 pe normele juridice&nbsp;specifice procesului de formare continu\u0103 sistemului MAI<\/strong><\/p>\n\n\n\n<ol type=\"1\"><li>Constitu\u0163ia RM, din 29.07.1994;<\/li><li>Codul educa\u021biei al RM, nr. 152 din 17.07.2014;<\/li><li>Legea nr. 288 din 16.12.2016 privind func\u0163ionarul public cu statut special din cadrul Ministerului Afacerilor Interne;<\/li><li>\u00a0Legea nr. 283\u2013XV din 04 iulie 2003 cu privire la activitatea particular\u0103 de detectiv \u015fi de paz\u0103;<\/li><li>Hot\u0103r\u00e2rea Guvernului RM nr.193\/2017 cu privire la aprobarea Regulamentului cu privire la formarea continu\u0103 a adul\u0163ilor\u201d;<\/li><li>Hot\u0103r\u00e2rea Guvernului nr. 693\/2017 cu privire la aprobarea Regulamentului privind organizarea \u015fi func\u0163ionarea Ministerului Afacerilor Interne;<\/li><li>Hot\u0103r\u00e2rea Guvernului RM nr. 460\/2017 cu privire la ocuparea func\u0163iilor publice cu statut special din cadrul Ministerului Afacerilor Interne;<\/li><li>\u00a0Hot\u0103r\u00e2rea Guvernului RM nr. 667\/2005 cu privire la m\u0103surile de realizare a Legii nr.283-XV din 04.07.2003 privind activitatea particular\u0103 de detectiv \u015fi de paz\u0103;<\/li><li>Hot\u0103r\u00e2rea Guvernului RM nr.429\/2020 cu privire la organizarea \u0219i func\u021bionarea unor institu\u021bii publice de \u00eenv\u0103\u021b\u0103m\u00e2nt din subordinea Ministerului Afacerilor Interne;<\/li><li>Ordinul MAI nr.93\/2019 privind Carta universitar\u0103 a Academiei \u201e\u015etefan cel Mare\u201d a MAI;<\/li><li>Ordinul MAI nr.135\/2013 cu privire la aprobarea Regulamentului privind identificarea necesarului de instruire \u00een cadrul MAI;<\/li><li>Ordinul MAI nr.134\/2022, cu privire la aprobarea Regulamentului privind formarea profesional\u0103 ini\u0163ial\u0103 a func\u0163ionarilor publici cu statut special \u015fi carabinierilor din cadrul MAI;<\/li><li>Ordinul MAI nr.114\/2017 cu privire la aprobarea Regulamentului cu privire la formarea profesional\u0103 continu\u0103 a func\u021bionarilor publici cu statut special din cadrul MAI;<\/li><li>Ordinul MAI nr.552\/2019 privind aprobarea Regulamentului cu privire la formarea \u0219i dezvoltarea managerial\u0103 a personalului MAI, cu complet\u0103rile \u0219i modific\u0103rile la acesta prin ordinul MAI nr.430\/2020;<\/li><li>Ordinul MAI nr.336\/2018 Pentru aprobarea Regulamentului privind formatori din MAI, completat \u0219i modificat prin ordinul MAI nr.440\/2020<\/li><li>Ordinul MAI nr.399\/2019 privind aprobarea Metodologiei cu privire la confirmarea certificatelor\/diplomelor de absolvire a programelor de formare ini\u021bial\u0103, continu\u0103 ori managerial\u0103, cu complet\u0103rile \u0219i modific\u0103rile la acesta prin ordinul MAI nr.425\/2020;<\/li><li>Ordinul MECC nr. 70 din 25.01.2019 privind Metodologia de elaborare a programelor \u0219i curriculum-ului din cadrul \u00eenv\u0103\u021b\u0103m\u00eentului pe tot parcursul vie\u021bii;<\/li><li>Ordinul Academiei \u201e\u015etefan cel Mare\u201d a MAI, nr. 107\/2021 referitor la Regulamentul de organizare \u0219i func\u021bionare a Direc\u021biei dezvoltare profesional\u0103.<\/li><li>Ordinului Ministerului Educa\u0163iei \u015fi Cercet\u0103rii al RM nr.1179\/2023 cu privire la autorizarea de func\u0163ionare provizorie a programului de recalificare profesional\u0103 \u201ePsihopedagogie\u201d, din cadrul Academiei \u201e\u015etefan cel Mare\u201d a MAI;<\/li><li><a href=\"\/wp-content\/uploads\/2026\/03\/Ordin-acreditare.pdf\">Ordinul MEC nr. 1309 din 28.12.2022 \u0441u privire la acreditarea programului de formare profesional\u0103 continua din cadrul Academiei \u201c\u015etefan cel Mare\u201d a MAI<\/a><\/li><li><a href=\"\/wp-content\/uploads\/2026\/03\/Certificat-ANACEC.pdf\">Certificat de evaluare extern\u0103 a calit\u0103\u021bii<\/a><\/li><\/ol>\n","protected":false},"excerpt":{"rendered":"<p>Activitatea Direc\u021biei este fundamentat\u0103 pe normele juridice&nbsp;specifice procesului de formare continu\u0103 sistemului MAI Constitu\u0163ia RM, din 29.07.1994; Codul educa\u021biei al RM, nr. 152 din 17.07.2014; Legea nr. 288 din 16.12.2016 [&hellip;]<\/p>\n","protected":false},"author":10,"featured_media":0,"parent":123,"menu_order":0,"comment_status":"closed","ping_status":"closed","template":"","meta":[],"translation":{"provider":"WPGlobus","version":"2.12.2","language":"gb","enabled_languages":["ro","gb"],"languages":{"ro":{"title":true,"content":true,"excerpt":false},"gb":{"title":false,"content":false,"excerpt":false}}},"acf":[],"_links":{"self":[{"href":"https:\/\/www.academy.police.md\/gb\/wp-json\/wp\/v2\/pages\/3458"}],"collection":[{"href":"https:\/\/www.academy.police.md\/gb\/wp-json\/wp\/v2\/pages"}],"about":[{"href":"https:\/\/www.academy.police.md\/gb\/wp-json\/wp\/v2\/types\/page"}],"author":[{"embeddable":true,"href":"https:\/\/www.academy.police.md\/gb\/wp-json\/wp\/v2\/users\/10"}],"replies":[{"embeddable":true,"href":"https:\/\/www.academy.police.md\/gb\/wp-json\/wp\/v2\/comments?post=3458"}],"version-history":[{"count":7,"href":"https:\/\/www.academy.police.md\/gb\/wp-json\/wp\/v2\/pages\/3458\/revisions"}],"predecessor-version":[{"id":31438,"href":"https:\/\/www.academy.police.md\/gb\/wp-json\/wp\/v2\/pages\/3458\/revisions\/31438"}],"up":[{"embeddable":true,"href":"https:\/\/www.academy.police.md\/gb\/wp-json\/wp\/v2\/pages\/123"}],"wp:attachment":[{"href":"https:\/\/www.academy.police.md\/gb\/wp-json\/wp\/v2\/media?parent=3458"}],"curies":[{"name":"wp","href":"https:\/\/api.w.org\/{rel}","templated":true}]}}