{"id":3480,"date":"2021-06-17T10:37:12","date_gmt":"2021-06-17T10:37:12","guid":{"rendered":"http:\/\/academy.police.md\/?page_id=3480"},"modified":"2026-02-25T14:39:33","modified_gmt":"2026-02-25T12:39:33","slug":"componenta-actuala-a-catedrei-a-catedrei-pfa","status":"publish","type":"page","link":"https:\/\/www.academy.police.md\/gb\/catedre\/catedra-pregatire-fizica-si-autoaparare\/componenta-actuala-a-catedrei-a-catedrei-pfa","title":{"rendered":"Componen\u021ba actual\u0103 a catedrei EFA"},"content":{"rendered":"\n<p><strong>1.<\/strong> <strong>Coceban Dorin<\/strong>, \u0219ef interimar, master \u00een drept, comisar principal<\/p>\n\n\n\n<p><strong>2. Radov Mihail, <\/strong>lector universitar, master \u00een drept, comisar-\u015fef<\/p>\n\n\n\n<p><strong>3. Pui Eduard<\/strong>, conferen\u0163iar universitar, master \u00een drept, func\u021bionar<\/p>\n\n\n\n<p><strong>4. Cojocaru Ion<\/strong>, lector universitar, master \u00een drept, comisar principal<\/p>\n\n\n\n<p><strong>5. Gheorghi\u0163\u0103 Vitalie<\/strong>, lector universitar, master \u00een drept, comisar principal<\/p>\n\n\n\n<p><strong>6. Remarenco Sergiu<\/strong>, lector universitar, master \u00een drept, comisar principal<\/p>\n\n\n\n<p><strong>7. Taran Mircea<\/strong>, lector universitar, master \u00een drept, comisar<\/p>\n\n\n\n<p><strong>8. Strechie Marcel<\/strong>, asistent universitar, master \u00een drept, comisar<\/p>\n\n\n\n<p><strong>9. Carajia Ion<\/strong>, asistent universitar, master \u00een drept, inspector superior<\/p>\n\n\n\n<p><strong>10. Cre\u021bu Gabriel, <\/strong>asistent universitar, master \u00een drept, inspector<\/p>\n\n\n\n<p><strong>11. Bacioi Marin<\/strong>, asistent universitar, master \u00een drept, inspector<\/p>\n\n\n\n<p><strong>12. Gheorghiu Ivan<\/strong>, lector universitar, doctor \u00een \u0219tiin\u021be ale educa\u021biei, func\u0163ionar<\/p>\n\n\n\n<p><strong>13. Maria Argint<\/strong>, metodist superior<br><\/p>\n","protected":false},"excerpt":{"rendered":"<p>1. Coceban Dorin, \u0219ef interimar, master \u00een drept, comisar principal 2. Radov Mihail, lector universitar, master \u00een drept, comisar-\u015fef 3. Pui Eduard, conferen\u0163iar universitar, master \u00een drept, func\u021bionar 4. Cojocaru [&hellip;]<\/p>\n","protected":false},"author":10,"featured_media":0,"parent":1377,"menu_order":0,"comment_status":"closed","ping_status":"closed","template":"","meta":[],"translation":{"provider":"WPGlobus","version":"2.12.2","language":"gb","enabled_languages":["ro","gb"],"languages":{"ro":{"title":true,"content":true,"excerpt":false},"gb":{"title":false,"content":false,"excerpt":false}}},"acf":[],"_links":{"self":[{"href":"https:\/\/www.academy.police.md\/gb\/wp-json\/wp\/v2\/pages\/3480"}],"collection":[{"href":"https:\/\/www.academy.police.md\/gb\/wp-json\/wp\/v2\/pages"}],"about":[{"href":"https:\/\/www.academy.police.md\/gb\/wp-json\/wp\/v2\/types\/page"}],"author":[{"embeddable":true,"href":"https:\/\/www.academy.police.md\/gb\/wp-json\/wp\/v2\/users\/10"}],"replies":[{"embeddable":true,"href":"https:\/\/www.academy.police.md\/gb\/wp-json\/wp\/v2\/comments?post=3480"}],"version-history":[{"count":12,"href":"https:\/\/www.academy.police.md\/gb\/wp-json\/wp\/v2\/pages\/3480\/revisions"}],"predecessor-version":[{"id":30849,"href":"https:\/\/www.academy.police.md\/gb\/wp-json\/wp\/v2\/pages\/3480\/revisions\/30849"}],"up":[{"embeddable":true,"href":"https:\/\/www.academy.police.md\/gb\/wp-json\/wp\/v2\/pages\/1377"}],"wp:attachment":[{"href":"https:\/\/www.academy.police.md\/gb\/wp-json\/wp\/v2\/media?parent=3480"}],"curies":[{"name":"wp","href":"https:\/\/api.w.org\/{rel}","templated":true}]}}