{"id":3484,"date":"2021-06-17T10:38:27","date_gmt":"2021-06-17T10:38:27","guid":{"rendered":"http:\/\/academy.police.md\/?page_id=3484"},"modified":"2026-04-01T16:16:42","modified_gmt":"2026-04-01T13:16:42","slug":"activitatea-de-cercetare-stiintifica-a-catedrei-pfa","status":"publish","type":"page","link":"https:\/\/www.academy.police.md\/gb\/catedre\/catedra-pregatire-fizica-si-autoaparare\/activitatea-de-cercetare-stiintifica-a-catedrei-pfa","title":{"rendered":"Activitatea de cercetare, transfer tehnologic, sportiv\u0103"},"content":{"rendered":"\n<figure class=\"wp-block-table\"><table><tbody><tr><td class=\"has-text-align-center\" data-align=\"center\"><strong>Nr. d\/o<\/strong><\/td><td class=\"has-text-align-center\" data-align=\"center\"><strong>Categorii de     sport<\/strong><\/td><td class=\"has-text-align-left\" data-align=\"left\"><strong>Perioada de raportare: 01.09.2024-30.05.2025<\/strong><\/td><\/tr><tr><td class=\"has-text-align-center\" data-align=\"center\">&nbsp;1.<\/td><td class=\"has-text-align-center\" data-align=\"center\">Sambo<\/td><td class=\"has-text-align-left\" data-align=\"left\">La data de 13 februarie 2026, echipa Academiei format\u0103 din studen\u0163i \u015fi angaja\u0163i ai Catedrei educa\u0163ie fizic\u0103 \u015fi autoap\u0103rare au participat la Turneul de lupt\u0103 sambo, \u00een memoria generalului-maior Anton G\u0103murari, organizat \u015fi desf\u0103\u015furat de c\u0103tre Brigada de poli\u0163ie cu destina\u0163ie special\u0103 \u201eFulger\u201d a Inspectoratului General al Poli\u0163iei.<\/td><\/tr><tr><td class=\"has-text-align-center\" data-align=\"center\">&nbsp;2.<\/td><td class=\"has-text-align-center\" data-align=\"center\">Spartachiada angaja\u0163ilor Academiei<\/td><td class=\"has-text-align-left\" data-align=\"left\">\u00cen perioada 2\u201320 februarie 2026, Catedra educa\u0163ie fizic\u0103 \u015fi autoap\u0103rare a desf\u0103\u015furat prima edi\u0163ie a Spartachiadei \u201eUn mod s\u0103n\u0103tos de via\u0163\u0103\u201d, dedicat\u0103 angaja\u0163ilor Academiei \u201e\u0218tefan cel Mare\u201d a MAI. Spartachiada s-a desf\u0103\u015furat \u00een incinta Complexelor sportive ale Academiei \u0219i la sala polivalent\u0103 a CSC \u201eDinamo\u201d. La competi\u021bie au participat patru echipe formate din angaja\u021bi ai diferitelor direc\u021bii, departamente \u0219i catedre ale Academiei, subordonate, conform competen\u0163ei rectorului \u015fi celor trei prorectori. Programul competi\u021bional a inclus probele: volei, mini-fotbal, tenis de mas\u0103 \u0219i tir, fiecare disciplin\u0103 contribuind la clasamentul general prin acumularea de puncte, \u00een func\u021bie de locul ocupat. Campioni ai primei edi\u021bii a Spartachiadei au devenit membrii Echipei Rectorului, care au demonstrat m\u0103iestrie \u0219i performan\u021b\u0103 \u00een cadrul probelor disputate.<\/td><\/tr><tr><td class=\"has-text-align-center\" data-align=\"center\">&nbsp;3.<\/td><td class=\"has-text-align-center\" data-align=\"center\">Armwrestling<\/td><td class=\"has-text-align-left\" data-align=\"left\">\u00cen perioada 8-9 noiembrie 2025, echipa de studen\u0163i ai Academiei a participat la Campionatul de Armwrestling din cadrul Universiadei Republicane \u2013 edi\u021bia 2025, competi\u021bie organizat\u0103 sub egida Federa\u021biei Moldovene\u0219ti a Sportului Studen\u021besc \u0219i a Veteranilor Sportului din Republica Moldova.<\/td><\/tr><tr><td class=\"has-text-align-center\" data-align=\"center\">&nbsp;4.<\/td><td class=\"has-text-align-center\" data-align=\"center\">Atletism<\/td><td class=\"has-text-align-left\" data-align=\"left\">\u00cen perioada 4-5 octombrie 2025, 1 reprezentant al Catedrei educa\u021bie fizic\u0103 \u0219i autoap\u0103rare, a participat la Bra\u0219ov Running Festival<br> \u2013 edi\u021bia a V-a, desf\u0103\u0219urat \u00een municipiul Bra\u0219ov, Rom\u00e2nia. <br>\u00cen perioada 25-26 octombrie 2025, doi reprezentan\u0163i ai Catedrei educa\u0163ie fizic\u0103 \u015fi autoap\u0103rare \u015fi o masterand\u0103 au participat la competi\u021bia sportiv\u0103 interna\u021bional\u0103 \u201eRUN IA\u0218I\u201d, desf\u0103\u015furat\u0103 \u00een municipiul Ia\u0219i, Rom\u00e2nia. Sportivii s-au clasat pe locurile I \u015fi IV la distan\u0163a de 10 km. <br>La data de 10 ianuarie 2026, la Manejul de atletism din municipiul Chi\u0219in\u0103u, s-a desf\u0103\u0219urat Concursul republican de atletism. <br>Academia a fost reprezentat\u0103 de studen\u021bi \u0219i cadre didactice ale Catedrei educa\u021bie fizic\u0103 \u0219i autoap\u0103rare.<br>\u00cen urma desf\u0103\u0219ur\u0103rii concursului, reprezentan\u021bii Academiei au ob\u021binut rezultate remarcabile, clas\u00e2ndu-se pe podium dup\u0103 cum urmeaz\u0103: <br>Locul II, proba de 2000 m \u2013 Cre\u021bu Gabriel, asistent universitar; <br>Locul III, proba de aruncarea greut\u0103\u021bii \u2013 Eremia Ana-Maria, student\u0103 \u00een anul II, specialitatea Drept. <br>\u00cen perioada 27-28 februarie 2026, la Manejul de atletism din municipiul Chi\u0219in\u0103u s-a desf\u0103\u0219urat Campionatul Republicii Moldova de atletism, \u00een sal\u0103, pentru seniori. Echipa Academiei format\u0103 din studen\u021bi \u0219i cadre didactice ale Catedrei educa\u021bie fizic\u0103 \u0219i autoap\u0103rare, demonstr\u00e2nd profesionalism, disciplin\u0103 \u0219i spirit competitiv au ob\u021binut rezultate remarcabile: Gabriel Cre\u021bu, asistent universitar, a urcat de dou\u0103 ori pe podium, clas\u00e2ndu-se pe locul al II-lea la proba de 1500 m \u0219i la proba de 3000 m; <br>Ana-Maria Eremia, student\u0103 \u00een anul II la specialitatea Drept (studii cu tax\u0103), a ob\u021binut locul al II-lea la proba de aruncare a suli\u021bei.<\/td><\/tr><tr><td class=\"has-text-align-center\" data-align=\"center\">5.<\/td><td class=\"has-text-align-center\" data-align=\"center\">Cros<\/td><td class=\"has-text-align-left\" data-align=\"left\">La data de 26 martie 2026, Catedra educa\u0163ie fizic\u0103 \u015fi autoap\u0103rare a organizat Campionatul Academiei \u201e\u015etefan cel Mare\u201d a MAI, la proba sportiv\u0103 \u201eCros\u201d, din cadrul Spartachiadei studen\u0163e\u015fti, edi\u0163ia 2026. Astfel, \u00een urma competi\u0163iei s-au ob\u0163inut urm\u0103toarele clasamente la individual: fete: <br>\u2022 locul I \u2013 Gon\u0163a Ana, anul II A; <br>\u2022 locul II \u2013 Soltan Eugenia, anul III A; <br>\u2022 locul III \u2013 Vod\u0103 Jasmina, anul II B. <br>b\u0103ie\u0163i: <br>\u2022 locul I \u2013 Leu Mihail, anul II A; <br>\u2022 locul II \u2013 Popovici Maxim, anul IV; <br>\u2022 locul III \u2013 Sandul Adrian, anul I A. <br>\u00cen baza punctajului acumulat au fost ob\u0163inute urm\u0103toarele locuri pe echipe: <br>\u2022 locul I \u2013 anul II A; <br>\u2022 locul II \u2013 anul III A; <br>\u2022 locul III \u2013 anul I B.<\/td><\/tr><tr><td class=\"has-text-align-center\" data-align=\"center\">6.<\/td><td class=\"has-text-align-center\" data-align=\"center\">Nata\u021bie<\/td><td class=\"has-text-align-left\" data-align=\"left\">La data de 2 noiembrie 2025, la Arena Chi\u0219in\u0103u, s-a desf\u0103\u0219urat principalul eveniment de \u00eenot al anului \u2013 Masters 2025, organizat de SPORTER. Echipa Academiei \u201e\u0218tefan cel Mare\u201d a Ministerului Afacerilor Interne format\u0103 din angaja\u0163i \u015fi studen\u0163i a participat activ \u00een probele competi\u021bionale, ob\u021bin\u00e2nd locul I, II \u015fi III la probele bras, fluture \u015fi liber.<\/td><\/tr><tr><td class=\"has-text-align-center\" data-align=\"center\">7.<\/td><td class=\"has-text-align-center\" data-align=\"center\">Futsal<\/td><td class=\"has-text-align-left\" data-align=\"left\">\u00cen perioada 2-6 martie 2026, \u00een incinta complexului sportiv al Institutului de Educa\u021bie Fizic\u0103 \u0219i Sport din cadrul Universit\u0103\u021bii de Stat din Moldova, s-a desf\u0103\u0219urat Campionatul Na\u021bional Universitar 2026 la proba sportiv\u0103 futsal. \u00cen urma competi\u021biei, echipa Academiei \u201e\u0218tefan cel Mare\u201d a demonstrat un nivel \u00eenalt de preg\u0103tire sportiv\u0103, spirit de echip\u0103 \u015fi s-a clasat pe locul II, reu\u015find s\u0103 ob\u021bin\u0103 titlul de vicecampioan\u0103 na\u021bional\u0103 universitar\u0103 la proba futsal.<\/td><\/tr><tr><td class=\"has-text-align-center\" data-align=\"center\">8.<\/td><td class=\"has-text-align-center\" data-align=\"center\">Turneul de lupt\u0103 na\u021bional\u0103 \u201eTr\u00e2nt\u0103\u201d<\/td><td class=\"has-text-align-left\" data-align=\"left\">La data de 30 octombrie 2025, echipa Academiei \u201e\u0218tefan cel Mare\u201d a Ministerului Afacerilor Interne al Republicii Moldova a participat la edi\u021bia curent\u0103 a Universiadei Republicane, la proba \u201eTr\u00e2nta\u201d.<\/td><\/tr><tr><td class=\"has-text-align-center\" data-align=\"center\">9.<\/td><td class=\"has-text-align-center\" data-align=\"center\">Judo<\/td><td class=\"has-text-align-left\" data-align=\"left\">\u00cen perioada 25\u201326 octombrie 2025, 1 reprezentant al Catedrei educa\u021bie fizic\u0103 \u0219i autoap\u0103rare, a participat la Turneul Interna\u021bional \u201eJudo f\u0103r\u0103 bariere\u201d, edi\u021bia a V-a, desf\u0103\u0219urat \u00een ora\u0219ul Bac\u0103u, Rom\u00e2nia.<\/td><\/tr><tr><td class=\"has-text-align-center\" data-align=\"center\">10.<\/td><td class=\"has-text-align-center\" data-align=\"center\">Mini-fotbal<\/td><td class=\"has-text-align-left\" data-align=\"left\">\u00cen perioada 20\u201324 octombrie 2025, \u00een complexul sportiv al Universit\u0103\u0163ii Tehnice din Moldova, s-a desf\u0103\u015furat competi\u0163ia sportiv\u0103 la proba minifotbal, parte a Universiadei Republicane 2025. Echipa Academiei \u201e\u015etefan cel Mare\u201d a MAI, alc\u0103tuit\u0103 \u00een exclusivitate din studen\u0163i, a demonstrat spirit competitiv, disciplin\u0103 \u0219i o preg\u0103tire sportiv\u0103 de \u00eenalt nivel, reu\u0219ind s\u0103 se claseze pe locul II. <br>\u00cen perioada 3-6 noiembrie 2025, \u00een incinta complexului sportiv al Academiei \u201e\u0218tefan cel Mare\u201d a MAI, Catedra educa\u0163ie fizic\u0103 \u015fi autoap\u0103rare a desf\u0103\u0219urat Campionatul de minifotbal din cadrul Spartachiadei studen\u021be\u0219ti, edi\u021bia 2025\u20132026. <br>\u00cen perioada 23-27 martie 2026 echipa de angaja\u0163i ai Academiei a participat la Turneul de minifotbal \u00een memoria locotenentului-colonel Sergiu Coipan. Turneu organizat \u015fi desf\u0103\u015furat de c\u0103tre Direc\u0163ia de poli\u0163ie mun. Chi\u015fin\u0103u<\/td><\/tr><tr><td class=\"has-text-align-center\" data-align=\"center\">11.<\/td><td class=\"has-text-align-center\" data-align=\"center\">Ridicarea greut\u0103\u021bilor<\/td><td class=\"has-text-align-left\" data-align=\"left\">La data de 26 noiembrie 2025, Catedra educa\u021bie fizic\u0103 \u0219i autoap\u0103rare a desf\u0103\u0219urat, \u00een complexul sportiv al Academiei \u201e\u0218tefan cel Mare\u201d a MAI, Campionatul Academiei la proba sportiv\u0103 \u201eRidicarea greut\u0103\u021bilor\u201d, eveniment integrat \u00een cadrul Spartachiadei studen\u021be\u0219ti, edi\u021bia 2025\u20132026.<\/td><\/tr><tr><td class=\"has-text-align-center\" data-align=\"center\">12.<\/td><td class=\"has-text-align-center\" data-align=\"center\">Lupte Grappling \u0219i Pankration<\/td><td class=\"has-text-align-left\" data-align=\"left\">\u00cen perioada 1\u201310 noiembrie 2025, 2 reprezentan\u0163i ai Catedrei educa\u0163ie fizic\u0103 \u015fi autoap\u0103rare au participat la Campionatele Mondiale U20 la lupte grappling \u0219i pankration, desf\u0103\u015furate \u00een ora\u0219ul Loutraki, Grecia. Sportivul Academiei a devenit Campion Mondial la categoria Veterani, 84 kg, stilul NoGi, cucerind medalia de aur la Campionatul Mondial de Grappling din Grecia.<\/td><\/tr><tr><td class=\"has-text-align-center\" data-align=\"center\">13.<\/td><td class=\"has-text-align-center\" data-align=\"center\">Sambo<\/td><td class=\"has-text-align-left\" data-align=\"left\">La data de 16 octombrie 2025, \u00een cadrul Spartachiadei studen\u021be\u0219ti \u2013 edi\u021bia 2025\u20132026, Catedra educa\u021bie fizic\u0103 \u0219i autoap\u0103rare a organizat \u0219i desf\u0103\u0219urat Campionatul Academiei \u201e\u0218tefan cel Mare\u201d a Ministerului Afacerilor Interne la proba sportiv\u0103 Sambo. <br>\u00cen data de 14 noiembrie 2025, echipa Academiei a participat la competi\u021bia de sambo din cadrul Spartachiadei sportive a Ministerului Afacerilor Interne, edi\u021bia 2025, desf\u0103\u015furat\u0103 \u00een incinta Clubului Sportiv Central \u201eDinamo\u201d. Studen\u0163ii Academiei au demonstrat determinare, profesionalism \u0219i spirit competitiv, reu\u0219ind s\u0103 se claseze pe locul III \u00een clasamentul pe echipe.<\/td><\/tr><tr><td class=\"has-text-align-center\" data-align=\"center\">14.<\/td><td class=\"has-text-align-center\" data-align=\"center\">Volei masculin<\/td><td class=\"has-text-align-left\" data-align=\"left\">\u00cen perioada 1-4 decembrie 2025, \u00een cadrul complexului sportiv al Academiei \u201e\u0218tefan cel Mare\u201d a MAI, s-a desf\u0103\u0219urat Campionatul la Volei masculin, parte a Spartachiadei studen\u021be\u0219ti, edi\u021bia 2025-2026.<\/td><\/tr><\/tbody><\/table><\/figure>\n","protected":false},"excerpt":{"rendered":"<p>Nr. d\/o Categorii de sport Perioada de raportare: 01.09.2024-30.05.2025 &nbsp;1. Sambo La data de 13 februarie 2026, echipa Academiei format\u0103 din studen\u0163i \u015fi angaja\u0163i ai Catedrei educa\u0163ie fizic\u0103 \u015fi autoap\u0103rare [&hellip;]<\/p>\n","protected":false},"author":10,"featured_media":0,"parent":1377,"menu_order":0,"comment_status":"closed","ping_status":"closed","template":"","meta":[],"translation":{"provider":"WPGlobus","version":"2.12.2","language":"gb","enabled_languages":["ro","gb"],"languages":{"ro":{"title":true,"content":true,"excerpt":false},"gb":{"title":false,"content":false,"excerpt":false}}},"acf":[],"_links":{"self":[{"href":"https:\/\/www.academy.police.md\/gb\/wp-json\/wp\/v2\/pages\/3484"}],"collection":[{"href":"https:\/\/www.academy.police.md\/gb\/wp-json\/wp\/v2\/pages"}],"about":[{"href":"https:\/\/www.academy.police.md\/gb\/wp-json\/wp\/v2\/types\/page"}],"author":[{"embeddable":true,"href":"https:\/\/www.academy.police.md\/gb\/wp-json\/wp\/v2\/users\/10"}],"replies":[{"embeddable":true,"href":"https:\/\/www.academy.police.md\/gb\/wp-json\/wp\/v2\/comments?post=3484"}],"version-history":[{"count":18,"href":"https:\/\/www.academy.police.md\/gb\/wp-json\/wp\/v2\/pages\/3484\/revisions"}],"predecessor-version":[{"id":31704,"href":"https:\/\/www.academy.police.md\/gb\/wp-json\/wp\/v2\/pages\/3484\/revisions\/31704"}],"up":[{"embeddable":true,"href":"https:\/\/www.academy.police.md\/gb\/wp-json\/wp\/v2\/pages\/1377"}],"wp:attachment":[{"href":"https:\/\/www.academy.police.md\/gb\/wp-json\/wp\/v2\/media?parent=3484"}],"curies":[{"name":"wp","href":"https:\/\/api.w.org\/{rel}","templated":true}]}}