{"id":3570,"date":"2021-06-18T10:13:41","date_gmt":"2021-06-18T10:13:41","guid":{"rendered":"http:\/\/academy.police.md\/?page_id=3570"},"modified":"2026-01-02T14:46:36","modified_gmt":"2026-01-02T12:46:36","slug":"componenta-catedrei-asia","status":"publish","type":"page","link":"https:\/\/www.academy.police.md\/gb\/catedre\/catedra-activitate-speciala-de-investigatii-si-anticoruptie\/componenta-catedrei-asia","title":{"rendered":"Componen\u0163a catedrei ASIA"},"content":{"rendered":"\n<ol type=\"1\"><li><strong>Alexandru CICALA,<\/strong>\u00a0\u015eef de Catedr\u0103, conferen\u0163iar universitar, doctor\u00a0 \u00een drept, comisar-\u0219ef.<\/li><li><strong>Marian GHERMAN<\/strong>, profesor universitar, doctor\u00a0 \u00een drept.<\/li><li><strong>Alexandru PARENIUC,\u00a0<\/strong>conferen\u0163iar universitar, doctor \u00een drept, comisar-\u0219ef.<\/li><li><strong>Nicolae VASILI\u0218IN,\u00a0<\/strong>asistent universitar, master \u00een drept.<\/li><li><strong>Sergiu ZAVTUR,<\/strong> asistent universitar.<\/li><li><strong>Elena CICALA,\u00a0<\/strong>asistent universitar, master \u00een drept.<\/li><li><strong>Metodist:<\/strong> <strong>Eftodii Nina<\/strong>, ofi\u021ber superior, inspector.<\/li><li><strong>Bibliotecar<\/strong>: <strong>Inessa DIUVENJI, <\/strong>specialist principal.<\/li><li><strong>Bibliotecar: Anna ZUBCEVSCAIA, <\/strong>specialist principal.<\/li><\/ol>\n\n\n\n<p><strong>Angaja\u0163i pe 0,5<\/strong><\/p>\n\n\n\n<ol type=\"1\"><li><strong>Boris GLAVAN,&nbsp;<\/strong>&nbsp;conferen\u021biar universitar, doctor habilitat \u00een drept.<\/li><li><strong>Ana DIACONU,&nbsp;<\/strong>&nbsp;asistent universitar, master \u00een drept.<\/li><li><strong>Gabriela CRISTEA,&nbsp;<\/strong>&nbsp;lector universitar, doctor \u00een drept.<\/li><li><strong>Alexandru G\u0102INA,<\/strong>&nbsp;lector universitar, doctor \u00een drept.<\/li><li><strong>Vladimir PUICA,<\/strong> lector universitar, doctor \u00een drept.<\/li><\/ol>\n\n\n\n<p><strong>Angaja\u0163i pe 0,25<\/strong><\/p>\n\n\n\n<ol type=\"1\"><li><strong>Alexandru CERNEI,&nbsp;<\/strong>&nbsp;asistent universitar, master \u00een drept.<\/li><li><strong>Ruslan MACOVEI<\/strong>, asistent universitar.<\/li><\/ol>\n\n\n\n<figure class=\"wp-block-image size-large\"><img loading=\"lazy\" width=\"1024\" height=\"683\" src=\"\/wp-content\/uploads\/2025\/06\/IMG_7095-1024x683.jpg\" alt=\"\" class=\"wp-image-26158\" srcset=\"\/wp-content\/uploads\/2025\/06\/IMG_7095-1024x683.jpg 1024w, \/wp-content\/uploads\/2025\/06\/IMG_7095-300x200.jpg 300w, \/wp-content\/uploads\/2025\/06\/IMG_7095-768x512.jpg 768w, \/wp-content\/uploads\/2025\/06\/IMG_7095-1536x1024.jpg 1536w, \/wp-content\/uploads\/2025\/06\/IMG_7095-2048x1365.jpg 2048w\" sizes=\"(max-width: 1024px) 100vw, 1024px\" \/><\/figure>\n","protected":false},"excerpt":{"rendered":"<p>Alexandru CICALA,\u00a0\u015eef de Catedr\u0103, conferen\u0163iar universitar, doctor\u00a0 \u00een drept, comisar-\u0219ef. Marian GHERMAN, profesor universitar, doctor\u00a0 \u00een drept. Alexandru PARENIUC,\u00a0conferen\u0163iar universitar, doctor \u00een drept, comisar-\u0219ef. Nicolae VASILI\u0218IN,\u00a0asistent universitar, master \u00een drept. [&hellip;]<\/p>\n","protected":false},"author":10,"featured_media":0,"parent":1373,"menu_order":0,"comment_status":"closed","ping_status":"closed","template":"","meta":[],"translation":{"provider":"WPGlobus","version":"2.12.2","language":"gb","enabled_languages":["ro","gb"],"languages":{"ro":{"title":true,"content":true,"excerpt":false},"gb":{"title":false,"content":false,"excerpt":false}}},"acf":[],"_links":{"self":[{"href":"https:\/\/www.academy.police.md\/gb\/wp-json\/wp\/v2\/pages\/3570"}],"collection":[{"href":"https:\/\/www.academy.police.md\/gb\/wp-json\/wp\/v2\/pages"}],"about":[{"href":"https:\/\/www.academy.police.md\/gb\/wp-json\/wp\/v2\/types\/page"}],"author":[{"embeddable":true,"href":"https:\/\/www.academy.police.md\/gb\/wp-json\/wp\/v2\/users\/10"}],"replies":[{"embeddable":true,"href":"https:\/\/www.academy.police.md\/gb\/wp-json\/wp\/v2\/comments?post=3570"}],"version-history":[{"count":24,"href":"https:\/\/www.academy.police.md\/gb\/wp-json\/wp\/v2\/pages\/3570\/revisions"}],"predecessor-version":[{"id":29822,"href":"https:\/\/www.academy.police.md\/gb\/wp-json\/wp\/v2\/pages\/3570\/revisions\/29822"}],"up":[{"embeddable":true,"href":"https:\/\/www.academy.police.md\/gb\/wp-json\/wp\/v2\/pages\/1373"}],"wp:attachment":[{"href":"https:\/\/www.academy.police.md\/gb\/wp-json\/wp\/v2\/media?parent=3570"}],"curies":[{"name":"wp","href":"https:\/\/api.w.org\/{rel}","templated":true}]}}