{"id":3579,"date":"2021-06-18T10:18:25","date_gmt":"2021-06-18T10:18:25","guid":{"rendered":"http:\/\/academy.police.md\/?page_id=3579"},"modified":"2025-05-21T16:13:45","modified_gmt":"2025-05-21T13:13:45","slug":"cabinetul-de-tehnica-speciala","status":"publish","type":"page","link":"https:\/\/www.academy.police.md\/gb\/catedre\/catedra-activitate-speciala-de-investigatii-si-anticoruptie\/cabinetul-de-tehnica-speciala","title":{"rendered":"Cabinetul de tehnic\u0103 special\u0103"},"content":{"rendered":"\n<p><strong>Dispozi\u021bii generale:<\/strong><\/p>\n\n\n\n<p>Cabinetul de tehnic\u0103 special\u0103 \u2013 este destinat instruirii studen\u021bilor ciclurilor I, II, \u0219i III ai Academiei \u201e\u015etefan cel Mare\u201d, precum \u0219i ofi\u021berilor \u0219i subofi\u021berilor MAI viza\u021bi de programele de preg\u0103tire ini\u021bial\u0103 \u0219i perfec\u021bionare \u00een vederea aplic\u0103rii c\u00e2t mai eficiente a mijloacelor tehnico-\u015ftiin\u0163ifice \u00een domeniile de activitate ale OAI. \u00cen cadrul lec\u021biilor desf\u0103\u0219urate \u00een cabinet sunt prev\u0103zute numeroase activit\u0103\u0163i practice, menite s\u0103 contribuie la formarea unor deprinderi de aplicare a mijloacelor tehnice la efectuarea m\u0103surilor speciale de investiga\u0163ii \u015fi ac\u0163iunilor de urm\u0103rire penal\u0103.&nbsp;<\/p>\n\n\n\n<p>Gestionarea s\u0103lii de tehnic\u0103 special\u0103 se efectueaz\u0103 \u00een baza prevederilor Codului educa\u021biei al Republicii Moldova, Cartei Universitare a Academiei \u201e\u015etefan cel Mare\u201d a MAI, regulamentului catedrei \u0219i alte acte institu\u021bionale interne.<\/p>\n\n\n\n<p><strong>Obiectivele cobinetului de tehnic\u0103 special\u0103:<\/strong><\/p>\n\n\n\n<p>\u2022 \u00a0asigurarea calit\u0103\u021bii lec\u021biilor practice cu suport metodologic \u0219i informa\u021bional-tehnologic;<\/p>\n\n\n\n<p>\u2022  asigurarea suportului organizatoric-metodologic a procesului instructiv-didactic;<\/p>\n\n\n\n<p>\u2022\u00a0 formarea deprinderilor practice \u0219i abilit\u0103\u021bilor \u00een vederea aplic\u0103rii mijloacelor tehnice \u00een cadrul desf\u0103\u015fur\u0103rii m\u0103surilor speciale de investiga\u0163ii \u0219i ac\u021biunilor de urm\u0103rire penal\u0103;<\/p>\n\n\n\n<p>\u2022\u00a0 ridicarea \u0219i men\u021binerea nivelului de profesionalism al studen\u021bilor \u0219i angaja\u021bilor MAI a c\u0103ror activitate prevede utilizarea mijloacelor tehnice;<\/p>\n\n\n\n<p>\u2022\u00a0 \u00eensu\u0219irea procedeelor tactice de realizare a m\u0103surilor speciale de investiga\u021bii folosind mijloace tehnice speciale;<\/p>\n\n\n\n<p>\u2022\u00a0 \u00eensu\u0219irea caracteristicilor tactico-tehnice ale mijloacelor aplicate \u00een activitatea practic\u0103.<\/p>\n","protected":false},"excerpt":{"rendered":"<p>Dispozi\u021bii generale: Cabinetul de tehnic\u0103 special\u0103 \u2013 este destinat instruirii studen\u021bilor ciclurilor I, II, \u0219i III ai Academiei \u201e\u015etefan cel Mare\u201d, precum \u0219i ofi\u021berilor \u0219i subofi\u021berilor MAI viza\u021bi de programele [&hellip;]<\/p>\n","protected":false},"author":10,"featured_media":0,"parent":1373,"menu_order":0,"comment_status":"closed","ping_status":"closed","template":"","meta":[],"translation":{"provider":"WPGlobus","version":"2.12.2","language":"gb","enabled_languages":["ro","gb"],"languages":{"ro":{"title":true,"content":true,"excerpt":false},"gb":{"title":false,"content":false,"excerpt":false}}},"acf":[],"_links":{"self":[{"href":"https:\/\/www.academy.police.md\/gb\/wp-json\/wp\/v2\/pages\/3579"}],"collection":[{"href":"https:\/\/www.academy.police.md\/gb\/wp-json\/wp\/v2\/pages"}],"about":[{"href":"https:\/\/www.academy.police.md\/gb\/wp-json\/wp\/v2\/types\/page"}],"author":[{"embeddable":true,"href":"https:\/\/www.academy.police.md\/gb\/wp-json\/wp\/v2\/users\/10"}],"replies":[{"embeddable":true,"href":"https:\/\/www.academy.police.md\/gb\/wp-json\/wp\/v2\/comments?post=3579"}],"version-history":[{"count":5,"href":"https:\/\/www.academy.police.md\/gb\/wp-json\/wp\/v2\/pages\/3579\/revisions"}],"predecessor-version":[{"id":25340,"href":"https:\/\/www.academy.police.md\/gb\/wp-json\/wp\/v2\/pages\/3579\/revisions\/25340"}],"up":[{"embeddable":true,"href":"https:\/\/www.academy.police.md\/gb\/wp-json\/wp\/v2\/pages\/1373"}],"wp:attachment":[{"href":"https:\/\/www.academy.police.md\/gb\/wp-json\/wp\/v2\/media?parent=3579"}],"curies":[{"name":"wp","href":"https:\/\/api.w.org\/{rel}","templated":true}]}}