{"id":3615,"date":"2021-06-18T12:30:02","date_gmt":"2021-06-18T12:30:02","guid":{"rendered":"http:\/\/academy.police.md\/?page_id=3615"},"modified":"2023-12-22T15:20:04","modified_gmt":"2023-12-22T13:20:04","slug":"tirul-de-tragere","status":"publish","type":"page","link":"https:\/\/www.academy.police.md\/gb\/catedre\/catedra-instruire-militara-si-interventii-profesionale\/tirul-de-tragere","title":{"rendered":"Tirul de tragere"},"content":{"rendered":"\n<h5>Tirul de tragere din cadrul Academiei \u201e\u015etefan cel Mare\u201d a MAI este un tir de 50 m., de tip \u00eenchis, construit cu materiale de protec\u021bie balistic\u0103 \u0219i este echipat cu instala\u021bii de tir automatizate \u0219i sisteme de ventila\u021bie.<\/h5>\n\n\n\n<p>Tirul are urm\u0103toarele destina\u0163ii:<\/p>\n\n\n\n<p>1) de preg\u0103tire \u2013 destinat pentru preg\u0103tirea studen\u0163ilor \u015fi angaja\u0163ilor Ministerului Afacerilor Interne;<\/p>\n\n\n\n<p>2) de tragere pentru antrenament \u2013 \u00een cazul persoanelor juridice autorizate s\u0103 organizeze activit\u0103\u0163i de tragere pentru antrenament;<\/p>\n\n\n\n<p>3) de testare \u2013 destinat pentru verificarea \u015fi \u00eencercarea armelor \u015fi muni\u0163iilor;<\/p>\n\n\n\n<p>4) sportiv \u2013 destinat pentru desf\u0103\u015furarea antrenamentelor \u015fi competi\u0163iilor sportive.<\/p>\n\n\n\n<p>Membrii catedrei antreneaz\u0103 echipa Academiei \u201e\u0218tefan cel Mare\u201d a MAI pentru participarea la Campionatul CSC Dinamo la proba \u201eTir\u201d.<\/p>\n\n\n\n<p>Organizeaz\u0103 \u015fi desf\u0103\u015foar\u0103 \u201e\u0218tafeta combinat\u0103\u201d pentru dezvoltarea calit\u0103\u021bilor de tragere, tactice \u0219i fizice a studen\u021bilor Academiei \u201e\u0218tefan cel Mare\u201d.<\/p>\n\n\n\n<p>Particip\u0103 cu echipa Academiei \u201e\u0218tefan cel Mare\u201d a MAI la Concursul Na\u021bional militar \u2013 sportiv \u201eScutul Tinerilor Patrio\u021bi\u201d.<\/p>\n\n\n\n<p>Organizeaz\u0103 Competi\u021bii la Tirul electronic pentru elevii din Gimnazii \u0219i Licee.<\/p>\n\n\n\n<p>Implicare \u00een demonstrarea elementelor de executare a tragerii \u00een tirul multimedia \u00een cadrul programului <em>\u201eJunior Club\u201d <\/em>\u0219i a Cursului integrat de dezvoltare profesional\u0103 \u0219i cognitiv-aplicativ\u0103<em> \u201eItinerarul siguran\u021bei\u201d.<\/em><\/p>\n","protected":false},"excerpt":{"rendered":"<p>Tirul de tragere din cadrul Academiei \u201e\u015etefan cel Mare\u201d a MAI este un tir de 50 m., de tip \u00eenchis, construit cu materiale de protec\u021bie balistic\u0103 \u0219i este echipat cu [&hellip;]<\/p>\n","protected":false},"author":10,"featured_media":0,"parent":1375,"menu_order":0,"comment_status":"closed","ping_status":"closed","template":"","meta":[],"translation":{"provider":"WPGlobus","version":"2.12.2","language":"gb","enabled_languages":["ro","gb"],"languages":{"ro":{"title":true,"content":true,"excerpt":false},"gb":{"title":false,"content":false,"excerpt":false}}},"acf":[],"_links":{"self":[{"href":"https:\/\/www.academy.police.md\/gb\/wp-json\/wp\/v2\/pages\/3615"}],"collection":[{"href":"https:\/\/www.academy.police.md\/gb\/wp-json\/wp\/v2\/pages"}],"about":[{"href":"https:\/\/www.academy.police.md\/gb\/wp-json\/wp\/v2\/types\/page"}],"author":[{"embeddable":true,"href":"https:\/\/www.academy.police.md\/gb\/wp-json\/wp\/v2\/users\/10"}],"replies":[{"embeddable":true,"href":"https:\/\/www.academy.police.md\/gb\/wp-json\/wp\/v2\/comments?post=3615"}],"version-history":[{"count":4,"href":"https:\/\/www.academy.police.md\/gb\/wp-json\/wp\/v2\/pages\/3615\/revisions"}],"predecessor-version":[{"id":16958,"href":"https:\/\/www.academy.police.md\/gb\/wp-json\/wp\/v2\/pages\/3615\/revisions\/16958"}],"up":[{"embeddable":true,"href":"https:\/\/www.academy.police.md\/gb\/wp-json\/wp\/v2\/pages\/1375"}],"wp:attachment":[{"href":"https:\/\/www.academy.police.md\/gb\/wp-json\/wp\/v2\/media?parent=3615"}],"curies":[{"name":"wp","href":"https:\/\/api.w.org\/{rel}","templated":true}]}}