{"id":3632,"date":"2021-06-18T13:46:41","date_gmt":"2021-06-18T13:46:41","guid":{"rendered":"http:\/\/academy.police.md\/?page_id=3632"},"modified":"2025-12-30T13:17:29","modified_gmt":"2025-12-30T11:17:29","slug":"structura-directiei-cipal","status":"publish","type":"page","link":"https:\/\/www.academy.police.md\/gb\/directia-centrul-integrat-de-pregatire-pentru-aplicarea-legii\/structura-directiei-cipal","title":{"rendered":"Direc\u0163ia \u201eCentrul integrat de preg\u0103tire pentru aplicarea legii\u201d"},"content":{"rendered":"\n<figure class=\"wp-block-image size-large\"><img loading=\"lazy\" width=\"1024\" height=\"768\" src=\"\/wp-content\/uploads\/2025\/12\/IMG_8815-1024x768.jpg\" alt=\"\" class=\"wp-image-29815\" srcset=\"\/wp-content\/uploads\/2025\/12\/IMG_8815-1024x768.jpg 1024w, \/wp-content\/uploads\/2025\/12\/IMG_8815-300x225.jpg 300w, \/wp-content\/uploads\/2025\/12\/IMG_8815-768x576.jpg 768w, \/wp-content\/uploads\/2025\/12\/IMG_8815-1536x1152.jpg 1536w, \/wp-content\/uploads\/2025\/12\/IMG_8815-2048x1536.jpg 2048w\" sizes=\"(max-width: 1024px) 100vw, 1024px\" \/><\/figure>\n\n\n\n<p><strong><strong>Ciumac Andrian<\/strong><\/strong><\/p>\n\n\n\n<p><strong>\u0219ef direc\u021bie, <strong>comisar-\u015fef<\/strong>.<\/strong><\/p>\n\n\n\n<p><strong>Informa\u021bii generale<\/strong><\/p>\n\n\n\n<p>Denumirea subdiviziunii \u2013 Direc\u021bia \u201eCentrul integrat de preg\u0103tire pentru aplicarea legii\u201d a Academiei \u201e\u0218tefan cel Mare\u201d a Ministerului Afacerilor Interne (\u00een continuare \u2013&nbsp;<em>Direc\u021bia CIPAL<\/em>).<\/p>\n\n\n\n<p><strong>Structura organizatoric\u0103 a Direc\u021biei:<\/strong><\/p>\n\n\n\n<p>&#8211; Departamentul formare competen\u021be special;<\/p>\n\n\n\n<p>&#8211; Departamentul formare ini\u0163ial\u0103 subofi\u021beri;<\/p>\n\n\n\n<p>&#8211; Departamentul formare continu\u0103 subofi\u021beri.<\/p>\n\n\n\n<p><strong>Scurt\u0103 descriere a subdiviziunii<\/strong><\/p>\n\n\n\n<p>Direc\u021bia este subdiviziune structural\u0103 a Academiei \u201e\u0218tefan cel Mare\u201d a Ministerului Afacerilor Interne (\u00een continuare &#8211; Academia) \u00een subordinea prorectorului pentru formare \u0219i personal, av\u00e2nd totodat\u0103 autonomie \u00een privin\u021ba colabor\u0103rii \u0219i desf\u0103\u0219ur\u0103rii programelor de dezvoltare profesional\u0103 cu institu\u021bii\/organiza\u021bii na\u021bionale\/interna\u021bionale, \u00een baza Acordurilor de colaborare \u00eencheiate.<br>\u00cen activitatea sa, Direc\u021bia se conduce de Constitu\u021bia Republicii Moldova, legisla\u021bia na\u021bional\u0103 din domeniul form\u0103rii, actele normative \u015fi actele juridice aprobate \u00een cadrul Ministerului Afacerilor Interne \u0219i Academiei, precum \u015fi de prevederile prezentului Regulament, \u00een baza principiilor de legalitate, impar\u021bialitate, independent\u0103, confiden\u021bialitate, profesionalism, eficient\u0103 \u015fi ierarhie institu\u021bional\u0103.<br>Direc\u021bia \u00ee\u0219i desf\u0103\u0219oar\u0103 activitatea \u00een baza principiilor legalit\u0103\u021bii, profesionalismului, responsabilit\u0103\u021bii, transparen\u021bei \u0219i impar\u021bialit\u0103\u021bii.<br>Misiunea Direc\u0163iei const\u0103 \u00een asigurarea, organizarea \u015fi desf\u0103\u0219urarea programelor privind \u00eenv\u0103\u021b\u0103m\u00e2ntul profesional tehnic, precum \u0219i de formare ini\u021bial\u0103 \u0219i continu\u0103, de tip integrat, specializat \u015fi a altor activit\u0103\u021bi de preg\u0103tire la nivel departamental, ministerial, iar dup\u0103 caz, la nivel na\u021bional \u015fi interna\u021bional, \u00een beneficiul institu\u021biilor de aplicare a legii, al structurilor \u015fi al personalului Ministerului Afacerilor Interne.<\/p>\n\n\n\n<p>\u00cen scopul \u00eendeplinirii misiunii sale, Direc\u021bia exercit\u0103 urm\u0103toarele func\u021bii de baz\u0103:<br>1) desf\u0103\u0219oar\u0103 \u00eenv\u0103\u021b\u0103m\u00e2ntul profesional tehnic;<br>2) desf\u0103\u015foar\u0103 formarea ini\u021bial\u0103 a subofi\u0163erilor din cadrul subdiviziunilor Ministerului Afacerilor Interne;<br>3) desf\u0103\u015foar\u0103 formarea continu\u0103 integrat\u0103 pe domenii de interes comun a personalului Ministerului Afacerilor Interne \u015fi a personalului din institu\u0163iile de aplicare a legii, precum \u015fi a personalului din structurile similare ale altor state cu care Republica Moldova se afl\u0103 \u00een rela\u0163ii de colaborare;<br>4) desf\u0103\u015foar\u0103 alte activit\u0103\u0163i de dezvoltare profesional\u0103, potrivit necesarului Ministerului Afacerilor Interne \u015fi al altor institu\u0163ii de aplicare a legii;<br>5) colaboreaz\u0103 cu subdiviziunile Ministerului Afacerilor Interne (\u00een continuare &#8211; MAI) \u015fi alte institu\u021bii publice \u015fi organiza\u021bii non-guvernamentale;<br>6) desf\u0103\u0219oar\u0103 evalu\u0103ri \u0219i sondaje \u00een scopul identific\u0103rii necesarului de instruire a personalului MAI \u0219i \u00eembun\u0103t\u0103\u021birii procesului de instruire;<br>7) \u00eenainteaz\u0103 propuneri privind perfec\u021bionarea cadrului normativ din domeniul form\u0103rii personalului MAI.<\/p>\n\n\n\n<p>\u00cen vederea realiz\u0103rii func\u021biilor sale Direc\u021bia are urm\u0103toarele atribu\u021bii pe domeniul de competen\u021b\u0103:<br>1) organizarea, desf\u0103\u0219urarea sau g\u0103zduirea, dup\u0103 caz, a activit\u0103\u021bilor de formare profesional\u0103 pentru personalul Ministerului Afacerilor Interne \u015fi al altor institu\u021bii de aplicare a legii;<br>2) participarea la identificarea necesarului de formare a personalului Ministerului Afacerilor Interne;<br>3) organizarea \u00eenv\u0103\u021b\u0103m\u00e2ntului profesional tehnic;<br>4) formarea ini\u021bial\u0103 a subofi\u021berilor din cadrul subdiviziunilor Ministerului Afacerilor Interne;<br>5) formarea continu\u0103 a personalului structurilor\/institu\u021biilor Ministerului Afacerilor Interne;<br>6) desf\u0103\u0219urarea sau participarea, dup\u0103 caz, la realizarea de studii, cercet\u0103ri, evalu\u0103ri \u015fi analize \u00een domeniul aplic\u0103rii legii;<br>7) acordarea suportului metodic \u015fi didactic pentru formarea profesional\u0103 continu\u0103 a angaja\u021bilor Ministerului Afacerilor Interne la locul de munc\u0103;<br>8) organizarea activit\u0103\u021bilor de formare, a altor activit\u0103\u021bi de profil prin cooperare interna\u021bional\u0103;<br>9) formarea personalului didactic \u015fi a formatorilor din cadrul MAI;<br>10) realizarea de proiecte de cooperare interna\u021bional\u0103 \u015fi participarea la accesarea de asisten\u021b\u0103 extern\u0103 pentru dezvoltarea proprie;<br>11) participarea la m\u0103surile de prevenire a infrac\u021biunilor \u0219i contraven\u021biilor, precum \u0219i, la necesitate, implicarea \u00een misiuni de men\u021binere \u0219i asigurare a ordinii publice.<\/p>\n\n\n\n<p>Direc\u021bia are urm\u0103toarele drepturi:<br>1) stabilirea, \u00een conformitate cu legisla\u021bia, a formelor adecvate de organizare \u015fi de stimulare a muncii care s\u0103 asigure folosirea eficace \u015fi eficient\u0103 a personalului;<br>2) furnizarea de servicii de dezvoltare profesional\u0103 pentru institu\u021biile, organiza\u021biile de stat \u015fi al\u021bi beneficiari na\u021bionali sau interna\u021bionali, \u00een condi\u021biile legii;<br>3) aplicarea la concursuri \u00een vederea ob\u021binerii de granturi, proiecte, burse, etc. na\u021bionale, interna\u021bionale, \u00een condi\u021biile legii;<br>4) folosirea \u0219i aplicarea \u00eensemnelor corporative ale Direc\u021biei, aprobate prin Comisia Na\u021bional\u0103 de Heraldic\u0103;<br>5) solicitarea, \u00een limitele competen\u021belor atribuite, de la autorit\u0103\u021bile publice, precum \u015fi de la persoane fizice \u015fi juridice a informa\u021biilor necesare pentru realizarea func\u021biilor \u015fi a atribu\u021biilor sale;<br>6) organizarea \u015fi desf\u0103\u0219urarea de mese rotunde, \u00eentruniri, conferin\u021be etc. cu participarea reprezentan\u021bilor din diferite institu\u021bii\/organiza\u021bii din domeniul \u00eenv\u0103\u021b\u0103m\u00e2ntului, ordinii \u0219i securit\u0103\u021bii publice sau a justi\u021biei;<br>7) cooperarea interna\u021bional\u0103 \u00een domeniul instruirii, desf\u0103\u0219ur\u0103rii activit\u0103\u021bii \u0219tiin\u021bifice \u015fi form\u0103rii formatorilor;<br>8) elaborarea, editarea \u015fi publicarea materialelor didactice \u015fi a altor materiale elaborate \u00een procesul activit\u0103\u021bii;<br>9) desf\u0103\u0219urarea diverselor forme de dezvoltare profesional\u0103, pe baze contractuale, \u00een beneficiul institu\u021biilor\/organiza\u021biilor de aplicare a legii na\u021bionale sau interna\u021bionale sau a persoanelor fizice care activeaz\u0103 \u00een domeniul ordinii \u0219i securit\u0103\u021bii publice;<br>10) efectuarea unor studii de cercetare \u015ftiin\u0163ific\u0103 \u00een domeniul ordinii \u0219i securit\u0103\u021bii publice \u0219i jurispruden\u021bei, publicarea studiilor realizate, a materialelor didactice \u015fi a altor materiale elaborate \u00een procesul activit\u0103\u0163ii.<\/p>\n\n\n\n<p>Direc\u0163ia are urm\u0103toarele responsabilit\u0103\u021bi:<br>1) organizarea \u0219i desf\u0103\u0219urarea \u00een conformitate cu cadrul normativ din domeniul \u00eenv\u0103\u021b\u0103m\u00e2ntului \u0219i form\u0103rii a programelor privind \u00eenv\u0103\u021b\u0103m\u00e2ntul profesional tehnic, precum \u0219i de formare ini\u021bial\u0103 \u0219i continu\u0103, potrivit necesarului de instruire al subdiviziunilor MAI (tip, nivel, varietate tematic\u0103, desf\u0103\u0219urare practic\/aplicativ\u0103, pe platforme informatice de tip e-learning, etc.);<br>2) oferirea\/realizarea instruiri pentru structurile de aplicare a legii na\u021bionale sau interna\u021bionale (programe specifice, \u00een comun \u0219i\/sau integrate);<br>3) sus\u021binerea activit\u0103\u021bilor de cooperare interna\u021bional\u0103 \u00een domeniul instruirii, de asimilare a experien\u021belor \u0219i bunelor practici europene \u0219i interna\u021bionale.<\/p>\n\n\n\n<p>Direc\u021bia CIPAL coopereaz\u0103 cu: \u0218coala de Preg\u0103tire a Agen\u021bilor de Frontier\u0103 a \u201eAVRAM IANCU\u201d Oradea, ROM\u00c2NIA.<\/p>\n\n\n\n<p>\u0218coala Na\u021bional\u0103 de Poli\u021bie Penitenciar\u0103 \u201eCONSTANTIN BR\u00c2NCOVEANU\u201d T\u00e2rgul Ocna, ROM\u00c2NIA.<\/p>\n\n\n\n<p>\u0218coala de Agen\u021bi de Poli\u021bie &nbsp;\u201eVASILE LASC\u0102R\u201d, C\u00e2mpina, ROM\u00c2NIA;<\/p>\n\n\n\n<p>\u0218coala militar\u0103 de Subofi\u021beri de Jandarmi \u201eGRIGORE ALEXANDRU GHICA\u201d Dr\u0103g\u0103\u0219ani, ROM\u00c2NIA.<\/p>\n\n\n\n<p>\u0218coala de poli\u021bie Kaunas, LITUANIA;<\/p>\n\n\n\n<p>Centrul de instruire poli\u021bieneasc\u0103 Legionowo, POLONIA.<\/p>\n\n\n\n<p><strong>Adresa<\/strong>: str. Sf. Vineri 7, mun. Chi\u0219in\u0103u<\/p>\n\n\n\n<p>E-mail: <a href=\"mailto:cipal@mai.gov.md\">cipal@mai.gov.md<\/a><\/p>\n\n\n\n<p>tel: 079902600<\/p>\n\n\n\n<p><a href=\"\/wp-content\/uploads\/2025\/06\/Regulament-CIPAL-ordin-131-din-13.05.2025.pdf\">Ord. nr.131 din 03.05.2025 Regulament<\/a><\/p>\n","protected":false},"excerpt":{"rendered":"<p>Ciumac Andrian \u0219ef direc\u021bie, comisar-\u015fef. Informa\u021bii generale Denumirea subdiviziunii \u2013 Direc\u021bia \u201eCentrul integrat de preg\u0103tire pentru aplicarea legii\u201d a Academiei \u201e\u0218tefan cel Mare\u201d a Ministerului Afacerilor Interne (\u00een continuare \u2013&nbsp;Direc\u021bia [&hellip;]<\/p>\n","protected":false},"author":10,"featured_media":0,"parent":1395,"menu_order":0,"comment_status":"closed","ping_status":"closed","template":"","meta":[],"translation":{"provider":"WPGlobus","version":"2.12.2","language":"gb","enabled_languages":["ro","gb"],"languages":{"ro":{"title":true,"content":true,"excerpt":false},"gb":{"title":false,"content":false,"excerpt":false}}},"acf":[],"_links":{"self":[{"href":"https:\/\/www.academy.police.md\/gb\/wp-json\/wp\/v2\/pages\/3632"}],"collection":[{"href":"https:\/\/www.academy.police.md\/gb\/wp-json\/wp\/v2\/pages"}],"about":[{"href":"https:\/\/www.academy.police.md\/gb\/wp-json\/wp\/v2\/types\/page"}],"author":[{"embeddable":true,"href":"https:\/\/www.academy.police.md\/gb\/wp-json\/wp\/v2\/users\/10"}],"replies":[{"embeddable":true,"href":"https:\/\/www.academy.police.md\/gb\/wp-json\/wp\/v2\/comments?post=3632"}],"version-history":[{"count":29,"href":"https:\/\/www.academy.police.md\/gb\/wp-json\/wp\/v2\/pages\/3632\/revisions"}],"predecessor-version":[{"id":29819,"href":"https:\/\/www.academy.police.md\/gb\/wp-json\/wp\/v2\/pages\/3632\/revisions\/29819"}],"up":[{"embeddable":true,"href":"https:\/\/www.academy.police.md\/gb\/wp-json\/wp\/v2\/pages\/1395"}],"wp:attachment":[{"href":"https:\/\/www.academy.police.md\/gb\/wp-json\/wp\/v2\/media?parent=3632"}],"curies":[{"name":"wp","href":"https:\/\/api.w.org\/{rel}","templated":true}]}}