{"id":3639,"date":"2021-06-18T13:54:47","date_gmt":"2021-06-18T13:54:47","guid":{"rendered":"http:\/\/academy.police.md\/?page_id=3639"},"modified":"2021-06-30T10:12:44","modified_gmt":"2021-06-30T07:12:44","slug":"dotarea-tehnico-materiala-dcipal","status":"publish","type":"page","link":"https:\/\/www.academy.police.md\/gb\/directia-centrul-integrat-de-pregatire-pentru-aplicarea-legii\/dotarea-tehnico-materiala-dcipal","title":{"rendered":"Dotarea tehnico-material\u0103 DCIPAL"},"content":{"rendered":"\n<p>Direc\u021bia CIPAL dispune de:<\/p>\n\n\n\n<ul><li>19 s\u0103li de instruire cu capacitatea 500 persoane;<\/li><li>sal\u0103 de sport;<\/li><li>teren sportiv \u00een aer liber;<\/li><li>sal\u0103 festiv\u0103 cu capacitatea 270 locuri;<\/li><li>poligon de instruire tactic\u0103;<\/li><li>bibliotec\u0103;<\/li><li>spa\u021bii de cazare \u2013 250 locuri.<\/li><li>platform\u0103 de instruire online.<\/li><\/ul>\n","protected":false},"excerpt":{"rendered":"<p>Direc\u021bia CIPAL dispune de: 19 s\u0103li de instruire cu capacitatea 500 persoane; sal\u0103 de sport; teren sportiv \u00een aer liber; sal\u0103 festiv\u0103 cu capacitatea 270 locuri; poligon de instruire tactic\u0103; [&hellip;]<\/p>\n","protected":false},"author":10,"featured_media":0,"parent":1395,"menu_order":0,"comment_status":"closed","ping_status":"closed","template":"","meta":[],"translation":{"provider":"WPGlobus","version":"2.12.2","language":"gb","enabled_languages":["ro","gb"],"languages":{"ro":{"title":true,"content":true,"excerpt":false},"gb":{"title":false,"content":false,"excerpt":false}}},"acf":[],"_links":{"self":[{"href":"https:\/\/www.academy.police.md\/gb\/wp-json\/wp\/v2\/pages\/3639"}],"collection":[{"href":"https:\/\/www.academy.police.md\/gb\/wp-json\/wp\/v2\/pages"}],"about":[{"href":"https:\/\/www.academy.police.md\/gb\/wp-json\/wp\/v2\/types\/page"}],"author":[{"embeddable":true,"href":"https:\/\/www.academy.police.md\/gb\/wp-json\/wp\/v2\/users\/10"}],"replies":[{"embeddable":true,"href":"https:\/\/www.academy.police.md\/gb\/wp-json\/wp\/v2\/comments?post=3639"}],"version-history":[{"count":1,"href":"https:\/\/www.academy.police.md\/gb\/wp-json\/wp\/v2\/pages\/3639\/revisions"}],"predecessor-version":[{"id":3640,"href":"https:\/\/www.academy.police.md\/gb\/wp-json\/wp\/v2\/pages\/3639\/revisions\/3640"}],"up":[{"embeddable":true,"href":"https:\/\/www.academy.police.md\/gb\/wp-json\/wp\/v2\/pages\/1395"}],"wp:attachment":[{"href":"https:\/\/www.academy.police.md\/gb\/wp-json\/wp\/v2\/media?parent=3639"}],"curies":[{"name":"wp","href":"https:\/\/api.w.org\/{rel}","templated":true}]}}