{"id":3667,"date":"2021-06-21T08:38:38","date_gmt":"2021-06-21T08:38:38","guid":{"rendered":"http:\/\/academy.police.md\/?page_id=3667"},"modified":"2025-03-03T13:33:05","modified_gmt":"2025-03-03T11:33:05","slug":"oferta-educationala-a-facultatatii-dopsc","status":"publish","type":"page","link":"https:\/\/www.academy.police.md\/gb\/decanatul-facultatii-drept-ordine-publica-si-securitate-civila\/oferta-educationala-a-facultatatii-dopsc","title":{"rendered":"Oferta educa\u021bional\u0103 a Facultat\u0103\u021bii  DAOSP"},"content":{"rendered":"\n<p>Academia \u201e\u0218tefan cel Mare\u201d a Ministerului Afacerilor Interne, \u00een cadrul Facult\u0103\u021bii drept, administra\u0163ie, ordine \u015fi securitate public\u0103, preg\u0103te\u0219te speciali\u0219ti pentru MAI \u0219i alte organe de aplicare a dreptului din Republica Moldova.<\/p>\n\n\n\n<p>\u00cen cadrul Facult\u0103\u021bii are loc instruirea pentru ciclul I\u2013licen\u021b\u0103 \u0219i ciclul II-master pe specialit\u0103\u021bi\/ programe de studii \u00een cadrul domeniilor de formare profesional\u0103 la licen\u021b\u0103\/master, \u00een conformitate cu Nomenclatorul domeniilor de studii \u0219i al specialit\u0103\u021bilor \u00een \u00eenv\u0103\u021b\u0103m\u00e2ntul superior, aprobat prin Hot\u0103r\u00e2rea Guvernului nr. 412\/2024:<\/p>\n\n\n\n<p><strong>CICLUL I \u2013 studii superioare de licen\u0163\u0103<\/strong><\/p>\n\n\n\n<p><strong>I. <u>Domeniul general de studii: 042 DREPT<\/u><\/strong><\/p>\n\n\n\n<p>Domeniul de formare profesional\u0103:<strong> 0421 Drept<\/strong><\/p>\n\n\n\n<p><strong>1. Specialitatea<\/strong>\/programul de studii la ciclul I &#8211; licen\u021b\u0103:<strong> 0421.1 Drept <\/strong>(cu frecven\u021b\u0103, studii pe locuri cu finan\u0163are de la bugetul de stat, <strong>durata studiilor 4 ani<\/strong>, 240 ECTS)<strong>.<\/strong><\/p>\n\n\n\n<p>\u00cen cadrul programului se realizeaz\u0103 studii la urm\u0103toarele <strong>specializ\u0103ri:<\/strong><\/p>\n\n\n\n<ul><li><strong>activitate de urm\u0103rire penal\u0103<\/strong>,<\/li><li><strong>examin\u0103ri criminalistice de laborator<\/strong>,<\/li><li><strong>investigare infrac\u021biuni<\/strong>.<\/li><\/ul>\n\n\n\n<p><strong>2. Specialitatea<\/strong>\/programul de studii la ciclul I &#8211; licen\u021b\u0103: <strong>0421.1 Drept<\/strong> (cu frecven\u021b\u0103 redus\u0103, studii pe locuri cu finan\u0163are de la bugetul de stat, <strong>durata studiilor 5 ani<\/strong>, 240 ECTS).<br>\u00cen cadrul programului se realizeaz\u0103 studii la urm\u0103toarele <strong>specializ\u0103ri:<\/strong><\/p>\n\n\n\n<ul><li><strong>activitate de urm\u0103rire penal\u0103<\/strong>,<\/li><li><strong>investigare infrac\u021biuni<\/strong>,<\/li><li><strong>ordine public\u0103<\/strong>.<\/li><\/ul>\n\n\n\n<p><strong>3. Specialitatea\/<\/strong>programul de studii la ciclul I &#8211; licen\u021b\u0103:<strong> 0421.1 Drept (<\/strong>cu frecven\u021b\u0103\/cu frecven\u021b\u0103 redus\u0103, pe locuri cu tax\u0103 de studii, <strong>durata studiilor 4\/5 ani<\/strong>, 240 ECTS).<br>\u00cen cadrul programului se realizeaz\u0103 studii la urm\u0103toarele <strong>specializ\u0103ri<\/strong>:<\/p>\n\n\n\n<ul><li><strong>activitate de urm\u0103rire penal\u0103,<\/strong><\/li><li><strong>asisten\u021b\u0103 juridic\u0103 \u00een institu\u021bii publice \u0219i private.<\/strong><\/li><\/ul>\n\n\n\n<p>Absolven\u021bilor li se elibereaz\u0103 diplom\u0103 de licen\u021b\u0103, Titlul ob\u021binut \u2013 <strong><u>Licen\u021biat \u00een Drept.<\/u><\/strong><\/p>\n\n\n\n<p><strong>II. <u>Domeniul general de studii: 103 SERVICII ALE SECURIT\u0102\u021aII<\/u><\/strong><\/p>\n\n\n\n<p>Domeniul de formare profesional\u0103: <strong>1039 \u0218tiin\u021be ale securit\u0103\u021bii<\/strong><\/p>\n\n\n\n<p><strong>1. Specialitatea<\/strong>\/programul de studii la ciclul I &#8211; licen\u021b\u0103:<br>&#8211; <strong>1039.1 Securitate civil\u0103 \u0219i public\u0103 <\/strong>(cu frecven\u021b\u0103, studii pe locuri cu finan\u0163are de la bugetul de stat, <strong>durata studiilor 3 ani<\/strong>, 180 ECTS).<\/p>\n\n\n\n<p>\u00cen cadrul programului se realizeaz\u0103 studii la urm\u0103toarele <strong>specializ\u0103ri<\/strong>:<\/p>\n\n\n\n<ul><li><strong>investiga\u021bii speciale<\/strong>,<\/li><li><strong>investigarea infrac\u021biunilor de corup\u021bie \u0219i conexe<\/strong>,<\/li><li><strong>investigarea fraudelor,<\/strong><\/li><li><strong>ordine public\u0103<\/strong>,<\/li><li><strong>carabinieri,<\/strong><\/li><li><strong>securitatea penitenciar\u0103<\/strong>.<br>&#8211; <strong>1039.4 Securitatea frontierei, migra\u021bie \u0219i azil<\/strong> (cu frecven\u021b\u0103, studii pe locuri cu finan\u0163are de la bugetul de stat, <strong>durata studiilor 3 ani<\/strong>, 180 ECTS).<\/li><\/ul>\n\n\n\n<p>\u00cen cadrul programului se realizeaz\u0103 studii la urm\u0103toarele <strong>specializ\u0103ri<\/strong>:<\/p>\n\n\n\n<ul><li><strong>securitatea frontierei<\/strong>,<\/li><li><strong>migra\u021bie \u0219i azil<\/strong>.<\/li><\/ul>\n\n\n\n<p>Absolven\u021bilor li se elibereaz\u0103 diplom\u0103 de licen\u021b\u0103, Titlul ob\u021binut \u2013 <strong><u>Licen\u021biat \u00een Servicii ale securit\u0103\u021bii.<\/u><\/strong><\/p>\n\n\n\n<p><strong>III. <u>Domeniul general de studii: 040 \u0218TIIN\u021aE ADMINISTRATIVE<\/u><\/strong><\/p>\n\n\n\n<p>Domeniul de formare profesional\u0103: <strong>0400 \u0218tiin\u021be administrative<\/strong><\/p>\n\n\n\n<p><strong>1.<\/strong> <strong>Specialitatea<\/strong>\/programul de studii la ciclul I &#8211; licen\u021b\u0103: <strong>0400.1 Administra\u021bia public\u0103 <\/strong>(cu frecven\u021b\u0103, pe locuri cu tax\u0103 de studii, <strong>durata studiilor 3 ani<\/strong>, 180 ECTS).<\/p>\n\n\n\n<p>Absolven\u021bilor li se elibereaz\u0103 diplom\u0103 de licen\u021b\u0103, Titlul ob\u021binut \u2013 <strong><u>Licen\u021biat \u00een Administra\u021bie public\u0103.<\/u><\/strong><\/p>\n\n\n\n<p><strong>CICLUL II \u2013 studii superioare de master (<\/strong>cu frecven\u021b\u0103, studiipe locuri cu finan\u0163are de la bugetul de stat \u0219i pe locuri cu tax\u0103 de studii<strong>, durata studiilor 1,5\/2 ani, <\/strong>90\/120 ECTS).<\/p>\n\n\n\n<p>Domeniul general de studii:<strong> 042 Drept<\/strong><\/p>\n\n\n\n<p><strong>Programe de master<\/strong> profesional:<\/p>\n\n\n\n<ul><li><strong>Drept penal <\/strong>(90\/120 ECTS),<\/li><li><strong>Activitatea de urm\u0103rire penal\u0103 <\/strong>(90 ECTS),<\/li><li><strong>Activitate special\u0103 de investiga\u021bii <\/strong>(90\/120 ECTS),<\/li><li><strong>Drept economic <\/strong>(90\/120 ECTS),<\/li><li><strong>Drept contraven\u0163ional <\/strong>(120 ECTS),<\/li><li><strong>Drept migra\u021bional \u0219i protec\u021bia refugia\u021bilor <\/strong>(120 ECTS)<strong>.<\/strong><\/li><\/ul>\n\n\n\n<p>Absolven\u021bilor li se elibereaz\u0103 diplom\u0103 de master, Titlul ob\u021binut \u2013 <strong><u>Master \u00een Drept<\/u><\/strong>.<\/p>\n","protected":false},"excerpt":{"rendered":"<p>Academia \u201e\u0218tefan cel Mare\u201d a Ministerului Afacerilor Interne, \u00een cadrul Facult\u0103\u021bii drept, administra\u0163ie, ordine \u015fi securitate public\u0103, preg\u0103te\u0219te speciali\u0219ti pentru MAI \u0219i alte organe de aplicare a dreptului din Republica [&hellip;]<\/p>\n","protected":false},"author":10,"featured_media":0,"parent":1364,"menu_order":0,"comment_status":"closed","ping_status":"closed","template":"","meta":[],"translation":{"provider":"WPGlobus","version":"2.12.2","language":"gb","enabled_languages":["ro","gb"],"languages":{"ro":{"title":true,"content":true,"excerpt":false},"gb":{"title":false,"content":false,"excerpt":false}}},"acf":[],"_links":{"self":[{"href":"https:\/\/www.academy.police.md\/gb\/wp-json\/wp\/v2\/pages\/3667"}],"collection":[{"href":"https:\/\/www.academy.police.md\/gb\/wp-json\/wp\/v2\/pages"}],"about":[{"href":"https:\/\/www.academy.police.md\/gb\/wp-json\/wp\/v2\/types\/page"}],"author":[{"embeddable":true,"href":"https:\/\/www.academy.police.md\/gb\/wp-json\/wp\/v2\/users\/10"}],"replies":[{"embeddable":true,"href":"https:\/\/www.academy.police.md\/gb\/wp-json\/wp\/v2\/comments?post=3667"}],"version-history":[{"count":7,"href":"https:\/\/www.academy.police.md\/gb\/wp-json\/wp\/v2\/pages\/3667\/revisions"}],"predecessor-version":[{"id":23488,"href":"https:\/\/www.academy.police.md\/gb\/wp-json\/wp\/v2\/pages\/3667\/revisions\/23488"}],"up":[{"embeddable":true,"href":"https:\/\/www.academy.police.md\/gb\/wp-json\/wp\/v2\/pages\/1364"}],"wp:attachment":[{"href":"https:\/\/www.academy.police.md\/gb\/wp-json\/wp\/v2\/media?parent=3667"}],"curies":[{"name":"wp","href":"https:\/\/api.w.org\/{rel}","templated":true}]}}