{"id":3683,"date":"2021-06-21T11:29:37","date_gmt":"2021-06-21T11:29:37","guid":{"rendered":"http:\/\/academy.police.md\/?page_id=3683"},"modified":"2021-06-21T11:29:39","modified_gmt":"2021-06-21T11:29:39","slug":"informatii-generale-despre-dru","status":"publish","type":"page","link":"https:\/\/www.academy.police.md\/gb\/subdivizuni\/directia-resurse-umane\/informatii-generale-despre-dru","title":{"rendered":"Informa\u021bii generale despre DRU"},"content":{"rendered":"\n<p>Direc\u021bia reprezint\u0103 o unitate structural\u0103 interioar\u0103 autonom\u0103, care se afl\u0103 \u00een subordonarea nemijlocit\u0103 a prorectorului pentru personal \u0219i educa\u021bie al Academiei \u0219i direct\u0103 a rectorului Academiei.<\/p>\n\n\n\n<p>Direc\u021bia are statut de promotor al politicii de personal \u00een scopul asigur\u0103rii activit\u0103\u021bii eficace a institu\u021biei, cu misiunea de a contribui la realizarea obiectivelor strategice stabilite, prin promovarea \u0219i implementarea managementului eficient al resurselor umane \u00een cadrul Academiei, \u00een concordan\u021b\u0103 cu reglement\u0103rile \u00een vigoare.<\/p>\n\n\n\n<p>Direc\u021bia \u00ee\u0219i desf\u0103\u0219oar\u0103 activitatea \u00een baza principiilor legalit\u0103\u021bii, profesionalismului \u0219i impar\u021bialit\u0103\u021bii.<\/p>\n\n\n\n<p>Direc\u021bia dispune de \u0219tampil\u0103 rotund\u0103 cu elemente de identificare (denumirea subdiviziunii \u0219i a institu\u021biei de \u00eenv\u0103\u021b\u0103m\u00e2nt), care se p\u0103streaz\u0103 la \u0219eful Direc\u021biei sau, cu consim\u021b\u0103m\u00e2ntul acestuia, la \u0219eful adjunct.<\/p>\n\n\n\n<p>Structura \u0219i statul de organizare ale Direc\u021biei, precum \u0219i modific\u0103rile acestora, se aprob\u0103 prin ordinul MAI, la propunerea Senatului Academiei.<\/p>\n","protected":false},"excerpt":{"rendered":"<p>Direc\u021bia reprezint\u0103 o unitate structural\u0103 interioar\u0103 autonom\u0103, care se afl\u0103 \u00een subordonarea nemijlocit\u0103 a prorectorului pentru personal \u0219i educa\u021bie al Academiei \u0219i direct\u0103 a rectorului Academiei. Direc\u021bia are statut de [&hellip;]<\/p>\n","protected":false},"author":10,"featured_media":0,"parent":1330,"menu_order":0,"comment_status":"closed","ping_status":"closed","template":"","meta":[],"translation":{"provider":"WPGlobus","version":"2.12.2","language":"gb","enabled_languages":["ro","gb"],"languages":{"ro":{"title":true,"content":true,"excerpt":false},"gb":{"title":false,"content":false,"excerpt":false}}},"acf":[],"_links":{"self":[{"href":"https:\/\/www.academy.police.md\/gb\/wp-json\/wp\/v2\/pages\/3683"}],"collection":[{"href":"https:\/\/www.academy.police.md\/gb\/wp-json\/wp\/v2\/pages"}],"about":[{"href":"https:\/\/www.academy.police.md\/gb\/wp-json\/wp\/v2\/types\/page"}],"author":[{"embeddable":true,"href":"https:\/\/www.academy.police.md\/gb\/wp-json\/wp\/v2\/users\/10"}],"replies":[{"embeddable":true,"href":"https:\/\/www.academy.police.md\/gb\/wp-json\/wp\/v2\/comments?post=3683"}],"version-history":[{"count":1,"href":"https:\/\/www.academy.police.md\/gb\/wp-json\/wp\/v2\/pages\/3683\/revisions"}],"predecessor-version":[{"id":3684,"href":"https:\/\/www.academy.police.md\/gb\/wp-json\/wp\/v2\/pages\/3683\/revisions\/3684"}],"up":[{"embeddable":true,"href":"https:\/\/www.academy.police.md\/gb\/wp-json\/wp\/v2\/pages\/1330"}],"wp:attachment":[{"href":"https:\/\/www.academy.police.md\/gb\/wp-json\/wp\/v2\/media?parent=3683"}],"curies":[{"name":"wp","href":"https:\/\/api.w.org\/{rel}","templated":true}]}}