{"id":3710,"date":"2021-06-21T13:45:58","date_gmt":"2021-06-21T13:45:58","guid":{"rendered":"http:\/\/academy.police.md\/?page_id=3710"},"modified":"2022-07-22T08:40:44","modified_gmt":"2022-07-22T05:40:44","slug":"scurt-istoric-al-catedrei-sscp","status":"publish","type":"page","link":"https:\/\/www.academy.police.md\/gb\/catedre\/catedra-stiinte-manageriale-socio-umane-si-comunicare-profesionala\/scurt-istoric-al-catedrei-sscp","title":{"rendered":"Scurt istoric"},"content":{"rendered":"\n<p>Catedra a fost creat\u0103 din anul fond\u0103rii Academiei. Pe parcursul anilor evolu\u021bia catedrei a cunoscut mai multe reorganiz\u0103ri, ini\u021bial func\u021bion\u00e2nd cu denumirea de Catedra \u201eDiscipline sociale\u201d.<\/p>\n\n\n\n<p>\u00cen primii ani de activitate, \u00een cadrul catedrei activau doctori, conferen\u0163iari universitari: G. \u0162apu, O. Sedle\u0163chi, L. Negar\u0103, S. Ro\u015fca, care \u0163ineau cursuri la&nbsp; disciplinele socio-umane \u015fi de cultur\u0103 general\u0103: filosofia \u015fi istoria g\u00e2ndirii filosofice, politologia, istoria rom\u00e2nilor, istoria culturii universale \u015fi na\u0163ionale, istoria religiei, logica, etica \u015fi estetica, psihologia. De la fondarea Academiei p\u00e2n\u0103 \u00een anul 2006 \u015fefi de catedr\u0103 au fost: L. Negar\u0103, dr. \u00een filosofie, S. Ro\u015fca, dr. \u00een filosofie. Pe parcurs s-au introdus cursuri speciale cu caracter aplicativ, reie\u015find din specificul institu\u0163iei: etica profesional\u0103, sociologia juridic\u0103, filosofia dreptului, logica \u015fi etica profesional\u0103, psihologia \u015fi pedagogia judiciar\u0103.<\/p>\n\n\n\n<p>Pentru perioada 2006-2016 \u00een calitate de \u015fef de catedr\u0103 este numit Oleg Casiadi, doctor \u00een filosofie, conferen\u0163iar universitar. La ini\u0163iativa \u015fefului de catedr\u0103 au fost suplinite cursuri noi cu impact dezvoltativ multilateral: Integrarea European\u0103, Poli\u0163ia \u00een statele europene, Securitatea Interna\u0163ional\u0103. \u00cen aceast\u0103 perioad\u0103 a fost introdus\u0103 experien\u0163a de dezvoltare din punctul de vedere al valorilor na\u0163ionale a studen\u0163ilor prin organizarea vizitelor la diverse institu\u0163ii culturale.<\/p>\n\n\n\n<p>O perioad\u0103 scurt\u0103, 2013-2015, catedra a f\u0103cut parte din catedra \u201eDrept poli\u0163ienesc\u201d, av\u00e2nd denumirea de \u201e\u015etiin\u0163e poli\u0163iene\u015fti \u015fi socio-umane\u201d, iar din anul 2016 ea devine iar\u0103\u0219i independent\u0103, cu titulatura \u201e\u015etiin\u0163e manageriale \u015fi socio-umane\u201d.<\/p>\n\n\n\n<p>\u00cen 2017, catedrei i s-a atribuit denumirea de \u201eCatedra \u015ftiin\u0163e manageriale \u0219i socio-umane\u201d cu preluarea conducerii de c\u0103tre Aliona Bivol, doctor \u00een psihologie, conferen\u0163iar universitar \u015fi majorarea num\u0103rului de discipline \u00een planul de \u00eenv\u0103\u0163\u0103m\u00e2nt universitar citite \u00een cadrul catedrei fiind: Managementul profesional, Conflictologia etc.<\/p>\n\n\n\n<p>Reie\u015find din activitatea multidisciplinar\u0103 cu punerea accentului pe dezvoltarea fenomenului de comunicare \u00een r\u00e2ndurile audien\u0163ilor, catedra \u00een 2019 a fost redenumit\u0103 \u00een catedra \u201e\u015etiin\u0163e manageriale, socio-umane \u015fi comunicare profesional\u0103\u201d cu adoptarea noilor cursuri de Comunicare profesional\u0103 \u015fi juridic\u0103. Modificarea organigramei Academiei \u00een aprilie 2022 s-a soldat cu redenumirea catedrei \u2013 \u201eManagement \u015fi comunicare profesional\u0103\u201d, p\u0103str\u00e2ndu-\u015fi integral predarea disciplinelor socioumane.<\/p>\n","protected":false},"excerpt":{"rendered":"<p>Catedra a fost creat\u0103 din anul fond\u0103rii Academiei. Pe parcursul anilor evolu\u021bia catedrei a cunoscut mai multe reorganiz\u0103ri, ini\u021bial func\u021bion\u00e2nd cu denumirea de Catedra \u201eDiscipline sociale\u201d. \u00cen primii ani de [&hellip;]<\/p>\n","protected":false},"author":10,"featured_media":0,"parent":1379,"menu_order":0,"comment_status":"closed","ping_status":"closed","template":"","meta":[],"translation":{"provider":"WPGlobus","version":"2.12.2","language":"gb","enabled_languages":["ro","gb"],"languages":{"ro":{"title":true,"content":true,"excerpt":false},"gb":{"title":false,"content":false,"excerpt":false}}},"acf":[],"_links":{"self":[{"href":"https:\/\/www.academy.police.md\/gb\/wp-json\/wp\/v2\/pages\/3710"}],"collection":[{"href":"https:\/\/www.academy.police.md\/gb\/wp-json\/wp\/v2\/pages"}],"about":[{"href":"https:\/\/www.academy.police.md\/gb\/wp-json\/wp\/v2\/types\/page"}],"author":[{"embeddable":true,"href":"https:\/\/www.academy.police.md\/gb\/wp-json\/wp\/v2\/users\/10"}],"replies":[{"embeddable":true,"href":"https:\/\/www.academy.police.md\/gb\/wp-json\/wp\/v2\/comments?post=3710"}],"version-history":[{"count":4,"href":"https:\/\/www.academy.police.md\/gb\/wp-json\/wp\/v2\/pages\/3710\/revisions"}],"predecessor-version":[{"id":7375,"href":"https:\/\/www.academy.police.md\/gb\/wp-json\/wp\/v2\/pages\/3710\/revisions\/7375"}],"up":[{"embeddable":true,"href":"https:\/\/www.academy.police.md\/gb\/wp-json\/wp\/v2\/pages\/1379"}],"wp:attachment":[{"href":"https:\/\/www.academy.police.md\/gb\/wp-json\/wp\/v2\/media?parent=3710"}],"curies":[{"name":"wp","href":"https:\/\/api.w.org\/{rel}","templated":true}]}}