{"id":3716,"date":"2021-06-21T13:48:41","date_gmt":"2021-06-21T13:48:41","guid":{"rendered":"http:\/\/academy.police.md\/?page_id=3716"},"modified":"2025-11-26T08:28:02","modified_gmt":"2025-11-26T06:28:02","slug":"membrii-catedrei-sscp","status":"publish","type":"page","link":"https:\/\/www.academy.police.md\/gb\/catedre\/catedra-stiinte-manageriale-socio-umane-si-comunicare-profesionala\/membrii-catedrei-sscp","title":{"rendered":"Membrii catedrei"},"content":{"rendered":"\n<p>1<strong>.&nbsp; Harabara Valeriu<\/strong>, \u015fef catedr\u0103, doctor \u00een istorie, comisar<\/p>\n\n\n\n<p>2. <strong>Bivol Aliona<\/strong>, conferen\u0163iar universitar, doctor \u00een psihologie, comisar-\u015fef<\/p>\n\n\n\n<p>3. <strong>Casiadi Oleg<\/strong>, conferen\u0163iar universitar, doctor \u00een filosofie<\/p>\n\n\n\n<p>4. <strong>Ro\u015fca Simion<\/strong>, conferen\u0163iar universitar, doctor \u00een filosofie<\/p>\n\n\n\n<p>5. <strong>Chiri\u0163a Olga<\/strong>, lector universitar, doctor \u00een psihologie, comisar<\/p>\n\n\n\n<p>6. <strong>Rotari Cristina<\/strong>, ofi\u0163er superior, inspector superior<\/p>\n\n\n\n<p>7. <strong>Zelenschi Angela<\/strong>, conferen\u0163iar universitar, doctor \u00een filosofie (cumul extern)<\/p>\n\n\n\n<p>8. <strong>Butnari Nadejda<\/strong>, lector universitar, doctor \u00een \u015ftiin\u0163e ale educa\u0163iei (cumul extern)<\/p>\n\n\n\n<p>9. <strong>Anton Vica<\/strong>, asistent universitar, doctor \u00een psihologie (cumul intern)<\/p>\n\n\n\n<p>10. <strong>Poian\u0103 Ion<\/strong>, asistent universitar (cumul extern)<\/p>\n","protected":false},"excerpt":{"rendered":"<p>1.&nbsp; Harabara Valeriu, \u015fef catedr\u0103, doctor \u00een istorie, comisar 2. Bivol Aliona, conferen\u0163iar universitar, doctor \u00een psihologie, comisar-\u015fef 3. Casiadi Oleg, conferen\u0163iar universitar, doctor \u00een filosofie 4. Ro\u015fca Simion, conferen\u0163iar [&hellip;]<\/p>\n","protected":false},"author":10,"featured_media":0,"parent":1379,"menu_order":0,"comment_status":"closed","ping_status":"closed","template":"","meta":[],"translation":{"provider":"WPGlobus","version":"2.12.2","language":"gb","enabled_languages":["ro","gb"],"languages":{"ro":{"title":true,"content":true,"excerpt":false},"gb":{"title":false,"content":false,"excerpt":false}}},"acf":[],"_links":{"self":[{"href":"https:\/\/www.academy.police.md\/gb\/wp-json\/wp\/v2\/pages\/3716"}],"collection":[{"href":"https:\/\/www.academy.police.md\/gb\/wp-json\/wp\/v2\/pages"}],"about":[{"href":"https:\/\/www.academy.police.md\/gb\/wp-json\/wp\/v2\/types\/page"}],"author":[{"embeddable":true,"href":"https:\/\/www.academy.police.md\/gb\/wp-json\/wp\/v2\/users\/10"}],"replies":[{"embeddable":true,"href":"https:\/\/www.academy.police.md\/gb\/wp-json\/wp\/v2\/comments?post=3716"}],"version-history":[{"count":12,"href":"https:\/\/www.academy.police.md\/gb\/wp-json\/wp\/v2\/pages\/3716\/revisions"}],"predecessor-version":[{"id":28931,"href":"https:\/\/www.academy.police.md\/gb\/wp-json\/wp\/v2\/pages\/3716\/revisions\/28931"}],"up":[{"embeddable":true,"href":"https:\/\/www.academy.police.md\/gb\/wp-json\/wp\/v2\/pages\/1379"}],"wp:attachment":[{"href":"https:\/\/www.academy.police.md\/gb\/wp-json\/wp\/v2\/media?parent=3716"}],"curies":[{"name":"wp","href":"https:\/\/api.w.org\/{rel}","templated":true}]}}