{"id":3803,"date":"2021-06-22T19:09:36","date_gmt":"2021-06-22T19:09:36","guid":{"rendered":"http:\/\/academy.police.md\/?page_id=3803"},"modified":"2026-02-09T11:46:41","modified_gmt":"2026-02-09T09:46:41","slug":"decanat_daosp","status":"publish","type":"page","link":"https:\/\/www.academy.police.md\/gb\/decanatul-facultatii-drept-ordine-publica-si-securitate-civila\/decanat_daosp","title":{"rendered":"Componen\u021ba Facult\u0103\u021bii Drept, administra\u021bie, ordine \u0219i securitate public\u0103"},"content":{"rendered":"\n<figure class=\"wp-block-table\"><table><tbody><tr><td><strong>Nr.<\/strong> <strong>d\/o<\/strong><\/td><td><strong>Func\u0163ia<\/strong><\/td><td><strong>Numele, prenumele,<\/strong>&nbsp; <strong>titlul\/gradul special<\/strong><\/td><td><strong>E-mail<\/strong><\/td><td><strong>Responsabilit\u0103\u021bi\/suport tutorial\/domeniu\/forma de \u00eenv\u0103\u021b\u0103m\u00e2nt<\/strong><\/td><\/tr><tr><td>\u00a01.<\/td><td>DECAN<\/td><td><strong>Vitalie&nbsp;IONA\u015eCU<\/strong>, doctor \u00een drept, conferen\u0163iar universitar, comisar-\u0219ef<\/td><td><a href=\"mailto:vitalie.ionascu@mai.gov.md\">vitalie.ionascu@mai.gov.md<\/a><\/td><td>Asigur\u0103 managementul general \u0219i coordonarea activit\u0103\u021bilor la nivelul facult\u0103\u021bii<\/td><\/tr><tr><td>\u00a02.<\/td><td>Prodecan<\/td><td><strong>Valentin CHIRI\u021aA<\/strong>, doctor \u00een drept, conferen\u021biar universitar, comisar-\u0219ef<\/td><td><a href=\"mailto:valentin.chirita@mai.gov.md\">valentin.chirita@mai.gov.md<\/a><\/td><td>Exercit\u0103 atribu\u021biile delegate de decan \u0219i coordoneaz\u0103 activit\u0103\u021bile specifice domeniilor de responsabilitate<\/td><\/tr><tr><td>\u00a03.<\/td><td>Prodecan<\/td><td><strong>Andrei NASTAS, <\/strong>doctor \u00een drept, conferen\u021biar universitar, comisar<\/td><td><a href=\"mailto:andrei.nastas@mai.gov.md\">andrei.nastas@mai.gov.md<\/a><\/td><td>Exercit\u0103 atribu\u021biile delegate de decan \u0219i coordoneaz\u0103 activit\u0103\u021bile de cooperare institu\u021bional\u0103<\/td><\/tr><tr><td><strong>\u00a0<\/strong>4.<\/td><td>Ofi\u0163er principal<\/td><td><strong>Cristina CASTRAVE\u0162<\/strong>, comisar<\/td><td><a href=\"mailto:cristina.castravet@mai.gov.md\">cristina.castravet@mai.gov.md<\/a><\/td><td>Ciclul I (licen\u0163\u0103), domeniul 042 Drept (cu frecven\u0163\u0103\/tax\u0103),<br>Responsabil <strong>SIMIS<\/strong><\/td><\/tr><tr><td><strong>\u00a0<\/strong>5.<\/td><td>Ofi\u0163er principal<\/td><td><strong>Teodora STROP\u0218A<\/strong>, inspector principal<\/td><td><a href=\"mailto:teodora.stropsa@mai.gov.md\">teodora.stropsa@mai.gov.md<\/a><\/td><td>Ciclul I (licen\u0163\u0103) domeniul 042 Drept (frecven\u0163\u0103 redus\u0103\/tax\u0103), anul II, III, IV, V<\/td><\/tr><tr><td><strong>\u00a0<\/strong>6.<\/td><td>Ofi\u0163er principal<\/td><td><strong>Viorica RUSNAC<\/strong>, inspector superior<\/td><td><a href=\"mailto:viorica.rusnac@mai.gov.md\">viorica.rusnac@mai.gov.md<\/a><\/td><td><strong>Ciclul II<\/strong> \u2013 studii superioare de master, 90\/120 ECTS,<br>Secretar al <strong>Consiliului Facult\u0103\u021bii DAOSP<\/strong><\/td><\/tr><tr><td><strong>\u00a0<\/strong>7.<\/td><td>Ofi\u0163er principal<\/td><td><strong>Rodica GLUHU, <\/strong>inspector principal<\/td><td><a href=\"mailto:rodica.gluhu@mai.gov.md\">rodica.gluhu@mai.gov.md<\/a><\/td><td>Cilcul I (licen\u021b\u0103), domeniul 0400 Administra\u021bie public\u0103, 1039.1 Securitate civil\u0103 \u0219i public\u0103, 1039.4 Securitatea frontierei, migra\u021bie \u0219i azil<\/td><\/tr><tr><td><strong>\u00a0<\/strong>8.<\/td><td>Ofi\u0163er superior<\/td><td><strong>Adriana BOLUN<\/strong>, inspector<\/td><td><a href=\"mailto:adriana.bolun@mai.gov.md\">adriana.bolun@mai.gov.md<\/a><\/td><td><strong>Ciclul II<\/strong> \u2013 studii superioare de master, 90\/120 ECTS,<br>Responsabil\u0103 de organizarea <strong>Structurii de autoguvernare studen\u021beasc\u0103<\/strong> din cadrul Facult\u0103\u021bii DAOSP,<br>Reprezentant al facult\u0103\u021bii \u00een cadrul <strong>Comisiei de Asigurare a Calit\u0103\u021bii<\/strong><\/td><\/tr><tr><td><strong>\u00a0<\/strong>9.<\/td><td>Ofi\u0163er superior<\/td><td><strong>Natalia COSOVAN, <\/strong>inspector<\/td><td><a href=\"mailto:natalia.cosovan@mai.gov.md\">natalia.cosovan@mai.gov.md<\/a><\/td><td>Ciclul I (licen\u0163\u0103), domeniul 042 Drept (cu frecven\u0163\u0103\/buget)<\/td><\/tr><tr><td><strong>\u00a0<\/strong>10.<\/td><td>Ofi\u0163er superior<\/td><td><strong>Marcela CERGU\u021aA, <\/strong>inspector<\/td><td><a href=\"mailto:marcela.cerguta@mai.gov.md\">marcela.cerguta@mai.gov.md<\/a><\/td><td>Ciclul I (licen\u0163\u0103), domeniul 042 Drept (frecven\u0163\u0103 redus\u0103\/tax\u0103), anul I,<br>Responsabil pentru raportare \u0219i coresponden\u021b\u0103<\/td><\/tr><tr><td><strong>\u00a0<\/strong>11.<\/td><td>Metodist principal<\/td><td><strong>Larisa FURTUNA, <\/strong>angajat civil<\/td><td><a href=\"mailto:larisa.furtuna@mai.gov.md\">larisa.furtuna@mai.gov.md<\/a><\/td><td>Ciclul I (licen\u0163\u0103), domeniul 042 Drept (frecven\u0163\u0103 redus\u0103\/buget)<\/td><\/tr><\/tbody><\/table><\/figure>\n","protected":false},"excerpt":{"rendered":"<p>Nr. d\/o Func\u0163ia Numele, prenumele,&nbsp; titlul\/gradul special E-mail Responsabilit\u0103\u021bi\/suport tutorial\/domeniu\/forma de \u00eenv\u0103\u021b\u0103m\u00e2nt \u00a01. DECAN Vitalie&nbsp;IONA\u015eCU, doctor \u00een drept, conferen\u0163iar universitar, comisar-\u0219ef vitalie.ionascu@mai.gov.md Asigur\u0103 managementul general \u0219i coordonarea activit\u0103\u021bilor la nivelul [&hellip;]<\/p>\n","protected":false},"author":10,"featured_media":0,"parent":1364,"menu_order":0,"comment_status":"closed","ping_status":"closed","template":"","meta":[],"translation":{"provider":"WPGlobus","version":"2.12.2","language":"gb","enabled_languages":["ro","gb"],"languages":{"ro":{"title":true,"content":true,"excerpt":false},"gb":{"title":false,"content":false,"excerpt":false}}},"acf":[],"_links":{"self":[{"href":"https:\/\/www.academy.police.md\/gb\/wp-json\/wp\/v2\/pages\/3803"}],"collection":[{"href":"https:\/\/www.academy.police.md\/gb\/wp-json\/wp\/v2\/pages"}],"about":[{"href":"https:\/\/www.academy.police.md\/gb\/wp-json\/wp\/v2\/types\/page"}],"author":[{"embeddable":true,"href":"https:\/\/www.academy.police.md\/gb\/wp-json\/wp\/v2\/users\/10"}],"replies":[{"embeddable":true,"href":"https:\/\/www.academy.police.md\/gb\/wp-json\/wp\/v2\/comments?post=3803"}],"version-history":[{"count":30,"href":"https:\/\/www.academy.police.md\/gb\/wp-json\/wp\/v2\/pages\/3803\/revisions"}],"predecessor-version":[{"id":30380,"href":"https:\/\/www.academy.police.md\/gb\/wp-json\/wp\/v2\/pages\/3803\/revisions\/30380"}],"up":[{"embeddable":true,"href":"https:\/\/www.academy.police.md\/gb\/wp-json\/wp\/v2\/pages\/1364"}],"wp:attachment":[{"href":"https:\/\/www.academy.police.md\/gb\/wp-json\/wp\/v2\/media?parent=3803"}],"curies":[{"name":"wp","href":"https:\/\/api.w.org\/{rel}","templated":true}]}}