{"id":3807,"date":"2021-06-22T19:12:06","date_gmt":"2021-06-22T19:12:06","guid":{"rendered":"http:\/\/academy.police.md\/?page_id=3807"},"modified":"2023-10-20T16:32:39","modified_gmt":"2023-10-20T13:32:39","slug":"competentele-si-misiunile-facultatii-dopsc","status":"publish","type":"page","link":"https:\/\/www.academy.police.md\/gb\/decanatul-facultatii-drept-ordine-publica-si-securitate-civila\/competentele-si-misiunile-facultatii-dopsc","title":{"rendered":"Competen\u021bele \u0219i misiunile Facult\u0103\u0163ii DAOSP"},"content":{"rendered":"\n<p>Facultatea drept, administra\u0163ie, ordine \u015fi securitate public\u0103 este o subdiviziune didactico-\u015ftiin\u0163ific\u0103 \u015fi administrativ\u0103 a Academiei \u201e\u015etefan cel Mare\u201d a MAI, care func\u0163ioneaz\u0103 \u00een baza prevederilor legisla\u0163iei \u00een vigoare, Statutului, regulamentelor, instruc\u0163iunilor, ordinelor \u015fi deciziilor emise de Ministerul Educa\u0163iei \u0219i Cercet\u0103rii \u015fi Ministerul Afacerilor Interne al Republicii Moldova.<\/p>\n\n\n\n<p>Facultatea reprezint\u0103 unitatea func\u0163ional\u0103 de baz\u0103, care structureaz\u0103 \u015fi conduce procesul de \u00eenv\u0103\u0163\u0103m\u00e2nt. Facultatea organizeaz\u0103, potrivit legii, \u00eenv\u0103\u0163\u0103m\u00e2nt superior structurat pe dou\u0103 cicluri: ciclul I \u2013 studii superioare de licen\u0163\u0103 (nivelul 6 ISCED); ciclul II \u2013 studii superioare de master (nivelul 7 ISCED).<\/p>\n\n\n\n<p>Scopul Facult\u0103\u021bii const\u0103 \u00een organizarea \u015fi desf\u0103\u015furarea procesului instructiv-educativ, realizarea activit\u0103\u0163ilor metodice, educa\u0163ionale \u015fi de cercetare \u015ftiin\u0163ific\u0103 pentru unul sau mai multe domenii\/specialit\u0103\u0163i.<\/p>\n\n\n\n<p>Facultatea are, \u00een raport cu statutul \u015fi competen\u0163ele sale, drept misiune principal\u0103, formarea de speciali\u015fti cu preg\u0103tire superioar\u0103, pentru structurile Ministerului Afacerilor Interne al Republicii Moldova \u015fi al\u0163i beneficiari. \u00cen \u00eendeplinirea misiunii ce-i revine, Facultatea realizeaz\u0103 urm\u0103toarele obiective:<\/p>\n\n\n\n<ul><li>formarea speciali\u015ftilor de \u00eenalt\u0103 calificare competitivi pe pia\u0163a na\u0163ional\u0103 \u015fi interna\u0163ional\u0103 a muncii prin \u00eenv\u0103\u0163\u0103m\u00e2nt superior (licen\u0163\u0103, master);<\/li><li>coordonarea activit\u0103\u0163ilor didactice \u015fi de cercetare ale catedrelor \u015fi altor subdiviziuni \u015fi implementarea rezultatelor lor;<\/li><li>formarea speciali\u015ftilor prin \u00eenv\u0103\u0163\u0103m\u00e2nt cu frecven\u021b\u0103, cu frecven\u0163\u0103 redus\u0103, \u00eenv\u0103\u0163\u0103m\u00e2nt la distan\u0163\u0103;<\/li><li>sporirea eficacit\u0103\u0163ii managementului \u015fi sistemului de \u00eenv\u0103\u0163\u0103m\u00e2nt al MAI;<\/li><li>perfec\u0163ionarea mecanismului de selectare a candida\u0163ilor la studii \u00een institu\u0163iile de \u00eenv\u0103\u0163\u0103m\u00e2nt ale MAI;<\/li><li>preg\u0103tirea speciali\u015ftilor cu diferite niveluri de studii, conform necesit\u0103\u0163ii ministerului de resort;<\/li><li>asigurarea unei temeinice preg\u0103tiri de specialitate, formarea capacit\u0103\u0163ilor \u015fi competen\u0163elor profesionale necesare absolven\u0163ilor pentru desf\u0103\u015furarea activit\u0103\u0163ilor specifice func\u0163iilor pe care le vor ocupa dup\u0103 finalizarea studiilor;<\/li><li>asigurarea preg\u0103tirii juridice, tehnico-\u015ftiin\u0163ifice \u015fi militare absolven\u0163ilor la nivelul standardelor specifice \u00eenv\u0103\u0163\u0103m\u00e2ntului superior;<\/li><li>asigurarea unui nivel calitativ \u00eenalt studiilor, \u00een concordan\u0163\u0103 cu necesit\u0103\u0163ile practicii, noua organizare social-economic\u0103 \u015fi juridic\u0103, cuceririle \u015ftiin\u0163ei \u015fi tehnicii contemporane;<\/li><li>cunoa\u015fterea \u015fi adaptarea practicilor comunitar-europene \u00een domeniile pentru care Facultatea este abilitat\u0103;<\/li><li>generalizarea \u015fi difuzarea experien\u0163ei avansate, implementarea investiga\u0163iilor \u015ftiin\u0163ifice at\u00e2t \u00een procesul de studii, c\u00e2t \u015fi \u00een practica organelor afacerilor interne;<\/li><li>crearea unui climat favorabil \u00eentre sec\u0163iile \u015fi catedrele Facult\u0103\u0163ii \u00een plan intelectual, cultural \u015fi moral;<\/li><li>formarea \u015fi dezvoltarea personalit\u0103\u0163ii membrilor Facult\u0103\u0163ii \u00een spiritul unei \u00eenalte educa\u0163ii culturale, \u015ftiin\u0163ifice, patriotice, morale \u015fi civice, corespunz\u0103toare statutului de func\u0163ionar public;<\/li><li>afirmarea constant\u0103 \u015fi progresiv\u0103 a Facult\u0103\u0163ii ca un focar al \u00eenv\u0103\u0163\u0103m\u00e2ntului, educa\u0163iei \u015fi con\u015ftiin\u0163ei civice, al cooper\u0103rii \u015fi colabor\u0103rii interna\u0163ionale.<\/li><\/ul>\n","protected":false},"excerpt":{"rendered":"<p>Facultatea drept, administra\u0163ie, ordine \u015fi securitate public\u0103 este o subdiviziune didactico-\u015ftiin\u0163ific\u0103 \u015fi administrativ\u0103 a Academiei \u201e\u015etefan cel Mare\u201d a MAI, care func\u0163ioneaz\u0103 \u00een baza prevederilor legisla\u0163iei \u00een vigoare, Statutului, regulamentelor, [&hellip;]<\/p>\n","protected":false},"author":10,"featured_media":0,"parent":1364,"menu_order":0,"comment_status":"closed","ping_status":"closed","template":"","meta":[],"translation":{"provider":"WPGlobus","version":"2.12.2","language":"gb","enabled_languages":["ro","gb"],"languages":{"ro":{"title":true,"content":true,"excerpt":false},"gb":{"title":false,"content":false,"excerpt":false}}},"acf":[],"_links":{"self":[{"href":"https:\/\/www.academy.police.md\/gb\/wp-json\/wp\/v2\/pages\/3807"}],"collection":[{"href":"https:\/\/www.academy.police.md\/gb\/wp-json\/wp\/v2\/pages"}],"about":[{"href":"https:\/\/www.academy.police.md\/gb\/wp-json\/wp\/v2\/types\/page"}],"author":[{"embeddable":true,"href":"https:\/\/www.academy.police.md\/gb\/wp-json\/wp\/v2\/users\/10"}],"replies":[{"embeddable":true,"href":"https:\/\/www.academy.police.md\/gb\/wp-json\/wp\/v2\/comments?post=3807"}],"version-history":[{"count":3,"href":"https:\/\/www.academy.police.md\/gb\/wp-json\/wp\/v2\/pages\/3807\/revisions"}],"predecessor-version":[{"id":15251,"href":"https:\/\/www.academy.police.md\/gb\/wp-json\/wp\/v2\/pages\/3807\/revisions\/15251"}],"up":[{"embeddable":true,"href":"https:\/\/www.academy.police.md\/gb\/wp-json\/wp\/v2\/pages\/1364"}],"wp:attachment":[{"href":"https:\/\/www.academy.police.md\/gb\/wp-json\/wp\/v2\/media?parent=3807"}],"curies":[{"name":"wp","href":"https:\/\/api.w.org\/{rel}","templated":true}]}}