{"id":3973,"date":"2021-06-30T13:48:49","date_gmt":"2021-06-30T10:48:49","guid":{"rendered":"https:\/\/academy.police.md\/?page_id=3973"},"modified":"2026-03-20T11:49:20","modified_gmt":"2026-03-20T09:49:20","slug":"conducatori-de-doctorat","status":"publish","type":"page","link":"https:\/\/www.academy.police.md\/gb\/scoala-doctorala\/conducatori-de-doctorat","title":{"rendered":"Conduc\u0103tori de doctorat"},"content":{"rendered":"\n<p><strong>CV-urile conducatorilor de doctorat<\/strong><\/p>\n\n\n\n<p><a rel=\"noreferrer noopener\" href=\"\/wp-content\/uploads\/2026\/03\/CV-prof.-univ.-dr.-hab.-OSTAVCIUC-Dinu.pdf\" data-type=\"URL\" data-id=\"\/wp-content\/uploads\/2026\/03\/CV-prof.-univ.-dr.-hab.-OSTAVCIUC-Dinu.pdf\" target=\"_blank\">CV prof. univ., dr. hab. OSTAVCIUC Dinu<\/a><br><a rel=\"noreferrer noopener\" href=\"\/wp-content\/uploads\/2026\/03\/CV-prof.-univ.-dr.-hab.-CUSNIR-Valeriu.pdf\" data-type=\"URL\" data-id=\"\/wp-content\/uploads\/2026\/03\/CV-prof.-univ.-dr.-hab.-CUSNIR-Valeriu.pdf\" target=\"_blank\">CV prof. univ., dr. hab. CU\u015eNIR Valeriu<\/a><br><a rel=\"noreferrer noopener\" href=\"\/wp-content\/uploads\/2026\/03\/CV-prof.-univ.-dr.-hab.-GLADCHI-Gheorghe.pdf\" data-type=\"URL\" data-id=\"\/wp-content\/uploads\/2026\/03\/CV-prof.-univ.-dr.-hab.-GLADCHI-Gheorghe.pdf\" target=\"_blank\">CV prof. univ., dr. hab. GLADCHI Gheorghe<\/a><br><a rel=\"noreferrer noopener\" href=\"\/wp-content\/uploads\/2026\/03\/CV-conf.-univ.-dr.-hab.-GLAVAN-Boris.pdf\" data-type=\"URL\" data-id=\"\/wp-content\/uploads\/2026\/03\/CV-conf.-univ.-dr.-hab.-GLAVAN-Boris.pdf\" target=\"_blank\">CV conf. univ., dr. hab. GLAVAN Boris<\/a><br><a rel=\"noreferrer noopener\" href=\"\/wp-content\/uploads\/2026\/03\/CV-prof.-univ.-dr.-ARDELEAN-Grigore.pdf\" data-type=\"URL\" data-id=\"\/wp-content\/uploads\/2026\/03\/CV-prof.-univ.-dr.-ARDELEAN-Grigore.pdf\" target=\"_blank\">CV prof. univ., dr. ARDELEAN Grigore<\/a><br><a rel=\"noreferrer noopener\" href=\"\/wp-content\/uploads\/2026\/03\/CV-prof.-univ.-dr.-BELECCIU-Stefan.pdf\" data-type=\"URL\" data-id=\"\/wp-content\/uploads\/2026\/03\/CV-prof.-univ.-dr.-BELECCIU-Stefan.pdf\" target=\"_blank\">CV prof. univ., dr. BELECCIU \u015etefan<\/a><br><a rel=\"noreferrer noopener\" href=\"https:\/\/academy.police.md\/wp-content\/uploads\/2026\/03\/CV-prof.-univ.-dr.-CARP-Simion.pdf\" target=\"_blank\">CV prof. univ., dr. CARP Simion<\/a><br><a rel=\"noreferrer noopener\" href=\"\/wp-content\/uploads\/2026\/03\/CV-prof.-univ.-dr.-CHIRITA-Valentin.pdf\" data-type=\"URL\" data-id=\"\/wp-content\/uploads\/2026\/03\/CV-prof.-univ.-dr.-CHIRITA-Valentin.pdf\" target=\"_blank\">CV prof. univ., dr. CHIRI\u0162A Valentin<\/a><br><a rel=\"noreferrer noopener\" href=\"\/wp-content\/uploads\/2026\/03\/CV-prof.-univ.-dr.-COJOCARU-Radion.pdf\" data-type=\"URL\" data-id=\"\/wp-content\/uploads\/2026\/03\/CV-prof.-univ.-dr.-COJOCARU-Radion.pdf\" target=\"_blank\">CV prof. univ., dr. COJOCARU Radion<\/a><br><a rel=\"noreferrer noopener\" href=\"\/wp-content\/uploads\/2026\/03\/CV-prof.-univ.-dr.-GHERMAN-Marian.pdf\" data-type=\"URL\" data-id=\"\/wp-content\/uploads\/2026\/03\/CV-prof.-univ.-dr.-GHERMAN-Marian.pdf\" target=\"_blank\">CV prof. univ., dr. GHERMAN Marian<\/a><br><a rel=\"noreferrer noopener\" href=\"\/wp-content\/uploads\/2026\/03\/CV-prof.-univ.-dr.-LARII-Iurie.pdf\" data-type=\"URL\" data-id=\"\/wp-content\/uploads\/2026\/03\/CV-prof.-univ.-dr.-LARII-Iurie.pdf\" target=\"_blank\">CV prof. univ., dr. LARII Iurie<\/a><br><a rel=\"noreferrer noopener\" href=\"\/wp-content\/uploads\/2026\/03\/CV-prof.-univ.-dr.-OSOIANU-Tudor.pdf\" data-type=\"URL\" data-id=\"\/wp-content\/uploads\/2026\/03\/CV-prof.-univ.-dr.-OSOIANU-Tudor.pdf\" target=\"_blank\">CV prof. univ., dr. OSOIANU Tudor<\/a><br><a rel=\"noreferrer noopener\" href=\"\/wp-content\/uploads\/2026\/03\/CV-prof.-univ.-dr.-TROFIMOV-Igor.pdf\" data-type=\"URL\" data-id=\"\/wp-content\/uploads\/2026\/03\/CV-prof.-univ.-dr.-TROFIMOV-Igor.pdf\" target=\"_blank\">CV prof. univ., dr. TROFIMOV Igor<\/a><br><a rel=\"noreferrer noopener\" href=\"\/wp-content\/uploads\/2026\/03\/CV-prof.-univ.-dr.-URSU-Veaceslav.pdf\" data-type=\"URL\" data-id=\"\/wp-content\/uploads\/2026\/03\/CV-prof.-univ.-dr.-URSU-Veaceslav.pdf\" target=\"_blank\">CV prof. univ., dr. URSU Veaceslav<\/a><br><a rel=\"noreferrer noopener\" href=\"\/wp-content\/uploads\/2026\/03\/CV-conf.-univ.-dr.-BELECCIU-Liliana.pdf\" data-type=\"URL\" data-id=\"\/wp-content\/uploads\/2026\/03\/CV-conf.-univ.-dr.-BELECCIU-Liliana.pdf\" target=\"_blank\">CV conf. univ., dr. BELECCIU Liliana<\/a><br><a rel=\"noreferrer noopener\" href=\"\/wp-content\/uploads\/2026\/03\/CV-conf.-univ.-dr.-BOSCANEANU-Marcel.pdf\" data-type=\"URL\" data-id=\"\/wp-content\/uploads\/2026\/03\/CV-conf.-univ.-dr.-BOSCANEANU-Marcel.pdf\" target=\"_blank\">CV conf. univ., dr. BO\u015eCANEANU Marcel<\/a><br><a rel=\"noreferrer noopener\" href=\"\/wp-content\/uploads\/2026\/03\/CV-conf.-univ.-dr.-CERNOMORET-Sergiu.pdf\" data-type=\"URL\" data-id=\"\/wp-content\/uploads\/2026\/03\/CV-conf.-univ.-dr.-CERNOMORET-Sergiu.pdf\" target=\"_blank\">CV conf. univ., dr. CERNOMORE\u0162 Sergiu<\/a><br><a rel=\"noreferrer noopener\" href=\"\/wp-content\/uploads\/2026\/03\/CV-conf.-univ.-dr.-CICALA-Alexandru.pdf\" data-type=\"URL\" data-id=\"\/wp-content\/uploads\/2026\/03\/CV-conf.-univ.-dr.-CICALA-Alexandru.pdf\" target=\"_blank\">CV conf. univ., dr. CICALA Alexandru<\/a><br><a rel=\"noreferrer noopener\" href=\"\/wp-content\/uploads\/2026\/03\/CV-conf.-univ.-dr.-COVALCIUC-Ion.pdf\" data-type=\"URL\" data-id=\"\/wp-content\/uploads\/2026\/03\/CV-conf.-univ.-dr.-COVALCIUC-Ion.pdf\" target=\"_blank\">CV conf. univ., dr. COVALCIUC Ion<\/a><br><a rel=\"noreferrer noopener\" href=\"\/wp-content\/uploads\/2026\/03\/CV-conf.-univ.-dr.-ERHAN-Ianus.pdf\" data-type=\"URL\" data-id=\"\/wp-content\/uploads\/2026\/03\/CV-conf.-univ.-dr.-ERHAN-Ianus.pdf\" target=\"_blank\">CV conf. univ., dr. ERHAN Ianus<\/a><br><a rel=\"noreferrer noopener\" href=\"\/wp-content\/uploads\/2026\/03\/CV-conf.-univ.-dr.-IONASCU-Vitalie.pdf\" data-type=\"URL\" data-id=\"\/wp-content\/uploads\/2026\/03\/CV-conf.-univ.-dr.-IONASCU-Vitalie.pdf\" target=\"_blank\">CV conf. univ., dr. IONASCU Vitalie<\/a><br><a rel=\"noreferrer noopener\" href=\"\/wp-content\/uploads\/2026\/03\/CV-conf.-univ.-dr.-NASTAS-Andrei.pdf\" data-type=\"URL\" data-id=\"\/wp-content\/uploads\/2026\/03\/CV-conf.-univ.-dr.-NASTAS-Andrei.pdf\" target=\"_blank\">CV conf. univ., dr. NASTAS Andrei<\/a><br><a rel=\"noreferrer noopener\" href=\"https:\/\/academy.police.md\/wp-content\/uploads\/2026\/03\/CV-conf.-univ.-dr.-ODAGIU-Iurie.pdf\" target=\"_blank\">CV conf. univ., dr. ODAGIU Iurie<\/a><br><a rel=\"noreferrer noopener\" href=\"\/wp-content\/uploads\/2026\/03\/CV-conf.-univ.-dr.-OSADCII-Cornel.pdf\" data-type=\"URL\" data-id=\"\/wp-content\/uploads\/2026\/03\/CV-conf.-univ.-dr.-OSADCII-Cornel.pdf\" target=\"_blank\">CV conf. univ., dr. OSADCII Cornel<\/a><br><a rel=\"noreferrer noopener\" href=\"\/wp-content\/uploads\/2026\/03\/CV-conf.-univ.-dr.-PARENIUC-Alexandru.pdf\" data-type=\"URL\" data-id=\"\/wp-content\/uploads\/2026\/03\/CV-conf.-univ.-dr.-PARENIUC-Alexandru.pdf\" target=\"_blank\">CV conf. univ., dr. PARENIUC Alexandru<\/a><br><a rel=\"noreferrer noopener\" href=\"\/wp-content\/uploads\/2026\/03\/CV-conf.-univ.-dr.-PANTEA-Andrei.pdf\" data-type=\"URL\" data-id=\"\/wp-content\/uploads\/2026\/03\/CV-conf.-univ.-dr.-PANTEA-Andrei.pdf\" target=\"_blank\">CV conf. univ., dr. P\u00c2NTEA Andrei<\/a><br><a rel=\"noreferrer noopener\" href=\"\/wp-content\/uploads\/2026\/03\/CV-conf.-univ.-dr.-PILAT-Sofia.pdf\" data-type=\"URL\" data-id=\"\/wp-content\/uploads\/2026\/03\/CV-conf.-univ.-dr.-PILAT-Sofia.pdf\" target=\"_blank\">CV conf. univ., dr. PILAT Sofia<\/a><br><a rel=\"noreferrer noopener\" href=\"\/wp-content\/uploads\/2026\/03\/CV-conf.-univ.-dr.-RUSNAC-Constantin.pdf\" data-type=\"URL\" data-id=\"\/wp-content\/uploads\/2026\/03\/CV-conf.-univ.-dr.-RUSNAC-Constantin.pdf\" target=\"_blank\">CV conf. univ., dr. RUSNAC Constantin<\/a><br><a rel=\"noreferrer noopener\" href=\"\/wp-content\/uploads\/2026\/03\/CV-conf.-univ.-dr.-RUSU-Oleg.pdf\" data-type=\"URL\" data-id=\"\/wp-content\/uploads\/2026\/03\/CV-conf.-univ.-dr.-RUSU-Oleg.pdf\" target=\"_blank\">CV conf. univ., dr. RUSU Oleg<\/a><br><\/p>\n\n\n\n<p><strong>Lista publicatiilor conducatorilor de doctorat<\/strong><br><\/p>\n\n\n\n<p><a href=\"\/wp-content\/uploads\/2026\/03\/Lista-publicatiilor-prof.-univ.-dr.-hab.-OSTAVCIUC-Dinu-2.pdf\" data-type=\"URL\" data-id=\"\/wp-content\/uploads\/2026\/03\/Lista-publicatiilor-prof.-univ.-dr.-hab.-OSTAVCIUC-Dinu-2.pdf\" target=\"_blank\" rel=\"noreferrer noopener\">Lista publica\u0163iilor prof. univ., dr. hab. OSTAVCIUC Dinu<\/a><br><a rel=\"noreferrer noopener\" href=\"\/wp-content\/uploads\/2026\/03\/Lista-publicatiilor-prof.-univ.-dr.-hab.-CUSNIR-Valeriu.pdf\" data-type=\"URL\" data-id=\"\/wp-content\/uploads\/2026\/03\/Lista-publicatiilor-prof.-univ.-dr.-hab.-CUSNIR-Valeriu.pdf\" target=\"_blank\">Lista publica\u0163iilor prof. univ., dr. hab. CU\u015eNIR Valeriu<\/a><br><a rel=\"noreferrer noopener\" href=\"\/wp-content\/uploads\/2026\/03\/Lista-publicat\u0326iilor-prof.-univ.-dr.-hab.-GLADCHI-Gheorghe.pdf\" data-type=\"URL\" data-id=\"\/wp-content\/uploads\/2026\/03\/Lista-publicat\u0326iilor-prof.-univ.-dr.-hab.-GLADCHI-Gheorghe.pdf\" target=\"_blank\">Lista publica\u0163iilor prof. univ., dr. hab. GLADCHI Gheorghe<\/a><br><a rel=\"noreferrer noopener\" href=\"\/wp-content\/uploads\/2026\/03\/Lista-publicatiilor-conf.-univ.-dr.-hab.-GLAVAN-Boris.pdf\" data-type=\"URL\" data-id=\"\/wp-content\/uploads\/2026\/03\/Lista-publicatiilor-conf.-univ.-dr.-hab.-GLAVAN-Boris.pdf\" target=\"_blank\">Lista publica\u0163iilor conf. univ., dr. hab. GLAVAN Boris<\/a><br><a rel=\"noreferrer noopener\" href=\"\/wp-content\/uploads\/2026\/03\/Lista-publicatiilor-prof.-univ.-dr.-ARDELEAN-Grigore.pdf\" data-type=\"URL\" data-id=\"\/wp-content\/uploads\/2026\/03\/Lista-publicatiilor-prof.-univ.-dr.-ARDELEAN-Grigore.pdf\" target=\"_blank\">Lista publica\u0163iilor prof. univ., dr. ARDELEAN Grigore<\/a><br><a rel=\"noreferrer noopener\" href=\"\/wp-content\/uploads\/2026\/03\/Lista-publicatiilor-prof.-univ.-dr.-BELECCIU-Stefan.pdf\" data-type=\"URL\" data-id=\"\/wp-content\/uploads\/2026\/03\/Lista-publicatiilor-prof.-univ.-dr.-BELECCIU-Stefan.pdf\" target=\"_blank\">Lista publica\u0163iilor prof. univ., dr. BELECCIU \u015etefan<\/a><br><a rel=\"noreferrer noopener\" href=\"\/wp-content\/uploads\/2026\/03\/Lista-publicatiilor-prof.-univ.-dr.-CARP-Simion.pdf\" data-type=\"URL\" data-id=\"\/wp-content\/uploads\/2026\/03\/Lista-publicatiilor-prof.-univ.-dr.-CARP-Simion.pdf\" target=\"_blank\">Lista publica\u0163iilor prof. univ. dr. CARP Simion<\/a><br><a rel=\"noreferrer noopener\" href=\"\/wp-content\/uploads\/2026\/03\/Lista-publicatiilor-prof.-univ.-dr.-CHIRITA-Valentin.pdf\" data-type=\"URL\" data-id=\"\/wp-content\/uploads\/2026\/03\/Lista-publicatiilor-prof.-univ.-dr.-CHIRITA-Valentin.pdf\" target=\"_blank\">Lista publica\u0163iilor prof. univ., dr. CHIRI\u0162A Valentin<\/a><br><a rel=\"noreferrer noopener\" href=\"\/wp-content\/uploads\/2026\/03\/Lista-publicatiilor-prof.-univ.-dr.-COJOCARU-Radion.pdf\" data-type=\"URL\" data-id=\"\/wp-content\/uploads\/2026\/03\/Lista-publicatiilor-prof.-univ.-dr.-COJOCARU-Radion.pdf\" target=\"_blank\">Lista publica\u0163iilor prof. univ., dr. COJOCARU Radion<\/a><br><a rel=\"noreferrer noopener\" href=\"\/wp-content\/uploads\/2026\/03\/Lista-publicatiilor-prof.-univ.-dr.-GHERMAN-Marian.pdf\" data-type=\"URL\" data-id=\"\/wp-content\/uploads\/2026\/03\/Lista-publicatiilor-prof.-univ.-dr.-GHERMAN-Marian.pdf\" target=\"_blank\">Lista publica\u0163iilor prof. univ., dr. GHERMAN Marian<\/a><br><a rel=\"noreferrer noopener\" href=\"\/wp-content\/uploads\/2026\/03\/Lista-publicatiilor-prof.-univ.-dr.-LARII-Iurie.pdf\" data-type=\"URL\" data-id=\"\/wp-content\/uploads\/2026\/03\/Lista-publicatiilor-prof.-univ.-dr.-LARII-Iurie.pdf\" target=\"_blank\">Lista publica\u0163iilor prof. univ., dr. LARII Iurie<\/a><br><a rel=\"noreferrer noopener\" href=\"\/wp-content\/uploads\/2026\/03\/Lista-publicatiilor-prof.-univ.-dr.-OSOIANU-Tudor.pdf\" data-type=\"URL\" data-id=\"\/wp-content\/uploads\/2026\/03\/Lista-publicatiilor-prof.-univ.-dr.-OSOIANU-Tudor.pdf\" target=\"_blank\">Lista publica\u0163iilor prof. univ., dr. OSOIANU Tudor<\/a><br><a rel=\"noreferrer noopener\" href=\"\/wp-content\/uploads\/2026\/03\/Lista-publicatiilor-prof.-univ.-dr.-TROFIMOV-Igor.pdf\" data-type=\"URL\" data-id=\"\/wp-content\/uploads\/2026\/03\/Lista-publicatiilor-prof.-univ.-dr.-TROFIMOV-Igor.pdf\" target=\"_blank\">Lista publica\u0163iilor prof. univ., dr. TROFIMOV Igor<\/a><br><a rel=\"noreferrer noopener\" href=\"\/wp-content\/uploads\/2026\/03\/Lista-publicatiilor-prof.-univ.-dr.-URSU-Veaceslav.pdf\" data-type=\"URL\" data-id=\"\/wp-content\/uploads\/2026\/03\/Lista-publicatiilor-prof.-univ.-dr.-URSU-Veaceslav.pdf\" target=\"_blank\">Lista publica\u0163iilor prof. univ., dr. URSU Veaceslav<\/a><br><a rel=\"noreferrer noopener\" href=\"\/wp-content\/uploads\/2026\/03\/Lista-publicatiilor-conf.-univ.dr_.-BELECCIU-Liliana.pdf\" data-type=\"URL\" data-id=\"\/wp-content\/uploads\/2026\/03\/Lista-publicatiilor-conf.-univ.dr_.-BELECCIU-Liliana.pdf\" target=\"_blank\">Lista publica\u0163iilor conf. univ., dr. BELECCIU Liliana<\/a><br><a rel=\"noreferrer noopener\" href=\"\/wp-content\/uploads\/2026\/03\/Lista-publicatiilor-conf.-univ.-dr.-BOSCANEANU-Marcel.pdf\" data-type=\"URL\" data-id=\"\/wp-content\/uploads\/2026\/03\/Lista-publicatiilor-conf.-univ.-dr.-BOSCANEANU-Marcel.pdf\" target=\"_blank\">Lista publica\u0163iilor conf. univ., dr. BO\u015eCANEANU Marcel<\/a><br><a rel=\"noreferrer noopener\" href=\"\/wp-content\/uploads\/2026\/03\/Lista-publicatiilor-conf.-univ.dr_.-CERNOMORET-Sergiu.pdf\" data-type=\"URL\" data-id=\"\/wp-content\/uploads\/2026\/03\/Lista-publicatiilor-conf.-univ.dr_.-CERNOMORET-Sergiu.pdf\" target=\"_blank\">Lista publica\u0163iilor conf. univ., dr. CERNOMORE\u0162 Sergiu<\/a><br><a rel=\"noreferrer noopener\" href=\"\/wp-content\/uploads\/2026\/03\/Lista-publicatiilor-conf.-univ.-dr.-CICALA-Alexandru.pdf\" data-type=\"URL\" data-id=\"\/wp-content\/uploads\/2026\/03\/Lista-publicatiilor-conf.-univ.-dr.-CICALA-Alexandru.pdf\" target=\"_blank\">Lista publica\u0163iilor conf. univ., dr. CICALA Alexandru<\/a><br><a rel=\"noreferrer noopener\" href=\"\/wp-content\/uploads\/2026\/03\/Lista-publicatiilor-conf.-univ.-dr.-COVALCIUC-Ion.pdf\" data-type=\"URL\" data-id=\"\/wp-content\/uploads\/2026\/03\/Lista-publicatiilor-conf.-univ.-dr.-COVALCIUC-Ion.pdf\" target=\"_blank\">Lista publica\u0163iilor conf. univ., dr. COVALCIUC Ion<\/a><br><a rel=\"noreferrer noopener\" href=\"\/wp-content\/uploads\/2026\/03\/Lista-publicatiilor-conf.-univ.-dr.-ERHAN-Ianu.pdf\" data-type=\"URL\" data-id=\"\/wp-content\/uploads\/2026\/03\/Lista-publicatiilor-conf.-univ.-dr.-ERHAN-Ianu.pdf\" target=\"_blank\">Lista publica\u0163iilor conf. univ., dr. ERHAN Ianus<\/a><br><a rel=\"noreferrer noopener\" href=\"\/wp-content\/uploads\/2026\/03\/Lista-publicatiilor-conf.-univ.-dr.-IONASCU-Vitalie.pdf\" data-type=\"URL\" data-id=\"\/wp-content\/uploads\/2026\/03\/Lista-publicatiilor-conf.-univ.-dr.-IONASCU-Vitalie.pdf\" target=\"_blank\">Lista publica\u0163iilor conf. univ., dr. IONASCU Vitalie<\/a><br><a rel=\"noreferrer noopener\" href=\"\/wp-content\/uploads\/2026\/03\/Lista-publicatiilor-conf.-univ.-dr.-NATAS-Andrei.pdf\" data-type=\"URL\" data-id=\"\/wp-content\/uploads\/2026\/03\/Lista-publicatiilor-conf.-univ.-dr.-NATAS-Andrei.pdf\" target=\"_blank\">Lista publica\u0163iilor conf. univ., dr. NASTAS Andrei<\/a><br><a rel=\"noreferrer noopener\" href=\"\/wp-content\/uploads\/2026\/03\/Lista-publicatiilor-conf.-univ.-dr.-ODAGIU-Iurie.pdf\" data-type=\"URL\" data-id=\"\/wp-content\/uploads\/2026\/03\/Lista-publicatiilor-conf.-univ.-dr.-ODAGIU-Iurie.pdf\" target=\"_blank\">Lista publica\u021biilor conf. univ., dr. ODAGIU Iurie<\/a><br><a rel=\"noreferrer noopener\" href=\"\/wp-content\/uploads\/2026\/03\/Lista-publicatiilor-conf.-univ.-dr.-OSADCII-Cornel.pdf\" data-type=\"URL\" data-id=\"\/wp-content\/uploads\/2026\/03\/Lista-publicatiilor-conf.-univ.-dr.-OSADCII-Cornel.pdf\" target=\"_blank\">Lista publica\u0163iilor conf. univ., dr. OSADCII Cornel<\/a><br><a rel=\"noreferrer noopener\" href=\"\/wp-content\/uploads\/2026\/03\/Lista-publicatiilor-conf.-univ.-dr.-PARENIUC-Alexandru.pdf\" data-type=\"URL\" data-id=\"\/wp-content\/uploads\/2026\/03\/Lista-publicatiilor-conf.-univ.-dr.-PARENIUC-Alexandru.pdf\" target=\"_blank\">Lista publica\u0163iilor conf. univ., dr. PARENIUC Alexandru<\/a><br><a rel=\"noreferrer noopener\" href=\"\/wp-content\/uploads\/2026\/03\/Lista-publicatiilor-conf.-univ.-dr.-PANTEA-Andrei.pdf\" data-type=\"URL\" data-id=\"\/wp-content\/uploads\/2026\/03\/Lista-publicatiilor-conf.-univ.-dr.-PANTEA-Andrei.pdf\" target=\"_blank\">Lista publica\u0163iilor conf. univ., dr. P\u00c2NTEA Andrei<\/a><br><a rel=\"noreferrer noopener\" href=\"\/wp-content\/uploads\/2026\/03\/Lista-publicatiilor-conf.-univ.-dr.-PILAT-Sofia.pdf\" data-type=\"URL\" data-id=\"\/wp-content\/uploads\/2026\/03\/Lista-publicatiilor-conf.-univ.-dr.-PILAT-Sofia.pdf\" target=\"_blank\">Lista publica\u0163iilor conf. univ., dr. PILAT Sofia<\/a><br><a href=\"\/wp-content\/uploads\/2026\/03\/Lista-publicatiilor-conf.-univ.-dr.-RUSNAC-Constantinv.pdf\" data-type=\"URL\" data-id=\"\/wp-content\/uploads\/2026\/03\/Lista-publicatiilor-conf.-univ.-dr.-RUSNAC-Constantinv.pdf\" target=\"_blank\" rel=\"noreferrer noopener\">Lista publica\u0163iilor conf. univ., dr. RUSNAC Constantin<\/a><br><a rel=\"noreferrer noopener\" href=\"\/wp-content\/uploads\/2026\/03\/Lista-publicatiilor-conf.-univ.-dr.-RUSU-Oleg.pdf\" data-type=\"URL\" data-id=\"\/wp-content\/uploads\/2026\/03\/Lista-publicatiilor-conf.-univ.-dr.-RUSU-Oleg.pdf\" target=\"_blank\">Lista publica\u0163iilor conf. univ., dr. RUSU Oleg<\/a><\/p>\n\n\n\n<p><br><a href=\"\/wp-content\/uploads\/2025\/11\/Lista-conducatorilor-de-doctorat-1.pdf\" data-type=\"URL\" data-id=\"\/wp-content\/uploads\/2025\/11\/Lista-conducatorilor-de-doctorat-1.pdf\" target=\"_blank\" rel=\"noreferrer noopener\">Lista conducatorilor de doctorat din cadrul \u015ecolii doctorale \u015etiin\u0163e penale \u015fi drept public<\/a><\/p>\n\n\n\n<p><\/p>\n","protected":false},"excerpt":{"rendered":"<p>CV-urile conducatorilor de doctorat CV prof. univ., dr. hab. OSTAVCIUC DinuCV prof. univ., dr. hab. CU\u015eNIR ValeriuCV prof. univ., dr. hab. GLADCHI GheorgheCV conf. univ., dr. hab. GLAVAN BorisCV prof. [&hellip;]<\/p>\n","protected":false},"author":10,"featured_media":0,"parent":119,"menu_order":0,"comment_status":"closed","ping_status":"closed","template":"","meta":[],"translation":{"provider":"WPGlobus","version":"2.12.2","language":"gb","enabled_languages":["ro","gb"],"languages":{"ro":{"title":true,"content":true,"excerpt":false},"gb":{"title":false,"content":false,"excerpt":false}}},"acf":[],"_links":{"self":[{"href":"https:\/\/www.academy.police.md\/gb\/wp-json\/wp\/v2\/pages\/3973"}],"collection":[{"href":"https:\/\/www.academy.police.md\/gb\/wp-json\/wp\/v2\/pages"}],"about":[{"href":"https:\/\/www.academy.police.md\/gb\/wp-json\/wp\/v2\/types\/page"}],"author":[{"embeddable":true,"href":"https:\/\/www.academy.police.md\/gb\/wp-json\/wp\/v2\/users\/10"}],"replies":[{"embeddable":true,"href":"https:\/\/www.academy.police.md\/gb\/wp-json\/wp\/v2\/comments?post=3973"}],"version-history":[{"count":17,"href":"https:\/\/www.academy.police.md\/gb\/wp-json\/wp\/v2\/pages\/3973\/revisions"}],"predecessor-version":[{"id":31446,"href":"https:\/\/www.academy.police.md\/gb\/wp-json\/wp\/v2\/pages\/3973\/revisions\/31446"}],"up":[{"embeddable":true,"href":"https:\/\/www.academy.police.md\/gb\/wp-json\/wp\/v2\/pages\/119"}],"wp:attachment":[{"href":"https:\/\/www.academy.police.md\/gb\/wp-json\/wp\/v2\/media?parent=3973"}],"curies":[{"name":"wp","href":"https:\/\/api.w.org\/{rel}","templated":true}]}}