{"id":3994,"date":"2021-06-30T14:05:24","date_gmt":"2021-06-30T11:05:24","guid":{"rendered":"https:\/\/academy.police.md\/?page_id=3994"},"modified":"2021-08-10T12:58:41","modified_gmt":"2021-08-10T09:58:41","slug":"cerintele-tehnice-fata-de-articole","status":"publish","type":"page","link":"https:\/\/www.academy.police.md\/gb\/reviste\/cerintele-tehnice-fata-de-articole","title":{"rendered":"Cerin\u0163ele tehnice fa\u0163\u0103 de articole A\u015e"},"content":{"rendered":"\n<div style=\"text-indent: 26pt; text-align: justify;\"> <strong>Ghid privind redactarea articolelor \u015ftiin\u0163ifice pentru Analele \u015etiin\u0163ifice ale Academiei \u201e\u015etefan cel Mare\u201da MAI al R. Moldova<\/strong><\/div>\n<div>&nbsp; <\/div>\n<div style=\"text-align: justify;\"><a href=\"assets\/files\/pdf\/ghid_redactare_articole_eng.pdf\">Guide on drafting of scientific articles for the Scientific Annals of the \u201cStefan cel Mare\u201d Academy of MIA of the Republic of Moldova<\/a><\/div>\n<div style=\"text-align: justify;\"><a href=\"assets\/files\/pdf\/ghid_redactare_articole_rus.pdf\">\u0420\u0443\u043a\u043e\u0432\u043e\u0434\u0441\u0442\u0432\u043e \u043f\u043e \u0441\u043e\u0441\u0442\u0430\u0432\u043b\u0435\u043d\u0438\u044e \u043d\u0430\u0443\u0447\u043d\u044b\u0445 \u0441\u0442\u0430\u0442\u0435\u0439 \u0434\u043b\u044f \u041d\u0430\u0443\u0447\u043d\u044b\u0445 \u0416\u0443\u0440\u043d\u0430\u043b\u043e\u0432 \u0410\u043a\u0430\u0434\u0435\u043c\u0438\u0438 \u00ab\u0428\u0442\u0435\u0444\u0430\u043d \u0447\u0435\u043b \u041c\u0430\u0440\u0435\u00bb \u041c\u0412\u0414 \u0420\u0435\u0441\u043f\u0443\u0431\u043b\u0438\u043a\u0438 \u041c\u043e\u043b\u0434\u043e\u0432\u0430<\/a><\/div>\n<div>&nbsp; <\/div>\n\n<div style=\"text-indent: 26pt; text-align: justify;\"> <strong>Norme de con\u0163inut: <\/strong><\/div>\n<div style=\"text-indent: 26pt; text-align: justify;\"> \u2022 articolul se va prezenta pentru publicare \u00een dou\u0103 variante: \u00een limba rom\u00e2n\u0103 \u015fi \u00een limba englez\u0103. Normele men\u0163ionate mai jos sunt obligatorii at\u00e2t pentru varianta rom\u00e2n\u0103 a articolului, c\u00e2t \u015fi pentru cea englez\u0103. Ca excep\u0163ie, articolul poate fi elaborat \u015fi \u00eentr-o alt\u0103 limb\u0103 de circula\u0163ie interna\u0163ional\u0103 (rus\u0103, francez\u0103 etc.), fiind obligatorie traducerea integral\u0103 a acestuia \u015fi \u00een limba englez\u0103; <\/div>\n<div style=\"text-indent: 26pt; text-align: justify;\"> \u2022 num\u0103rul mediu de caractere al unui articol este de circa 20 000; <\/div>\n<div style=\"text-indent: 26pt; text-align: justify;\"> \u2022 con\u021binutul articolului \u015ftiin\u0163ific, \u00een ambele variante \u2013 rom\u00e2na \u015fi englez\u0103 \u2013 va include: rezumatul, cuvintele-cheie, introducere, metode \u015fi materiale aplicate, rezultate ob\u0163inute \u015fi discu\u0163ii, concluzii, referin\u0163e bibliografice; <\/div>\n<div style=\"text-indent: 26pt; text-align: justify;\"> \u2022 titlurile articolelor se expun clar \u015fi informativ; <\/div>\n<div style=\"text-indent: 26pt; text-align: justify;\">rezumatul reflect\u0103 elementele \u015fi rezultatele de baz\u0103 ale articolului. Volumul rezumatului este de circa 7-10 r\u00e2nduri; <\/div>\n<div style=\"text-indent: 26pt; text-align: justify;\"> \u2022 la sf\u00e2r\u015fitul articolului autorii urmeaz\u0103 a fi identifica\u0163i prin afiliere institu\u021bional\u0103 \u015fi adres\u0103, inclusiv num\u0103r de telefon \u015fi adres\u0103 electronic\u0103 (date despre autor); <\/div>\n<div style=\"text-indent: 26pt; text-align: justify;\"> \u2022 este obligatorie indicarea CZU-lui pentru fiecare articol;<\/div>\n<div style=\"text-indent: 26pt; text-align: justify;\"> \u2022 recenzarea articolelor este obligatorie pentru to\u0163i autorii.  Recenzarea se face \u00een baza procedurii peer-review (evaluarea de c\u0103tre doi referen\u021bi independen\u0163i a fiec\u0103rui articol) anonim\u0103 cu p\u0103strarea materialului recenziei timp de cel pu\u0163in 4 ani. Recenzen\u0163ii sunt selecta\u0163i de c\u0103tre colegiul de redac\u0163ie, potrivit bazei de date aprobat\u0103 de c\u0103tre colegiul de redac\u0163ie.<\/div>\n<div>&nbsp; <\/div>\n\n<div style=\"text-indent: 26pt; text-align: justify;\"><strong>Normele de redactare: <\/strong><\/div>\n<div style=\"text-indent: 26pt; text-align: justify;\"><strong> \u2022 format pagin\u0103: <\/strong> A4, cu marginile: sus 2,0 cm, jos 2,0 cm, st\u00e2nga 2,0 cm, dreapta 2,0 cm;\n<div style=\"text-indent: 26pt; text-align: justify;\"><strong> \u2022 titlul articolului <\/strong> \u2013 caractere Times New Roman 14, Bold. centrat; <\/div>\n<div style=\"text-indent: 26pt; text-align: justify;\"><strong> \u2022 autori\/coautori: <\/strong> nume, prenume, gradul \u015ftiin\u0163ific \u015fi titlul \u015ftiin\u0163ifico-didactic, caractere Times New Roman 14, Bold. Se scriu la un r\u00e2nd sub titlul lucr\u0103rii, alineat dreapta, italic; <\/div>\n<div style=\"text-indent: 26pt; text-align: justify;\"><strong> \u2022 rezumatul: <\/strong> se scrie la o distan\u0163\u0103 de dou\u0103 r\u00e2nduri fa\u0163\u0103 de r\u00e2ndul ce con\u0163ine gradul didactic va avea cel pu\u0163in 180 de cuvinte, alineat st\u00e2nga\/dreapta (Justify), italic. <\/div>\n<div style=\"text-indent: 26pt; text-align: justify;\"><strong> \u2022 cuvintele cheie: <\/strong>se scriu la un r\u00e2nd de rezumat, alineat st\u00e2nga\/dreapta (Justify), italic. <\/div>\n<div style=\"text-indent: 26pt; text-align: justify;\"><strong> \u2022 articolul: <\/strong>caractere Times New Roman 12, distan\u0163a \u00eentre r\u00e2nduri 1,5, va avea circa 20 000 caractere, adic\u0103 7-10 pag.; <\/div>\n<div style=\"text-indent: 26pt; text-align: justify;\"><strong> \u2022 tabelele: <\/strong>se \u00eencadreaz\u0103 \u00een text, se numeroteaz\u0103 \u00een dreapta sus, iar titlul se scrie \u00een st\u00e2nga sus; <\/div>\n<div style=\"text-indent: 26pt; text-align: justify;\"><strong> \u2022 figurile: <\/strong> vor fi \u00eencadrate \u00een text \u015fi vor fi numerotate; <\/div> \n<div style=\"text-indent: 26pt; text-align: justify;\"><strong> \u2022 ilustra\u021biile <\/strong>vor fi \u00een format jpg sau tif, cu urm\u0103toarele caracteristici: 300 dpi \u0219i minim 1 MB; <\/div>\n<div style=\"text-indent: 26pt; text-align: justify;\"><strong> \u2022 formulele \u015fi ecua\u0163iile: <\/strong> inserate \u00een text vor fi numerotate \u00een dreapta paginii; <\/div>\n<div style=\"text-indent: 26pt; text-align: justify;\"><strong> \u2022 referin\u0163ele la sursele bibliografice: <\/strong> se indic\u0103 \u00een paranteze p\u0103trate, inserate \u00een text, de exemplu [8]. Dac\u0103 s\u00e2nt citate anumite p\u0103r\u0163i ale sursei, dup\u0103 indicele bibliografic se indic\u0103 \u015fi pagina, de exemplu [8, p. 231]. <\/div>\n<div style=\"text-indent: 26pt; text-align: justify;\"><strong> \u2022 bibliografia<\/strong> se trece la sf\u00e2r\u015fitul lucr\u0103rii dup\u0103 dou\u0103 r\u00e2nduri libere. <\/div>\n<div>&nbsp; <\/div>\n<div style=\"text-indent: 26pt; text-align: justify;\">Exemple de publica\u0163ii tip\u0103rite: <\/div>\n<div style=\"text-indent: 26pt; text-align: justify;\"><strong>C\u0102R\u0162I <\/strong><\/div>\n<div style=\"text-indent: 26pt; text-align: justify;\">Palii A. Drept constitu\u0163ional. Chi\u015fin\u0103u: Epigraf, 1999. 176 p. <\/div>\n<div style=\"text-indent: 26pt; text-align: justify;\">\u0421\u0435\u043c\u0435\u043d\u043e\u0432 \u0412. \u0412. \u0424\u0438\u043b\u043e\u0441\u043e\u0444\u0438\u044f: \u0438\u0442\u043e\u0433 \u0442\u044b\u0441\u044f\u0447\u0435\u043b\u0435\u0442\u0438\u0439. \u0424\u0438\u043b\u043e\u0441\u043e\u0444\u0441\u043a\u0430\u044f \u043f\u0441\u0438\u0445\u043e\u043b\u043e\u0433\u0438\u044f. \u041c\u043e\u0441\u043a\u0432\u0430: \u042d\u0432\u0440\u0438\u043a\u0430, 2000. 64 \u0441. <\/div> \n<div style=\"text-indent: 26pt; text-align: justify;\">Nicolescu O., Verboncu I. Management. Bucure\u015fti: Economic\u0103, 1996. 407 p. <\/div>\n<div style=\"text-indent: 26pt; text-align: justify;\"><strong>mai mult de trei autori <\/strong>\n<div style=\"text-indent: 26pt; text-align: justify;\">Stan N. \u015f. a. Tratat de criminalistic\u0103. Bucure\u015fti: Timpul, 2004. 282 p. <\/div>\n<div style=\"text-indent: 26pt; text-align: justify;\"><strong>Alte surse <\/strong><\/div>\n<div style=\"text-indent: 26pt; text-align: justify;\">Codul cu privire la \u015ftiin\u0163\u0103 \u015fi inovare al Republicii Moldova. Nr. 259-XV din 15 iulie 2004. \u00cen: Monitorul Oficial al Republicii Moldova, 30.07.2004, nr.125-129 (1479-1483). <\/div>\n<div style=\"text-indent: 26pt; text-align: justify;\"><strong>AUTOREFERATE, TEZE <\/strong><\/div>\n<div style=\"text-indent: 26pt; text-align: justify;\">Sava P. Infrac\u0163iunea de genocid. Autoref. tezei de dr. Chi\u015fin\u0103u, 2003. 21 p. <\/div>\n<div style=\"text-indent: 26pt; text-align: justify;\">Mardare I. Infrac\u0163iunea de omorul \u00een reglement\u0103rile juridico-penale. Tez\u0103 de dr.hab. Chi\u015fin\u0103u, 2008. 240 p.\n<div>&nbsp; <\/div>\n<strong>CONTRIBU\u0162II \u00een reviste <\/strong><\/div>\n<div style=\"text-indent: 26pt; text-align: justify;\">Ad\u0103sc\u0103li\u0163ei M. T\u0103ierea ilegal\u0103 a vegeta\u0163iei forestiere. In: Revista de drept, 2018, nr 9, p. 17-22. <\/div>\n<div style=\"text-indent: 26pt; text-align: justify;\"><strong>\u00een lucr\u0103ri \u015ftiin\u0163ifice <\/strong><\/div>\n<div style=\"text-indent: 26pt; text-align: justify;\">Rurac M. Insolvabilittaea ficitiv\u0103. \u00cen: Culegere de lucr\u0103ri \u015ftiin\u0163ifice a Universit\u0103\u0163ii de Stat din Moldova, 2001, vol. 9, p. 95-99. <\/div>\n<div style=\"text-indent: 26pt; text-align: justify;\"><strong>\u00een materialele simpozioanelor <\/strong>\n<div style=\"text-indent: 26pt; text-align: justify;\">Babuc V. \u015f. a. Cercet\u0103ri \u015fi realiz\u0103ri \u00een tehnica criminalistic\u0103. \u00cen: Realiz\u0103ri, programe, perspective. Tezele conf. jubiliare interna\u0163ionale. Chi\u015fin\u0103u: Universitatea Tehnic\u0103 a Moldovei, 1995, p. 152-157. <\/div>\n<div>&nbsp; <\/div>\n<div style=\"text-indent: 26pt; text-align: justify;\"><strong>EXEMPLE DE REFERIN\u0162E LA DOCUMENTE ELECTRONICE <\/strong><\/div>\n<div style=\"text-indent: 26pt; text-align: justify;\">H\u00e2rn\u0103u S., Ohrimenko S., Cernei G. Tehnologiile informa\u0163ionale \u015fi problemele globale ale dezvolt\u0103rii societ\u0103\u0163ii. Chi\u015fin\u0103u, 2008. http: \/\/www.ase.md.\/Inside\/PersonalPagesRomCom.phtml (vizitat 10.02.2018). <\/div> \n<div style=\"text-indent: 26pt; text-align: justify;\">Dumitrescu D. Evaluarea \u00een biblioteci. In: UniBIB. 2007. http:\/\/www.bcub.ro\/articoledr.htm (vizitat 15.03.2008). <\/div> \n<div style=\"text-indent: 26pt; text-align: justify;\"> \u2022 Nu se accept\u0103 referin\u0163e la lucr\u0103rile care nu au ie\u015fit \u00eenc\u0103 de sub tipar. <\/div>\n<div style=\"text-indent: 26pt; text-align: justify;\"> \u2022 Lista referin\u0163elor trebuie s\u0103 se \u00eencadreze \u00een limite rezonabile. <\/div>\n\n","protected":false},"excerpt":{"rendered":"<p>Ghid privind redactarea articolelor \u015ftiin\u0163ifice pentru Analele \u015etiin\u0163ifice ale Academiei \u201e\u015etefan cel Mare\u201da MAI al R. Moldova &nbsp; Guide on drafting of scientific articles for the Scientific Annals of the [&hellip;]<\/p>\n","protected":false},"author":12,"featured_media":0,"parent":1471,"menu_order":0,"comment_status":"closed","ping_status":"closed","template":"","meta":[],"translation":{"provider":"WPGlobus","version":"2.12.2","language":"gb","enabled_languages":["ro","gb"],"languages":{"ro":{"title":true,"content":true,"excerpt":false},"gb":{"title":false,"content":false,"excerpt":false}}},"acf":[],"_links":{"self":[{"href":"https:\/\/www.academy.police.md\/gb\/wp-json\/wp\/v2\/pages\/3994"}],"collection":[{"href":"https:\/\/www.academy.police.md\/gb\/wp-json\/wp\/v2\/pages"}],"about":[{"href":"https:\/\/www.academy.police.md\/gb\/wp-json\/wp\/v2\/types\/page"}],"author":[{"embeddable":true,"href":"https:\/\/www.academy.police.md\/gb\/wp-json\/wp\/v2\/users\/12"}],"replies":[{"embeddable":true,"href":"https:\/\/www.academy.police.md\/gb\/wp-json\/wp\/v2\/comments?post=3994"}],"version-history":[{"count":2,"href":"https:\/\/www.academy.police.md\/gb\/wp-json\/wp\/v2\/pages\/3994\/revisions"}],"predecessor-version":[{"id":4363,"href":"https:\/\/www.academy.police.md\/gb\/wp-json\/wp\/v2\/pages\/3994\/revisions\/4363"}],"up":[{"embeddable":true,"href":"https:\/\/www.academy.police.md\/gb\/wp-json\/wp\/v2\/pages\/1471"}],"wp:attachment":[{"href":"https:\/\/www.academy.police.md\/gb\/wp-json\/wp\/v2\/media?parent=3994"}],"curies":[{"name":"wp","href":"https:\/\/api.w.org\/{rel}","templated":true}]}}