{"id":42,"date":"2020-09-23T21:19:51","date_gmt":"2020-09-23T21:19:51","guid":{"rendered":"http:\/\/localhost\/?page_id=42"},"modified":"2021-07-09T12:37:29","modified_gmt":"2021-07-09T09:37:29","slug":"mesajul-rectorului","status":"publish","type":"page","link":"https:\/\/www.academy.police.md\/gb\/mesajul-rectorului","title":{"rendered":"Mesajul Rectorului"},"content":{"rendered":"\n<div class=\"wp-block-image\"><figure class=\"aligncenter size-large is-resized\"><img loading=\"lazy\" src=\"\/wp-content\/uploads\/2021\/07\/rector-edited-1-scaled.jpg\" alt=\"\" class=\"wp-image-4134\" width=\"385\" height=\"578\" srcset=\"\/wp-content\/uploads\/2021\/07\/rector-edited-1-scaled.jpg 1706w, \/wp-content\/uploads\/2021\/07\/rector-edited-1-200x300.jpg 200w, \/wp-content\/uploads\/2021\/07\/rector-edited-1-683x1024.jpg 683w, \/wp-content\/uploads\/2021\/07\/rector-edited-1-768x1152.jpg 768w, \/wp-content\/uploads\/2021\/07\/rector-edited-1-1024x1536.jpg 1024w, \/wp-content\/uploads\/2021\/07\/rector-edited-1-1365x2048.jpg 1365w\" sizes=\"(max-width: 385px) 100vw, 385px\" \/><\/figure><\/div>\n\n\n\n<p><strong>Stima\u0163i colegi, onora\u0163i veterani, dragi profesori \u015fi studen\u0163i<\/strong><\/p>\n\n\n\n<p>Calea parcurs\u0103 din crucialul 1990, \u00eencep\u00e2nd cu \u00eenfiin\u0163area pe baza restructur\u0103rii institu\u0163iilor de \u00eenv\u0103\u0163\u0103m\u00e2nt din sistemul Ministerului Afacerilor Interne al RSS Moldova, ulterioarele fuzion\u0103ri cu institu\u0163ii departamentale de\u00a0 instruire, \u015fi p\u00e2n\u0103 ast\u0103zi a fost una str\u0103lucit\u0103, plin\u0103 de transform\u0103ri calitative \u015fi \u00een permanent\u0103 dezvoltare.<\/p>\n\n\n\n<p>Evolu\u0163ia Academiei \u201e\u015etefan cel Mare\u201d a cunoscut \u015fi perioade de grele \u00eencerc\u0103ri: pornind de la constituirea institu\u0163iei cu necesit\u0103\u0163ile acute de reformare a sistemului de drept, reformatare a procesului na\u0163ional de instruire \u015fi o reorganizare intelectual\u0103; R\u0103zboiul pentru ap\u0103rarea independen\u0163ei \u015fi integrit\u0103\u0163ii teritoriale a Republicii Moldova; dificult\u0103\u0163ile perioadelor de tranzi\u0163ie \u015f.a. De&nbsp; aceea cuvintele de profund respect le adresez, \u00eent\u00e2i de toate, veteranilor institu\u0163iei care au pus piatra de temelie pe care s-a produs dezvoltarea Academiei, precum \u015fi celor care prin perseveren\u0163\u0103, dedica\u0163ie \u015fi entuziasm au contribuit substan\u0163ial la consolidarea sistemului de \u00eenv\u0103\u0163\u0103m\u00e2nt \u015fi de formare profesional\u0103 a cadrelor de \u00eenalt\u0103 calificare at\u00e2t pentru Ministerul afacerilor interne, c\u00e2t \u015fi&nbsp; pentru alte organe de drept.<\/p>\n\n\n\n<p>Corpul profesoral-didactic al acestei institu\u0163ii p\u0103streaz\u0103 \u015fi transmite cu demnitate frumoasele tradi\u0163ii, bogata mo\u015ftenire \u015ftiin\u0163ific\u0103 \u015fi men\u0163ine un \u00eenalt standard al studiilor juridice.<\/p>\n\n\n\n<p>Ast\u0103zi, datorit\u0103 bogatei experien\u0163e \u015fi muncii asidue ale \u00eentregului colectiv, Academia \u201e\u015etefan cel Mare\u201d a ob\u0163inut o autoritate incontestabil\u0103 \u00een raport conducerea Ministerului Afacerilor Interne, autorit\u0103\u0163ile centrale \u015fi subdiviziunile subordonate acestuia, organele administra\u0163iei publice, societatea civil\u0103 \u015fi institu\u0163iile omoloage de peste hotarele \u0163\u0103rii.<\/p>\n\n\n\n<p>Poten\u0163ialul \u015ftiin\u0163ific, metodele moderne \u015fi efective de instruire permit dezvoltarea multiaspectual\u0103 a institu\u0163iei \u015fi corespunderea tuturor rigorilor timpului, oferind noi perspective \u00een lupta cu criminalitatea.<\/p>\n\n\n\n<p>A deveni student al Academiei \u201e\u015etefan cel Mare\u201d \u015fi ulterior absolvent al acestei institu\u0163ii \u00eentotdeauna a fost onorabil \u015fi prestigios.<\/p>\n\n\n\n<p>Sunt m\u00e2ndru s\u0103 fiu parte a familiei pe care mi-a oferit-o Academia \u201e\u015etefan cel Mare\u201d, \u00eencep\u00e2nd de la b\u0103ncile acestei institu\u0163ii \u015fi p\u00e2n\u0103 la c\u00e2rmuirea ei. Aici au trecut instruirea \u015fi s-au format mii de speciali\u015fti de o \u00eenalt\u0103 calificare, devota\u0163i profesiei \u015fi Jur\u0103m\u00e2ntului depus fa\u0163\u0103 de Patrie \u015fi Popor. \u00cen to\u0163i ace\u015fti ani \u00een Academie a fost creat\u0103 o baz\u0103 metodico-\u015ftiin\u0163ific\u0103 \u015fi tehnico-material\u0103 impun\u0103toare, a fost crescut\u0103 o pleiad\u0103 de cercet\u0103tori talenta\u0163i \u015fi cadre didactice devotate meseriei lor.<\/p>\n\n\n\n<p>Sunt convins c\u0103 Academia \u201e\u015etefan cel Mare\u201d a Ministerului Afacerilor Interne va r\u0103m\u00e2ne \u015fi \u00een continuare o ax\u0103 stabil\u0103 de care sunt legate tradi\u0163iile str\u0103mo\u015fe\u015fti, adev\u0103rul, corectitudinea \u015fi demnitatea. Iar valorile de referin\u0163\u0103 ale genera\u0163iilor \u00een devenire \u00eentotdeauna vor fi profesionalismul, dreptatea \u015fi devotamentul!<\/p>\n\n\n\n<p class=\"has-text-align-right\">RECTOR <br>Conf. univ., dr. Dinu OSTAVCIUC<\/p>\n","protected":false},"excerpt":{"rendered":"<p>Stima\u0163i colegi, onora\u0163i veterani, dragi profesori \u015fi studen\u0163i Calea parcurs\u0103 din crucialul 1990, \u00eencep\u00e2nd cu \u00eenfiin\u0163area pe baza restructur\u0103rii institu\u0163iilor de \u00eenv\u0103\u0163\u0103m\u00e2nt din sistemul Ministerului Afacerilor Interne al RSS Moldova, [&hellip;]<\/p>\n","protected":false},"author":8,"featured_media":0,"parent":0,"menu_order":0,"comment_status":"closed","ping_status":"closed","template":"","meta":[],"translation":{"provider":"WPGlobus","version":"2.12.2","language":"gb","enabled_languages":["ro","gb"],"languages":{"ro":{"title":true,"content":true,"excerpt":false},"gb":{"title":false,"content":false,"excerpt":false}}},"acf":[],"_links":{"self":[{"href":"https:\/\/www.academy.police.md\/gb\/wp-json\/wp\/v2\/pages\/42"}],"collection":[{"href":"https:\/\/www.academy.police.md\/gb\/wp-json\/wp\/v2\/pages"}],"about":[{"href":"https:\/\/www.academy.police.md\/gb\/wp-json\/wp\/v2\/types\/page"}],"author":[{"embeddable":true,"href":"https:\/\/www.academy.police.md\/gb\/wp-json\/wp\/v2\/users\/8"}],"replies":[{"embeddable":true,"href":"https:\/\/www.academy.police.md\/gb\/wp-json\/wp\/v2\/comments?post=42"}],"version-history":[{"count":4,"href":"https:\/\/www.academy.police.md\/gb\/wp-json\/wp\/v2\/pages\/42\/revisions"}],"predecessor-version":[{"id":4136,"href":"https:\/\/www.academy.police.md\/gb\/wp-json\/wp\/v2\/pages\/42\/revisions\/4136"}],"wp:attachment":[{"href":"https:\/\/www.academy.police.md\/gb\/wp-json\/wp\/v2\/media?parent=42"}],"curies":[{"name":"wp","href":"https:\/\/api.w.org\/{rel}","templated":true}]}}