{"id":4287,"date":"2021-07-29T10:46:21","date_gmt":"2021-07-29T07:46:21","guid":{"rendered":"https:\/\/academy.police.md\/?page_id=4287"},"modified":"2026-04-07T16:09:14","modified_gmt":"2026-04-07T13:09:14","slug":"documente-de-politici","status":"publish","type":"page","link":"https:\/\/www.academy.police.md\/gb\/documente-de-politici","title":{"rendered":"Documente de politici"},"content":{"rendered":"\n<p><a href=\"\/wp-content\/uploads\/2026\/04\/mail-mai.gov_.md_.pdf\">Programul de dezvoltare educa\u021bional\u0103 \u0219i institu\u021bional\u0103 al Academiei \u201e\u0218tefan cel Mare\u201d a MAI pentru perioada 2026-2030<\/a><\/p>\n\n\n\n<p><a href=\"\/wp-content\/uploads\/2026\/03\/Planul-de-activitate-al-Academiei-Stefan-cel-Mare-a-MAI-pentru-anul-2026-final.pdf\">Planul de activitate al Academiei \u015etefan cel Mare a MAI, pentru anul 2026;<\/a><\/p>\n\n\n\n<p><a href=\"\/wp-content\/uploads\/2026\/01\/Plan-operational-de-implimentare-a-Strategiei-de-Internationalizare-a-Academiei-\u201eStefan-cel-Mare-a-MAI-2026-2030.pdf\" data-type=\"URL\" data-id=\"\/wp-content\/uploads\/2026\/01\/Plan-operational-de-implimentare-a-Strategiei-de-Internationalizare-a-Academiei-\u201eStefan-cel-Mare-a-MAI-2026-2030.pdf\" target=\"_blank\" rel=\"noreferrer noopener\">Planul opera\u021bional de implementare a strategiei de interna\u021bionalizare a Academiei \u201e\u0218tefan cel Mare\u201d a MAI pentru perioada 2026-2030<\/a><\/p>\n\n\n\n<p><a href=\"\/wp-content\/uploads\/2026\/01\/Strategia-de-internationalizare-a-Academiei-\u201eStefan-cel-Mare-a-MAI-pentru-perioada-2026-2030.pdf\" data-type=\"URL\" data-id=\"\/wp-content\/uploads\/2026\/01\/Strategia-de-internationalizare-a-Academiei-\u201eStefan-cel-Mare-a-MAI-pentru-perioada-2026-2030.pdf\" target=\"_blank\" rel=\"noreferrer noopener\">Strategia de interna\u021bionalizare a Academiei \u201e\u0218tefan cel Mare\u201d a MAI pentru perioada 2026-2030<\/a><\/p>\n\n\n\n<p><a href=\"\/wp-content\/uploads\/2024\/03\/IMG_0001_merged.pdf\">Regulamentul cu privire la modul de prevenire, combatere \u0219i raportare a cazurilor de discriminare dup\u0103 criteriul de sex, h\u0103r\u021buire \u0219i h\u0103r\u021buire sexual\u0103 in cadrul Ministerului Afacerilor Interne<\/a><\/p>\n\n\n\n<p><a href=\"https:\/\/www.legis.md\/cautare\/getResults?doc_id=140051&amp;lang=ro\">Programul de consolidare a \u00eencrederii \u015fi siguran\u0163ei societ\u0103\u0163ii prin formare profesional\u0103, \u00eentegritate \u015fi digitalizare a sistemului afacerilor interne pentru anii 2022-2025.<\/a><br><br><a href=\"\/wp-content\/uploads\/2023\/03\/Planul-de-activitate-al-Academiei-Stefan-cel-Mare-a-MAI-pentru-anul-2023.pdf\">Planul de activitate al Academiei \u015etefan cel Mare a MAI, pentru anul 2023;<\/a><\/p>\n\n\n\n<p><a href=\"\/wp-content\/uploads\/2024\/02\/Planul-de-activitate-al-Academiei-Stefan-cel-Mare-a-MAI-pentru-anul-2024.pdf\">Planul de activitate al Academiei \u015etefan cel Mare a MAI, pentru anul 2024;<\/a><\/p>\n\n\n\n<p><a href=\"\/wp-content\/uploads\/2025\/03\/Anexa-nr.1-la-Ord.-nr.37-din-28.02.2025.pdf\">Planul de activitate al Academiei \u015etefan cel Mare a MAI, pentru anul 2025;<\/a><\/p>\n\n\n\n<p><a href=\"\/wp-content\/uploads\/2023\/03\/Ord.-50-din-03.02.2023-Foaia-de-parcurs-pentru-implementarea-masurilor-prioritare-in-domeniul-afacerilor-interne-urmare-acordarii-Republicii-Moldova-a-statutului-de-tara-candidata-la-aderarea-la-Uniun-1.pdf\">&nbsp;Ord. 50 din 03.02.2023 &#8211;&nbsp; Foaia de parcurs pentru implementarea m\u0103surilor prioritare \u00een domeniul afacerilor interne urmare acord\u0103rii Republicii Moldova a statutului de \u0163ar\u0103 candidat\u0103 la aderarea la Uniunea European\u0103.<\/a><\/p>\n\n\n\n<p><a href=\"\/wp-content\/uploads\/2023\/05\/Ord.-241-din-16.05.2023-modificarea-ordinului-MAI-50.2023-Foaia-de-parcurs-pentru-implementarea-masurilor-prioritare-in-domeniul-afacerilor-interne-urmare-acordarii-RM-a-statutului-de-tara-candidata-la-aderare-la-UE.pdf\">Ord. 241 din 16.05.2023 &#8211; modificarea ordinului MAI 50.2023 &#8211; Foaia de parcurs pentru implementarea m\u0103surilor prioritare \u00een domeniul afacerilor interne urmare acord\u0103rii RM a statutului de \u0163ar\u0103 candidat\u0103 la aderare la UE<\/a><\/p>\n\n\n\n<p> <a href=\"\/wp-content\/uploads\/2023\/11\/Ord.-415-din-12.09.2023-modificarea-ordinului-MAI-50.2023-\u2013-Foaia-de-parcurs-pentru-implementarea-masurilor-prioritare-in-domeniul-afacerilor-interne-urmare-acordarii-RM-a-statutului-de-tara-candidata-la-ade.pdf\">Ord. 415 din 12.09.2023 &#8211; modificarea ordinului MAI 50.2023 \u2013 Foaia de parcurs pentru implementarea m\u0103surilor prioritare \u00een domeniul afacerilor interne urmare acord\u0103rii RM a statutului de \u0163ar\u0103 candidat\u0103 la aderare la UE<\/a><\/p>\n\n\n\n<p><a href=\"\/wp-content\/uploads\/2024\/05\/Ord.-246-din-02.05.2024-\u2013-Foaia-de-parcurs-pentru-implementarea-masurilor-prioritare-in-domeniul-afacerilor-interne-urmare-acordarii-Republicii-Moldova-a-statutului-de-tara-candidata-la-aderarea-la-Uniunea-Europeana.pdf\">Ord. 246 din 02.05.2024 \u2013 Foaia de parcurs pentru implementarea m\u0103surilor prioritare \u00een domeniul afacerilor interne urmare acord\u0103rii Republicii Moldova a statutului de \u0163ar\u0103 candidat\u0103 la aderarea la Uniunea European\u0103.<\/a><\/p>\n\n\n\n<p><a href=\"\/wp-content\/uploads\/2023\/02\/Programului-de-dezvoltare-educationala-si-institutionala-al-Academiei-\u201eStefan-cel-Mare-a-MAI-pentru-perioada-2023-2025_compressed.pdf\">Programului de dezvoltare educa\u0163ional\u0103 \u015fi institu\u0163ional\u0103 al Academiei \u201e\u015etefan cel Mare\u201d a MAI, pentru perioada 2023-2025.<\/a><\/p>\n\n\n\n<p><\/p>\n","protected":false},"excerpt":{"rendered":"<p>Programul de dezvoltare educa\u021bional\u0103 \u0219i institu\u021bional\u0103 al Academiei \u201e\u0218tefan cel Mare\u201d a MAI pentru perioada 2026-2030 Planul de activitate al Academiei \u015etefan cel Mare a MAI, pentru anul 2026; Planul [&hellip;]<\/p>\n","protected":false},"author":10,"featured_media":0,"parent":0,"menu_order":0,"comment_status":"closed","ping_status":"closed","template":"","meta":[],"translation":{"provider":"WPGlobus","version":"2.12.2","language":"gb","enabled_languages":["ro","gb"],"languages":{"ro":{"title":true,"content":true,"excerpt":false},"gb":{"title":false,"content":false,"excerpt":false}}},"acf":[],"_links":{"self":[{"href":"https:\/\/www.academy.police.md\/gb\/wp-json\/wp\/v2\/pages\/4287"}],"collection":[{"href":"https:\/\/www.academy.police.md\/gb\/wp-json\/wp\/v2\/pages"}],"about":[{"href":"https:\/\/www.academy.police.md\/gb\/wp-json\/wp\/v2\/types\/page"}],"author":[{"embeddable":true,"href":"https:\/\/www.academy.police.md\/gb\/wp-json\/wp\/v2\/users\/10"}],"replies":[{"embeddable":true,"href":"https:\/\/www.academy.police.md\/gb\/wp-json\/wp\/v2\/comments?post=4287"}],"version-history":[{"count":29,"href":"https:\/\/www.academy.police.md\/gb\/wp-json\/wp\/v2\/pages\/4287\/revisions"}],"predecessor-version":[{"id":31848,"href":"https:\/\/www.academy.police.md\/gb\/wp-json\/wp\/v2\/pages\/4287\/revisions\/31848"}],"wp:attachment":[{"href":"https:\/\/www.academy.police.md\/gb\/wp-json\/wp\/v2\/media?parent=4287"}],"curies":[{"name":"wp","href":"https:\/\/api.w.org\/{rel}","templated":true}]}}